{"id":26873,"date":"2025-09-30T01:06:12","date_gmt":"2025-09-30T01:06:12","guid":{"rendered":"https:\/\/levelfixinstruments.com\/product\/levelfix-lld300d-digitaler-empfaenger-fuer-linienlaser\/"},"modified":"2025-11-25T09:22:15","modified_gmt":"2025-11-25T09:22:15","slug":"levelfix-lld300d-digitaler-empfaenger-fuer-linienlaser","status":"publish","type":"product","link":"https:\/\/levelfixinstruments.com\/de\/produkt\/laser-de\/empfanger-de\/levelfix-lld300d-digitaler-empfaenger-fuer-linienlaser\/","title":{"rendered":"LEVELFIX LLD300D DIGITALER EMPF\u00c4NGER F\u00dcR LINIENLASER"},"content":{"rendered":"<p>Der LLD300D ist ein einzigartiger, erschwinglicher mm-Empf\u00e4nger. Dieser robuste Empf\u00e4nger hat ein gro\u00dfes Empfangsfenster (80mm), 80m Reichweite (abh\u00e4ngig von der Reichweite des Lasers), ein sto\u00df- und schlagfestes Geh\u00e4use und ist wasserdicht (IP66). <\/p>\n<p>Auf dem hell beleuchteten Display lesen Sie den Abstand zum Nullpunkt in Millimetern ab. Die Genauigkeit ist auf 0,5, 2 oder 5 mm einstellbar. <\/p>\n<p>Der LLD300D ist f\u00fcr Linienlaser mit einem roten oder gr\u00fcnen Strahl geeignet.<\/p>\n","protected":false},"excerpt":{"rendered":"<p>LEVELFIX LLD300D Digitalempf\u00e4nger f\u00fcr rote und gr\u00fcne Linienlaser.<\/p>\n","protected":false},"featured_media":33834,"template":"","meta":{"_acf_changed":false,"site-sidebar-layout":"default","site-content-layout":"","ast-site-content-layout":"default","site-content-style":"default","site-sidebar-style":"default","ast-global-header-display":"","ast-banner-title-visibility":"","ast-main-header-display":"","ast-hfb-above-header-display":"","ast-hfb-below-header-display":"","ast-hfb-mobile-header-display":"","site-post-title":"","ast-breadcrumbs-content":"","ast-featured-img":"","footer-sml-layout":"","ast-disable-related-posts":"","theme-transparent-header-meta":"","adv-header-id-meta":"","stick-header-meta":"","header-above-stick-meta":"","header-main-stick-meta":"","header-below-stick-meta":"","astra-migrate-meta-layouts":"default","ast-page-background-enabled":"default","ast-page-background-meta":{"desktop":{"background-color":"var(--ast-global-color-4)","background-image":"","background-repeat":"repeat","background-position":"center center","background-size":"auto","background-attachment":"scroll","background-type":"","background-media":"","overlay-type":"","overlay-color":"","overlay-opacity":"","overlay-gradient":""},"tablet":{"background-color":"","background-image":"","background-repeat":"repeat","background-position":"center center","background-size":"auto","background-attachment":"scroll","background-type":"","background-media":"","overlay-type":"","overlay-color":"","overlay-opacity":"","overlay-gradient":""},"mobile":{"background-color":"","background-image":"","background-repeat":"repeat","background-position":"center center","background-size":"auto","background-attachment":"scroll","background-type":"","background-media":"","overlay-type":"","overlay-color":"","overlay-opacity":"","overlay-gradient":""}},"ast-content-background-meta":{"desktop":{"background-color":"var(--ast-global-color-5)","background-image":"","background-repeat":"repeat","background-position":"center center","background-size":"auto","background-attachment":"scroll","background-type":"","background-media":"","overlay-type":"","overlay-color":"","overlay-opacity":"","overlay-gradient":""},"tablet":{"background-color":"var(--ast-global-color-5)","background-image":"","background-repeat":"repeat","background-position":"center center","background-size":"auto","background-attachment":"scroll","background-type":"","background-media":"","overlay-type":"","overlay-color":"","overlay-opacity":"","overlay-gradient":""},"mobile":{"background-color":"var(--ast-global-color-5)","background-image":"","background-repeat":"repeat","background-position":"center center","background-size":"auto","background-attachment":"scroll","background-type":"","background-media":"","overlay-type":"","overlay-color":"","overlay-opacity":"","overlay-gradient":""}}},"product_brand":[],"product_cat":[46633],"product_tag":[],"class_list":{"0":"post-26873","1":"product","2":"type-product","3":"status-publish","4":"has-post-thumbnail","6":"product_cat-empfanger-de","7":"desktop-align-left","8":"tablet-align-left","9":"mobile-align-left","10":"ast-product-gallery-layout-horizontal-slider","11":"ast-product-gallery-with-no-image","12":"ast-product-tabs-layout-horizontal","14":"first","15":"instock","16":"shipping-taxable","17":"purchasable","18":"product-type-simple"},"acf":[],"_links":{"self":[{"href":"https:\/\/levelfixinstruments.com\/de\/wp-json\/wp\/v2\/product\/26873","targetHints":{"allow":["GET"]}}],"collection":[{"href":"https:\/\/levelfixinstruments.com\/de\/wp-json\/wp\/v2\/product"}],"about":[{"href":"https:\/\/levelfixinstruments.com\/de\/wp-json\/wp\/v2\/types\/product"}],"wp:featuredmedia":[{"embeddable":true,"href":"https:\/\/levelfixinstruments.com\/de\/wp-json\/wp\/v2\/media\/33834"}],"wp:attachment":[{"href":"https:\/\/levelfixinstruments.com\/de\/wp-json\/wp\/v2\/media?parent=26873"}],"wp:term":[{"taxonomy":"product_brand","embeddable":true,"href":"https:\/\/levelfixinstruments.com\/de\/wp-json\/wp\/v2\/product_brand?post=26873"},{"taxonomy":"product_cat","embeddable":true,"href":"https:\/\/levelfixinstruments.com\/de\/wp-json\/wp\/v2\/product_cat?post=26873"},{"taxonomy":"product_tag","embeddable":true,"href":"https:\/\/levelfixinstruments.com\/de\/wp-json\/wp\/v2\/product_tag?post=26873"}],"curies":[{"name":"wp","href":"https:\/\/api.w.org\/{rel}","templated":true}]}}