{"id":26882,"date":"2025-09-30T01:06:16","date_gmt":"2025-09-30T01:06:16","guid":{"rendered":"https:\/\/levelfixinstruments.com\/product\/metofix-lxd35g-entfernungsmesser-bis-zu-35m\/"},"modified":"2026-01-12T09:30:19","modified_gmt":"2026-01-12T09:30:19","slug":"metofix-lxd35g-entfernungsmesser-bis-zu-35m","status":"publish","type":"product","link":"https:\/\/levelfixinstruments.com\/de\/produkt\/messgerate-de\/entfernungsmesser-de\/metofix-lxd35g-entfernungsmesser-bis-zu-35m\/","title":{"rendered":"METOFIX LXD35G ENTFERNUNGSMESSER BIS ZU 35M"},"content":{"rendered":"<p>Mit dem LEVELFIX LXD35G digitalen Entfernungsmesser messen Sie Entfernungen von 0,05 bis 35 Metern. Der gr\u00fcne Strahl ist besonders gut sichtbar, sodass Sie genau sehen, wo Sie messen. Dank der 100 Speicherpl\u00e4tze und vielen n\u00fctzlichen Messfunktionen ist dieser Entfernungsmesser bei verschiedensten Aufgaben n\u00fctzlich. Sie werden sehen, dass Sie bald nicht mehr darauf verzichten k\u00f6nnen!   <\/p>\n<p><strong>LEVELFIX Entfernungsmesser<\/strong><br \/>\nPr\u00e4zise und schnell eine Entfernung messen, ohne sich mit Messlatten, Zollst\u00f6cken oder Rollbandma\u00dfen herumschlagen zu m\u00fcssen? Mit den LEVELFIX Entfernungsmessern erledigen Sie das mit einem einzigen Knopfdruck. <\/p>\n<p>Und das nicht nur, Sie k\u00f6nnen mit diesen Instrumenten auch einfach:<\/p>\n<ul>\n<li>Addieren<\/li>\n<li>Subtrahieren<\/li>\n<li>Fl\u00e4che oder Volumen berechnen<\/li>\n<li>Indirekt messen<\/li>\n<li>Min-Max-Messung<\/li>\n<li>Und kontinuierlich messen<\/li>\n<\/ul>\n<p>Der LEVELFIX LXD35G digitale Entfernungsmesser wird mit 2 AAA-Batterien betrieben und in einer robusten Tasche geliefert.<\/p>\n","protected":false},"excerpt":{"rendered":"<p>Digitaler Laser-Entfernungsmesser mit gr\u00fcnem Strahl zur einfachen und schnellen Messung von Entfernungen bis zu 35 Metern. Der LXD35G verf\u00fcgt au\u00dferdem \u00fcber n\u00fctzliche Funktionen wie Addieren, Subtrahieren, Fl\u00e4chen- und Volumenberechnung. <\/p>\n","protected":false},"featured_media":35862,"template":"","meta":{"_acf_changed":false,"site-sidebar-layout":"default","site-content-layout":"","ast-site-content-layout":"default","site-content-style":"default","site-sidebar-style":"default","ast-global-header-display":"","ast-banner-title-visibility":"","ast-main-header-display":"","ast-hfb-above-header-display":"","ast-hfb-below-header-display":"","ast-hfb-mobile-header-display":"","site-post-title":"","ast-breadcrumbs-content":"","ast-featured-img":"","footer-sml-layout":"","ast-disable-related-posts":"","theme-transparent-header-meta":"","adv-header-id-meta":"","stick-header-meta":"","header-above-stick-meta":"","header-main-stick-meta":"","header-below-stick-meta":"","astra-migrate-meta-layouts":"default","ast-page-background-enabled":"default","ast-page-background-meta":{"desktop":{"background-color":"var(--ast-global-color-4)","background-image":"","background-repeat":"repeat","background-position":"center center","background-size":"auto","background-attachment":"scroll","background-type":"","background-media":"","overlay-type":"","overlay-color":"","overlay-opacity":"","overlay-gradient":""},"tablet":{"background-color":"","background-image":"","background-repeat":"repeat","background-position":"center center","background-size":"auto","background-attachment":"scroll","background-type":"","background-media":"","overlay-type":"","overlay-color":"","overlay-opacity":"","overlay-gradient":""},"mobile":{"background-color":"","background-image":"","background-repeat":"repeat","background-position":"center center","background-size":"auto","background-attachment":"scroll","background-type":"","background-media":"","overlay-type":"","overlay-color":"","overlay-opacity":"","overlay-gradient":""}},"ast-content-background-meta":{"desktop":{"background-color":"var(--ast-global-color-5)","background-image":"","background-repeat":"repeat","background-position":"center center","background-size":"auto","background-attachment":"scroll","background-type":"","background-media":"","overlay-type":"","overlay-color":"","overlay-opacity":"","overlay-gradient":""},"tablet":{"background-color":"var(--ast-global-color-5)","background-image":"","background-repeat":"repeat","background-position":"center center","background-size":"auto","background-attachment":"scroll","background-type":"","background-media":"","overlay-type":"","overlay-color":"","overlay-opacity":"","overlay-gradient":""},"mobile":{"background-color":"var(--ast-global-color-5)","background-image":"","background-repeat":"repeat","background-position":"center center","background-size":"auto","background-attachment":"scroll","background-type":"","background-media":"","overlay-type":"","overlay-color":"","overlay-opacity":"","overlay-gradient":""}}},"product_brand":[],"product_cat":[46569],"product_tag":[],"class_list":{"0":"post-26882","1":"product","2":"type-product","3":"status-publish","4":"has-post-thumbnail","6":"product_cat-entfernungsmesser-de","7":"desktop-align-left","8":"tablet-align-left","9":"mobile-align-left","10":"ast-product-gallery-layout-horizontal-slider","11":"ast-product-gallery-with-no-image","12":"ast-product-tabs-layout-horizontal","14":"first","15":"instock","16":"shipping-taxable","17":"purchasable","18":"product-type-simple"},"acf":[],"_links":{"self":[{"href":"https:\/\/levelfixinstruments.com\/de\/wp-json\/wp\/v2\/product\/26882","targetHints":{"allow":["GET"]}}],"collection":[{"href":"https:\/\/levelfixinstruments.com\/de\/wp-json\/wp\/v2\/product"}],"about":[{"href":"https:\/\/levelfixinstruments.com\/de\/wp-json\/wp\/v2\/types\/product"}],"wp:featuredmedia":[{"embeddable":true,"href":"https:\/\/levelfixinstruments.com\/de\/wp-json\/wp\/v2\/media\/35862"}],"wp:attachment":[{"href":"https:\/\/levelfixinstruments.com\/de\/wp-json\/wp\/v2\/media?parent=26882"}],"wp:term":[{"taxonomy":"product_brand","embeddable":true,"href":"https:\/\/levelfixinstruments.com\/de\/wp-json\/wp\/v2\/product_brand?post=26882"},{"taxonomy":"product_cat","embeddable":true,"href":"https:\/\/levelfixinstruments.com\/de\/wp-json\/wp\/v2\/product_cat?post=26882"},{"taxonomy":"product_tag","embeddable":true,"href":"https:\/\/levelfixinstruments.com\/de\/wp-json\/wp\/v2\/product_tag?post=26882"}],"curies":[{"name":"wp","href":"https:\/\/api.w.org\/{rel}","templated":true}]}}