{"id":26969,"date":"2025-09-30T01:07:16","date_gmt":"2025-09-30T01:07:16","guid":{"rendered":"https:\/\/levelfixinstruments.com\/product\/levelfix-md360r-maschinenempfaenger\/"},"modified":"2025-11-27T09:11:52","modified_gmt":"2025-11-27T09:11:52","slug":"levelfix-md360r-maschinenempfaenger","status":"publish","type":"product","link":"https:\/\/levelfixinstruments.com\/de\/produkt\/laser-de\/maschinenempfangerlaser-de\/levelfix-md360r-maschinenempfaenger\/","title":{"rendered":"LEVELFIX MD360R MASCHINENEMPF\u00c4NGER"},"content":{"rendered":"<p>Der LEVELFIX MD360R ist ein robuster Maschinenempf\u00e4nger mit 360\u00ba Empfangsbereich, einem gro\u00dfen Display, hellen LEDs und einem akustischen Signal.<\/p>\n<p>Des Weiteren verf\u00fcgt der Empf\u00e4nger \u00fcber einen wiederaufladbaren NiMH-Akku und kann mit starken Heavy-Duty-Magneten und Klemmen befestigt werden.<\/p>\n<p>Das Arbeiten mit dem MD360R ist dank des speziellen Bulldozer- und Bagger-Modus (Lotstellung + links\/rechts) und des mitgelieferten Remote-Displays (RD360R) einfach.<\/p>\n<p>Der Empf\u00e4nger kann auf \u2018fein\u2019 oder \u2018grob\u2019 eingestellt werden (\u00b1 2 mm \u2013 \u00b1 10 mm \/ \u00b1 5 mm \u2013 \u00b1 23 mm), passend zu den jeweiligen Arbeiten.<\/p>\n","protected":false},"excerpt":{"rendered":"<p>Der MD360R ist ein robuster Maschinenempf\u00e4nger mit drahtloser Anzeige und 360\u00ba Empfangsbereich, geeignet f\u00fcr Rotationslaser mit rotem Strahl.<\/p>\n","protected":false},"featured_media":35173,"template":"","meta":{"_acf_changed":false,"site-sidebar-layout":"default","site-content-layout":"","ast-site-content-layout":"default","site-content-style":"default","site-sidebar-style":"default","ast-global-header-display":"","ast-banner-title-visibility":"","ast-main-header-display":"","ast-hfb-above-header-display":"","ast-hfb-below-header-display":"","ast-hfb-mobile-header-display":"","site-post-title":"","ast-breadcrumbs-content":"","ast-featured-img":"","footer-sml-layout":"","ast-disable-related-posts":"","theme-transparent-header-meta":"","adv-header-id-meta":"","stick-header-meta":"","header-above-stick-meta":"","header-main-stick-meta":"","header-below-stick-meta":"","astra-migrate-meta-layouts":"default","ast-page-background-enabled":"default","ast-page-background-meta":{"desktop":{"background-color":"var(--ast-global-color-4)","background-image":"","background-repeat":"repeat","background-position":"center center","background-size":"auto","background-attachment":"scroll","background-type":"","background-media":"","overlay-type":"","overlay-color":"","overlay-opacity":"","overlay-gradient":""},"tablet":{"background-color":"","background-image":"","background-repeat":"repeat","background-position":"center center","background-size":"auto","background-attachment":"scroll","background-type":"","background-media":"","overlay-type":"","overlay-color":"","overlay-opacity":"","overlay-gradient":""},"mobile":{"background-color":"","background-image":"","background-repeat":"repeat","background-position":"center center","background-size":"auto","background-attachment":"scroll","background-type":"","background-media":"","overlay-type":"","overlay-color":"","overlay-opacity":"","overlay-gradient":""}},"ast-content-background-meta":{"desktop":{"background-color":"var(--ast-global-color-5)","background-image":"","background-repeat":"repeat","background-position":"center center","background-size":"auto","background-attachment":"scroll","background-type":"","background-media":"","overlay-type":"","overlay-color":"","overlay-opacity":"","overlay-gradient":""},"tablet":{"background-color":"var(--ast-global-color-5)","background-image":"","background-repeat":"repeat","background-position":"center center","background-size":"auto","background-attachment":"scroll","background-type":"","background-media":"","overlay-type":"","overlay-color":"","overlay-opacity":"","overlay-gradient":""},"mobile":{"background-color":"var(--ast-global-color-5)","background-image":"","background-repeat":"repeat","background-position":"center center","background-size":"auto","background-attachment":"scroll","background-type":"","background-media":"","overlay-type":"","overlay-color":"","overlay-opacity":"","overlay-gradient":""}}},"product_brand":[],"product_cat":[46614],"product_tag":[],"class_list":{"0":"post-26969","1":"product","2":"type-product","3":"status-publish","4":"has-post-thumbnail","6":"product_cat-maschinenempfangerlaser-de","7":"desktop-align-left","8":"tablet-align-left","9":"mobile-align-left","10":"ast-product-gallery-layout-horizontal-slider","11":"ast-product-gallery-with-no-image","12":"ast-product-tabs-layout-horizontal","14":"first","15":"instock","16":"shipping-taxable","17":"purchasable","18":"product-type-simple"},"acf":[],"_links":{"self":[{"href":"https:\/\/levelfixinstruments.com\/de\/wp-json\/wp\/v2\/product\/26969","targetHints":{"allow":["GET"]}}],"collection":[{"href":"https:\/\/levelfixinstruments.com\/de\/wp-json\/wp\/v2\/product"}],"about":[{"href":"https:\/\/levelfixinstruments.com\/de\/wp-json\/wp\/v2\/types\/product"}],"wp:featuredmedia":[{"embeddable":true,"href":"https:\/\/levelfixinstruments.com\/de\/wp-json\/wp\/v2\/media\/35173"}],"wp:attachment":[{"href":"https:\/\/levelfixinstruments.com\/de\/wp-json\/wp\/v2\/media?parent=26969"}],"wp:term":[{"taxonomy":"product_brand","embeddable":true,"href":"https:\/\/levelfixinstruments.com\/de\/wp-json\/wp\/v2\/product_brand?post=26969"},{"taxonomy":"product_cat","embeddable":true,"href":"https:\/\/levelfixinstruments.com\/de\/wp-json\/wp\/v2\/product_cat?post=26969"},{"taxonomy":"product_tag","embeddable":true,"href":"https:\/\/levelfixinstruments.com\/de\/wp-json\/wp\/v2\/product_tag?post=26969"}],"curies":[{"name":"wp","href":"https:\/\/api.w.org\/{rel}","templated":true}]}}