{"id":27017,"date":"2025-09-30T01:07:24","date_gmt":"2025-09-30T01:07:24","guid":{"rendered":"https:\/\/levelfixinstruments.com\/product\/levelfix-650hvg-gruener-multifunktionaler-horizontal-vertikaler-baulaser\/"},"modified":"2025-11-27T11:51:28","modified_gmt":"2025-11-27T11:51:28","slug":"levelfix-650hvg-gruener-multifunktionaler-horizontal-vertikaler-baulaser","status":"publish","type":"product","link":"https:\/\/levelfixinstruments.com\/de\/produkt\/laser-de\/bau-laser-de\/levelfix-650hvg-gruener-multifunktionaler-horizontal-vertikaler-baulaser\/","title":{"rendered":"LEVELFIX 650HVG GR\u00dcNER MULTIFUNKTIONALER HORIZONTAL-VERTIKALER BAULASER"},"content":{"rendered":"<p><strong>Der Allround-Laser f\u00fcr innen und au\u00dfen mit gr\u00fcnem Strahl<\/strong><br \/>\nEgal ob es um das Platzieren von W\u00e4nden und Decken, das Abstecken eines (An-)Baus, das Abstecken eines Fundaments, das Erstellen rechter Winkel oder das Abstecken und Kontrollieren von H\u00f6hen geht, der LEVELFIX 650HVG kann all das. Der Laser ist einfach zu bedienen und f\u00fcr den t\u00e4glichen Gebrauchskomfort konzipiert. <\/p>\n<p><strong>Der All-in-One-Baulaser<\/strong><\/p>\n<p>Der LEVELFIX 650HVG enth\u00e4lt alle Funktionen, die f\u00fcr alle Arbeiten im Innen- und Ausbau erforderlich sind. Der Laser kann horizontal und vertikal platziert werden. Mit der mitgelieferten Fernbedienung k\u00f6nnen vertikal einfach rechte Winkel und vertikale Linien gesetzt werden.  <\/p>\n<p><strong>Volle Kontrolle<\/strong><br \/>\nDank der Neigungsfunktion arbeitest du immer mit dem richtigen Ma\u00df. Wenn die Neigungsfunktion eingeschaltet ist, \u00fcberwacht der Laser kontinuierlich die H\u00f6he. \u00c4ndert sich die H\u00f6he beispielsweise durch starke Ersch\u00fctterungen oder eine ungewollte Verschiebung des Lasers? Dann blockiert der Laser, um Messfehler zu vermeiden.   <\/p>\n<p>Die manuelle Abschotfunktion sorgt daf\u00fcr, dass Sie schnell und einfach ein Abschot mit der Fernbedienung sowohl auf der x- oder -y-Achse einstellen k\u00f6nnen.<\/p>\n<p>Weiterhin verf\u00fcgt der Laser \u00fcber einen Lotstrahl, eine regelbare Rotationsgeschwindigkeit und eine einstellbare Scanlinienfunktion. Mit dieser letzten Funktion k\u00f6nnen Sie die Laserlinie auf eine bestimmte Fl\u00e4che projizieren, wodurch diese besser sichtbar ist und keine Bel\u00e4stigung in der Umgebung verursacht. <\/p>\n<p><strong>Leistungsstarkes Gr\u00fcn<\/strong><br \/>\nDurch die Verwendung der gr\u00fcnen POWER+-Diode ist der Laserstrahl f\u00fcr das menschliche Auge bis zu 4x besser sichtbar als bei herk\u00f6mmlichen roten Baulasern. Dies erm\u00f6glicht das Arbeiten \u00fcber lange Distanzen ohne Empf\u00e4nger. Ideal zum Beispiel f\u00fcr das Abh\u00e4ngen von Decken und das Abstecken von W\u00e4nden.  <\/p>\n<p><strong>Hervorragende Spezifikationen<\/strong><\/p>\n<p>Der 650HVG hat eine IP66-Konstruktion, wodurch der Laser vor Staub und Feuchtigkeit gesch\u00fctzt ist. Der Laser hat eine Genauigkeit von 4,8 mm\/100 Meter und ist mit einem erneuerten, herausnehmbaren Li-Ion-Akkupack ausgestattet. <\/p>\n<p>Der gro\u00dfe Arbeitsbereich von 600 Metern (mit Empf\u00e4nger) und die lange Betriebszeit von 45 Stunden machen den Laser f\u00fcr den anspruchsvollen Benutzer geeignet.<\/p>\n<p><strong>Komplett mit robustem Empf\u00e4nger<\/strong><\/p>\n<p>Der LEVELFIX 650HVG wird komplett mit dem robusten RLD100GR-Empf\u00e4nger geliefert.<br \/>\nDer RLD100GR hat ein gro\u00dfes Empfangsfenster, ein beleuchtetes und helles Display und ist f\u00fcr den t\u00e4glichen Gebrauchskomfort konzipiert. Der Empf\u00e4nger ist robust, sto\u00df- und schlagfest und wasserdicht (IP66). <\/p>\n<p><strong>4 Jahre Garantie<\/strong><\/p>\n<p>Unsere Garantie unterstreicht die Qualit\u00e4t und Zuverl\u00e4ssigkeit unserer Produkte. Die Laser von LEVELFIX haben 4 Jahre Herstellergarantie*. Sollte ein Instrument aufgrund von Produktions- oder Materialfehlern defekt werden, wird es von uns kostenlos repariert oder ersetzt.  <\/p>\n<p>* Nach Registrierung \u00fcber das Internet innerhalb von 2 Wochen nach dem Kauf.<\/p>\n","protected":false},"excerpt":{"rendered":"<p>Der 650HVG ist ein vollautomatischer Allround-Baulaser mit gr\u00fcnem Strahl. Der Laser kann horizontal und vertikal platziert werden. Dar\u00fcber hinaus verf\u00fcgt der Laser \u00fcber alles, was Sie f\u00fcr Ihre Arbeiten ben\u00f6tigen, wie z. B.: TILT-Funktion, manuelles Gef\u00e4lle, Lotstrahl, einstellbare Rotationsgeschwindigkeit, IP66-Schutz und hohe Genauigkeit. Der 650HVG wird komplett mit Fernbedienung und Empf\u00e4nger geliefert.   <\/p>\n","protected":false},"featured_media":35212,"template":"","meta":{"_acf_changed":false,"site-sidebar-layout":"default","site-content-layout":"","ast-site-content-layout":"default","site-content-style":"default","site-sidebar-style":"default","ast-global-header-display":"","ast-banner-title-visibility":"","ast-main-header-display":"","ast-hfb-above-header-display":"","ast-hfb-below-header-display":"","ast-hfb-mobile-header-display":"","site-post-title":"","ast-breadcrumbs-content":"","ast-featured-img":"","footer-sml-layout":"","ast-disable-related-posts":"","theme-transparent-header-meta":"","adv-header-id-meta":"","stick-header-meta":"","header-above-stick-meta":"","header-main-stick-meta":"","header-below-stick-meta":"","astra-migrate-meta-layouts":"default","ast-page-background-enabled":"default","ast-page-background-meta":{"desktop":{"background-color":"var(--ast-global-color-4)","background-image":"","background-repeat":"repeat","background-position":"center center","background-size":"auto","background-attachment":"scroll","background-type":"","background-media":"","overlay-type":"","overlay-color":"","overlay-opacity":"","overlay-gradient":""},"tablet":{"background-color":"","background-image":"","background-repeat":"repeat","background-position":"center center","background-size":"auto","background-attachment":"scroll","background-type":"","background-media":"","overlay-type":"","overlay-color":"","overlay-opacity":"","overlay-gradient":""},"mobile":{"background-color":"","background-image":"","background-repeat":"repeat","background-position":"center center","background-size":"auto","background-attachment":"scroll","background-type":"","background-media":"","overlay-type":"","overlay-color":"","overlay-opacity":"","overlay-gradient":""}},"ast-content-background-meta":{"desktop":{"background-color":"var(--ast-global-color-5)","background-image":"","background-repeat":"repeat","background-position":"center center","background-size":"auto","background-attachment":"scroll","background-type":"","background-media":"","overlay-type":"","overlay-color":"","overlay-opacity":"","overlay-gradient":""},"tablet":{"background-color":"var(--ast-global-color-5)","background-image":"","background-repeat":"repeat","background-position":"center center","background-size":"auto","background-attachment":"scroll","background-type":"","background-media":"","overlay-type":"","overlay-color":"","overlay-opacity":"","overlay-gradient":""},"mobile":{"background-color":"var(--ast-global-color-5)","background-image":"","background-repeat":"repeat","background-position":"center center","background-size":"auto","background-attachment":"scroll","background-type":"","background-media":"","overlay-type":"","overlay-color":"","overlay-opacity":"","overlay-gradient":""}}},"product_brand":[],"product_cat":[46584],"product_tag":[],"class_list":{"0":"post-27017","1":"product","2":"type-product","3":"status-publish","4":"has-post-thumbnail","6":"product_cat-bau-laser-de","7":"desktop-align-left","8":"tablet-align-left","9":"mobile-align-left","10":"ast-product-gallery-layout-horizontal-slider","11":"ast-product-tabs-layout-horizontal","13":"first","14":"instock","15":"shipping-taxable","16":"purchasable","17":"product-type-simple"},"acf":[],"_links":{"self":[{"href":"https:\/\/levelfixinstruments.com\/de\/wp-json\/wp\/v2\/product\/27017","targetHints":{"allow":["GET"]}}],"collection":[{"href":"https:\/\/levelfixinstruments.com\/de\/wp-json\/wp\/v2\/product"}],"about":[{"href":"https:\/\/levelfixinstruments.com\/de\/wp-json\/wp\/v2\/types\/product"}],"wp:featuredmedia":[{"embeddable":true,"href":"https:\/\/levelfixinstruments.com\/de\/wp-json\/wp\/v2\/media\/35212"}],"wp:attachment":[{"href":"https:\/\/levelfixinstruments.com\/de\/wp-json\/wp\/v2\/media?parent=27017"}],"wp:term":[{"taxonomy":"product_brand","embeddable":true,"href":"https:\/\/levelfixinstruments.com\/de\/wp-json\/wp\/v2\/product_brand?post=27017"},{"taxonomy":"product_cat","embeddable":true,"href":"https:\/\/levelfixinstruments.com\/de\/wp-json\/wp\/v2\/product_cat?post=27017"},{"taxonomy":"product_tag","embeddable":true,"href":"https:\/\/levelfixinstruments.com\/de\/wp-json\/wp\/v2\/product_tag?post=27017"}],"curies":[{"name":"wp","href":"https:\/\/api.w.org\/{rel}","templated":true}]}}