{"id":27045,"date":"2025-09-30T01:07:51","date_gmt":"2025-09-30T01:07:51","guid":{"rendered":"https:\/\/levelfixinstruments.com\/product\/levelfix-650hv-multifunktionaler-horizontal-vertikal-baulaser\/"},"modified":"2025-11-27T11:54:03","modified_gmt":"2025-11-27T11:54:03","slug":"levelfix-650hv-multifunktionaler-horizontal-vertikal-baulaser","status":"publish","type":"product","link":"https:\/\/levelfixinstruments.com\/de\/produkt\/laser-de\/bau-laser-de\/levelfix-650hv-multifunktionaler-horizontal-vertikal-baulaser\/","title":{"rendered":"LEVELFIX 650HV MULTIFUNKTIONALER HORIZONTAL-VERTIKAL-BAULASER"},"content":{"rendered":"<p><strong>Der Allround-Laser f\u00fcr den Innen- und Au\u00dfenbereich<\/strong><\/p>\n<p>Ob es um das Setzen von W\u00e4nden und Decken, das Abstecken eines (An-)Baus, das Abstecken eines Fundaments, das Erstellen rechter Winkel oder das Abstecken und Kontrollieren von H\u00f6hen geht \u2013 der LEVELFIX 650HV meistert all das. Der Laser ist einfach zu bedienen und f\u00fcr den t\u00e4glichen Bedienkomfort konzipiert. <\/p>\n<p><strong>Der All-in-One-Baulaser<\/strong><\/p>\n<p>Der LEVELFIX 650HV verf\u00fcgt \u00fcber alle Funktionen, die f\u00fcr alle Arbeiten im Innenausbau und Trockenbau erforderlich sind. Der Laser kann horizontal und vertikal positioniert werden. Mit der mitgelieferten Fernbedienung k\u00f6nnen vertikal einfach rechte Winkel und vertikale Linien abgesteckt werden.  <\/p>\n<p><strong>Volle Kontrolle<\/strong><br \/>\nDer 650HV verf\u00fcgt \u00fcber eine Neigungsfunktion, die sicherstellt, dass du immer mit dem richtigen Ma\u00df arbeitest. Wenn die Neigungsfunktion eingeschaltet ist, \u00fcberwacht der Laser weiterhin die H\u00f6he. \u00c4ndert sich die H\u00f6he beispielsweise durch starke Ersch\u00fctterungen oder ungewollte Verschiebung? Dann blockiert der Laser, um Messfehler zu vermeiden.   <\/p>\n<p>Dank der manuellen Neigungsfunktion stellen Sie schnell und einfach eine Neigung sowohl auf der X- als auch auf der Y-Achse mit der Fernbedienung ein.<\/p>\n<p>Der 650HV verf\u00fcgt \u00fcber einen Lotstrahl, eine regelbare Rotationsgeschwindigkeit und eine einstellbare Scanlinienfunktion. Mit dieser letzten Funktion k\u00f6nnen Sie die Laserlinie auf eine spezifische Fl\u00e4che projizieren, wodurch diese besser sichtbar ist und keine St\u00f6rung in der Umgebung verursacht. <\/p>\n<p><strong>Hervorragende Spezifikationen<\/strong><\/p>\n<p>Der Laser verf\u00fcgt \u00fcber eine IP66-Konstruktion, wodurch er vor Staub und Feuchtigkeit gesch\u00fctzt ist. Der 650HV hat eine Genauigkeit von 4,8 mm\/100 m und ein erneuertes, herausnehmbares Li-Ion-Akkupack. <\/p>\n<p>Der gro\u00dfe Arbeitsbereich von 600 Metern (mit Empf\u00e4nger) und die lange Betriebszeit von 55 Stunden machen den Laser f\u00fcr den anspruchsvollen Anwender geeignet.<\/p>\n<p><strong>Komplett mit digitalem Empf\u00e4nger<\/strong><\/p>\n<p>Der LEVELFIX 650HV wird komplett mit dem robusten RLD100GR Empf\u00e4nger geliefert. Der RLD100GR verf\u00fcgt \u00fcber ein gro\u00dfes Empfangsfenster, ein beleuchtetes und helles Display und ist f\u00fcr den t\u00e4glichen Bedienkomfort konzipiert. Der Empf\u00e4nger ist robust, hat ein sto\u00df- und schlagfestes Geh\u00e4use und ist wasserdicht (IP66).  <\/p>\n<p><strong>4 Jahre Garantie<\/strong><\/p>\n<p>Unsere Garantie unterstreicht die Qualit\u00e4t und Zuverl\u00e4ssigkeit unserer Produkte. Die Laser von LEVELFIX haben 4 Jahre Herstellergarantie*. Sollte ein Instrument aufgrund von Produktions- oder Materialfehlern defekt werden, wird es von uns kostenlos repariert oder ersetzt.  <\/p>\n<p>(* nach Registrierung \u00fcber das Internet innerhalb von 2 Wochen nach dem Kauf)<\/p>\n","protected":false},"excerpt":{"rendered":"<p>Der 650HV ist ein vollautomatischer Allround-Baulaser mit rotem Strahl. Er kann horizontal und vertikal ausgerichtet werden. Der Laser verf\u00fcgt \u00fcber eine Neigungsfunktion, manuelles Gef\u00e4lle, Lotstrahl, einstellbare Rotationsgeschwindigkeit, IP66-Schutz und hohe Genauigkeit. Der 650HV wird komplett mit Fernbedienung und Empf\u00e4nger geliefert.   <\/p>\n","protected":false},"featured_media":35243,"template":"","meta":{"_acf_changed":false,"site-sidebar-layout":"default","site-content-layout":"","ast-site-content-layout":"default","site-content-style":"default","site-sidebar-style":"default","ast-global-header-display":"","ast-banner-title-visibility":"","ast-main-header-display":"","ast-hfb-above-header-display":"","ast-hfb-below-header-display":"","ast-hfb-mobile-header-display":"","site-post-title":"","ast-breadcrumbs-content":"","ast-featured-img":"","footer-sml-layout":"","ast-disable-related-posts":"","theme-transparent-header-meta":"","adv-header-id-meta":"","stick-header-meta":"","header-above-stick-meta":"","header-main-stick-meta":"","header-below-stick-meta":"","astra-migrate-meta-layouts":"default","ast-page-background-enabled":"default","ast-page-background-meta":{"desktop":{"background-color":"var(--ast-global-color-4)","background-image":"","background-repeat":"repeat","background-position":"center center","background-size":"auto","background-attachment":"scroll","background-type":"","background-media":"","overlay-type":"","overlay-color":"","overlay-opacity":"","overlay-gradient":""},"tablet":{"background-color":"","background-image":"","background-repeat":"repeat","background-position":"center center","background-size":"auto","background-attachment":"scroll","background-type":"","background-media":"","overlay-type":"","overlay-color":"","overlay-opacity":"","overlay-gradient":""},"mobile":{"background-color":"","background-image":"","background-repeat":"repeat","background-position":"center center","background-size":"auto","background-attachment":"scroll","background-type":"","background-media":"","overlay-type":"","overlay-color":"","overlay-opacity":"","overlay-gradient":""}},"ast-content-background-meta":{"desktop":{"background-color":"var(--ast-global-color-5)","background-image":"","background-repeat":"repeat","background-position":"center center","background-size":"auto","background-attachment":"scroll","background-type":"","background-media":"","overlay-type":"","overlay-color":"","overlay-opacity":"","overlay-gradient":""},"tablet":{"background-color":"var(--ast-global-color-5)","background-image":"","background-repeat":"repeat","background-position":"center center","background-size":"auto","background-attachment":"scroll","background-type":"","background-media":"","overlay-type":"","overlay-color":"","overlay-opacity":"","overlay-gradient":""},"mobile":{"background-color":"var(--ast-global-color-5)","background-image":"","background-repeat":"repeat","background-position":"center center","background-size":"auto","background-attachment":"scroll","background-type":"","background-media":"","overlay-type":"","overlay-color":"","overlay-opacity":"","overlay-gradient":""}}},"product_brand":[],"product_cat":[46584],"product_tag":[],"class_list":{"0":"post-27045","1":"product","2":"type-product","3":"status-publish","4":"has-post-thumbnail","6":"product_cat-bau-laser-de","7":"desktop-align-left","8":"tablet-align-left","9":"mobile-align-left","10":"ast-product-gallery-layout-horizontal-slider","11":"ast-product-tabs-layout-horizontal","13":"first","14":"instock","15":"shipping-taxable","16":"purchasable","17":"product-type-simple"},"acf":[],"_links":{"self":[{"href":"https:\/\/levelfixinstruments.com\/de\/wp-json\/wp\/v2\/product\/27045","targetHints":{"allow":["GET"]}}],"collection":[{"href":"https:\/\/levelfixinstruments.com\/de\/wp-json\/wp\/v2\/product"}],"about":[{"href":"https:\/\/levelfixinstruments.com\/de\/wp-json\/wp\/v2\/types\/product"}],"wp:featuredmedia":[{"embeddable":true,"href":"https:\/\/levelfixinstruments.com\/de\/wp-json\/wp\/v2\/media\/35243"}],"wp:attachment":[{"href":"https:\/\/levelfixinstruments.com\/de\/wp-json\/wp\/v2\/media?parent=27045"}],"wp:term":[{"taxonomy":"product_brand","embeddable":true,"href":"https:\/\/levelfixinstruments.com\/de\/wp-json\/wp\/v2\/product_brand?post=27045"},{"taxonomy":"product_cat","embeddable":true,"href":"https:\/\/levelfixinstruments.com\/de\/wp-json\/wp\/v2\/product_cat?post=27045"},{"taxonomy":"product_tag","embeddable":true,"href":"https:\/\/levelfixinstruments.com\/de\/wp-json\/wp\/v2\/product_tag?post=27045"}],"curies":[{"name":"wp","href":"https:\/\/api.w.org\/{rel}","templated":true}]}}