{"id":27065,"date":"2025-09-30T01:08:14","date_gmt":"2025-09-30T01:08:14","guid":{"rendered":"https:\/\/levelfixinstruments.com\/product\/levelfix-650hb-horizontaler-baulaser-mit-basis-empfaenger\/"},"modified":"2025-11-27T11:59:52","modified_gmt":"2025-11-27T11:59:52","slug":"levelfix-650hb-horizontaler-baulaser-mit-basis-empfaenger","status":"publish","type":"product","link":"https:\/\/levelfixinstruments.com\/de\/produkt\/laser-de\/bau-laser-de\/levelfix-650hb-horizontaler-baulaser-mit-basis-empfaenger\/","title":{"rendered":"LEVELFIX 650Hb HORIZONTALER BAULASER MIT BASIS-EMPF\u00c4NGER"},"content":{"rendered":"<p><strong>Einfache Bedienung, einfache Handhabung<\/strong><\/p>\n<p>Der LEVELFIX 650Hb professionelle Baulaser ist ein Laser mit 1-Knopf-Bedienung. Einfach die Ein-\/Aus-Taste dr\u00fccken und der Laser nivelliert sich selbst und dreht sich. Mit derselben Taste schalten Sie den Laser wieder aus.  <\/p>\n<p><strong>Automatische Tilt-Funktion<\/strong><\/p>\n<p>Der Laser verf\u00fcgt \u00fcber eine Tilt-Funktion, die sicherstellt, dass Sie immer mit dem richtigen Ma\u00df arbeiten. Die Tilt-Funktion ist automatisch aktiviert und der Laser wird die H\u00f6he weiterhin kontrollieren und blockiert, wenn sich die H\u00f6he beispielsweise durch starke Ersch\u00fctterungen oder unerw\u00fcnschte Verlagerung des Lasers \u00e4ndert. <\/p>\n<p><strong>Hervorragende Spezifikationen<\/strong><\/p>\n<p>Der 650Hb verf\u00fcgt \u00fcber eine IP66-Konstruktion, wodurch der Laser vor Staub und Feuchtigkeit gesch\u00fctzt ist. Der Laser hat eine Genauigkeit von 4,8 mm\/100 m und ist mit einem erneuerten, herausnehmbaren Li-Ion-Akkupack ausgestattet. <\/p>\n<p>Der gro\u00dfe Arbeitsbereich von 600 Metern (mit Empf\u00e4nger) und die lange Betriebszeit von 55 Stunden machen den Laser f\u00fcr den anspruchsvollen Anwender geeignet.<\/p>\n<p><strong>Komplett mit Empf\u00e4nger<\/strong><\/p>\n<p>Der LEVELFIX 650Hb wird komplett mit dem robusten RLD100GR Empf\u00e4nger geliefert. Der RLD100GR hat ein gro\u00dfes Empfangsfenster, ein beleuchtetes und klares Display und ist f\u00fcr den t\u00e4glichen Gebrauchskomfort konzipiert. Der Empf\u00e4nger hat ein robustes, sto\u00df- und schlagfestes Geh\u00e4use und ist wasserdicht (IP66).  <\/p>\n<p><strong>4 Jahre Garantie<\/strong><\/p>\n<p>Unsere Garantie unterstreicht die Qualit\u00e4t und Zuverl\u00e4ssigkeit unserer Produkte. Die Laser von LEVELFIX haben 4 Jahre Herstellergarantie*. Sollte ein Instrument aufgrund von Produktions- oder Materialfehlern defekt werden, wird es von uns kostenlos repariert oder ersetzt.  <\/p>\n<p>(* nach Registrierung \u00fcber das Internet innerhalb von 2 Wochen nach dem Kauf)<\/p>\n","protected":false},"excerpt":{"rendered":"<p>Der LEVELFIX 650Hb ist ein einfacher horizontaler Baulaser mit 1-Tasten-Bedienung. Dieser Laser hat eine Reichweite von 600 m, hohe Genauigkeit, IP66-Konstruktion und lange Betriebszeit.<br \/>\nDer 650Hb wird standardm\u00e4\u00dfig mit Empf\u00e4nger geliefert. <\/p>\n","protected":false},"featured_media":35270,"template":"","meta":{"_acf_changed":false,"site-sidebar-layout":"default","site-content-layout":"","ast-site-content-layout":"default","site-content-style":"default","site-sidebar-style":"default","ast-global-header-display":"","ast-banner-title-visibility":"","ast-main-header-display":"","ast-hfb-above-header-display":"","ast-hfb-below-header-display":"","ast-hfb-mobile-header-display":"","site-post-title":"","ast-breadcrumbs-content":"","ast-featured-img":"","footer-sml-layout":"","ast-disable-related-posts":"","theme-transparent-header-meta":"","adv-header-id-meta":"","stick-header-meta":"","header-above-stick-meta":"","header-main-stick-meta":"","header-below-stick-meta":"","astra-migrate-meta-layouts":"default","ast-page-background-enabled":"default","ast-page-background-meta":{"desktop":{"background-color":"var(--ast-global-color-4)","background-image":"","background-repeat":"repeat","background-position":"center center","background-size":"auto","background-attachment":"scroll","background-type":"","background-media":"","overlay-type":"","overlay-color":"","overlay-opacity":"","overlay-gradient":""},"tablet":{"background-color":"","background-image":"","background-repeat":"repeat","background-position":"center center","background-size":"auto","background-attachment":"scroll","background-type":"","background-media":"","overlay-type":"","overlay-color":"","overlay-opacity":"","overlay-gradient":""},"mobile":{"background-color":"","background-image":"","background-repeat":"repeat","background-position":"center center","background-size":"auto","background-attachment":"scroll","background-type":"","background-media":"","overlay-type":"","overlay-color":"","overlay-opacity":"","overlay-gradient":""}},"ast-content-background-meta":{"desktop":{"background-color":"var(--ast-global-color-5)","background-image":"","background-repeat":"repeat","background-position":"center center","background-size":"auto","background-attachment":"scroll","background-type":"","background-media":"","overlay-type":"","overlay-color":"","overlay-opacity":"","overlay-gradient":""},"tablet":{"background-color":"var(--ast-global-color-5)","background-image":"","background-repeat":"repeat","background-position":"center center","background-size":"auto","background-attachment":"scroll","background-type":"","background-media":"","overlay-type":"","overlay-color":"","overlay-opacity":"","overlay-gradient":""},"mobile":{"background-color":"var(--ast-global-color-5)","background-image":"","background-repeat":"repeat","background-position":"center center","background-size":"auto","background-attachment":"scroll","background-type":"","background-media":"","overlay-type":"","overlay-color":"","overlay-opacity":"","overlay-gradient":""}}},"product_brand":[],"product_cat":[46584],"product_tag":[],"class_list":{"0":"post-27065","1":"product","2":"type-product","3":"status-publish","4":"has-post-thumbnail","6":"product_cat-bau-laser-de","7":"desktop-align-left","8":"tablet-align-left","9":"mobile-align-left","10":"ast-product-gallery-layout-horizontal-slider","11":"ast-product-tabs-layout-horizontal","13":"first","14":"instock","15":"shipping-taxable","16":"purchasable","17":"product-type-simple"},"acf":[],"_links":{"self":[{"href":"https:\/\/levelfixinstruments.com\/de\/wp-json\/wp\/v2\/product\/27065","targetHints":{"allow":["GET"]}}],"collection":[{"href":"https:\/\/levelfixinstruments.com\/de\/wp-json\/wp\/v2\/product"}],"about":[{"href":"https:\/\/levelfixinstruments.com\/de\/wp-json\/wp\/v2\/types\/product"}],"wp:featuredmedia":[{"embeddable":true,"href":"https:\/\/levelfixinstruments.com\/de\/wp-json\/wp\/v2\/media\/35270"}],"wp:attachment":[{"href":"https:\/\/levelfixinstruments.com\/de\/wp-json\/wp\/v2\/media?parent=27065"}],"wp:term":[{"taxonomy":"product_brand","embeddable":true,"href":"https:\/\/levelfixinstruments.com\/de\/wp-json\/wp\/v2\/product_brand?post=27065"},{"taxonomy":"product_cat","embeddable":true,"href":"https:\/\/levelfixinstruments.com\/de\/wp-json\/wp\/v2\/product_cat?post=27065"},{"taxonomy":"product_tag","embeddable":true,"href":"https:\/\/levelfixinstruments.com\/de\/wp-json\/wp\/v2\/product_tag?post=27065"}],"curies":[{"name":"wp","href":"https:\/\/api.w.org\/{rel}","templated":true}]}}