{"id":27085,"date":"2025-09-30T01:08:32","date_gmt":"2025-09-30T01:08:32","guid":{"rendered":"https:\/\/levelfixinstruments.com\/product\/levelfix-650h-horizontaler-baulaser-mit-mm-empfaenger\/"},"modified":"2025-11-28T07:50:35","modified_gmt":"2025-11-28T07:50:35","slug":"levelfix-650h-horizontaler-baulaser-mit-mm-empfaenger","status":"publish","type":"product","link":"https:\/\/levelfixinstruments.com\/de\/produkt\/laser-de\/bau-laser-de\/levelfix-650h-horizontaler-baulaser-mit-mm-empfaenger\/","title":{"rendered":"LEVELFIX 650H HORIZONTALER BAULASER MIT MM-EMPF\u00c4NGER"},"content":{"rendered":"<p><strong>Zuverl\u00e4ssiger Laser f\u00fcr das Baugewerbe<\/strong><\/p>\n<p>Der professionelle Baulaser LEVELFIX 650H ist der Partner f\u00fcr alle Absteckarbeiten. Ob es sich um das Gie\u00dfen von Beton, das Nivellieren von Schalungen, das Abstecken oder die Kontrolle von H\u00f6hen handelt, der LEVELFIX 650H macht es Ihnen leicht.<br \/>\nDer Laser ist einfach zu bedienen und f\u00fcr den t\u00e4glichen Gebrauchskomfort konzipiert. <\/p>\n<p><strong>Alle notwendigen Funktionen in einem Laser<\/strong><\/p>\n<p>Der LEVELFIX 650H verf\u00fcgt \u00fcber alle Funktionen, die f\u00fcr Standardarbeiten im Baugewerbe erforderlich sind. Der Laser verf\u00fcgt \u00fcber eine Tilt-Funktion, die sicherstellt, dass Sie immer mit dem richtigen Ma\u00df arbeiten. Wenn die Tilt-Funktion aktiviert ist, \u00fcberwacht der Laser weiterhin die H\u00f6he und blockiert, wenn sich die H\u00f6he \u00e4ndert. Dies kann beispielsweise durch heftige St\u00f6\u00dfe oder unerw\u00fcnschte Bewegungen des Lasers geschehen.   <\/p>\n<p>Mit der manuellen Neigungsfunktion k\u00f6nnen Sie einfach und schnell eine Neigung sowohl auf der X- als auch auf der Y-Achse einstellen.<\/p>\n<p><strong>Hervorragende Spezifikationen<\/strong><\/p>\n<p>Der 650H verf\u00fcgt \u00fcber eine IP66-Konstruktion, die den Laser vor Staub und Feuchtigkeit sch\u00fctzt. Der Laser hat eine Genauigkeit von 4,8 mm\/100 m und einen erneuerten, herausnehmbaren Li-Ion-Akkupack. <\/p>\n<p>Der gro\u00dfe Arbeitsbereich von 600 Metern (mit Empf\u00e4nger) und die lange Betriebszeit von 55 Stunden machen den Laser f\u00fcr den anspruchsvollen Anwender geeignet.<\/p>\n<p><strong>Komplett mit digitalem Empf\u00e4nger<\/strong><\/p>\n<p>Der LEVELFIX 650H wird komplett mit dem robusten digitalen DLD100R-Empf\u00e4nger geliefert.<br \/>\nDer DLD100R verf\u00fcgt \u00fcber ein gro\u00dfes Empfangsfenster, ein beleuchtetes und helles Display und ist f\u00fcr den t\u00e4glichen Gebrauchskomfort konzipiert.<\/p>\n<p>Dieser einzigartige Empf\u00e4nger zeigt den Abstand zur 0-Linie in Millimetern an. Der Empf\u00e4nger verf\u00fcgt \u00fcber eine einstellbare 0-Position, wodurch das \u00dcbertragen von H\u00f6hen zum Kinderspiel wird.<br \/>\nDer Empf\u00e4nger ist robust, sto\u00df- und schlagfest und wasserdicht (IP66). <\/p>\n<p><strong>4 Jahre Garantie<\/strong><\/p>\n<p>Unsere Garantie unterstreicht die Qualit\u00e4t und Zuverl\u00e4ssigkeit unserer Produkte. Die Laser von LEVELFIX haben eine Werksgarantie von 4 Jahren*. Sollte ein Instrument aufgrund von Produktions- oder Materialfehlern defekt sein, wird es von uns kostenlos repariert oder ersetzt.  <\/p>\n<p>(* nach Registrierung \u00fcber das Internet innerhalb von 2 Wochen nach dem Kauf)<\/p>\n","protected":false},"excerpt":{"rendered":"<p>Der LEVELFIX 650H verf\u00fcgt \u00fcber alle Funktionen, die f\u00fcr Standardarbeiten im Baugewerbe erforderlich sind. Dazu geh\u00f6ren 600 m Reichweite, hohe Genauigkeit, lange Betriebszeit, IP66-Konstruktion, TILT-Funktion und manuelle Neigung auf beiden Achsen.<br \/>\nDer LEVELFIX 650H wird komplett mit dem robusten digitalen DLD100R-Empf\u00e4nger und 4 Jahren Garantie geliefert. <\/p>\n","protected":false},"featured_media":35289,"template":"","meta":{"_acf_changed":false,"site-sidebar-layout":"default","site-content-layout":"","ast-site-content-layout":"default","site-content-style":"default","site-sidebar-style":"default","ast-global-header-display":"","ast-banner-title-visibility":"","ast-main-header-display":"","ast-hfb-above-header-display":"","ast-hfb-below-header-display":"","ast-hfb-mobile-header-display":"","site-post-title":"","ast-breadcrumbs-content":"","ast-featured-img":"","footer-sml-layout":"","ast-disable-related-posts":"","theme-transparent-header-meta":"","adv-header-id-meta":"","stick-header-meta":"","header-above-stick-meta":"","header-main-stick-meta":"","header-below-stick-meta":"","astra-migrate-meta-layouts":"default","ast-page-background-enabled":"default","ast-page-background-meta":{"desktop":{"background-color":"var(--ast-global-color-4)","background-image":"","background-repeat":"repeat","background-position":"center center","background-size":"auto","background-attachment":"scroll","background-type":"","background-media":"","overlay-type":"","overlay-color":"","overlay-opacity":"","overlay-gradient":""},"tablet":{"background-color":"","background-image":"","background-repeat":"repeat","background-position":"center center","background-size":"auto","background-attachment":"scroll","background-type":"","background-media":"","overlay-type":"","overlay-color":"","overlay-opacity":"","overlay-gradient":""},"mobile":{"background-color":"","background-image":"","background-repeat":"repeat","background-position":"center center","background-size":"auto","background-attachment":"scroll","background-type":"","background-media":"","overlay-type":"","overlay-color":"","overlay-opacity":"","overlay-gradient":""}},"ast-content-background-meta":{"desktop":{"background-color":"var(--ast-global-color-5)","background-image":"","background-repeat":"repeat","background-position":"center center","background-size":"auto","background-attachment":"scroll","background-type":"","background-media":"","overlay-type":"","overlay-color":"","overlay-opacity":"","overlay-gradient":""},"tablet":{"background-color":"var(--ast-global-color-5)","background-image":"","background-repeat":"repeat","background-position":"center center","background-size":"auto","background-attachment":"scroll","background-type":"","background-media":"","overlay-type":"","overlay-color":"","overlay-opacity":"","overlay-gradient":""},"mobile":{"background-color":"var(--ast-global-color-5)","background-image":"","background-repeat":"repeat","background-position":"center center","background-size":"auto","background-attachment":"scroll","background-type":"","background-media":"","overlay-type":"","overlay-color":"","overlay-opacity":"","overlay-gradient":""}}},"product_brand":[],"product_cat":[46584],"product_tag":[],"class_list":{"0":"post-27085","1":"product","2":"type-product","3":"status-publish","4":"has-post-thumbnail","6":"product_cat-bau-laser-de","7":"desktop-align-left","8":"tablet-align-left","9":"mobile-align-left","10":"ast-product-gallery-layout-horizontal-slider","11":"ast-product-tabs-layout-horizontal","13":"first","14":"instock","15":"shipping-taxable","16":"purchasable","17":"product-type-simple"},"acf":[],"_links":{"self":[{"href":"https:\/\/levelfixinstruments.com\/de\/wp-json\/wp\/v2\/product\/27085","targetHints":{"allow":["GET"]}}],"collection":[{"href":"https:\/\/levelfixinstruments.com\/de\/wp-json\/wp\/v2\/product"}],"about":[{"href":"https:\/\/levelfixinstruments.com\/de\/wp-json\/wp\/v2\/types\/product"}],"wp:featuredmedia":[{"embeddable":true,"href":"https:\/\/levelfixinstruments.com\/de\/wp-json\/wp\/v2\/media\/35289"}],"wp:attachment":[{"href":"https:\/\/levelfixinstruments.com\/de\/wp-json\/wp\/v2\/media?parent=27085"}],"wp:term":[{"taxonomy":"product_brand","embeddable":true,"href":"https:\/\/levelfixinstruments.com\/de\/wp-json\/wp\/v2\/product_brand?post=27085"},{"taxonomy":"product_cat","embeddable":true,"href":"https:\/\/levelfixinstruments.com\/de\/wp-json\/wp\/v2\/product_cat?post=27085"},{"taxonomy":"product_tag","embeddable":true,"href":"https:\/\/levelfixinstruments.com\/de\/wp-json\/wp\/v2\/product_tag?post=27085"}],"curies":[{"name":"wp","href":"https:\/\/api.w.org\/{rel}","templated":true}]}}