{"id":27129,"date":"2025-09-30T01:09:18","date_gmt":"2025-09-30T01:09:18","guid":{"rendered":"https:\/\/levelfixinstruments.com\/product\/metofix-em400n-lan-tester-und-multimeter\/"},"modified":"2025-11-28T07:58:29","modified_gmt":"2025-11-28T07:58:29","slug":"metofix-em400n-lan-tester-und-multimeter","status":"publish","type":"product","link":"https:\/\/levelfixinstruments.com\/de\/produkt\/messgerate-de\/inspektion-de\/metofix-em400n-lan-tester-und-multimeter\/","title":{"rendered":"METOFIX EM400N LAN-TESTER UND MULTIMETER"},"content":{"rendered":"<p>Der METOFIX EM400N ist ein 2-in-1 LAN-Tester und Multimeter, um UTP\/STP (RJ45\/RJ11) und COAX (BNC) Kabel auf Verbindungsfehler und Probleme zu testen.<\/p>\n<p>Dank der Auto-Range-Technologie w\u00e4hlt der EM400N automatisch den richtigen Messbereich, sodass Sie noch einfacher und schneller die richtige Messung durchf\u00fchren k\u00f6nnen. Dieses Messger\u00e4t ist robust, einfach zu bedienen und dank des gro\u00dfen, klaren LCD-Displays leicht ablesbar. <\/p>\n<p>Der EM400N verf\u00fcgt \u00fcber verschiedene Messfunktionen, so messen Sie:<\/p>\n<ul>\n<li>Spannung bis 600V AC\/DC mit einer Genauigkeit von ca. 1,5 %;<\/li>\n<li>Strom bis 200mA AC\/DC mit einer Genauigkeit von ca. 2,0 %;<\/li>\n<li>Widerstand bis 20M Ohm mit einer Genauigkeit von ca. 2 %;<\/li>\n<\/ul>\n<p>Der METOFIX EM400N LAN-Tester und Multimeter wird mit 9V-Batterie, UTP\/COAX-Verbindungskabeln, Adaptern, Messleitungsset und Remote-Einheit in einer robusten Tasche geliefert.<\/p>\n","protected":false},"excerpt":{"rendered":"<p>Der EM400N ist ein LAN-Tester und Multimeter in einem. Mit diesem praktischen Messger\u00e4t finden Sie einfach Verbindungsprobleme und Fehler in Kabeln. <\/p>\n","protected":false},"featured_media":35323,"template":"","meta":{"_acf_changed":false,"site-sidebar-layout":"default","site-content-layout":"","ast-site-content-layout":"default","site-content-style":"default","site-sidebar-style":"default","ast-global-header-display":"","ast-banner-title-visibility":"","ast-main-header-display":"","ast-hfb-above-header-display":"","ast-hfb-below-header-display":"","ast-hfb-mobile-header-display":"","site-post-title":"","ast-breadcrumbs-content":"","ast-featured-img":"","footer-sml-layout":"","ast-disable-related-posts":"","theme-transparent-header-meta":"","adv-header-id-meta":"","stick-header-meta":"","header-above-stick-meta":"","header-main-stick-meta":"","header-below-stick-meta":"","astra-migrate-meta-layouts":"default","ast-page-background-enabled":"default","ast-page-background-meta":{"desktop":{"background-color":"var(--ast-global-color-4)","background-image":"","background-repeat":"repeat","background-position":"center center","background-size":"auto","background-attachment":"scroll","background-type":"","background-media":"","overlay-type":"","overlay-color":"","overlay-opacity":"","overlay-gradient":""},"tablet":{"background-color":"","background-image":"","background-repeat":"repeat","background-position":"center center","background-size":"auto","background-attachment":"scroll","background-type":"","background-media":"","overlay-type":"","overlay-color":"","overlay-opacity":"","overlay-gradient":""},"mobile":{"background-color":"","background-image":"","background-repeat":"repeat","background-position":"center center","background-size":"auto","background-attachment":"scroll","background-type":"","background-media":"","overlay-type":"","overlay-color":"","overlay-opacity":"","overlay-gradient":""}},"ast-content-background-meta":{"desktop":{"background-color":"var(--ast-global-color-5)","background-image":"","background-repeat":"repeat","background-position":"center center","background-size":"auto","background-attachment":"scroll","background-type":"","background-media":"","overlay-type":"","overlay-color":"","overlay-opacity":"","overlay-gradient":""},"tablet":{"background-color":"var(--ast-global-color-5)","background-image":"","background-repeat":"repeat","background-position":"center center","background-size":"auto","background-attachment":"scroll","background-type":"","background-media":"","overlay-type":"","overlay-color":"","overlay-opacity":"","overlay-gradient":""},"mobile":{"background-color":"var(--ast-global-color-5)","background-image":"","background-repeat":"repeat","background-position":"center center","background-size":"auto","background-attachment":"scroll","background-type":"","background-media":"","overlay-type":"","overlay-color":"","overlay-opacity":"","overlay-gradient":""}}},"product_brand":[],"product_cat":[46599,46648],"product_tag":[],"class_list":{"0":"post-27129","1":"product","2":"type-product","3":"status-publish","4":"has-post-thumbnail","6":"product_cat-inspektion-de","7":"product_cat-voltmeter-de","8":"desktop-align-left","9":"tablet-align-left","10":"mobile-align-left","11":"ast-product-gallery-layout-horizontal-slider","12":"ast-product-tabs-layout-horizontal","14":"first","15":"instock","16":"shipping-taxable","17":"purchasable","18":"product-type-simple"},"acf":[],"_links":{"self":[{"href":"https:\/\/levelfixinstruments.com\/de\/wp-json\/wp\/v2\/product\/27129","targetHints":{"allow":["GET"]}}],"collection":[{"href":"https:\/\/levelfixinstruments.com\/de\/wp-json\/wp\/v2\/product"}],"about":[{"href":"https:\/\/levelfixinstruments.com\/de\/wp-json\/wp\/v2\/types\/product"}],"wp:featuredmedia":[{"embeddable":true,"href":"https:\/\/levelfixinstruments.com\/de\/wp-json\/wp\/v2\/media\/35323"}],"wp:attachment":[{"href":"https:\/\/levelfixinstruments.com\/de\/wp-json\/wp\/v2\/media?parent=27129"}],"wp:term":[{"taxonomy":"product_brand","embeddable":true,"href":"https:\/\/levelfixinstruments.com\/de\/wp-json\/wp\/v2\/product_brand?post=27129"},{"taxonomy":"product_cat","embeddable":true,"href":"https:\/\/levelfixinstruments.com\/de\/wp-json\/wp\/v2\/product_cat?post=27129"},{"taxonomy":"product_tag","embeddable":true,"href":"https:\/\/levelfixinstruments.com\/de\/wp-json\/wp\/v2\/product_tag?post=27129"}],"curies":[{"name":"wp","href":"https:\/\/api.w.org\/{rel}","templated":true}]}}