{"id":27229,"date":"2025-09-30T01:10:02","date_gmt":"2025-09-30T01:10:02","guid":{"rendered":"https:\/\/levelfixinstruments.com\/product\/levelfix-mcl380g-servo-multi-linienlaser-gruen\/"},"modified":"2026-03-09T08:56:11","modified_gmt":"2026-03-09T08:56:11","slug":"levelfix-mcl380g-servo-multi-linienlaser-gruen","status":"publish","type":"product","link":"https:\/\/levelfixinstruments.com\/de\/produkt\/laser-de\/kreuzlinienlaser-de\/levelfix-mcl380g-servo-multi-linienlaser-gruen\/","title":{"rendered":"LEVELFIX MCL380G SERVO MULTI LINIENLASER GR\u00dcN"},"content":{"rendered":"<p>Der MCL380G ist eine neue Generation von Lasern. In diesem Laser sind n\u00e4mlich die besten Eigenschaften eines Linienlasers und eines Rotationslasers kombiniert. So haben Sie beispielsweise die Benutzerfreundlichkeit und sichtbaren Linien eines Linienlasers, aber auch die Genauigkeit und die Reichweite eines Rotationslasers. Mit dem MCL380G haben Sie erst einen echten Allrounder.   <\/p>\n<p><strong>Kompakt und vielseitig<\/strong><br \/>\nMit 3x 360\u00ba gestochen scharfen, sichtbaren Linien haben Sie direkt 90\u00ba Winkel und eine horizontale Linie. So gibt Ihnen der MCL380G alle Linien, die Sie f\u00fcr die allgemeinen Mess- und Absteckarbeiten ben\u00f6tigen.<br \/>\nDank des kompakten Formats nimmt der MCL380G nicht viel Platz in Ihrem Bus ein.  Auch Ihr R\u00fccken wird das leichte Gewicht dieses Lasers zu sch\u00e4tzen wissen.<\/p>\n<p><strong>Servomotoren<\/strong><br \/>\nIm Inneren dieses Lasers steckt ein sch\u00f6nes St\u00fcck Technik. Das \u2018M\u2019 im Namen des MCL380G steht n\u00e4mlich f\u00fcr \u2018motorisch\u2019. Dank der Servomotoren ist der Laser vollautomatisch und auch auf l\u00e4ngeren Distanzen sehr genau. Dar\u00fcber hinaus k\u00f6nnen Sie dank der Servomotoren die Linie unter jedem gew\u00fcnschten Winkel fixieren. Ideal f\u00fcr beispielsweise Karosseriebau, Schiffsbau oder die Installation von Solaranlagen.    <\/p>\n<p><strong>Volle Kontrolle<\/strong><br \/>\nEin anderer Vorteil dieses Lasers ist, dass Sie ihn semi-automatisch in digitales Gef\u00e4lle setzen k\u00f6nnen. Dies gibt Ihnen die M\u00f6glichkeit, beispielsweise G\u00e4rten oder B\u00f6den ablaufen zu lassen, eine Kanalisation auszugraben oder eine Einfahrt an die Stra\u00dfe anzuschlie\u00dfen. Das Gef\u00e4lle stellen Sie in % ein.  <\/p>\n<p>Auch hat der MCL380G eine Tilt-Funktion, die kontinuierlich kontrolliert, ob Sie in der richtigen Position arbeiten. Ist die Position durch Ber\u00fchrung oder St\u00f6\u00dfe ver\u00e4ndert? Dann blinkt die Linie, um Sie vor Messfehlern zu warnen.  <\/p>\n<p><strong>Wasserdicht<\/strong><br \/>\nSind Sie drau\u00dfen am Arbeiten und es beginnt zu regnen? Das ist mit dem MCL380G kein Problem, dank der IP65-Schutzart. So arbeiten Sie auch bei Wind und Wetter einfach weiter.  <\/p>\n<p><strong>Endlos einsetzbar<\/strong><br \/>\nDer MCL380G hat eine sichtbare Reichweite bis zu 80 Metern. Hierdurch verwenden Sie ihn auch f\u00fcr gr\u00f6\u00dfere Projekte, ohne den Laser verlagern zu m\u00fcssen. Dies verkleinert die Chance auf Messfehler erheblich.  <\/p>\n<p>Mit dem mitgelieferten LLD200 Empf\u00e4nger vergr\u00f6\u00dfern Sie die Reichweite bis zu 200 Meter. Auch gibt Ihnen dies die M\u00f6glichkeit, drau\u00dfen zu arbeiten, da die Linien f\u00fcr den Empf\u00e4nger nicht sichtbar sein m\u00fcssen. <\/p>\n<p><strong>Abnehmbarer Li-Ionen-Akku<\/strong><br \/>\nDer MCL380G hat einen losen LEVELFIX XPower Akku. Sie k\u00f6nnen da einen zweiten Akku dazukaufen, sodass Sie nicht mit langen Haspeln an der Netzversorgung arbeiten m\u00fcssen, wenn der Akku fast leer ist. Haben Sie vergessen, Ihren Reserveakku aufzuladen? Dank der Work&#038;Charge-Funktion laden Sie den Akku einfach auf, w\u00e4hrend Sie durcharbeiten. So m\u00fcssen Ihre Arbeiten nie stillliegen.    <\/p>\n<p>Der MCL380G kann jetzt auch mit den 18V-Akkus von DEWALT, Makita, Bosch und Milwaukee verwendet werden, mithilfe des <em><strong>LEVELFIX X18V Smart Battery Adapter<\/strong><\/em>. Diese Adapter sind separat erh\u00e4ltlich. (Art.-Nr.: DEWALT 554260, Makita 554261, Bosch 554262 und Milwaukee 554263)  <\/p>\n<p><strong>Ausrichten wird zum Kinderspiel<br \/>\n<\/strong>Der MCL380G hat einen speziellen Positionierungsfu\u00df; die SmartBase. Dank diesem Fu\u00df richten Sie einfach und schnell aus. Die SmartBase hat einen Feineinstellungsknopf, womit Sie sehr pr\u00e4zise ausrichten, ohne dass sich der Referenzpunkt verlagert.  <\/p>\n<p>Dar\u00fcber hinaus hat die SmartBase einen Stativanschluss, wodurch Sie den Laser auch auf einem Stativ oder einer Wandhalterung verwenden k\u00f6nnen. So platzieren Sie den Laser in jeder gew\u00fcnschten Position. <\/p>\n<p><strong>Digitale Fernbedienung<\/strong><br \/>\nDer MCL380G ist in Kombination mit der mitgelieferten Fernbedienung zu verwenden. Hiermit schalten Sie Linien an- oder aus, bestimmen Sie die St\u00e4rke der Linien, stellen Sie das Gef\u00e4lle ein und schalten Sie die Tilt-Funktion ein- oder aus. Dies spart Ihnen nicht nur Laufwege, sondern verkleinert auch die Chance auf Messfehler durch Verlagerung des Lasers bei Ber\u00fchrung.  <\/p>\n<p>Haben Sie die Fernbedienung gerade nicht zur Hand? Der Laser ist auch mit Ihrem Smartphone \u00fcber die kostenlose LEVELFIX Connect App zu bedienen. <\/p>\n<p><strong>LEVELFIX\u2122 Smart Precision Tools \u2013 Innovativ, pr\u00e4zise, robust und 4 Jahre Garantie<\/strong><br \/>\nLEVELFIX Laser werden mit \u00e4u\u00dferster Sorgfalt und Pr\u00e4zision hergestellt. Durch die Anwendung von mehr als 25 Jahren Erfahrung und Wissen in unseren Produkten erhalten Sie absolute Topqualit\u00e4t. Wir sind \u00fcberzeugt und trauen uns daher, Ihnen bedenkenlos 4 Jahre Garantie* zu geben.  <\/p>\n<p>*Verl\u00e4ngern Sie die Standard-1-Jahres-Werksgarantie auf 4 Jahre, indem Sie Ihren Laser innerhalb von 2 Wochen nach dem Kauf \u00fcber das Internet registrieren.<\/p>\n","protected":false},"excerpt":{"rendered":"<p>Im MCL380G sind die besten Eigenschaften eines Linienlasers und eines Rotationslasers vereint. Der Laser ist kompakt und wasserdicht, hat 3&#215;360\u00ba HighPower+ Linien und eine Reichweite bis zu 200m mit Empf\u00e4nger. Dank der Servomotoren im Laser ist dieser auch auf lange Distanzen sehr genau und Sie k\u00f6nnen ihn semi-automatisch in digitales Gef\u00e4lle setzen (in %).  <\/p>\n","protected":false},"featured_media":36446,"template":"","meta":{"_acf_changed":false,"site-sidebar-layout":"default","site-content-layout":"","ast-site-content-layout":"default","site-content-style":"default","site-sidebar-style":"default","ast-global-header-display":"","ast-banner-title-visibility":"","ast-main-header-display":"","ast-hfb-above-header-display":"","ast-hfb-below-header-display":"","ast-hfb-mobile-header-display":"","site-post-title":"","ast-breadcrumbs-content":"","ast-featured-img":"","footer-sml-layout":"","ast-disable-related-posts":"","theme-transparent-header-meta":"","adv-header-id-meta":"","stick-header-meta":"","header-above-stick-meta":"","header-main-stick-meta":"","header-below-stick-meta":"","astra-migrate-meta-layouts":"default","ast-page-background-enabled":"default","ast-page-background-meta":{"desktop":{"background-color":"var(--ast-global-color-4)","background-image":"","background-repeat":"repeat","background-position":"center center","background-size":"auto","background-attachment":"scroll","background-type":"","background-media":"","overlay-type":"","overlay-color":"","overlay-opacity":"","overlay-gradient":""},"tablet":{"background-color":"","background-image":"","background-repeat":"repeat","background-position":"center center","background-size":"auto","background-attachment":"scroll","background-type":"","background-media":"","overlay-type":"","overlay-color":"","overlay-opacity":"","overlay-gradient":""},"mobile":{"background-color":"","background-image":"","background-repeat":"repeat","background-position":"center center","background-size":"auto","background-attachment":"scroll","background-type":"","background-media":"","overlay-type":"","overlay-color":"","overlay-opacity":"","overlay-gradient":""}},"ast-content-background-meta":{"desktop":{"background-color":"var(--ast-global-color-5)","background-image":"","background-repeat":"repeat","background-position":"center center","background-size":"auto","background-attachment":"scroll","background-type":"","background-media":"","overlay-type":"","overlay-color":"","overlay-opacity":"","overlay-gradient":""},"tablet":{"background-color":"var(--ast-global-color-5)","background-image":"","background-repeat":"repeat","background-position":"center center","background-size":"auto","background-attachment":"scroll","background-type":"","background-media":"","overlay-type":"","overlay-color":"","overlay-opacity":"","overlay-gradient":""},"mobile":{"background-color":"var(--ast-global-color-5)","background-image":"","background-repeat":"repeat","background-position":"center center","background-size":"auto","background-attachment":"scroll","background-type":"","background-media":"","overlay-type":"","overlay-color":"","overlay-opacity":"","overlay-gradient":""}}},"product_brand":[],"product_cat":[46608],"product_tag":[],"class_list":{"0":"post-27229","1":"product","2":"type-product","3":"status-publish","4":"has-post-thumbnail","6":"product_cat-kreuzlinienlaser-de","7":"desktop-align-left","8":"tablet-align-left","9":"mobile-align-left","10":"ast-product-gallery-layout-horizontal-slider","11":"ast-product-tabs-layout-horizontal","13":"first","14":"instock","15":"shipping-taxable","16":"purchasable","17":"product-type-simple"},"acf":[],"_links":{"self":[{"href":"https:\/\/levelfixinstruments.com\/de\/wp-json\/wp\/v2\/product\/27229","targetHints":{"allow":["GET"]}}],"collection":[{"href":"https:\/\/levelfixinstruments.com\/de\/wp-json\/wp\/v2\/product"}],"about":[{"href":"https:\/\/levelfixinstruments.com\/de\/wp-json\/wp\/v2\/types\/product"}],"wp:featuredmedia":[{"embeddable":true,"href":"https:\/\/levelfixinstruments.com\/de\/wp-json\/wp\/v2\/media\/36446"}],"wp:attachment":[{"href":"https:\/\/levelfixinstruments.com\/de\/wp-json\/wp\/v2\/media?parent=27229"}],"wp:term":[{"taxonomy":"product_brand","embeddable":true,"href":"https:\/\/levelfixinstruments.com\/de\/wp-json\/wp\/v2\/product_brand?post=27229"},{"taxonomy":"product_cat","embeddable":true,"href":"https:\/\/levelfixinstruments.com\/de\/wp-json\/wp\/v2\/product_cat?post=27229"},{"taxonomy":"product_tag","embeddable":true,"href":"https:\/\/levelfixinstruments.com\/de\/wp-json\/wp\/v2\/product_tag?post=27229"}],"curies":[{"name":"wp","href":"https:\/\/api.w.org\/{rel}","templated":true}]}}