{"id":27273,"date":"2025-09-30T01:10:18","date_gmt":"2025-09-30T01:10:18","guid":{"rendered":"https:\/\/levelfixinstruments.com\/product\/levelfix-ccl280g-gruener-2d-linienlaser-360-h-2-v\/"},"modified":"2026-03-06T11:07:15","modified_gmt":"2026-03-06T11:07:15","slug":"levelfix-ccl280g-gruener-2d-linienlaser-360-h-2-v","status":"publish","type":"product","link":"https:\/\/levelfixinstruments.com\/de\/produkt\/laser-de\/kreuzlinienlaser-de\/levelfix-ccl280g-gruener-2d-linienlaser-360-h-2-v\/","title":{"rendered":"LEVELFIX CCL280G GR\u00dcNER 2D-LINIENLASER, 360\u00b0 H \/ 2 V"},"content":{"rendered":"<p>Der LEVELFIX CCL280G ist ein Linienlaser, der Ihnen dank der intelligenten Konus-Technik zus\u00e4tzliche M\u00f6glichkeiten bietet. Diese Technik erzeugt eine 360\u00ba-Horizontallinie, die von zwei vertikalen Linien unter einem Winkel von 90\u00ba gekreuzt wird. So haben Sie alle Linien, die Sie f\u00fcr die meisten Mess- und Absteckarbeiten ben\u00f6tigen.  <\/p>\n<p><strong>Benutzerfreundlich<\/strong><br \/>\nDank seines kompakten Formats k\u00f6nnen Sie den CCL280G problemlos \u00fcberallhin mitnehmen. Er ist handlich und nimmt wenig Platz in Ihrem Fahrzeug ein. Aber t\u00e4uschen Sie sich nicht! Dieser Laser mag zwar klein sein, doch dank des robusten Geh\u00e4uses (IP54) ist er sehr widerstandsf\u00e4hig.   <\/p>\n<p><strong>Leuchtend Gr\u00fcn<\/strong><br \/>\nDie starken Dioden im Laser erzeugen helle, scharfe gr\u00fcne Linien. Diese Linien sind bis zu 4-mal besser sichtbar als die klassischen roten. Dank des kegelf\u00f6rmigen (Cone-)Prismas projiziert der Strahl 360\u00ba. Die Kombination mit den zwei vertikalen Linien macht diesen Laser zu Ihrem idealen Partner f\u00fcr viele Arbeiten.   <\/p>\n<p><strong>Selbstnivellierend<\/strong><br \/>\nDer CCL280G nivelliert sich dank eines Pendelsystems selbst. Wenn sich der Laser nicht mehr selbst nivellieren kann, blinkt die Linie, um Sie zu warnen. Um das Pendelsystem w\u00e4hrend des Transports zu sch\u00fctzen, arretieren Sie das Pendel \u00fcber die SmartLock-Funktion. In dieser Stellung blinkt die Linie nicht, wenn Sie den Laser kippen. Praktisch, wenn Sie den Laser beispielsweise in Neigung bringen m\u00f6chten. Beachten Sie jedoch, dass Sie selbst \u00fcberpr\u00fcfen m\u00fcssen, ob die Linie waagerecht ist.     <\/p>\n<p><strong>Steuerung per Smartphone<\/strong><br \/>\nEinzigartig an diesem Laser ist, dass Sie ihn \u00fcber die kostenlose LEVELFIX Connect App auf Ihrem Smartphone fernsteuern k\u00f6nnen. Verbinden Sie ihn via Bluetooth und schalten Sie die Linien auf Ihrem Telefon ein oder aus. Dies erspart Ihnen nicht nur unn\u00f6tige Wege, sondern verringert auch die Gefahr einer Verschiebung des Lasers durch Ber\u00fchrung. Zudem haben Sie die Bedienungsanleitung in der App immer griffbereit, falls Sie diese doch einmal durchlesen m\u00f6chten.   <\/p>\n<p><strong>Abnehmbarer Li-Ionen-Akku<\/strong><br \/>\nDer CCL280G wird mit einem separaten Li-Ionen-Akku geliefert. Sie haben die M\u00f6glichkeit, einen Ersatzakku zu erwerben, damit Ihre Arbeit niemals wegen eines leeren Akkus unterbrochen werden muss. Haben Sie vergessen, Ihren Ersatzakku aufzuladen? Auch dann ist das kein Problem. Dank der Work&#038;Charge-Funktion laden Sie den Akku einfach auf, w\u00e4hrend Sie den Laser verwenden. So k\u00f6nnen Sie mit dem CCL280G ununterbrochen weiterarbeiten.     <\/p>\n<p><strong>Mit oder ohne Empf\u00e4nger<\/strong><br \/>\nDie Sichtbarkeit von Laserlinien h\u00e4ngt von der Entfernung und der Lichtmenge ab. Um die M\u00f6glichkeiten zu erweitern, verf\u00fcgt der CCL280G \u00fcber eine Empf\u00e4ngerfunktion. Mit einem Knopfdruck erfassen Sie die Linie mit einem Empf\u00e4nger. So arbeiten Sie weiter, schneller und pr\u00e4ziser.   <\/p>\n<p><strong>LEVELFIX\u2122 Smart Precision Tools \u2013 Innovativ, pr\u00e4zise, robust und 4 Jahre Garantie<\/strong><br \/>\nLEVELFIX Laser werden mit \u00e4u\u00dferster Sorgfalt und Pr\u00e4zision hergestellt. Durch die Anwendung von mehr als 25 Jahren Erfahrung und Wissen in unseren Produkten erhalten Sie absolute Topqualit\u00e4t. Wir sind \u00fcberzeugt und trauen uns daher, Ihnen bedenkenlos 4 Jahre Garantie* zu geben.  <\/p>\n<p>* Verl\u00e4ngern Sie die standardm\u00e4\u00dfige 1-j\u00e4hrige Herstellergarantie auf 4 Jahre, indem Sie Ihren Laser innerhalb von 2 Wochen nach dem Kauf \u00fcber das Internet registrieren.<\/p>\n","protected":false},"excerpt":{"rendered":"<p>Multilinienlaser mit gr\u00fcner 360\u00ba horizontaler Linie und zwei vertikalen Linien.<\/p>\n","protected":false},"featured_media":36377,"template":"","meta":{"_acf_changed":false,"site-sidebar-layout":"default","site-content-layout":"","ast-site-content-layout":"default","site-content-style":"default","site-sidebar-style":"default","ast-global-header-display":"","ast-banner-title-visibility":"","ast-main-header-display":"","ast-hfb-above-header-display":"","ast-hfb-below-header-display":"","ast-hfb-mobile-header-display":"","site-post-title":"","ast-breadcrumbs-content":"","ast-featured-img":"","footer-sml-layout":"","ast-disable-related-posts":"","theme-transparent-header-meta":"","adv-header-id-meta":"","stick-header-meta":"","header-above-stick-meta":"","header-main-stick-meta":"","header-below-stick-meta":"","astra-migrate-meta-layouts":"default","ast-page-background-enabled":"default","ast-page-background-meta":{"desktop":{"background-color":"var(--ast-global-color-4)","background-image":"","background-repeat":"repeat","background-position":"center center","background-size":"auto","background-attachment":"scroll","background-type":"","background-media":"","overlay-type":"","overlay-color":"","overlay-opacity":"","overlay-gradient":""},"tablet":{"background-color":"","background-image":"","background-repeat":"repeat","background-position":"center center","background-size":"auto","background-attachment":"scroll","background-type":"","background-media":"","overlay-type":"","overlay-color":"","overlay-opacity":"","overlay-gradient":""},"mobile":{"background-color":"","background-image":"","background-repeat":"repeat","background-position":"center center","background-size":"auto","background-attachment":"scroll","background-type":"","background-media":"","overlay-type":"","overlay-color":"","overlay-opacity":"","overlay-gradient":""}},"ast-content-background-meta":{"desktop":{"background-color":"var(--ast-global-color-5)","background-image":"","background-repeat":"repeat","background-position":"center center","background-size":"auto","background-attachment":"scroll","background-type":"","background-media":"","overlay-type":"","overlay-color":"","overlay-opacity":"","overlay-gradient":""},"tablet":{"background-color":"var(--ast-global-color-5)","background-image":"","background-repeat":"repeat","background-position":"center center","background-size":"auto","background-attachment":"scroll","background-type":"","background-media":"","overlay-type":"","overlay-color":"","overlay-opacity":"","overlay-gradient":""},"mobile":{"background-color":"var(--ast-global-color-5)","background-image":"","background-repeat":"repeat","background-position":"center center","background-size":"auto","background-attachment":"scroll","background-type":"","background-media":"","overlay-type":"","overlay-color":"","overlay-opacity":"","overlay-gradient":""}}},"product_brand":[],"product_cat":[46608],"product_tag":[],"class_list":{"0":"post-27273","1":"product","2":"type-product","3":"status-publish","4":"has-post-thumbnail","6":"product_cat-kreuzlinienlaser-de","7":"desktop-align-left","8":"tablet-align-left","9":"mobile-align-left","10":"ast-product-gallery-layout-horizontal-slider","11":"ast-product-tabs-layout-horizontal","13":"first","14":"instock","15":"shipping-taxable","16":"purchasable","17":"product-type-simple"},"acf":[],"_links":{"self":[{"href":"https:\/\/levelfixinstruments.com\/de\/wp-json\/wp\/v2\/product\/27273","targetHints":{"allow":["GET"]}}],"collection":[{"href":"https:\/\/levelfixinstruments.com\/de\/wp-json\/wp\/v2\/product"}],"about":[{"href":"https:\/\/levelfixinstruments.com\/de\/wp-json\/wp\/v2\/types\/product"}],"wp:featuredmedia":[{"embeddable":true,"href":"https:\/\/levelfixinstruments.com\/de\/wp-json\/wp\/v2\/media\/36377"}],"wp:attachment":[{"href":"https:\/\/levelfixinstruments.com\/de\/wp-json\/wp\/v2\/media?parent=27273"}],"wp:term":[{"taxonomy":"product_brand","embeddable":true,"href":"https:\/\/levelfixinstruments.com\/de\/wp-json\/wp\/v2\/product_brand?post=27273"},{"taxonomy":"product_cat","embeddable":true,"href":"https:\/\/levelfixinstruments.com\/de\/wp-json\/wp\/v2\/product_cat?post=27273"},{"taxonomy":"product_tag","embeddable":true,"href":"https:\/\/levelfixinstruments.com\/de\/wp-json\/wp\/v2\/product_tag?post=27273"}],"curies":[{"name":"wp","href":"https:\/\/api.w.org\/{rel}","templated":true}]}}