{"id":27321,"date":"2025-09-30T01:10:35","date_gmt":"2025-09-30T01:10:35","guid":{"rendered":"https:\/\/levelfixinstruments.com\/product\/levelfix-ccl283g-gruener-3d-multi-linienlaser-3x-360\/"},"modified":"2026-03-06T11:32:27","modified_gmt":"2026-03-06T11:32:27","slug":"levelfix-ccl283g-gruener-3d-multi-linienlaser-3x-360","status":"publish","type":"product","link":"https:\/\/levelfixinstruments.com\/de\/produkt\/laser-de\/kreuzlinienlaser-de\/levelfix-ccl283g-gruener-3d-multi-linienlaser-3x-360\/","title":{"rendered":"LEVELFIX CCL283G GR\u00dcNER 3D-MULTI-LINIENLASER 3X 360\u00b0"},"content":{"rendered":"<p>Der LEVELFIX CCL283G ist ein vielseitiger 3D-Laser. Mit drei 360\u00ba Linien, 1 horizontal und 2 vertikal, k\u00f6nnen Sie alle Richtungen abdecken. Vom Abstecken von Wasserwaagen bis zum Projizieren einer Kreuzlinie an Wand, Boden oder Decke; mit dem CCL283G geht es m\u00fchelos und schnell.  <\/p>\n<p><strong>3x 360\u00ba gr\u00fcn<\/strong><br \/>\nDieser Laser verwendet die Konus-Technik. Da der Strahl \u00fcber ein kegelf\u00f6rmiges (Konus-) Prisma projiziert wird, erhalten Sie eine 360\u00ba Wasserwaage. So m\u00fcssen Sie Ihren Laser weniger bewegen und verringern das Risiko von Messfehlern. Aber das ist nicht der einzige Vorteil der Konus-Technik. Da nur 1 Laserdiode f\u00fcr eine Linie rundherum ben\u00f6tigt wird, anstatt einer Diode pro separater Linie, ist diese Technik auch noch energieeffizient. So arbeiten Sie l\u00e4nger mit einer vollen Batterie.     <\/p>\n<p><strong>Einfache Positionierung mit der SmartBase<\/strong><br \/>\nDer CCL283G hat einen praktischen Positionierungsfu\u00df; die SmartBase. Was diesen Fu\u00df so praktisch macht, ist der einzigartige Drehmechanismus. Durch Drehen des Knopfes stellen Sie den Laser ein, w\u00e4hrend der Bezugspunkt an derselben Stelle bleibt. Aber das ist noch nicht alles. Eine weitere praktische Funktion der SmartBase sind die ausklappbaren Anschlagnocken. Ausgeklappt fallen sie genau \u00fcber den Rand einer Fliese und eingeklappt setzen Sie den Laser einfach gegen Regelwerk. Mit der SmartBase ist das Positionieren und Ausrichten Ihres Lasers ein Kinderspiel.      <\/p>\n<p><strong>Selbstnivellierend<\/strong><br \/>\nDer Laser stellt sich dank eines Pendelsystems selbst waagerecht. Wenn der Laser sich nicht mehr waagerecht stellen kann, blinkt die Linie, um Sie zu warnen. Um das Pendelsystem w\u00e4hrend des Transports zu sch\u00fctzen, fixieren Sie das Pendel \u00fcber die SmartLock-Funktion. In dieser Position blinkt die Linie nicht, wenn Sie den Laser neigen. Praktisch, wenn Sie den Laser beispielsweise in einem Gef\u00e4lle aufstellen m\u00f6chten. Achten Sie dann aber darauf, dass Sie selbst kontrollieren m\u00fcssen, ob die Linie waagerecht ist.     <\/p>\n<p><strong>Bedienung mit Ihrem Smartphone<\/strong><br \/>\nEinzigartig an diesem Laser ist, dass Sie ihn per Fernbedienung \u00fcber die kostenlose LEVELFIX Connect App auf Ihrem Smartphone bedienen k\u00f6nnen. Verbinden Sie ihn \u00fcber Bluetooth und schalten Sie auf Ihrem Telefon Linien ein oder aus. Dies spart Ihnen nicht nur das Hin- und Herlaufen, sondern verringert auch die Wahrscheinlichkeit, dass der Laser durch Ber\u00fchrung verschoben wird. Dar\u00fcber hinaus haben Sie in der App die Bedienungsanleitung immer zur Hand, falls Sie diese DOCH durchlesen m\u00f6chten.   <\/p>\n<p><strong>Abnehmbarer Li-Ionen-Akku<\/strong><br \/>\nDer CCL283G wird mit einem separaten Li-Ionen-Akku geliefert. Sie haben die M\u00f6glichkeit, einen Reserveakku zu erwerben, sodass Ihre Arbeit nie durch einen leeren Akku unterbrochen werden muss. Haben Sie vergessen, Ihren Reserveakku aufzuladen? Auch dann ist nichts passiert. Dank der Work&#038;Charge-Funktion laden Sie den Akku einfach auf, w\u00e4hrend Sie den Laser verwenden. So k\u00f6nnen Sie endlos mit dem CCL283G weiterarbeiten.     <\/p>\n<p>Der CCL283G kann jetzt auch mit den 18V-Akkus von DEWALT, Makita, Bosch und Milwaukee mit Hilfe des <em><strong>LEVELFIX X18V Smart Battery Adapter<\/strong><\/em> verwendet werden. Diese Adapter sind separat erh\u00e4ltlich. (Art.Nrn.: DEWALT 554260, Makita 554261, Bosch 554262 und Milwaukee 554263)  <\/p>\n<p><strong>Mit oder ohne Empf\u00e4nger<\/strong><br \/>\nDie Sichtbarkeit von Laserlinien ist abh\u00e4ngig von der Entfernung und Lichtmenge. Um die M\u00f6glichkeiten zu erweitern, verf\u00fcgt der CCL283G \u00fcber eine Empf\u00e4ngerfunktion. Mit einem Knopfdruck fangen Sie die Linie mit einem Empf\u00e4nger auf. So arbeiten Sie weiter, schneller und genauer.   <\/p>\n<p><strong>LEVELFIX\u2122 Smart Precision Tools \u2013 Innovativ, pr\u00e4zise, robust und 4 Jahre Garantie<\/strong><br \/>\nLEVELFIX Laser werden mit \u00e4u\u00dferster Sorgfalt und Pr\u00e4zision hergestellt. Durch die Anwendung von mehr als 25 Jahren Erfahrung und Wissen in unseren Produkten erhalten Sie absolute Topqualit\u00e4t. Wir sind \u00fcberzeugt und trauen uns daher, Ihnen bedenkenlos 4 Jahre Garantie* zu geben.  <\/p>\n<p>* Verl\u00e4ngern Sie die standardm\u00e4\u00dfige 1-j\u00e4hrige Herstellergarantie auf 4 Jahre, indem Sie Ihren Laser innerhalb von 2 Wochen nach dem Kauf \u00fcber das Internet registrieren.<\/p>\n","protected":false},"excerpt":{"rendered":"<p>Der LEVELFIX CCL283G ist ein vielseitiger 3D-Laser mit drei 360\u00ba gr\u00fcnen Linien (1 horizontal und 2 vertikal), praktischem Positionierungsfu\u00df und austauschbarem Li-Ionen-Akku.<\/p>\n","protected":false},"featured_media":36419,"template":"","meta":{"_acf_changed":false,"site-sidebar-layout":"default","site-content-layout":"","ast-site-content-layout":"default","site-content-style":"default","site-sidebar-style":"default","ast-global-header-display":"","ast-banner-title-visibility":"","ast-main-header-display":"","ast-hfb-above-header-display":"","ast-hfb-below-header-display":"","ast-hfb-mobile-header-display":"","site-post-title":"","ast-breadcrumbs-content":"","ast-featured-img":"","footer-sml-layout":"","ast-disable-related-posts":"","theme-transparent-header-meta":"","adv-header-id-meta":"","stick-header-meta":"","header-above-stick-meta":"","header-main-stick-meta":"","header-below-stick-meta":"","astra-migrate-meta-layouts":"default","ast-page-background-enabled":"default","ast-page-background-meta":{"desktop":{"background-color":"var(--ast-global-color-4)","background-image":"","background-repeat":"repeat","background-position":"center center","background-size":"auto","background-attachment":"scroll","background-type":"","background-media":"","overlay-type":"","overlay-color":"","overlay-opacity":"","overlay-gradient":""},"tablet":{"background-color":"","background-image":"","background-repeat":"repeat","background-position":"center center","background-size":"auto","background-attachment":"scroll","background-type":"","background-media":"","overlay-type":"","overlay-color":"","overlay-opacity":"","overlay-gradient":""},"mobile":{"background-color":"","background-image":"","background-repeat":"repeat","background-position":"center center","background-size":"auto","background-attachment":"scroll","background-type":"","background-media":"","overlay-type":"","overlay-color":"","overlay-opacity":"","overlay-gradient":""}},"ast-content-background-meta":{"desktop":{"background-color":"var(--ast-global-color-5)","background-image":"","background-repeat":"repeat","background-position":"center center","background-size":"auto","background-attachment":"scroll","background-type":"","background-media":"","overlay-type":"","overlay-color":"","overlay-opacity":"","overlay-gradient":""},"tablet":{"background-color":"var(--ast-global-color-5)","background-image":"","background-repeat":"repeat","background-position":"center center","background-size":"auto","background-attachment":"scroll","background-type":"","background-media":"","overlay-type":"","overlay-color":"","overlay-opacity":"","overlay-gradient":""},"mobile":{"background-color":"var(--ast-global-color-5)","background-image":"","background-repeat":"repeat","background-position":"center center","background-size":"auto","background-attachment":"scroll","background-type":"","background-media":"","overlay-type":"","overlay-color":"","overlay-opacity":"","overlay-gradient":""}}},"product_brand":[],"product_cat":[46608],"product_tag":[],"class_list":{"0":"post-27321","1":"product","2":"type-product","3":"status-publish","4":"has-post-thumbnail","6":"product_cat-kreuzlinienlaser-de","7":"desktop-align-left","8":"tablet-align-left","9":"mobile-align-left","10":"ast-product-gallery-layout-horizontal-slider","11":"ast-product-tabs-layout-horizontal","13":"first","14":"instock","15":"shipping-taxable","16":"purchasable","17":"product-type-simple"},"acf":[],"_links":{"self":[{"href":"https:\/\/levelfixinstruments.com\/de\/wp-json\/wp\/v2\/product\/27321","targetHints":{"allow":["GET"]}}],"collection":[{"href":"https:\/\/levelfixinstruments.com\/de\/wp-json\/wp\/v2\/product"}],"about":[{"href":"https:\/\/levelfixinstruments.com\/de\/wp-json\/wp\/v2\/types\/product"}],"wp:featuredmedia":[{"embeddable":true,"href":"https:\/\/levelfixinstruments.com\/de\/wp-json\/wp\/v2\/media\/36419"}],"wp:attachment":[{"href":"https:\/\/levelfixinstruments.com\/de\/wp-json\/wp\/v2\/media?parent=27321"}],"wp:term":[{"taxonomy":"product_brand","embeddable":true,"href":"https:\/\/levelfixinstruments.com\/de\/wp-json\/wp\/v2\/product_brand?post=27321"},{"taxonomy":"product_cat","embeddable":true,"href":"https:\/\/levelfixinstruments.com\/de\/wp-json\/wp\/v2\/product_cat?post=27321"},{"taxonomy":"product_tag","embeddable":true,"href":"https:\/\/levelfixinstruments.com\/de\/wp-json\/wp\/v2\/product_tag?post=27321"}],"curies":[{"name":"wp","href":"https:\/\/api.w.org\/{rel}","templated":true}]}}