{"id":27366,"date":"2025-09-30T01:10:53","date_gmt":"2025-09-30T01:10:53","guid":{"rendered":"https:\/\/levelfixinstruments.com\/product\/levelfix-ccl284g-gruener-4d-multi-linienlaser-4x-360\/"},"modified":"2026-03-09T08:41:53","modified_gmt":"2026-03-09T08:41:53","slug":"levelfix-ccl284g-gruener-4d-multi-linienlaser-4x-360","status":"publish","type":"product","link":"https:\/\/levelfixinstruments.com\/de\/produkt\/laser-de\/kreuzlinienlaser-de\/levelfix-ccl284g-gruener-4d-multi-linienlaser-4x-360\/","title":{"rendered":"LEVELFIX CCL284G GR\u00dcNER 4D-MULTI-LINIENLASER 4X 360\u00b0"},"content":{"rendered":"<p>M\u00f6chten Sie mit Ihrem Linienlaser wirklich \u00e1lle Innenausbauarbeiten durchf\u00fchren k\u00f6nnen? Mit dem LEVELFIX CCL284G sind die M\u00f6glichkeiten dank der 4 Kegellinsen endlos. Dieser 4D-Laser ist der ultimative Innenraumlaser f\u00fcr Sie als Profi.  <\/p>\n<p><strong>4x 360\u00ba gr\u00fcn<\/strong><br \/>\nMit 4 Linien von 360\u00ba ist der CCL284G der vielseitigste Linienlaser in unserer Produktlinie. Dieser Laser hat 2 horizontale und 2 vertikale Linien rundum (360\u00ba), was 16 einzelnen Linien entspricht. Die zus\u00e4tzliche Linie befindet sich an der Unterseite des Lasers, wodurch Sie eine Linie direkt \u00fcber dem Boden haben. Ideal zum Ausrichten und Kontrollieren von B\u00f6den.   <\/p>\n<p><strong>Flexibel und vielseitig<\/strong><br \/>\nDer CCL284G kann mit einem Stativ, einer Wandhalterung oder einem Lift verwendet werden. Dadurch haben Sie unendlich viele M\u00f6glichkeiten, Ihren Laser zu positionieren. Die Wandhalterung hat verst\u00e4rkte Magnete und ist mit einem Drehknopf sehr genau in der H\u00f6he einstellbar.  <\/p>\n<p>Verlegen Sie eine Decke und schrauben Sie die Wandhalterung lieber aus dem Sichtfeld? Kein Problem mit der Kombination aus diesem vielseitigen Laser und der Wandhalterung. Die Plattform der Wandhalterung ist drehbar, sodass Sie den Laser an der Ober- oder Unterseite der Halterung befestigen k\u00f6nnen.<x id=\"gid_0\"><\/x>Dar\u00fcber hinaus wird er mit einem speziellen Adapter geliefert, den Sie an der obersten Kegel des Lasers befestigen. Die M\u00f6glichkeiten mit dem CCL284G und der praktischen WB40 Wand- und Deckenhalterung sind endlos.   <\/p>\n<p>S<strong>piegelglatte B\u00f6den<\/strong> Die zus\u00e4tzliche Linie am unteren Ende des Lasers ergibt eine Linie knapp \u00fcber dem Boden. Dies ist ideal zum Ausrichten, Messen und Pr\u00fcfen von B\u00f6den. So k\u00f6nnen Sie leicht die erste Fliesenreihe oder die Ebenheit des Bodens bestimmen. Mit Hilfe von Nivellierpfl\u00f6cken messen Sie zum Beispiel an verschiedenen Stellen und sehen schnell, ob der Boden \u00fcberall eben ist oder ob Sie Beton nachlegen m\u00fcssen. Die zus\u00e4tzliche Linie des CCL284G ist eine L\u00f6sung f\u00fcr jede Art von Bodenbelag. Kontrollieren Sie einfach und pr\u00e4zise, wie eben Ihr Boden ist, um unangenehme Probleme durch Unebenheiten zu vermeiden. Das erspart Ihnen viel Aufwand und Kosten.  <\/p>\n<p><strong>Bedienung mit Ihrem Smartphone<\/strong><br \/>\nEinzigartig an diesem Laser ist, dass Sie ihn per Fernbedienung \u00fcber die kostenlose LEVELFIX Connect App auf Ihrem Smartphone bedienen k\u00f6nnen. Verbinden Sie ihn \u00fcber Bluetooth und schalten Sie auf Ihrem Telefon Linien ein oder aus. Dies spart Ihnen nicht nur das Hin- und Herlaufen, sondern verringert auch die Wahrscheinlichkeit, dass der Laser durch Ber\u00fchrung verschoben wird. Dar\u00fcber hinaus haben Sie in der App die Bedienungsanleitung immer zur Hand, falls Sie diese DOCH durchlesen m\u00f6chten.   <\/p>\n<p><strong>Abnehmbarer Li-Ionen-Akku<\/strong><br \/>\nDer CCL284G wird mit einem separaten Li-Ionen-Akku geliefert. Sie haben die M\u00f6glichkeit, einen Reserveakku zu erwerben, sodass Ihre Arbeit nie durch einen leeren Akku stillstehen muss. Haben Sie vergessen, Ihren Reserveakku aufzuladen? Auch dann ist nichts verloren. Dank der Work&#038;Charge-Funktion laden Sie den Akku n\u00e4mlich einfach auf, w\u00e4hrend Sie den Laser verwenden. So k\u00f6nnen Sie endlos mit dem CCL284G weiterarbeiten.     <\/p>\n<p>Der CCL284G kann jetzt auch mit den 18V-Akkus von DEWALT, Makita, Bosch und Milwaukee mithilfe des <em><strong>LEVELFIX X18V Smart Battery Adapter<\/strong><\/em> verwendet werden. Diese Adapter sind separat erh\u00e4ltlich. (Art.Nr.: DEWALT 554260, Makita 554261, Bosch 554262 und Milwaukee 554263)  <\/p>\n<p><strong>Mit oder ohne Empf\u00e4nger<\/strong><br \/>\nDie Sichtbarkeit von Laserlinien ist abh\u00e4ngig von der Entfernung und der Lichtmenge. Um die M\u00f6glichkeiten zu erweitern, verf\u00fcgt der CCL284G \u00fcber eine Empf\u00e4ngerfunktion. Mit einem Druck auf den Knopf fangen Sie die Linie mit einem Empf\u00e4nger auf. So arbeiten Sie weiter, schneller und genauer.   <\/p>\n<p><strong>LEVELFIX\u2122 Smart Precision Tools \u2013 Innovativ, pr\u00e4zise, robust und 4 Jahre Garantie<\/strong><br \/>\nLEVELFIX Laser werden mit \u00e4u\u00dferster Sorgfalt und Pr\u00e4zision hergestellt. Durch die Anwendung von mehr als 25 Jahren Erfahrung und Wissen in unseren Produkten erhalten Sie absolute Topqualit\u00e4t. Wir sind \u00fcberzeugt und trauen uns daher, Ihnen bedenkenlos 4 Jahre Garantie* zu geben.  <\/p>\n<p>* Verl\u00e4ngern Sie die standardm\u00e4\u00dfige 1-j\u00e4hrige Herstellergarantie auf 4 Jahre, indem Sie Ihren Laser innerhalb von 2 Wochen nach dem Kauf \u00fcber das Internet registrieren.<\/p>\n","protected":false},"excerpt":{"rendered":"<p>Der CCL284G verf\u00fcgt \u00fcber 4 gr\u00fcne 360\u00ba-Linien, zwei horizontal und zwei vertikal. Die zus\u00e4tzliche Linie befindet sich direkt \u00fcber dem Boden und ist ideal zum Ausrichten und Kontrollieren von B\u00f6den. <\/p>\n","protected":false},"featured_media":36432,"template":"","meta":{"_acf_changed":false,"site-sidebar-layout":"default","site-content-layout":"","ast-site-content-layout":"default","site-content-style":"default","site-sidebar-style":"default","ast-global-header-display":"","ast-banner-title-visibility":"","ast-main-header-display":"","ast-hfb-above-header-display":"","ast-hfb-below-header-display":"","ast-hfb-mobile-header-display":"","site-post-title":"","ast-breadcrumbs-content":"","ast-featured-img":"","footer-sml-layout":"","ast-disable-related-posts":"","theme-transparent-header-meta":"","adv-header-id-meta":"","stick-header-meta":"","header-above-stick-meta":"","header-main-stick-meta":"","header-below-stick-meta":"","astra-migrate-meta-layouts":"default","ast-page-background-enabled":"default","ast-page-background-meta":{"desktop":{"background-color":"var(--ast-global-color-4)","background-image":"","background-repeat":"repeat","background-position":"center center","background-size":"auto","background-attachment":"scroll","background-type":"","background-media":"","overlay-type":"","overlay-color":"","overlay-opacity":"","overlay-gradient":""},"tablet":{"background-color":"","background-image":"","background-repeat":"repeat","background-position":"center center","background-size":"auto","background-attachment":"scroll","background-type":"","background-media":"","overlay-type":"","overlay-color":"","overlay-opacity":"","overlay-gradient":""},"mobile":{"background-color":"","background-image":"","background-repeat":"repeat","background-position":"center center","background-size":"auto","background-attachment":"scroll","background-type":"","background-media":"","overlay-type":"","overlay-color":"","overlay-opacity":"","overlay-gradient":""}},"ast-content-background-meta":{"desktop":{"background-color":"var(--ast-global-color-5)","background-image":"","background-repeat":"repeat","background-position":"center center","background-size":"auto","background-attachment":"scroll","background-type":"","background-media":"","overlay-type":"","overlay-color":"","overlay-opacity":"","overlay-gradient":""},"tablet":{"background-color":"var(--ast-global-color-5)","background-image":"","background-repeat":"repeat","background-position":"center center","background-size":"auto","background-attachment":"scroll","background-type":"","background-media":"","overlay-type":"","overlay-color":"","overlay-opacity":"","overlay-gradient":""},"mobile":{"background-color":"var(--ast-global-color-5)","background-image":"","background-repeat":"repeat","background-position":"center center","background-size":"auto","background-attachment":"scroll","background-type":"","background-media":"","overlay-type":"","overlay-color":"","overlay-opacity":"","overlay-gradient":""}}},"product_brand":[],"product_cat":[46608],"product_tag":[],"class_list":{"0":"post-27366","1":"product","2":"type-product","3":"status-publish","4":"has-post-thumbnail","6":"product_cat-kreuzlinienlaser-de","7":"desktop-align-left","8":"tablet-align-left","9":"mobile-align-left","10":"ast-product-gallery-layout-horizontal-slider","11":"ast-product-tabs-layout-horizontal","13":"first","14":"instock","15":"shipping-taxable","16":"purchasable","17":"product-type-simple"},"acf":[],"_links":{"self":[{"href":"https:\/\/levelfixinstruments.com\/de\/wp-json\/wp\/v2\/product\/27366","targetHints":{"allow":["GET"]}}],"collection":[{"href":"https:\/\/levelfixinstruments.com\/de\/wp-json\/wp\/v2\/product"}],"about":[{"href":"https:\/\/levelfixinstruments.com\/de\/wp-json\/wp\/v2\/types\/product"}],"wp:featuredmedia":[{"embeddable":true,"href":"https:\/\/levelfixinstruments.com\/de\/wp-json\/wp\/v2\/media\/36432"}],"wp:attachment":[{"href":"https:\/\/levelfixinstruments.com\/de\/wp-json\/wp\/v2\/media?parent=27366"}],"wp:term":[{"taxonomy":"product_brand","embeddable":true,"href":"https:\/\/levelfixinstruments.com\/de\/wp-json\/wp\/v2\/product_brand?post=27366"},{"taxonomy":"product_cat","embeddable":true,"href":"https:\/\/levelfixinstruments.com\/de\/wp-json\/wp\/v2\/product_cat?post=27366"},{"taxonomy":"product_tag","embeddable":true,"href":"https:\/\/levelfixinstruments.com\/de\/wp-json\/wp\/v2\/product_tag?post=27366"}],"curies":[{"name":"wp","href":"https:\/\/api.w.org\/{rel}","templated":true}]}}