{"id":27405,"date":"2025-09-30T01:11:20","date_gmt":"2025-09-30T01:11:20","guid":{"rendered":"https:\/\/levelfixinstruments.com\/product\/levelfix-dt510l-elec-theodolit-mit-laser-30x\/"},"modified":"2025-11-25T09:26:03","modified_gmt":"2025-11-25T09:26:03","slug":"levelfix-dt510l-elec-theodolit-mit-laser-30x","status":"publish","type":"product","link":"https:\/\/levelfixinstruments.com\/de\/produkt\/optische-instrumente-de\/levelfix-dt510l-elec-theodolit-mit-laser-30x\/","title":{"rendered":"LEVELFIX DT510L ELEC. THEODOLIT MIT LASER 30X"},"content":{"rendered":"<h3>Digitaler Theodolit mit Laser-Richtmaschine und Laser-Lot<\/h3>\n<p>Der DT510L ist ein robuster, digitaler Theodolit f\u00fcr den t\u00e4glichen Gebrauch. Der Laserzielpunkt ist pr\u00e4zise auf die Mitte des Fadenkreuzes ausgerichtet und kann optional verwendet werden.<br \/>\nAu\u00dferdem verf\u00fcgt der DT510L \u00fcber ein Laserlot zur einfachen Positionierung \u00fcber Messpunkten.  <\/p>\n<h3>Pr\u00e4zise und mit Kompensator ausgestattet<\/h3>\n<p>Der DT510L hat eine Genauigkeit von 5\u2033 und ist damit extrem genau.<br \/>\nDie 30-fache Vergr\u00f6\u00dferung sorgt f\u00fcr ein klares Bild. Der eingebaute Kompensator, der auf der vertikalen Achse ein- oder ausgeschaltet werden kann, sorgt f\u00fcr korrekte Ablesungen, ohne dass Sie jedes Mal das Fl\u00e4schchen \u00fcberpr\u00fcfen m\u00fcssen. <\/p>\n<h3>Beleuchtetes 2-seitiges Display<\/h3>\n<p>Der DT510L verf\u00fcgt \u00fcber 2 gro\u00dfe, helle und hintergrundbeleuchtete Displays. Das Display ist leicht ablesbar und die Tasten erm\u00f6glichen die schnelle Auswahl von Standardfunktionen. So k\u00f6nnen Sie zum Beispiel schnell zwischen Grad und Gon auf der horizontalen Achse, Grad oder % auf der vertikalen Achse umschalten, die Messung der Links- oder Rechtsdrehung einstellen, den 0-Punkt des horizontalen Kreises festlegen und den Laserzielpunkt ein- oder ausschalten.  <\/p>\n<h3>Stativ-Empfehlung<\/h3>\n<p>Wir empfehlen, das Holzstativ (556972) mit diesem Stativ zu verwenden, da es sich bei gro\u00dfen Temperaturunterschieden weniger ausdehnt.<\/p>\n","protected":false},"excerpt":{"rendered":"<p>Digitaler Theodolit mit fokussierbarem Laserzielpunkt, zweiseitigem Display, 30-facher Vergr\u00f6\u00dferung und 5&#8243; Genauigkeit.<\/p>\n","protected":false},"featured_media":34226,"template":"","meta":{"_acf_changed":false,"site-sidebar-layout":"default","site-content-layout":"","ast-site-content-layout":"default","site-content-style":"default","site-sidebar-style":"default","ast-global-header-display":"","ast-banner-title-visibility":"","ast-main-header-display":"","ast-hfb-above-header-display":"","ast-hfb-below-header-display":"","ast-hfb-mobile-header-display":"","site-post-title":"","ast-breadcrumbs-content":"","ast-featured-img":"","footer-sml-layout":"","ast-disable-related-posts":"","theme-transparent-header-meta":"","adv-header-id-meta":"","stick-header-meta":"","header-above-stick-meta":"","header-main-stick-meta":"","header-below-stick-meta":"","astra-migrate-meta-layouts":"default","ast-page-background-enabled":"default","ast-page-background-meta":{"desktop":{"background-color":"var(--ast-global-color-4)","background-image":"","background-repeat":"repeat","background-position":"center center","background-size":"auto","background-attachment":"scroll","background-type":"","background-media":"","overlay-type":"","overlay-color":"","overlay-opacity":"","overlay-gradient":""},"tablet":{"background-color":"","background-image":"","background-repeat":"repeat","background-position":"center center","background-size":"auto","background-attachment":"scroll","background-type":"","background-media":"","overlay-type":"","overlay-color":"","overlay-opacity":"","overlay-gradient":""},"mobile":{"background-color":"","background-image":"","background-repeat":"repeat","background-position":"center center","background-size":"auto","background-attachment":"scroll","background-type":"","background-media":"","overlay-type":"","overlay-color":"","overlay-opacity":"","overlay-gradient":""}},"ast-content-background-meta":{"desktop":{"background-color":"var(--ast-global-color-5)","background-image":"","background-repeat":"repeat","background-position":"center center","background-size":"auto","background-attachment":"scroll","background-type":"","background-media":"","overlay-type":"","overlay-color":"","overlay-opacity":"","overlay-gradient":""},"tablet":{"background-color":"var(--ast-global-color-5)","background-image":"","background-repeat":"repeat","background-position":"center center","background-size":"auto","background-attachment":"scroll","background-type":"","background-media":"","overlay-type":"","overlay-color":"","overlay-opacity":"","overlay-gradient":""},"mobile":{"background-color":"var(--ast-global-color-5)","background-image":"","background-repeat":"repeat","background-position":"center center","background-size":"auto","background-attachment":"scroll","background-type":"","background-media":"","overlay-type":"","overlay-color":"","overlay-opacity":"","overlay-gradient":""}}},"product_brand":[],"product_cat":[46541],"product_tag":[],"class_list":{"0":"post-27405","1":"product","2":"type-product","3":"status-publish","4":"has-post-thumbnail","6":"product_cat-optische-instrumente-de","7":"desktop-align-left","8":"tablet-align-left","9":"mobile-align-left","10":"ast-product-gallery-layout-horizontal-slider","11":"ast-product-gallery-with-no-image","12":"ast-product-tabs-layout-horizontal","14":"first","15":"instock","16":"shipping-taxable","17":"purchasable","18":"product-type-simple"},"acf":[],"_links":{"self":[{"href":"https:\/\/levelfixinstruments.com\/de\/wp-json\/wp\/v2\/product\/27405","targetHints":{"allow":["GET"]}}],"collection":[{"href":"https:\/\/levelfixinstruments.com\/de\/wp-json\/wp\/v2\/product"}],"about":[{"href":"https:\/\/levelfixinstruments.com\/de\/wp-json\/wp\/v2\/types\/product"}],"wp:featuredmedia":[{"embeddable":true,"href":"https:\/\/levelfixinstruments.com\/de\/wp-json\/wp\/v2\/media\/34226"}],"wp:attachment":[{"href":"https:\/\/levelfixinstruments.com\/de\/wp-json\/wp\/v2\/media?parent=27405"}],"wp:term":[{"taxonomy":"product_brand","embeddable":true,"href":"https:\/\/levelfixinstruments.com\/de\/wp-json\/wp\/v2\/product_brand?post=27405"},{"taxonomy":"product_cat","embeddable":true,"href":"https:\/\/levelfixinstruments.com\/de\/wp-json\/wp\/v2\/product_cat?post=27405"},{"taxonomy":"product_tag","embeddable":true,"href":"https:\/\/levelfixinstruments.com\/de\/wp-json\/wp\/v2\/product_tag?post=27405"}],"curies":[{"name":"wp","href":"https:\/\/api.w.org\/{rel}","templated":true}]}}