{"id":27485,"date":"2025-09-30T01:11:40","date_gmt":"2025-09-30T01:11:40","guid":{"rendered":"https:\/\/levelfixinstruments.com\/product\/levelfix-ccl680g-gruener-mehrlinienlaser\/"},"modified":"2025-11-25T09:26:40","modified_gmt":"2025-11-25T09:26:40","slug":"levelfix-ccl680g-gruener-mehrlinienlaser","status":"publish","type":"product","link":"https:\/\/levelfixinstruments.com\/de\/produkt\/laser-de\/kreuzlinienlaser-de\/levelfix-ccl680g-gruener-mehrlinienlaser\/","title":{"rendered":"LEVELFIX CCL680G GR\u00dcNER MEHRLINIENLASER"},"content":{"rendered":"<p>Der LEVELFIX CCL680G ist ein Mehrlinienlaser mit Feineinstellung und projiziert eine gr\u00fcne horizontale Linie von 360\u00b0, 4 vertikale Linien unter 90\u00b0 und einen Lotpunkt.<\/p>\n<p>S<strong>elbstnivellierung<\/strong> Das Pendelsystem sorgt daf\u00fcr, dass sich der LEVELFIX CCL680G sauber nivelliert. Wenn der LEVELFIX CCL680G nicht korrekt eingestellt ist, blinken die Linien.  Das selbstnivellierende System ist auch abschaltbar. Dadurch k\u00f6nnen Sie alle gew\u00fcnschten Winkel projizieren. <\/p>\n<p>L<strong>EVELFIX+<\/strong> Der LEVELFIX CCL680G geh\u00f6rt zu unserer LEVELFIX+ Reihe. Die LEVELFIX+ Modelle zeichnen sich durch h\u00f6chste Qualit\u00e4t, beste erreichbare Genauigkeit, hervorragende Spezifikationen und 4 Jahre Garantie* aus. Dar\u00fcber hinaus sind sie reichhaltig mit praktischem und intelligentem Zubeh\u00f6r und Aufs\u00e4tzen ausgestattet.<\/p>\n<p>H<strong>ighPower+ Diode<\/strong> Der LEVELFIX CCL680G verf\u00fcgt \u00fcber eine ultrastarke gr\u00fcne 80mW Laserdiode, die besser sichtbar ist als die normale HighPower Diode und bis zu 6x besser sichtbar als die klassische rote Diode. Die HighPower+ Diode projiziert helle und scharfe Laserlinien. Die Sichtbarkeit h\u00e4ngt weiterhin stark vom Umgebungslicht ab. Je mehr Licht, desto weniger sichtbar sind die Linien. Dank des neuen, einzigartigen SuperBright-Modus k\u00f6nnen Sie den Dioden noch mehr Leistung verleihen. Diese Funktion sorgt f\u00fcr eine noch bessere Sichtbarkeit als bereits zuvor mit der klassischen gr\u00fcnen Laserlinie.<\/p>\n<p>E<strong>mpfangsfunktion<\/strong> Der LEVELFIX CCL680G verf\u00fcgt \u00fcber eine Empfangsfunktion. So k\u00f6nnen Sie den CCL680G in Kombination mit einem LEVELFIX Empf\u00e4nger auch bei gr\u00f6\u00dferen Entfernungen oder im Freien verwenden, selbst wenn die Leitung nicht mehr sichtbar ist. Mit einem Empf\u00e4nger k\u00f6nnen die Linien bis zu 60 m weit geortet werden.<\/p>\n<p>S<strong>martLock<\/strong> Das selbstnivellierende Pendelsystem nivelliert sich selbst. Mit dem SmartLock-System k\u00f6nnen Sie den LEVELFIX CCL680G sicher transportieren, da das Pendel in dieser Position verriegelt ist.  Das Einschalten des CCL680G in diesem Modus kann die Projektion von Steigungslinien erm\u00f6glichen.<\/p>\n<p>L<strong>i-Ionen-Technologie<\/strong> Der LEVELFIX CCL680G wird komplett mit abnehmbarem Li-Ionen-Akku und Ladeger\u00e4t geliefert.<\/p>\n<p>C<strong>harge&#038;Work<\/strong> Mit der Funktion Charge&#038;Work k\u00f6nnen Sie den LEVELFIX CCL680G aufladen, w\u00e4hrend Sie das Ger\u00e4t benutzen. So vermeiden Sie unn\u00f6tige Wartezeiten aufgrund von leeren Batterien\/Akkus, die erst aufgeladen werden m\u00fcssen.<\/p>\n","protected":false},"excerpt":{"rendered":"<p>Der LEVELFIX CCL680G ist ein Mehrlinienlaser mit Feineinstellung und projiziert eine gr\u00fcne horizontale 360\u00b0-Linie, 4 vertikale Linien unter 90\u00b0 und einen Lotpunkt.<\/p>\n","protected":false},"featured_media":34314,"template":"","meta":{"_acf_changed":false,"site-sidebar-layout":"default","site-content-layout":"","ast-site-content-layout":"default","site-content-style":"default","site-sidebar-style":"default","ast-global-header-display":"","ast-banner-title-visibility":"","ast-main-header-display":"","ast-hfb-above-header-display":"","ast-hfb-below-header-display":"","ast-hfb-mobile-header-display":"","site-post-title":"","ast-breadcrumbs-content":"","ast-featured-img":"","footer-sml-layout":"","ast-disable-related-posts":"","theme-transparent-header-meta":"","adv-header-id-meta":"","stick-header-meta":"","header-above-stick-meta":"","header-main-stick-meta":"","header-below-stick-meta":"","astra-migrate-meta-layouts":"default","ast-page-background-enabled":"default","ast-page-background-meta":{"desktop":{"background-color":"var(--ast-global-color-4)","background-image":"","background-repeat":"repeat","background-position":"center center","background-size":"auto","background-attachment":"scroll","background-type":"","background-media":"","overlay-type":"","overlay-color":"","overlay-opacity":"","overlay-gradient":""},"tablet":{"background-color":"","background-image":"","background-repeat":"repeat","background-position":"center center","background-size":"auto","background-attachment":"scroll","background-type":"","background-media":"","overlay-type":"","overlay-color":"","overlay-opacity":"","overlay-gradient":""},"mobile":{"background-color":"","background-image":"","background-repeat":"repeat","background-position":"center center","background-size":"auto","background-attachment":"scroll","background-type":"","background-media":"","overlay-type":"","overlay-color":"","overlay-opacity":"","overlay-gradient":""}},"ast-content-background-meta":{"desktop":{"background-color":"var(--ast-global-color-5)","background-image":"","background-repeat":"repeat","background-position":"center center","background-size":"auto","background-attachment":"scroll","background-type":"","background-media":"","overlay-type":"","overlay-color":"","overlay-opacity":"","overlay-gradient":""},"tablet":{"background-color":"var(--ast-global-color-5)","background-image":"","background-repeat":"repeat","background-position":"center center","background-size":"auto","background-attachment":"scroll","background-type":"","background-media":"","overlay-type":"","overlay-color":"","overlay-opacity":"","overlay-gradient":""},"mobile":{"background-color":"var(--ast-global-color-5)","background-image":"","background-repeat":"repeat","background-position":"center center","background-size":"auto","background-attachment":"scroll","background-type":"","background-media":"","overlay-type":"","overlay-color":"","overlay-opacity":"","overlay-gradient":""}}},"product_brand":[],"product_cat":[46608],"product_tag":[],"class_list":{"0":"post-27485","1":"product","2":"type-product","3":"status-publish","4":"has-post-thumbnail","6":"product_cat-kreuzlinienlaser-de","7":"desktop-align-left","8":"tablet-align-left","9":"mobile-align-left","10":"ast-product-gallery-layout-horizontal-slider","11":"ast-product-tabs-layout-horizontal","13":"first","14":"instock","15":"shipping-taxable","16":"purchasable","17":"product-type-simple"},"acf":[],"_links":{"self":[{"href":"https:\/\/levelfixinstruments.com\/de\/wp-json\/wp\/v2\/product\/27485","targetHints":{"allow":["GET"]}}],"collection":[{"href":"https:\/\/levelfixinstruments.com\/de\/wp-json\/wp\/v2\/product"}],"about":[{"href":"https:\/\/levelfixinstruments.com\/de\/wp-json\/wp\/v2\/types\/product"}],"wp:featuredmedia":[{"embeddable":true,"href":"https:\/\/levelfixinstruments.com\/de\/wp-json\/wp\/v2\/media\/34314"}],"wp:attachment":[{"href":"https:\/\/levelfixinstruments.com\/de\/wp-json\/wp\/v2\/media?parent=27485"}],"wp:term":[{"taxonomy":"product_brand","embeddable":true,"href":"https:\/\/levelfixinstruments.com\/de\/wp-json\/wp\/v2\/product_brand?post=27485"},{"taxonomy":"product_cat","embeddable":true,"href":"https:\/\/levelfixinstruments.com\/de\/wp-json\/wp\/v2\/product_cat?post=27485"},{"taxonomy":"product_tag","embeddable":true,"href":"https:\/\/levelfixinstruments.com\/de\/wp-json\/wp\/v2\/product_tag?post=27485"}],"curies":[{"name":"wp","href":"https:\/\/api.w.org\/{rel}","templated":true}]}}