{"id":27525,"date":"2025-09-30T01:11:56","date_gmt":"2025-09-30T01:11:56","guid":{"rendered":"https:\/\/levelfixinstruments.com\/product\/levelfix-cl202g-gruener-kreuzlinienlaser\/"},"modified":"2025-11-28T08:15:32","modified_gmt":"2025-11-28T08:15:32","slug":"levelfix-cl202g-gruener-kreuzlinienlaser","status":"publish","type":"product","link":"https:\/\/levelfixinstruments.com\/de\/produkt\/laser-de\/kreuzlinienlaser-de\/levelfix-cl202g-gruener-kreuzlinienlaser\/","title":{"rendered":"LEVELFIX CL202G GR\u00dcNER KREUZLINIENLASER"},"content":{"rendered":"<p><strong>Kompakt, hochwertig und gut sichtbar<\/strong><\/p>\n<p>Der CL202G ist ein professioneller Kreuzlinienlaser mit gr\u00fcnem Strahl und hoher Genauigkeit. Der Laser verf\u00fcgt \u00fcber extra weit reichende Linien (&gt;190\u00b0) und bietet durch die Verwendung der gr\u00fcnen Diode die beste Sichtbarkeit. Die horizontale und vertikale Linie sind einzeln und gleichzeitig zuschaltbar. Der Transportschalter blockiert das Pendel und bietet zus\u00e4tzlichen Schutz w\u00e4hrend des Transports.   <\/p>\n<p><strong>Selbstnivellierend<\/strong><\/p>\n<p>Das Pendelsystem sorgt daf\u00fcr, dass sich das Instrument sauber nivelliert. Wenn das Instrument nicht richtig eingestellt ist, blinken die Linien.  Das selbstnivellierende System ist auch abschaltbar. Dadurch k\u00f6nnen Sie alle gew\u00fcnschten Winkel projizieren. <\/p>\n<p><strong>Empf\u00e4nger<\/strong><\/p>\n<p>Mit einem optional erh\u00e4ltlichen Empf\u00e4nger kann der CL202R auch im Au\u00dfenbereich und \u00fcber gro\u00dfe Entfernungen (bis zu 50m) eingesetzt werden.<\/p>\n","protected":false},"excerpt":{"rendered":"<p>Kreuzlaser mit horizontaler (190\u00ba) und vertikaler gr\u00fcner Linie.<\/p>\n","protected":false},"featured_media":35345,"template":"","meta":{"_acf_changed":false,"site-sidebar-layout":"default","site-content-layout":"","ast-site-content-layout":"default","site-content-style":"default","site-sidebar-style":"default","ast-global-header-display":"","ast-banner-title-visibility":"","ast-main-header-display":"","ast-hfb-above-header-display":"","ast-hfb-below-header-display":"","ast-hfb-mobile-header-display":"","site-post-title":"","ast-breadcrumbs-content":"","ast-featured-img":"","footer-sml-layout":"","ast-disable-related-posts":"","theme-transparent-header-meta":"","adv-header-id-meta":"","stick-header-meta":"","header-above-stick-meta":"","header-main-stick-meta":"","header-below-stick-meta":"","astra-migrate-meta-layouts":"default","ast-page-background-enabled":"default","ast-page-background-meta":{"desktop":{"background-color":"var(--ast-global-color-4)","background-image":"","background-repeat":"repeat","background-position":"center center","background-size":"auto","background-attachment":"scroll","background-type":"","background-media":"","overlay-type":"","overlay-color":"","overlay-opacity":"","overlay-gradient":""},"tablet":{"background-color":"","background-image":"","background-repeat":"repeat","background-position":"center center","background-size":"auto","background-attachment":"scroll","background-type":"","background-media":"","overlay-type":"","overlay-color":"","overlay-opacity":"","overlay-gradient":""},"mobile":{"background-color":"","background-image":"","background-repeat":"repeat","background-position":"center center","background-size":"auto","background-attachment":"scroll","background-type":"","background-media":"","overlay-type":"","overlay-color":"","overlay-opacity":"","overlay-gradient":""}},"ast-content-background-meta":{"desktop":{"background-color":"var(--ast-global-color-5)","background-image":"","background-repeat":"repeat","background-position":"center center","background-size":"auto","background-attachment":"scroll","background-type":"","background-media":"","overlay-type":"","overlay-color":"","overlay-opacity":"","overlay-gradient":""},"tablet":{"background-color":"var(--ast-global-color-5)","background-image":"","background-repeat":"repeat","background-position":"center center","background-size":"auto","background-attachment":"scroll","background-type":"","background-media":"","overlay-type":"","overlay-color":"","overlay-opacity":"","overlay-gradient":""},"mobile":{"background-color":"var(--ast-global-color-5)","background-image":"","background-repeat":"repeat","background-position":"center center","background-size":"auto","background-attachment":"scroll","background-type":"","background-media":"","overlay-type":"","overlay-color":"","overlay-opacity":"","overlay-gradient":""}}},"product_brand":[],"product_cat":[46608],"product_tag":[],"class_list":{"0":"post-27525","1":"product","2":"type-product","3":"status-publish","4":"has-post-thumbnail","6":"product_cat-kreuzlinienlaser-de","7":"desktop-align-left","8":"tablet-align-left","9":"mobile-align-left","10":"ast-product-gallery-layout-horizontal-slider","11":"ast-product-tabs-layout-horizontal","13":"first","14":"instock","15":"shipping-taxable","16":"purchasable","17":"product-type-simple"},"acf":[],"_links":{"self":[{"href":"https:\/\/levelfixinstruments.com\/de\/wp-json\/wp\/v2\/product\/27525","targetHints":{"allow":["GET"]}}],"collection":[{"href":"https:\/\/levelfixinstruments.com\/de\/wp-json\/wp\/v2\/product"}],"about":[{"href":"https:\/\/levelfixinstruments.com\/de\/wp-json\/wp\/v2\/types\/product"}],"wp:featuredmedia":[{"embeddable":true,"href":"https:\/\/levelfixinstruments.com\/de\/wp-json\/wp\/v2\/media\/35345"}],"wp:attachment":[{"href":"https:\/\/levelfixinstruments.com\/de\/wp-json\/wp\/v2\/media?parent=27525"}],"wp:term":[{"taxonomy":"product_brand","embeddable":true,"href":"https:\/\/levelfixinstruments.com\/de\/wp-json\/wp\/v2\/product_brand?post=27525"},{"taxonomy":"product_cat","embeddable":true,"href":"https:\/\/levelfixinstruments.com\/de\/wp-json\/wp\/v2\/product_cat?post=27525"},{"taxonomy":"product_tag","embeddable":true,"href":"https:\/\/levelfixinstruments.com\/de\/wp-json\/wp\/v2\/product_tag?post=27525"}],"curies":[{"name":"wp","href":"https:\/\/api.w.org\/{rel}","templated":true}]}}