{"id":27569,"date":"2025-09-30T01:12:23","date_gmt":"2025-09-30T01:12:23","guid":{"rendered":"https:\/\/levelfixinstruments.com\/product\/levelfix-ccl460g-gruen-3d-pro-multi-line-laser-3x-360\/"},"modified":"2025-11-28T08:19:33","modified_gmt":"2025-11-28T08:19:33","slug":"levelfix-ccl460g-gruen-3d-pro-multi-line-laser-3x-360","status":"publish","type":"product","link":"https:\/\/levelfixinstruments.com\/de\/produkt\/laser-de\/kreuzlinienlaser-de\/levelfix-ccl460g-gruen-3d-pro-multi-line-laser-3x-360\/","title":{"rendered":"LEVELFIX CCL460G GR\u00dcN 3D PRO MULTI LINE LASER 3X 360\u00b0"},"content":{"rendered":"<p><strong>Der smarte 3D-Linienlaser mit gr\u00fcnem Strahl<\/strong><\/p>\n<p>Der LEVELFIX CCL460G ist ein smarter, hochwertiger Linienlaser mit 3x 360\u00b0-Linien. Die smarte Bauweise und die integrierte SmartBase sorgen daf\u00fcr, dass der Laser f\u00fcr alle Anwendungen, auch in Ecken, optimal positioniert werden kann. Das Ger\u00e4t eignet sich hervorragend f\u00fcr alle Innenarbeiten, wie die Installation von B\u00f6den, W\u00e4nden, Decken, K\u00fcchen und anderen Konstruktionen. Der CCL460G wird mit einem Li-Ionen-Akku, Ladeger\u00e4t und weiterem Zubeh\u00f6r geliefert.   <\/p>\n<p><strong>SmartBase mit Feinjustierung<\/strong><\/p>\n<p>Mit der integrierten SmartBase ist das Ausrichten des Lasers ein Kinderspiel. Der Feineinstellknopf sorgt f\u00fcr eine pr\u00e4zise Ausrichtung nach links oder rechts. Der einzigartige Drehmechanismus h\u00e4lt den Referenzpunkt w\u00e4hrend der Justierung an der gleichen Stelle.  <\/p>\n<p>Die SmartBase ist mit 1\/4 und 5\/8 Zoll ausgestattet und kann dadurch ohne zus\u00e4tzlichen Adapter auf jedes Stativ montiert werden. Der mitgelieferte Magnetfu\u00df und die Wandhalterung sorgen daf\u00fcr, dass das Ger\u00e4t schnell und einfach an der Wand oder auf metallischem Untergrund befestigt werden kann. <\/p>\n","protected":false},"excerpt":{"rendered":"<p>Der CCL460G verf\u00fcgt \u00fcber 3&#215;360\u00ba hellgr\u00fcne Linien und einen einzigartigen integrierten Positionierungsfu\u00df mit Feinjustierung zum einfachen und pr\u00e4zisen Ausrichten. Dieser vielseitige 3D-Laser ist f\u00fcr alle Innenarbeiten konzipiert. <\/p>\n","protected":false},"featured_media":35435,"template":"","meta":{"_acf_changed":false,"site-sidebar-layout":"default","site-content-layout":"","ast-site-content-layout":"default","site-content-style":"default","site-sidebar-style":"default","ast-global-header-display":"","ast-banner-title-visibility":"","ast-main-header-display":"","ast-hfb-above-header-display":"","ast-hfb-below-header-display":"","ast-hfb-mobile-header-display":"","site-post-title":"","ast-breadcrumbs-content":"","ast-featured-img":"","footer-sml-layout":"","ast-disable-related-posts":"","theme-transparent-header-meta":"","adv-header-id-meta":"","stick-header-meta":"","header-above-stick-meta":"","header-main-stick-meta":"","header-below-stick-meta":"","astra-migrate-meta-layouts":"default","ast-page-background-enabled":"default","ast-page-background-meta":{"desktop":{"background-color":"var(--ast-global-color-4)","background-image":"","background-repeat":"repeat","background-position":"center center","background-size":"auto","background-attachment":"scroll","background-type":"","background-media":"","overlay-type":"","overlay-color":"","overlay-opacity":"","overlay-gradient":""},"tablet":{"background-color":"","background-image":"","background-repeat":"repeat","background-position":"center center","background-size":"auto","background-attachment":"scroll","background-type":"","background-media":"","overlay-type":"","overlay-color":"","overlay-opacity":"","overlay-gradient":""},"mobile":{"background-color":"","background-image":"","background-repeat":"repeat","background-position":"center center","background-size":"auto","background-attachment":"scroll","background-type":"","background-media":"","overlay-type":"","overlay-color":"","overlay-opacity":"","overlay-gradient":""}},"ast-content-background-meta":{"desktop":{"background-color":"var(--ast-global-color-5)","background-image":"","background-repeat":"repeat","background-position":"center center","background-size":"auto","background-attachment":"scroll","background-type":"","background-media":"","overlay-type":"","overlay-color":"","overlay-opacity":"","overlay-gradient":""},"tablet":{"background-color":"var(--ast-global-color-5)","background-image":"","background-repeat":"repeat","background-position":"center center","background-size":"auto","background-attachment":"scroll","background-type":"","background-media":"","overlay-type":"","overlay-color":"","overlay-opacity":"","overlay-gradient":""},"mobile":{"background-color":"var(--ast-global-color-5)","background-image":"","background-repeat":"repeat","background-position":"center center","background-size":"auto","background-attachment":"scroll","background-type":"","background-media":"","overlay-type":"","overlay-color":"","overlay-opacity":"","overlay-gradient":""}}},"product_brand":[],"product_cat":[46608],"product_tag":[],"class_list":{"0":"post-27569","1":"product","2":"type-product","3":"status-publish","4":"has-post-thumbnail","6":"product_cat-kreuzlinienlaser-de","7":"desktop-align-left","8":"tablet-align-left","9":"mobile-align-left","10":"ast-product-gallery-layout-horizontal-slider","11":"ast-product-tabs-layout-horizontal","13":"first","14":"instock","15":"shipping-taxable","16":"purchasable","17":"product-type-simple"},"acf":[],"_links":{"self":[{"href":"https:\/\/levelfixinstruments.com\/de\/wp-json\/wp\/v2\/product\/27569","targetHints":{"allow":["GET"]}}],"collection":[{"href":"https:\/\/levelfixinstruments.com\/de\/wp-json\/wp\/v2\/product"}],"about":[{"href":"https:\/\/levelfixinstruments.com\/de\/wp-json\/wp\/v2\/types\/product"}],"wp:featuredmedia":[{"embeddable":true,"href":"https:\/\/levelfixinstruments.com\/de\/wp-json\/wp\/v2\/media\/35435"}],"wp:attachment":[{"href":"https:\/\/levelfixinstruments.com\/de\/wp-json\/wp\/v2\/media?parent=27569"}],"wp:term":[{"taxonomy":"product_brand","embeddable":true,"href":"https:\/\/levelfixinstruments.com\/de\/wp-json\/wp\/v2\/product_brand?post=27569"},{"taxonomy":"product_cat","embeddable":true,"href":"https:\/\/levelfixinstruments.com\/de\/wp-json\/wp\/v2\/product_cat?post=27569"},{"taxonomy":"product_tag","embeddable":true,"href":"https:\/\/levelfixinstruments.com\/de\/wp-json\/wp\/v2\/product_tag?post=27569"}],"curies":[{"name":"wp","href":"https:\/\/api.w.org\/{rel}","templated":true}]}}