{"id":27589,"date":"2025-09-30T01:12:49","date_gmt":"2025-09-30T01:12:49","guid":{"rendered":"https:\/\/levelfixinstruments.com\/product\/levelfix-sld800-mm-empfaenger-fuer-860hvs\/"},"modified":"2025-11-25T09:26:52","modified_gmt":"2025-11-25T09:26:52","slug":"levelfix-sld800-mm-empfaenger-fuer-860hvs","status":"publish","type":"product","link":"https:\/\/levelfixinstruments.com\/de\/produkt\/laser-de\/empfanger-de\/levelfix-sld800-mm-empfaenger-fuer-860hvs\/","title":{"rendered":"LEVELFIX SLD800 MM EMPF\u00c4NGER F\u00dcR 860HVS"},"content":{"rendered":"<h3>Digitaler Empf\u00e4nger mit mm-Anzeige<\/h3>\n<p>Der SLD800 ist f\u00fcr alle Rotationslaser mit rotem Strahl geeignet. Der Empf\u00e4nger verf\u00fcgt \u00fcber ein gro\u00dfes Empfangsfenster, ein beleuchtetes und \u00fcbersichtliches Display und hat eine Reichweite von 500 Metern. Die Genauigkeit kann auf 0,5, 1, 2 oder 5 mm eingestellt werden.<\/p>\n<h3>BLE5-Verbindung<\/h3>\n<p>Wenn Sie den SLD800 Empf\u00e4nger mit dem LEVELFIX 860HVS koppeln, ist die Ausrichtung des Lasers dank der Auto-Ausrichtungs- und Tracking-Funktion ein Kinderspiel. Der Laser selbst sucht die Mitte des SLD800 Empf\u00e4ngers sowohl in horizontaler als auch in vertikaler Position. <\/p>\n<h3>Robust<\/h3>\n<p>Der Empf\u00e4nger ist robust, sto\u00dffest und wasserdicht (IP67)<\/p>\n","protected":false},"excerpt":{"rendered":"<p>Digitaler mm-Empf\u00e4nger f\u00fcr Laser mit sichtbarem und nicht sichtbarem roten Strahl. Der SLD800 hat ein gro\u00dfes Empf\u00e4ngerfenster, ein helles Display mit Hintergrundbeleuchtung und einen gro\u00dfen Arbeitsbereich. Einzigartig ist die M\u00f6glichkeit, den Empf\u00e4nger \u00fcber BLE5 mit dem LEVELFIX 860HVS f\u00fcr die automatische Ausrichtung zu koppeln.  <\/p>\n","protected":false},"featured_media":34338,"template":"","meta":{"_acf_changed":false,"site-sidebar-layout":"default","site-content-layout":"","ast-site-content-layout":"default","site-content-style":"default","site-sidebar-style":"default","ast-global-header-display":"","ast-banner-title-visibility":"","ast-main-header-display":"","ast-hfb-above-header-display":"","ast-hfb-below-header-display":"","ast-hfb-mobile-header-display":"","site-post-title":"","ast-breadcrumbs-content":"","ast-featured-img":"","footer-sml-layout":"","ast-disable-related-posts":"","theme-transparent-header-meta":"","adv-header-id-meta":"","stick-header-meta":"","header-above-stick-meta":"","header-main-stick-meta":"","header-below-stick-meta":"","astra-migrate-meta-layouts":"default","ast-page-background-enabled":"default","ast-page-background-meta":{"desktop":{"background-color":"var(--ast-global-color-4)","background-image":"","background-repeat":"repeat","background-position":"center center","background-size":"auto","background-attachment":"scroll","background-type":"","background-media":"","overlay-type":"","overlay-color":"","overlay-opacity":"","overlay-gradient":""},"tablet":{"background-color":"","background-image":"","background-repeat":"repeat","background-position":"center center","background-size":"auto","background-attachment":"scroll","background-type":"","background-media":"","overlay-type":"","overlay-color":"","overlay-opacity":"","overlay-gradient":""},"mobile":{"background-color":"","background-image":"","background-repeat":"repeat","background-position":"center center","background-size":"auto","background-attachment":"scroll","background-type":"","background-media":"","overlay-type":"","overlay-color":"","overlay-opacity":"","overlay-gradient":""}},"ast-content-background-meta":{"desktop":{"background-color":"var(--ast-global-color-5)","background-image":"","background-repeat":"repeat","background-position":"center center","background-size":"auto","background-attachment":"scroll","background-type":"","background-media":"","overlay-type":"","overlay-color":"","overlay-opacity":"","overlay-gradient":""},"tablet":{"background-color":"var(--ast-global-color-5)","background-image":"","background-repeat":"repeat","background-position":"center center","background-size":"auto","background-attachment":"scroll","background-type":"","background-media":"","overlay-type":"","overlay-color":"","overlay-opacity":"","overlay-gradient":""},"mobile":{"background-color":"var(--ast-global-color-5)","background-image":"","background-repeat":"repeat","background-position":"center center","background-size":"auto","background-attachment":"scroll","background-type":"","background-media":"","overlay-type":"","overlay-color":"","overlay-opacity":"","overlay-gradient":""}}},"product_brand":[],"product_cat":[46633],"product_tag":[],"class_list":{"0":"post-27589","1":"product","2":"type-product","3":"status-publish","4":"has-post-thumbnail","6":"product_cat-empfanger-de","7":"desktop-align-left","8":"tablet-align-left","9":"mobile-align-left","10":"ast-product-gallery-layout-horizontal-slider","11":"ast-product-gallery-with-no-image","12":"ast-product-tabs-layout-horizontal","14":"first","15":"instock","16":"shipping-taxable","17":"purchasable","18":"product-type-simple"},"acf":[],"_links":{"self":[{"href":"https:\/\/levelfixinstruments.com\/de\/wp-json\/wp\/v2\/product\/27589","targetHints":{"allow":["GET"]}}],"collection":[{"href":"https:\/\/levelfixinstruments.com\/de\/wp-json\/wp\/v2\/product"}],"about":[{"href":"https:\/\/levelfixinstruments.com\/de\/wp-json\/wp\/v2\/types\/product"}],"wp:featuredmedia":[{"embeddable":true,"href":"https:\/\/levelfixinstruments.com\/de\/wp-json\/wp\/v2\/media\/34338"}],"wp:attachment":[{"href":"https:\/\/levelfixinstruments.com\/de\/wp-json\/wp\/v2\/media?parent=27589"}],"wp:term":[{"taxonomy":"product_brand","embeddable":true,"href":"https:\/\/levelfixinstruments.com\/de\/wp-json\/wp\/v2\/product_brand?post=27589"},{"taxonomy":"product_cat","embeddable":true,"href":"https:\/\/levelfixinstruments.com\/de\/wp-json\/wp\/v2\/product_cat?post=27589"},{"taxonomy":"product_tag","embeddable":true,"href":"https:\/\/levelfixinstruments.com\/de\/wp-json\/wp\/v2\/product_tag?post=27589"}],"curies":[{"name":"wp","href":"https:\/\/api.w.org\/{rel}","templated":true}]}}