{"id":27681,"date":"2025-09-30T01:13:17","date_gmt":"2025-09-30T01:13:17","guid":{"rendered":"https:\/\/levelfixinstruments.com\/product\/levelfix-860hvs-digitaler-allround-nivellierlaser\/"},"modified":"2025-11-28T08:19:42","modified_gmt":"2025-11-28T08:19:42","slug":"levelfix-860hvs-digitaler-allround-nivellierlaser","status":"publish","type":"product","link":"https:\/\/levelfixinstruments.com\/de\/produkt\/laser-de\/bau-laser-de\/levelfix-860hvs-digitaler-allround-nivellierlaser\/","title":{"rendered":"LEVELFIX 860HVS DIGITALER ALLROUND-NIVELLIERLASER"},"content":{"rendered":"<p><strong>Der intelligente digitale Scherenlaser<\/strong><\/p>\n<p>Die Neigung kann auf dem 860HVS, der \u00fcber ein gro\u00dfes und \u00fcbersichtliches Display verf\u00fcgt, in beiden Achsen digital eingestellt werden. Die SmartSlope-Technologie sorgt f\u00fcr eine kontrollierte Neigung mit HI-Schutz und beh\u00e4lt Temperaturschwankungen im Auge. Das Ausrichten wird zum Kinderspiel: Die einzigartige Auto-Alignment-Funktion auf der x- und y-Achse sorgt daf\u00fcr, dass der Laser selbst die Mitte des Empf\u00e4ngers findet. Platzieren Sie den Empf\u00e4nger in der H\u00f6he und mit nur einem Tastendruck findet der Laser den Empf\u00e4nger selbst und eine Neigung wird eingestellt. Die hohe einstellbare Geschwindigkeit von 1200 U\/min macht den Laser ideal f\u00fcr den Einsatz mit Maschinenempf\u00e4ngern. Dar\u00fcber hinaus ist der 860HVS mit einer Window-Off-Funktion (\u201eBlenden\u201c bestimmter Seiten) ausgestattet. Mit dieser Funktion k\u00f6nnen Sie den Laser auch dort einsetzen, wo es zu Reflexionen des Laserstrahls kommen kann. Sie schalten einfach die Seite aus, die in der N\u00e4he von Fenstern oder reflektierenden Materialien oder dort, wo der Laserstrahl nicht zu erkennen sein soll, eine Reflexion verursacht.       <\/p>\n<p><strong>Vertikal<\/strong><\/p>\n<p>Der 860HVS kann vertikal aufgestellt werden. Die Lotfunktion sorgt daf\u00fcr, dass der Laserstrahl automatisch nach unten zeigt, was eine pr\u00e4zise Positionierung erm\u00f6glicht. In der vertikalen Position kann auch die Auto Alignment-Funktion verwendet werden, die eine vertikale Ausrichtung bis zu 100 Metern besonders einfach und schnell macht. Die Auto-Tracking-Funktion verfolgt den Empf\u00e4nger weiter und ist ideal f\u00fcr die kontinuierliche Positions\u00fcberwachung. Auch die vertikale Linie l\u00e4sst sich mit der Fernbedienung sehr genau einstellen. Dadurch eignet sich das 860HVS hervorragend zum Ausrichten und Abstecken von vertikalen Linien \u00fcber gro\u00dfe Entfernungen, z.B. im Fassadenbau, bei Rohbauarbeiten, Geb\u00e4uderahmen, Fundamenten und vielen anderen Anwendungen.     <\/p>\n<p><strong>Endlos arbeiten<\/strong><\/p>\n<p>&gt;Der leistungsstarke Nimh-Akku gew\u00e4hrleistet eine Betriebszeit von 50 Stunden pro Ladezyklus. Sollte der Akku w\u00e4hrend des Gebrauchs unerwartet leer werden, k\u00f6nnen Sie den Laser w\u00e4hrend des Aufladens verwenden oder den Laser \u00fcber den mitgelieferten Batteriehalter mit normalen Batterien verwenden. <\/p>\n<p><strong>Digitaler MM-Empf\u00e4nger und Fernbedienung<\/strong><\/p>\n<p>Der Laser ist standardm\u00e4\u00dfig mit dem robusten SLD800 Millimeterempf\u00e4nger ausgestattet. Mit ihm k\u00f6nnen Sie die Differenz zur Mitte in MM ablesen. Durch die einstellbare Genauigkeit ist der SLD800 f\u00fcr alle Arten von Arbeiten geeignet. Der SLD800 verf\u00fcgt \u00fcber helle LEDs, eine einstellbare Lautst\u00e4rke und einen beleuchteten LCD-Bildschirm auf beiden Seiten. Mit der Fernbedienung, die mit der neuesten Generation der BLE5 Bluetooth-Verbindung ausgestattet ist, k\u00f6nnen Sie alle Funktionen des Lasers bis zu einer Entfernung von 100 Metern steuern.    <\/p>\n<p><strong>LEVELFIX Connect<\/strong><\/p>\n<p>Die intelligente Kommunikation zwischen Ihrem Android- oder IOS-Ger\u00e4t und Ihrem LEVELFIX Laser. Mit der LEVELFIX CONNECT App k\u00f6nnen Sie den Laser ganz einfach mit Ihrem Smartphone verbinden. Sobald die Verbindung hergestellt ist, k\u00f6nnen Sie unter anderem den Laser aus der Ferne steuern, eine digitale Neigung einstellen und das Handbuch herunterladen.  <\/p>\n","protected":false},"excerpt":{"rendered":"<p>Digitaler Doppelfalllaser mit horizontalem, vertikalem und Doppelfall bis zu 8 %, gro\u00dfem Arbeitsbereich (1100 m!) und hoher Genauigkeit. Dieser Laser verf\u00fcgt au\u00dferdem \u00fcber praktische Funktionen wie Auto-Alignment und Fensterausblendung. Komplett mit digitalem MM-Empf\u00e4nger, Fernbedienung und 7 Jahren Construct-Garantie.<\/p>\n","protected":false},"featured_media":35458,"template":"","meta":{"_acf_changed":false,"site-sidebar-layout":"default","site-content-layout":"","ast-site-content-layout":"default","site-content-style":"default","site-sidebar-style":"default","ast-global-header-display":"","ast-banner-title-visibility":"","ast-main-header-display":"","ast-hfb-above-header-display":"","ast-hfb-below-header-display":"","ast-hfb-mobile-header-display":"","site-post-title":"","ast-breadcrumbs-content":"","ast-featured-img":"","footer-sml-layout":"","ast-disable-related-posts":"","theme-transparent-header-meta":"","adv-header-id-meta":"","stick-header-meta":"","header-above-stick-meta":"","header-main-stick-meta":"","header-below-stick-meta":"","astra-migrate-meta-layouts":"default","ast-page-background-enabled":"default","ast-page-background-meta":{"desktop":{"background-color":"var(--ast-global-color-4)","background-image":"","background-repeat":"repeat","background-position":"center center","background-size":"auto","background-attachment":"scroll","background-type":"","background-media":"","overlay-type":"","overlay-color":"","overlay-opacity":"","overlay-gradient":""},"tablet":{"background-color":"","background-image":"","background-repeat":"repeat","background-position":"center center","background-size":"auto","background-attachment":"scroll","background-type":"","background-media":"","overlay-type":"","overlay-color":"","overlay-opacity":"","overlay-gradient":""},"mobile":{"background-color":"","background-image":"","background-repeat":"repeat","background-position":"center center","background-size":"auto","background-attachment":"scroll","background-type":"","background-media":"","overlay-type":"","overlay-color":"","overlay-opacity":"","overlay-gradient":""}},"ast-content-background-meta":{"desktop":{"background-color":"var(--ast-global-color-5)","background-image":"","background-repeat":"repeat","background-position":"center center","background-size":"auto","background-attachment":"scroll","background-type":"","background-media":"","overlay-type":"","overlay-color":"","overlay-opacity":"","overlay-gradient":""},"tablet":{"background-color":"var(--ast-global-color-5)","background-image":"","background-repeat":"repeat","background-position":"center center","background-size":"auto","background-attachment":"scroll","background-type":"","background-media":"","overlay-type":"","overlay-color":"","overlay-opacity":"","overlay-gradient":""},"mobile":{"background-color":"var(--ast-global-color-5)","background-image":"","background-repeat":"repeat","background-position":"center center","background-size":"auto","background-attachment":"scroll","background-type":"","background-media":"","overlay-type":"","overlay-color":"","overlay-opacity":"","overlay-gradient":""}}},"product_brand":[],"product_cat":[46584],"product_tag":[],"class_list":{"0":"post-27681","1":"product","2":"type-product","3":"status-publish","4":"has-post-thumbnail","6":"product_cat-bau-laser-de","7":"desktop-align-left","8":"tablet-align-left","9":"mobile-align-left","10":"ast-product-gallery-layout-horizontal-slider","11":"ast-product-tabs-layout-horizontal","13":"first","14":"instock","15":"shipping-taxable","16":"purchasable","17":"product-type-simple"},"acf":[],"_links":{"self":[{"href":"https:\/\/levelfixinstruments.com\/de\/wp-json\/wp\/v2\/product\/27681","targetHints":{"allow":["GET"]}}],"collection":[{"href":"https:\/\/levelfixinstruments.com\/de\/wp-json\/wp\/v2\/product"}],"about":[{"href":"https:\/\/levelfixinstruments.com\/de\/wp-json\/wp\/v2\/types\/product"}],"wp:featuredmedia":[{"embeddable":true,"href":"https:\/\/levelfixinstruments.com\/de\/wp-json\/wp\/v2\/media\/35458"}],"wp:attachment":[{"href":"https:\/\/levelfixinstruments.com\/de\/wp-json\/wp\/v2\/media?parent=27681"}],"wp:term":[{"taxonomy":"product_brand","embeddable":true,"href":"https:\/\/levelfixinstruments.com\/de\/wp-json\/wp\/v2\/product_brand?post=27681"},{"taxonomy":"product_cat","embeddable":true,"href":"https:\/\/levelfixinstruments.com\/de\/wp-json\/wp\/v2\/product_cat?post=27681"},{"taxonomy":"product_tag","embeddable":true,"href":"https:\/\/levelfixinstruments.com\/de\/wp-json\/wp\/v2\/product_tag?post=27681"}],"curies":[{"name":"wp","href":"https:\/\/api.w.org\/{rel}","templated":true}]}}