{"id":27717,"date":"2025-09-30T01:13:32","date_gmt":"2025-09-30T01:13:32","guid":{"rendered":"https:\/\/levelfixinstruments.com\/product\/levelfix-860h-horizontaler-baulaser-mit-mm-empfaenger\/"},"modified":"2025-11-25T09:29:02","modified_gmt":"2025-11-25T09:29:02","slug":"levelfix-860h-horizontaler-baulaser-mit-mm-empfaenger","status":"publish","type":"product","link":"https:\/\/levelfixinstruments.com\/de\/produkt\/laser-de\/bau-laser-de\/levelfix-860h-horizontaler-baulaser-mit-mm-empfaenger\/","title":{"rendered":"LEVELFIX 860H HORIZONTALER BAULASER MIT MM-EMPF\u00c4NGER"},"content":{"rendered":"<p>LEVELFIX 860H &#8211; Horizontaler Baulaser mit rotem Strahl<\/p>\n<p><strong><br \/>\nDer Standard f\u00fcr jede Konstruktion<\/strong>Der 860H ist ein robuster horizontaler Baulaser, der auch unter den h\u00e4rtesten Bedingungen funktioniert. So verf\u00fcgt der 860H \u00fcber ein extrem robustes Geh\u00e4use und ist mit der Schutzart IP67 gegen alle Wetterbedingungen gesch\u00fctzt. Die hervorragenden Spezifikationen sorgen daf\u00fcr, dass der 860H ein zuverl\u00e4ssiger Partner f\u00fcr jedes Projekt ist.<strong><\/strong>  <\/p>\n<p><strong><br \/>\nZuverl\u00e4ssig, immer wieder<\/strong>Dank der Neigungsfunktion \u00fcberpr\u00fcft der Laser st\u00e4ndig die H\u00f6he, so dass Sie immer mit der richtigen Gr\u00f6\u00dfe arbeiten. \u00c4ndert sich die H\u00f6he durch eine Bewegung? Dann wird sie automatisch verriegelt, so dass Sie nie etwas falsch machen. Zus\u00e4tzlich zu dieser Funktion verf\u00fcgt der 860H \u00fcber eine Neigungsfunktion. Mit dieser Funktion k\u00f6nnen Sie schnell und einfach eine halbautomatische Neigung auf der x- und y-Achse einstellen.<strong><\/strong>    <\/p>\n<p><strong><br \/>\nSerienm\u00e4\u00dfig mit digitalem Empf\u00e4nger<\/strong>Der LEVELFIX 860H wird mit dem digitalen Empf\u00e4nger DLD100GR geliefert, der ihm eine Reichweite von bis zu 600 Metern verleiht. Dieser Empf\u00e4nger ist genau, einfach zu bedienen, feuchtigkeitsbest\u00e4ndig und kann einiges aushalten. Dar\u00fcber hinaus zeigt dieser Empf\u00e4nger die Differenz zur 0-Linie in Millimetern an.<strong><\/strong>  <\/p>\n<p><strong><br \/>\nEndloser Einsatz<\/strong>Sie k\u00f6nnen mit dem 860H bis zu 55 Stunden arbeiten, bevor der Akku wieder aufgeladen werden muss. Aber selbst dann muss Ihre Arbeit nicht aufh\u00f6ren. Dank der Charge&#038;Work-Funktion laden Sie den Laser auf, w\u00e4hrend Sie ihn benutzen. Der 860H ist also der ideale Baulaser f\u00fcr den anspruchsvollen Anwender und geh\u00f6rt aus gutem Grund zu unserer LEVELFIX Construct Serie.<strong><\/strong>   <\/p>\n<p><strong><br \/>\n7 Jahre CONSTRUCT-Garantie<\/strong>LEVELFIX CONSTRUCT-Instrumente zeichnen sich durch hochwertige Komponenten aus. Das Ergebnis sind hohe Zuverl\u00e4ssigkeit, hervorragende Spezifikationen und ein Instrument, an dem Sie viele Jahre lang Freude haben werden. Auf diese Instrumente erhalten Sie sogar eine 7-j\u00e4hrige Garantie. Sie k\u00f6nnen sicher sein, dass Sie sich auf ein LEVELFIX Construct Instrument verlassen k\u00f6nnen.<strong><\/strong>  <\/p>\n","protected":false},"excerpt":{"rendered":"<p>Horizontaler, roter Baulaser mit 800 Metern Arbeitsbereich, hoher Genauigkeit, Schutzart IP67 und langer Lebensdauer. Der Laser verf\u00fcgt \u00fcber eine manuelle Neigungs- und TILT-Funktion und wird mit einer 7-j\u00e4hrigen Konstruktionsgarantie geliefert.<\/p>\n","protected":false},"featured_media":34522,"template":"","meta":{"_acf_changed":false,"site-sidebar-layout":"default","site-content-layout":"","ast-site-content-layout":"default","site-content-style":"default","site-sidebar-style":"default","ast-global-header-display":"","ast-banner-title-visibility":"","ast-main-header-display":"","ast-hfb-above-header-display":"","ast-hfb-below-header-display":"","ast-hfb-mobile-header-display":"","site-post-title":"","ast-breadcrumbs-content":"","ast-featured-img":"","footer-sml-layout":"","ast-disable-related-posts":"","theme-transparent-header-meta":"","adv-header-id-meta":"","stick-header-meta":"","header-above-stick-meta":"","header-main-stick-meta":"","header-below-stick-meta":"","astra-migrate-meta-layouts":"default","ast-page-background-enabled":"default","ast-page-background-meta":{"desktop":{"background-color":"var(--ast-global-color-4)","background-image":"","background-repeat":"repeat","background-position":"center center","background-size":"auto","background-attachment":"scroll","background-type":"","background-media":"","overlay-type":"","overlay-color":"","overlay-opacity":"","overlay-gradient":""},"tablet":{"background-color":"","background-image":"","background-repeat":"repeat","background-position":"center center","background-size":"auto","background-attachment":"scroll","background-type":"","background-media":"","overlay-type":"","overlay-color":"","overlay-opacity":"","overlay-gradient":""},"mobile":{"background-color":"","background-image":"","background-repeat":"repeat","background-position":"center center","background-size":"auto","background-attachment":"scroll","background-type":"","background-media":"","overlay-type":"","overlay-color":"","overlay-opacity":"","overlay-gradient":""}},"ast-content-background-meta":{"desktop":{"background-color":"var(--ast-global-color-5)","background-image":"","background-repeat":"repeat","background-position":"center center","background-size":"auto","background-attachment":"scroll","background-type":"","background-media":"","overlay-type":"","overlay-color":"","overlay-opacity":"","overlay-gradient":""},"tablet":{"background-color":"var(--ast-global-color-5)","background-image":"","background-repeat":"repeat","background-position":"center center","background-size":"auto","background-attachment":"scroll","background-type":"","background-media":"","overlay-type":"","overlay-color":"","overlay-opacity":"","overlay-gradient":""},"mobile":{"background-color":"var(--ast-global-color-5)","background-image":"","background-repeat":"repeat","background-position":"center center","background-size":"auto","background-attachment":"scroll","background-type":"","background-media":"","overlay-type":"","overlay-color":"","overlay-opacity":"","overlay-gradient":""}}},"product_brand":[],"product_cat":[46584],"product_tag":[],"class_list":{"0":"post-27717","1":"product","2":"type-product","3":"status-publish","4":"has-post-thumbnail","6":"product_cat-bau-laser-de","7":"desktop-align-left","8":"tablet-align-left","9":"mobile-align-left","10":"ast-product-gallery-layout-horizontal-slider","11":"ast-product-tabs-layout-horizontal","13":"first","14":"instock","15":"shipping-taxable","16":"purchasable","17":"product-type-simple"},"acf":[],"_links":{"self":[{"href":"https:\/\/levelfixinstruments.com\/de\/wp-json\/wp\/v2\/product\/27717","targetHints":{"allow":["GET"]}}],"collection":[{"href":"https:\/\/levelfixinstruments.com\/de\/wp-json\/wp\/v2\/product"}],"about":[{"href":"https:\/\/levelfixinstruments.com\/de\/wp-json\/wp\/v2\/types\/product"}],"wp:featuredmedia":[{"embeddable":true,"href":"https:\/\/levelfixinstruments.com\/de\/wp-json\/wp\/v2\/media\/34522"}],"wp:attachment":[{"href":"https:\/\/levelfixinstruments.com\/de\/wp-json\/wp\/v2\/media?parent=27717"}],"wp:term":[{"taxonomy":"product_brand","embeddable":true,"href":"https:\/\/levelfixinstruments.com\/de\/wp-json\/wp\/v2\/product_brand?post=27717"},{"taxonomy":"product_cat","embeddable":true,"href":"https:\/\/levelfixinstruments.com\/de\/wp-json\/wp\/v2\/product_cat?post=27717"},{"taxonomy":"product_tag","embeddable":true,"href":"https:\/\/levelfixinstruments.com\/de\/wp-json\/wp\/v2\/product_tag?post=27717"}],"curies":[{"name":"wp","href":"https:\/\/api.w.org\/{rel}","templated":true}]}}