{"id":27765,"date":"2025-09-30T01:13:50","date_gmt":"2025-09-30T01:13:50","guid":{"rendered":"https:\/\/levelfixinstruments.com\/product\/levelfix-650hvs-multifunktionaler-horizontaler-vertikaler-baulaser\/"},"modified":"2025-11-25T11:38:40","modified_gmt":"2025-11-25T11:38:40","slug":"levelfix-650hvs-multifunktionaler-horizontaler-vertikaler-baulaser","status":"publish","type":"product","link":"https:\/\/levelfixinstruments.com\/de\/produkt\/laser-de\/bau-laser-de\/levelfix-650hvs-multifunktionaler-horizontaler-vertikaler-baulaser\/","title":{"rendered":"LEVELFIX 650HVS MULTIFUNKTIONALER HORIZONTALER VERTIKALER BAULASER"},"content":{"rendered":"<p>6<strong>50HVS &#8211; Der All-in-One-Baulaser mit digitaler Fase<\/strong> Der 650HVS ist ein vielseitiger Laser, der sich f\u00fcr eine Vielzahl von Bauprojekten eignet. Ob Erdbau, Stra\u00dfenbau, Wasserbau oder Bau von Wohn- und Gesch\u00e4ftsgeb\u00e4uden, dieser Laser kann alles. Mit einem Arbeitsbereich von 900 Metern, hoher Genauigkeit und einem wasserdichten Geh\u00e4use ist der 650HVS ein zuverl\u00e4ssiger Partner auf jeder Baustelle. <\/p>\n<p>P<strong>lotten der Neigung<\/strong> Das \u201es\u201c im Namen dieses Lasers steht f\u00fcr \u201eslope\u201c, also Steigung. Mit dem 650HVS k\u00f6nnen Sie eine automatische Steigung von bis zu 10% in 0,05%-Schritten einstellen. Sie k\u00f6nnen also nicht nur einfach, sondern auch pr\u00e4zise eine Steigung einstellen.  <\/p>\n<p>F<strong>ernsteuerbar<\/strong> Ein weiteres praktisches Merkmal des 650HVS ist, dass Sie ihn mit der mitgelieferten Bluetooth-Fernbedienung aus einer Entfernung von bis zu 80 Metern steuern k\u00f6nnen. Das erspart nicht nur das Hin- und Herlaufen, sondern verhindert auch, dass der Laser bei manueller Bedienung verrutscht. <\/p>\n<p>H<strong>ohe Zuverl\u00e4ssigkeit<\/strong> Das Geh\u00e4use des 650HVS ist staub- und wasserdicht. Damit ist die Arbeit im Regen oder auf einer belebten Baustelle kein Problem. St\u00f6\u00dft jemand Ihren Laser in diesen Menschenmengen versehentlich um? In unserem \u201eFalltest\u201c hat der 650HVS St\u00fcrze aus bis zu 1 Meter H\u00f6he ohne ernsthafte Sch\u00e4den \u00fcberstanden.   <\/p>\n<p>Ist der Laser nicht heruntergefallen, sondern nur angesto\u00dfen worden? Auch dann ist alles in Ordnung. Die Tilt-Funktion \u00fcberwacht st\u00e4ndig die H\u00f6he und blockiert das System, wenn sich die H\u00f6he ver\u00e4ndert hat.   So vermeiden Sie \u00e4rgerliche Messfehler.<\/p>\n<p>S<strong>orgenfreies Arbeiten<\/strong> Der aufger\u00fcstete Li-Ionen-Akku sorgt au\u00dferdem f\u00fcr ein problemloses Arbeiten von bis zu 36 Stunden mit einer einzigen Ladung. Auch danach k\u00f6nnen Sie dank der Work&#038;Charge-Funktion weiterarbeiten, die den Laser aufl\u00e4dt, w\u00e4hrend Sie arbeiten. <\/p>\n<p>E<strong>instellbare Rotationsgeschwindigkeit<\/strong> Nicht alle Auftr\u00e4ge erfordern die gleiche Rotationsgeschwindigkeit. Dieser Laser verf\u00fcgt daher \u00fcber eine einstellbare Rotationsgeschwindigkeit von 0, 300, 600 oder 900 U\/min. <\/p>\n<p><strong>Komplett mit Empf\u00e4nger<\/strong><br \/>\nDer LEVELFIX 650HVS wird komplett mit dem digitalen mm-Empf\u00e4nger DLD100GR geliefert. Dank des gro\u00dfen Empfangsfensters, des beleuchteten und klaren Displays sowie eines Arbeitsbereichs von 300 Metern ist dieser Empf\u00e4nger f\u00fcr den t\u00e4glichen Bedienkomfort konzipiert. Die 0-Position ist einstellbar und der Abstand zum 0-Punkt kann in mm abgelesen werden. So k\u00f6nnen Sie einfach und schnell H\u00f6hen \u00fcbernehmen. Sie k\u00f6nnen die Genauigkeit auf 1, 2, 5 oder 10 mm einstellen. Der DLD100GR ist robust, hat ein sto\u00df- und schlagfestes Geh\u00e4use und ist wasserdicht (IP66).   <\/p>\n<p><strong>LEVELFIX\u2122 Smart Precision Tools \u2013 Innovativ, pr\u00e4zise, robust und 4 Jahre Garantie<\/strong><br \/>\nLEVELFIX Laser werden mit \u00e4u\u00dferster Sorgfalt und Pr\u00e4zision hergestellt. Durch die Anwendung von mehr als 25 Jahren Erfahrung und Wissen in unseren Produkten erhalten Sie absolute Topqualit\u00e4t. Wir sind \u00fcberzeugt und trauen uns daher, Ihnen bedenkenlos 4 Jahre Garantie* zu geben.  <\/p>\n<p>* Verl\u00e4ngern Sie die standardm\u00e4\u00dfige 1-j\u00e4hrige Herstellergarantie auf 4 Jahre, indem Sie Ihren Laser innerhalb von 2 Wochen nach dem Kauf \u00fcber das Internet registrieren.<\/p>\n","protected":false},"excerpt":{"rendered":"<p>Der 650HVS ist ein vielseitiger Baulaser mit einem Arbeitsbereich von 900 Metern, hoher Genauigkeit, automatischer Neigung und einem staub- und wasserdichten Geh\u00e4use. Der Laser wird mit Fernsteuerung und Empf\u00e4nger geliefert. <\/p>\n","protected":false},"featured_media":34894,"template":"","meta":{"_acf_changed":false,"site-sidebar-layout":"default","site-content-layout":"","ast-site-content-layout":"default","site-content-style":"default","site-sidebar-style":"default","ast-global-header-display":"","ast-banner-title-visibility":"","ast-main-header-display":"","ast-hfb-above-header-display":"","ast-hfb-below-header-display":"","ast-hfb-mobile-header-display":"","site-post-title":"","ast-breadcrumbs-content":"","ast-featured-img":"","footer-sml-layout":"","ast-disable-related-posts":"","theme-transparent-header-meta":"","adv-header-id-meta":"","stick-header-meta":"","header-above-stick-meta":"","header-main-stick-meta":"","header-below-stick-meta":"","astra-migrate-meta-layouts":"default","ast-page-background-enabled":"default","ast-page-background-meta":{"desktop":{"background-color":"var(--ast-global-color-4)","background-image":"","background-repeat":"repeat","background-position":"center center","background-size":"auto","background-attachment":"scroll","background-type":"","background-media":"","overlay-type":"","overlay-color":"","overlay-opacity":"","overlay-gradient":""},"tablet":{"background-color":"","background-image":"","background-repeat":"repeat","background-position":"center center","background-size":"auto","background-attachment":"scroll","background-type":"","background-media":"","overlay-type":"","overlay-color":"","overlay-opacity":"","overlay-gradient":""},"mobile":{"background-color":"","background-image":"","background-repeat":"repeat","background-position":"center center","background-size":"auto","background-attachment":"scroll","background-type":"","background-media":"","overlay-type":"","overlay-color":"","overlay-opacity":"","overlay-gradient":""}},"ast-content-background-meta":{"desktop":{"background-color":"var(--ast-global-color-5)","background-image":"","background-repeat":"repeat","background-position":"center center","background-size":"auto","background-attachment":"scroll","background-type":"","background-media":"","overlay-type":"","overlay-color":"","overlay-opacity":"","overlay-gradient":""},"tablet":{"background-color":"var(--ast-global-color-5)","background-image":"","background-repeat":"repeat","background-position":"center center","background-size":"auto","background-attachment":"scroll","background-type":"","background-media":"","overlay-type":"","overlay-color":"","overlay-opacity":"","overlay-gradient":""},"mobile":{"background-color":"var(--ast-global-color-5)","background-image":"","background-repeat":"repeat","background-position":"center center","background-size":"auto","background-attachment":"scroll","background-type":"","background-media":"","overlay-type":"","overlay-color":"","overlay-opacity":"","overlay-gradient":""}}},"product_brand":[],"product_cat":[46584],"product_tag":[],"class_list":{"0":"post-27765","1":"product","2":"type-product","3":"status-publish","4":"has-post-thumbnail","6":"product_cat-bau-laser-de","7":"desktop-align-left","8":"tablet-align-left","9":"mobile-align-left","10":"ast-product-gallery-layout-horizontal-slider","11":"ast-product-tabs-layout-horizontal","13":"first","14":"instock","15":"shipping-taxable","16":"purchasable","17":"product-type-simple"},"acf":[],"_links":{"self":[{"href":"https:\/\/levelfixinstruments.com\/de\/wp-json\/wp\/v2\/product\/27765","targetHints":{"allow":["GET"]}}],"collection":[{"href":"https:\/\/levelfixinstruments.com\/de\/wp-json\/wp\/v2\/product"}],"about":[{"href":"https:\/\/levelfixinstruments.com\/de\/wp-json\/wp\/v2\/types\/product"}],"wp:featuredmedia":[{"embeddable":true,"href":"https:\/\/levelfixinstruments.com\/de\/wp-json\/wp\/v2\/media\/34894"}],"wp:attachment":[{"href":"https:\/\/levelfixinstruments.com\/de\/wp-json\/wp\/v2\/media?parent=27765"}],"wp:term":[{"taxonomy":"product_brand","embeddable":true,"href":"https:\/\/levelfixinstruments.com\/de\/wp-json\/wp\/v2\/product_brand?post=27765"},{"taxonomy":"product_cat","embeddable":true,"href":"https:\/\/levelfixinstruments.com\/de\/wp-json\/wp\/v2\/product_cat?post=27765"},{"taxonomy":"product_tag","embeddable":true,"href":"https:\/\/levelfixinstruments.com\/de\/wp-json\/wp\/v2\/product_tag?post=27765"}],"curies":[{"name":"wp","href":"https:\/\/api.w.org\/{rel}","templated":true}]}}