{"id":27813,"date":"2025-09-30T01:14:28","date_gmt":"2025-09-30T01:14:28","guid":{"rendered":"https:\/\/levelfixinstruments.com\/product\/levelfix-rld100gr-empfaenger-fuer-rotationslaser-rot-gruen\/"},"modified":"2025-11-25T09:29:14","modified_gmt":"2025-11-25T09:29:14","slug":"levelfix-rld100gr-empfaenger-fuer-rotationslaser-rot-gruen","status":"publish","type":"product","link":"https:\/\/levelfixinstruments.com\/de\/produkt\/laser-de\/empfanger-de\/levelfix-rld100gr-empfaenger-fuer-rotationslaser-rot-gruen\/","title":{"rendered":"LEVELFIX RLD100GR EMPF\u00c4NGER F\u00dcR ROTATIONSLASER ROT\/GR\u00dcN"},"content":{"rendered":"<h3>Digitaler Empf\u00e4nger f\u00fcr Laser mit sichtbarem rotem und gr\u00fcnem Strahl<\/h3>\n<p>Dieser robuste Empf\u00e4nger verf\u00fcgt \u00fcber ein gro\u00dfes Empfangsfenster und ist f\u00fcr den t\u00e4glichen Gebrauchskomfort konzipiert. Der Empf\u00e4nger ist robust, hat ein sto\u00df- und schlagfestes Geh\u00e4use und ist wasserdicht (IP66).  Der Empf\u00e4nger ist geeignet f\u00fcr rote und gr\u00fcne Baulaser.<\/p>\n<h3>Zubeh\u00f6r von Levelfix<\/h3>\n<p>Unser umfangreiches Zubeh\u00f6rsortiment macht die t\u00e4gliche Nutzung Ihrer Instrumente einfacher und bequemer. Unser Lieferprogramm umfasst u. a. Stative, Messlatten, Montageadapter, Wandhalterungen, Empf\u00e4nger, Nivellierlattenklemmen, Ladeger\u00e4te und Akkus. <\/p>\n","protected":false},"excerpt":{"rendered":"<p>Digitaler Empf\u00e4nger f\u00fcr Laser mit sichtbarem rotem und gr\u00fcnem Strahl. Mit gro\u00dfem Empfangsfenster und IP66-Schutz. <\/p>\n","protected":false},"featured_media":34562,"template":"","meta":{"_acf_changed":false,"site-sidebar-layout":"default","site-content-layout":"","ast-site-content-layout":"default","site-content-style":"default","site-sidebar-style":"default","ast-global-header-display":"","ast-banner-title-visibility":"","ast-main-header-display":"","ast-hfb-above-header-display":"","ast-hfb-below-header-display":"","ast-hfb-mobile-header-display":"","site-post-title":"","ast-breadcrumbs-content":"","ast-featured-img":"","footer-sml-layout":"","ast-disable-related-posts":"","theme-transparent-header-meta":"","adv-header-id-meta":"","stick-header-meta":"","header-above-stick-meta":"","header-main-stick-meta":"","header-below-stick-meta":"","astra-migrate-meta-layouts":"default","ast-page-background-enabled":"default","ast-page-background-meta":{"desktop":{"background-color":"var(--ast-global-color-4)","background-image":"","background-repeat":"repeat","background-position":"center center","background-size":"auto","background-attachment":"scroll","background-type":"","background-media":"","overlay-type":"","overlay-color":"","overlay-opacity":"","overlay-gradient":""},"tablet":{"background-color":"","background-image":"","background-repeat":"repeat","background-position":"center center","background-size":"auto","background-attachment":"scroll","background-type":"","background-media":"","overlay-type":"","overlay-color":"","overlay-opacity":"","overlay-gradient":""},"mobile":{"background-color":"","background-image":"","background-repeat":"repeat","background-position":"center center","background-size":"auto","background-attachment":"scroll","background-type":"","background-media":"","overlay-type":"","overlay-color":"","overlay-opacity":"","overlay-gradient":""}},"ast-content-background-meta":{"desktop":{"background-color":"var(--ast-global-color-5)","background-image":"","background-repeat":"repeat","background-position":"center center","background-size":"auto","background-attachment":"scroll","background-type":"","background-media":"","overlay-type":"","overlay-color":"","overlay-opacity":"","overlay-gradient":""},"tablet":{"background-color":"var(--ast-global-color-5)","background-image":"","background-repeat":"repeat","background-position":"center center","background-size":"auto","background-attachment":"scroll","background-type":"","background-media":"","overlay-type":"","overlay-color":"","overlay-opacity":"","overlay-gradient":""},"mobile":{"background-color":"var(--ast-global-color-5)","background-image":"","background-repeat":"repeat","background-position":"center center","background-size":"auto","background-attachment":"scroll","background-type":"","background-media":"","overlay-type":"","overlay-color":"","overlay-opacity":"","overlay-gradient":""}}},"product_brand":[],"product_cat":[46633],"product_tag":[],"class_list":{"0":"post-27813","1":"product","2":"type-product","3":"status-publish","4":"has-post-thumbnail","6":"product_cat-empfanger-de","7":"desktop-align-left","8":"tablet-align-left","9":"mobile-align-left","10":"ast-product-gallery-layout-horizontal-slider","11":"ast-product-tabs-layout-horizontal","13":"first","14":"instock","15":"shipping-taxable","16":"purchasable","17":"product-type-simple"},"acf":[],"_links":{"self":[{"href":"https:\/\/levelfixinstruments.com\/de\/wp-json\/wp\/v2\/product\/27813","targetHints":{"allow":["GET"]}}],"collection":[{"href":"https:\/\/levelfixinstruments.com\/de\/wp-json\/wp\/v2\/product"}],"about":[{"href":"https:\/\/levelfixinstruments.com\/de\/wp-json\/wp\/v2\/types\/product"}],"wp:featuredmedia":[{"embeddable":true,"href":"https:\/\/levelfixinstruments.com\/de\/wp-json\/wp\/v2\/media\/34562"}],"wp:attachment":[{"href":"https:\/\/levelfixinstruments.com\/de\/wp-json\/wp\/v2\/media?parent=27813"}],"wp:term":[{"taxonomy":"product_brand","embeddable":true,"href":"https:\/\/levelfixinstruments.com\/de\/wp-json\/wp\/v2\/product_brand?post=27813"},{"taxonomy":"product_cat","embeddable":true,"href":"https:\/\/levelfixinstruments.com\/de\/wp-json\/wp\/v2\/product_cat?post=27813"},{"taxonomy":"product_tag","embeddable":true,"href":"https:\/\/levelfixinstruments.com\/de\/wp-json\/wp\/v2\/product_tag?post=27813"}],"curies":[{"name":"wp","href":"https:\/\/api.w.org\/{rel}","templated":true}]}}