{"id":27825,"date":"2025-09-30T01:14:32","date_gmt":"2025-09-30T01:14:32","guid":{"rendered":"https:\/\/levelfixinstruments.com\/product\/levelfix-dld100gr-mm-empfaenger-fuer-rotationslaser-rot-gruen\/"},"modified":"2025-11-25T09:29:17","modified_gmt":"2025-11-25T09:29:17","slug":"levelfix-dld100gr-mm-empfaenger-fuer-rotationslaser-rot-gruen","status":"publish","type":"product","link":"https:\/\/levelfixinstruments.com\/de\/produkt\/laser-de\/empfanger-de\/levelfix-dld100gr-mm-empfaenger-fuer-rotationslaser-rot-gruen\/","title":{"rendered":"LEVELFIX DLD100GR MM-EMPF\u00c4NGER F\u00dcR ROTATIONSLASER ROT\/GR\u00dcN"},"content":{"rendered":"<p>Der DLD100GR ist ein einzigartiger, erschwinglicher MM-Empf\u00e4nger. Dieser robuste Empf\u00e4nger verf\u00fcgt \u00fcber ein gro\u00dfes Empfangsfenster (127 mm), eine Reichweite von 300 m, ein sto\u00df- und schlagfestes Geh\u00e4use und ist wasserdicht (IP66). Auf dem hell beleuchteten Display lesen Sie den Abstand in Millimetern ab. Die Genauigkeit kann auf 1, 2, 5 oder 10 mm eingestellt werden.   <\/p>\n<p>Einzigartig ist die einstellbare 0-Position, wodurch das \u00dcbertragen von H\u00f6hen zum Kinderspiel wird.<\/p>\n<p>Der DLD100GR ist geeignet f\u00fcr Rotationslaser mit rotem oder gr\u00fcnem Strahl.<\/p>\n","protected":false},"excerpt":{"rendered":"<p>Digitaler MM-Empf\u00e4nger f\u00fcr Laser mit sichtbarem und unsichtbarem Rot- und Gr\u00fcnstrahl. Der DLD100GR verf\u00fcgt \u00fcber ein gro\u00dfes Empfangsfenster, ein hell beleuchtetes Display, einen Arbeitsbereich von 300 m, 4 Genauigkeitsstufen und eine einstellbare 0-Position. <\/p>\n","protected":false},"featured_media":34570,"template":"","meta":{"_acf_changed":false,"site-sidebar-layout":"default","site-content-layout":"","ast-site-content-layout":"default","site-content-style":"default","site-sidebar-style":"default","ast-global-header-display":"","ast-banner-title-visibility":"","ast-main-header-display":"","ast-hfb-above-header-display":"","ast-hfb-below-header-display":"","ast-hfb-mobile-header-display":"","site-post-title":"","ast-breadcrumbs-content":"","ast-featured-img":"","footer-sml-layout":"","ast-disable-related-posts":"","theme-transparent-header-meta":"","adv-header-id-meta":"","stick-header-meta":"","header-above-stick-meta":"","header-main-stick-meta":"","header-below-stick-meta":"","astra-migrate-meta-layouts":"default","ast-page-background-enabled":"default","ast-page-background-meta":{"desktop":{"background-color":"var(--ast-global-color-4)","background-image":"","background-repeat":"repeat","background-position":"center center","background-size":"auto","background-attachment":"scroll","background-type":"","background-media":"","overlay-type":"","overlay-color":"","overlay-opacity":"","overlay-gradient":""},"tablet":{"background-color":"","background-image":"","background-repeat":"repeat","background-position":"center center","background-size":"auto","background-attachment":"scroll","background-type":"","background-media":"","overlay-type":"","overlay-color":"","overlay-opacity":"","overlay-gradient":""},"mobile":{"background-color":"","background-image":"","background-repeat":"repeat","background-position":"center center","background-size":"auto","background-attachment":"scroll","background-type":"","background-media":"","overlay-type":"","overlay-color":"","overlay-opacity":"","overlay-gradient":""}},"ast-content-background-meta":{"desktop":{"background-color":"var(--ast-global-color-5)","background-image":"","background-repeat":"repeat","background-position":"center center","background-size":"auto","background-attachment":"scroll","background-type":"","background-media":"","overlay-type":"","overlay-color":"","overlay-opacity":"","overlay-gradient":""},"tablet":{"background-color":"var(--ast-global-color-5)","background-image":"","background-repeat":"repeat","background-position":"center center","background-size":"auto","background-attachment":"scroll","background-type":"","background-media":"","overlay-type":"","overlay-color":"","overlay-opacity":"","overlay-gradient":""},"mobile":{"background-color":"var(--ast-global-color-5)","background-image":"","background-repeat":"repeat","background-position":"center center","background-size":"auto","background-attachment":"scroll","background-type":"","background-media":"","overlay-type":"","overlay-color":"","overlay-opacity":"","overlay-gradient":""}}},"product_brand":[],"product_cat":[46633],"product_tag":[],"class_list":{"0":"post-27825","1":"product","2":"type-product","3":"status-publish","4":"has-post-thumbnail","6":"product_cat-empfanger-de","7":"desktop-align-left","8":"tablet-align-left","9":"mobile-align-left","10":"ast-product-gallery-layout-horizontal-slider","11":"ast-product-tabs-layout-horizontal","13":"first","14":"instock","15":"shipping-taxable","16":"purchasable","17":"product-type-simple"},"acf":[],"_links":{"self":[{"href":"https:\/\/levelfixinstruments.com\/de\/wp-json\/wp\/v2\/product\/27825","targetHints":{"allow":["GET"]}}],"collection":[{"href":"https:\/\/levelfixinstruments.com\/de\/wp-json\/wp\/v2\/product"}],"about":[{"href":"https:\/\/levelfixinstruments.com\/de\/wp-json\/wp\/v2\/types\/product"}],"wp:featuredmedia":[{"embeddable":true,"href":"https:\/\/levelfixinstruments.com\/de\/wp-json\/wp\/v2\/media\/34570"}],"wp:attachment":[{"href":"https:\/\/levelfixinstruments.com\/de\/wp-json\/wp\/v2\/media?parent=27825"}],"wp:term":[{"taxonomy":"product_brand","embeddable":true,"href":"https:\/\/levelfixinstruments.com\/de\/wp-json\/wp\/v2\/product_brand?post=27825"},{"taxonomy":"product_cat","embeddable":true,"href":"https:\/\/levelfixinstruments.com\/de\/wp-json\/wp\/v2\/product_cat?post=27825"},{"taxonomy":"product_tag","embeddable":true,"href":"https:\/\/levelfixinstruments.com\/de\/wp-json\/wp\/v2\/product_tag?post=27825"}],"curies":[{"name":"wp","href":"https:\/\/api.w.org\/{rel}","templated":true}]}}