{"id":27841,"date":"2025-09-30T01:14:39","date_gmt":"2025-09-30T01:14:39","guid":{"rendered":"https:\/\/levelfixinstruments.com\/product\/levelfix-al320x-nivelliergeraet\/"},"modified":"2025-11-28T08:28:27","modified_gmt":"2025-11-28T08:28:27","slug":"levelfix-al320x-nivelliergeraet","status":"publish","type":"product","link":"https:\/\/levelfixinstruments.com\/de\/produkt\/optische-instrumente-de\/levelfix-al320x-nivelliergeraet\/","title":{"rendered":"LEVELFIX AL320X NIVELLIERGER\u00c4T"},"content":{"rendered":"<p><strong>Schneller, stabiler, langlebiger Kompensator<\/strong><\/p>\n<p>Der Kompensator des AL320X verf\u00fcgt \u00fcber vier Aufh\u00e4ngedr\u00e4hte aus Metall mit hoher Zugfestigkeit und einem minimalen W\u00e4rmeausdehnungskoeffizienten \u2013 f\u00fcr un\u00fcbertroffene Langlebigkeit und Genauigkeit. Das pr\u00e4zise abgestimmte magnetische D\u00e4mpfungssystem nivelliert und stabilisiert die Ziellinie schnell, trotz der feinen Vibrationen, die beim Arbeiten in der N\u00e4he von schwerem Ger\u00e4t oder belebten Stra\u00dfen auftreten k\u00f6nnen. <\/p>\n<p><strong>Horizontalkreis zur Messung<\/strong><\/p>\n<p>Horizontale Winkel k\u00f6nnen direkt in Einheiten von 1 Grad abgelesen werden. Mit der einstellbaren Drehfunktion k\u00f6nnen Sie jeden Winkel ab Null ablesen. Der Kreis ist zum Schutz vor Schmutz und Kratzern abgedeckt und das Ablesefenster befindet sich unter dem Okular f\u00fcr eine schnelle Referenz.  <\/p>\n<p><strong>Minimaler Fokus von 20 cm<\/strong><\/p>\n<p>Das AL320X kann auf Objekte ab 20 cm vor dem Teleskop fokussieren. Diese Funktion erleichtert das Arbeiten auf engstem Raum erheblich. <\/p>\n<p><strong>Zuverl\u00e4ssigkeit bei allen Wetterbedingungen<\/strong><\/p>\n<p>Mit der IPX6-Klassifizierung ist das Instrument gegen starke Wasserstrahlen aus allen Richtungen gesch\u00fctzt, was bedeutet, dass das AL320X einem pl\u00f6tzlichen Regenschauer oder Starkregen standh\u00e4lt. Das fortschrittliche Schutzdesign verhindert zudem ein Beschlagen oder Kondensieren im Teleskop. <\/p>\n","protected":false},"excerpt":{"rendered":"<p>Robustes, zuverl\u00e4ssiges und hochwertiges Nivellierger\u00e4t mit magnetischer D\u00e4mpfung f\u00fcr eine stabile Ziellinie, 32-facher Vergr\u00f6\u00dferung und 360-Grad-Teilung. Staub- und wasserdicht. <\/p>\n","protected":false},"featured_media":35497,"template":"","meta":{"_acf_changed":false,"site-sidebar-layout":"default","site-content-layout":"","ast-site-content-layout":"default","site-content-style":"default","site-sidebar-style":"default","ast-global-header-display":"","ast-banner-title-visibility":"","ast-main-header-display":"","ast-hfb-above-header-display":"","ast-hfb-below-header-display":"","ast-hfb-mobile-header-display":"","site-post-title":"","ast-breadcrumbs-content":"","ast-featured-img":"","footer-sml-layout":"","ast-disable-related-posts":"","theme-transparent-header-meta":"","adv-header-id-meta":"","stick-header-meta":"","header-above-stick-meta":"","header-main-stick-meta":"","header-below-stick-meta":"","astra-migrate-meta-layouts":"default","ast-page-background-enabled":"default","ast-page-background-meta":{"desktop":{"background-color":"var(--ast-global-color-4)","background-image":"","background-repeat":"repeat","background-position":"center center","background-size":"auto","background-attachment":"scroll","background-type":"","background-media":"","overlay-type":"","overlay-color":"","overlay-opacity":"","overlay-gradient":""},"tablet":{"background-color":"","background-image":"","background-repeat":"repeat","background-position":"center center","background-size":"auto","background-attachment":"scroll","background-type":"","background-media":"","overlay-type":"","overlay-color":"","overlay-opacity":"","overlay-gradient":""},"mobile":{"background-color":"","background-image":"","background-repeat":"repeat","background-position":"center center","background-size":"auto","background-attachment":"scroll","background-type":"","background-media":"","overlay-type":"","overlay-color":"","overlay-opacity":"","overlay-gradient":""}},"ast-content-background-meta":{"desktop":{"background-color":"var(--ast-global-color-5)","background-image":"","background-repeat":"repeat","background-position":"center center","background-size":"auto","background-attachment":"scroll","background-type":"","background-media":"","overlay-type":"","overlay-color":"","overlay-opacity":"","overlay-gradient":""},"tablet":{"background-color":"var(--ast-global-color-5)","background-image":"","background-repeat":"repeat","background-position":"center center","background-size":"auto","background-attachment":"scroll","background-type":"","background-media":"","overlay-type":"","overlay-color":"","overlay-opacity":"","overlay-gradient":""},"mobile":{"background-color":"var(--ast-global-color-5)","background-image":"","background-repeat":"repeat","background-position":"center center","background-size":"auto","background-attachment":"scroll","background-type":"","background-media":"","overlay-type":"","overlay-color":"","overlay-opacity":"","overlay-gradient":""}}},"product_brand":[],"product_cat":[46541],"product_tag":[],"class_list":{"0":"post-27841","1":"product","2":"type-product","3":"status-publish","4":"has-post-thumbnail","6":"product_cat-optische-instrumente-de","7":"desktop-align-left","8":"tablet-align-left","9":"mobile-align-left","10":"ast-product-gallery-layout-horizontal-slider","11":"ast-product-gallery-with-no-image","12":"ast-product-tabs-layout-horizontal","14":"first","15":"instock","16":"shipping-taxable","17":"purchasable","18":"product-type-simple"},"acf":[],"_links":{"self":[{"href":"https:\/\/levelfixinstruments.com\/de\/wp-json\/wp\/v2\/product\/27841","targetHints":{"allow":["GET"]}}],"collection":[{"href":"https:\/\/levelfixinstruments.com\/de\/wp-json\/wp\/v2\/product"}],"about":[{"href":"https:\/\/levelfixinstruments.com\/de\/wp-json\/wp\/v2\/types\/product"}],"wp:featuredmedia":[{"embeddable":true,"href":"https:\/\/levelfixinstruments.com\/de\/wp-json\/wp\/v2\/media\/35497"}],"wp:attachment":[{"href":"https:\/\/levelfixinstruments.com\/de\/wp-json\/wp\/v2\/media?parent=27841"}],"wp:term":[{"taxonomy":"product_brand","embeddable":true,"href":"https:\/\/levelfixinstruments.com\/de\/wp-json\/wp\/v2\/product_brand?post=27841"},{"taxonomy":"product_cat","embeddable":true,"href":"https:\/\/levelfixinstruments.com\/de\/wp-json\/wp\/v2\/product_cat?post=27841"},{"taxonomy":"product_tag","embeddable":true,"href":"https:\/\/levelfixinstruments.com\/de\/wp-json\/wp\/v2\/product_tag?post=27841"}],"curies":[{"name":"wp","href":"https:\/\/api.w.org\/{rel}","templated":true}]}}