{"id":27901,"date":"2025-09-30T01:15:00","date_gmt":"2025-09-30T01:15:00","guid":{"rendered":"https:\/\/levelfixinstruments.com\/product\/levelfix-cl618g-servo-multi-linienlaser-gruen\/"},"modified":"2025-11-28T08:34:45","modified_gmt":"2025-11-28T08:34:45","slug":"levelfix-cl618g-servo-multi-linienlaser-gruen","status":"publish","type":"product","link":"https:\/\/levelfixinstruments.com\/de\/produkt\/laser-de\/kreuzlinienlaser-de\/levelfix-cl618g-servo-multi-linienlaser-gruen\/","title":{"rendered":"LEVELFIX CL618G SERVO MULTI LINIENLASER GR\u00dcN"},"content":{"rendered":"<p><strong>Vollautomatisches Nivelliersystem<\/strong><br \/>\nDer CL618G ist ein Multilinienlaser der neuen Generation, der Pr\u00e4zision und Genauigkeit auf ein h\u00f6heres Niveau hebt. Im Gegensatz zu herk\u00f6mmlichen Linienlasern verf\u00fcgt dieser Laser \u00fcber eingebaute Servomotoren f\u00fcr eine optimale Selbstnivellierung und ein unglaublich genaues Ergebnis. Dar\u00fcber hinaus bietet der manuelle Modus den Benutzern die M\u00f6glichkeit, das Selbstnivellierungssystem zu deaktivieren und ein manuelles Gef\u00e4lle einzustellen &#8211; perfekt z. B. f\u00fcr den Schiffbau, das Ausrichten von Autokarosserien oder Solarmodulen.<br \/>\n<strong>Helles Gr\u00fcn<\/strong><br \/>\nDer CL618G hat alle m\u00f6glichen Linien; vier vertikale, 360 Grad horizontal und einen festen Punkt auf dem Boden. Die High Power+ Diode projiziert hellgr\u00fcne Linien, die bis zu 4x besser sichtbar sind als die klassischen roten. Dadurch kannst du auf gr\u00f6\u00dferen Entfernungen arbeiten. Der CL618G hat eine Reichweite von 30 Metern, die in Kombination mit dem LLD200GR Empf\u00e4nger auf bis zu 80 Meter erweitert werden kann. Der LLD200GR Empf\u00e4nger ist separat erh\u00e4ltlich und macht es auch m\u00f6glich, den Laser im Freien zu verwenden, da die Linien nicht sichtbar sein m\u00fcssen.<br \/>\n<strong>Nie wieder Verz\u00f6gerung durch einen leeren Akku<\/strong><br \/>\nMit der Work&#038;Charge Funktion l\u00e4dst du den Akku deines Lasers, w\u00e4hrend du einfach weiterarbeitest! Dank dieser praktischen Funktion kannst du deine Produktivit\u00e4t maximieren. Mit Charge&#038;Work kannst du jetzt mehr in weniger Zeit und mit weniger Aufwand erledigen. Deine Arbeit muss nicht mehr stillstehen, um dein Ger\u00e4t aufzuladen; Charge&#038;Work regelt es f\u00fcr dich.<br \/>\n<strong>LEVELFIX+<\/strong><br \/>\nDer LEVELFIX CL618G ist Teil unseres LEVELFIX+ Sortiments. Die LEVELFIX+ Laser zeichnen sich durch beste Qualit\u00e4t, h\u00f6chst erreichbare Genauigkeit und ausgezeichnete Spezifikationen aus. Dar\u00fcber hinaus sind sie mit praktischem und intelligentem Zubeh\u00f6r ausgestattet.<br \/>\n<strong>\u00dcber LEVELFIX\u2122 Smart Precision Tools &#8211; Innovativ, genau, robust und 4 Jahre Garantie*<\/strong><br \/>\nLEVELFIX Laser werden mit \u00e4u\u00dferster Sorgfalt und Pr\u00e4zision hergestellt. Durch die Anwendung von mehr als 25 Jahren Erfahrung und Wissen in unseren Produkten hast du absolute Top-Qualit\u00e4t in der Hand. Wir sind \u00fcberzeugt und trauen uns daher, dir ohne Sorgen 4 Jahre Garantie* auf dieses Produkt zu geben.   LEVELFIX bietet das beste Preis-Leistungs-Verh\u00e4ltnis auf dem Markt, wodurch Sie garantiert die beste Qualit\u00e4t f\u00fcr Ihr Geld erhalten.<\/p>\n<p><em>* Verl\u00e4ngern Sie die Standard-1-Jahres-Herstellergarantie auf 4 Jahre, indem Sie Ihren Laser innerhalb von 2 Wochen nach dem Kauf \u00fcber das Internet registrieren.<\/em><\/p>\n","protected":false},"excerpt":{"rendered":"<p>Servo-Multilinienlaser mit Feineinstellung, gr\u00fcner 360\u00ba-Linie, 4 vertikalen Linien unter 90\u00ba und Lotpunkt.<\/p>\n","protected":false},"featured_media":35504,"template":"","meta":{"_acf_changed":false,"site-sidebar-layout":"default","site-content-layout":"","ast-site-content-layout":"default","site-content-style":"default","site-sidebar-style":"default","ast-global-header-display":"","ast-banner-title-visibility":"","ast-main-header-display":"","ast-hfb-above-header-display":"","ast-hfb-below-header-display":"","ast-hfb-mobile-header-display":"","site-post-title":"","ast-breadcrumbs-content":"","ast-featured-img":"","footer-sml-layout":"","ast-disable-related-posts":"","theme-transparent-header-meta":"","adv-header-id-meta":"","stick-header-meta":"","header-above-stick-meta":"","header-main-stick-meta":"","header-below-stick-meta":"","astra-migrate-meta-layouts":"default","ast-page-background-enabled":"default","ast-page-background-meta":{"desktop":{"background-color":"var(--ast-global-color-4)","background-image":"","background-repeat":"repeat","background-position":"center center","background-size":"auto","background-attachment":"scroll","background-type":"","background-media":"","overlay-type":"","overlay-color":"","overlay-opacity":"","overlay-gradient":""},"tablet":{"background-color":"","background-image":"","background-repeat":"repeat","background-position":"center center","background-size":"auto","background-attachment":"scroll","background-type":"","background-media":"","overlay-type":"","overlay-color":"","overlay-opacity":"","overlay-gradient":""},"mobile":{"background-color":"","background-image":"","background-repeat":"repeat","background-position":"center center","background-size":"auto","background-attachment":"scroll","background-type":"","background-media":"","overlay-type":"","overlay-color":"","overlay-opacity":"","overlay-gradient":""}},"ast-content-background-meta":{"desktop":{"background-color":"var(--ast-global-color-5)","background-image":"","background-repeat":"repeat","background-position":"center center","background-size":"auto","background-attachment":"scroll","background-type":"","background-media":"","overlay-type":"","overlay-color":"","overlay-opacity":"","overlay-gradient":""},"tablet":{"background-color":"var(--ast-global-color-5)","background-image":"","background-repeat":"repeat","background-position":"center center","background-size":"auto","background-attachment":"scroll","background-type":"","background-media":"","overlay-type":"","overlay-color":"","overlay-opacity":"","overlay-gradient":""},"mobile":{"background-color":"var(--ast-global-color-5)","background-image":"","background-repeat":"repeat","background-position":"center center","background-size":"auto","background-attachment":"scroll","background-type":"","background-media":"","overlay-type":"","overlay-color":"","overlay-opacity":"","overlay-gradient":""}}},"product_brand":[],"product_cat":[46608],"product_tag":[],"class_list":{"0":"post-27901","1":"product","2":"type-product","3":"status-publish","4":"has-post-thumbnail","6":"product_cat-kreuzlinienlaser-de","7":"desktop-align-left","8":"tablet-align-left","9":"mobile-align-left","10":"ast-product-gallery-layout-horizontal-slider","11":"ast-product-tabs-layout-horizontal","13":"first","14":"instock","15":"shipping-taxable","16":"purchasable","17":"product-type-simple"},"acf":[],"_links":{"self":[{"href":"https:\/\/levelfixinstruments.com\/de\/wp-json\/wp\/v2\/product\/27901","targetHints":{"allow":["GET"]}}],"collection":[{"href":"https:\/\/levelfixinstruments.com\/de\/wp-json\/wp\/v2\/product"}],"about":[{"href":"https:\/\/levelfixinstruments.com\/de\/wp-json\/wp\/v2\/types\/product"}],"wp:featuredmedia":[{"embeddable":true,"href":"https:\/\/levelfixinstruments.com\/de\/wp-json\/wp\/v2\/media\/35504"}],"wp:attachment":[{"href":"https:\/\/levelfixinstruments.com\/de\/wp-json\/wp\/v2\/media?parent=27901"}],"wp:term":[{"taxonomy":"product_brand","embeddable":true,"href":"https:\/\/levelfixinstruments.com\/de\/wp-json\/wp\/v2\/product_brand?post=27901"},{"taxonomy":"product_cat","embeddable":true,"href":"https:\/\/levelfixinstruments.com\/de\/wp-json\/wp\/v2\/product_cat?post=27901"},{"taxonomy":"product_tag","embeddable":true,"href":"https:\/\/levelfixinstruments.com\/de\/wp-json\/wp\/v2\/product_tag?post=27901"}],"curies":[{"name":"wp","href":"https:\/\/api.w.org\/{rel}","templated":true}]}}