{"id":27941,"date":"2025-09-30T01:15:24","date_gmt":"2025-09-30T01:15:24","guid":{"rendered":"https:\/\/levelfixinstruments.com\/product\/levelfix-lxd60i-entfernungsmesser-bis-zu-60m\/"},"modified":"2025-11-28T09:28:04","modified_gmt":"2025-11-28T09:28:04","slug":"levelfix-lxd60i-entfernungsmesser-bis-zu-60m","status":"publish","type":"product","link":"https:\/\/levelfixinstruments.com\/de\/produkt\/messgerate-de\/entfernungsmesser-de\/levelfix-lxd60i-entfernungsmesser-bis-zu-60m\/","title":{"rendered":"LEVELFIX LXD60i ENTFERNUNGSMESSER BIS ZU 60M"},"content":{"rendered":"<p>Der LEVELFIX LXD60i Entfernungsmesser ist ein intelligentes Ger\u00e4t mit vielen Messfunktionen:<\/p>\n<p>\u2013 Addieren;<br \/>\n\u2013 Subtrahieren<br \/>\n\u2013 Winkelmessung<br \/>\n\u2013 Fl\u00e4chen- oder Volumenberechnungen;<br \/>\n\u2013 Dauermessung;<br \/>\n\u2013 Indirekte Messung;<br \/>\n\u2013 Min-Max-Messung;<br \/>\n\u2013 Pythagoras.<\/p>\n<p>Der Entfernungsmesser verf\u00fcgt \u00fcber einen internen Speicher, in dem die letzten 30 Messungen automatisch gespeichert werden.<\/p>\n<p><strong>Malerfunktion<\/strong><\/p>\n<p>Der Entfernungsmesser verf\u00fcgt auch \u00fcber eine Malerfunktion, mit der Sie die Gesamtfl\u00e4che berechnen k\u00f6nnen, die Sie berechnen m\u00fcssen, indem Sie einfach die L\u00e4ngen verschiedener Messungen addieren und mit der H\u00f6he multiplizieren.<\/p>\n<p><strong>LEVELFIX Connect<\/strong><\/p>\n<p>Mit der eingebauten Bluetooth-Funktion k\u00f6nnen Sie Messwerte an die LEVELFIX Connect App auf Ihrem Smartphone oder Tablet \u00fcbertragen. In der App gibt es eine Skizzenfunktion, mit der Sie eine Skizze des Raumes erstellen und die gemessenen Abst\u00e4nde an jeder Wand addieren k\u00f6nnen. <\/p>\n","protected":false},"excerpt":{"rendered":"<p>Digitaler Entfernungsmesser zur schnellen und genauen Messung von Entfernungen bis zu 60 Metern. Der LXD60i verf\u00fcgt \u00fcber viele intelligente Messfunktionen, wie z. B. Addieren, Subtrahieren, Winkelmessung, Fl\u00e4chen- oder Volumenberechnung, kontinuierliches Messen, indirektes Messen, Min-Max-Messen und die Pythagoras-Funktion. Mit App zur \u00dcbertragung von Messwerten und zum Zeichnen des gemessenen Raums.  <\/p>\n","protected":false},"featured_media":35523,"template":"","meta":{"_acf_changed":false,"site-sidebar-layout":"default","site-content-layout":"","ast-site-content-layout":"default","site-content-style":"default","site-sidebar-style":"default","ast-global-header-display":"","ast-banner-title-visibility":"","ast-main-header-display":"","ast-hfb-above-header-display":"","ast-hfb-below-header-display":"","ast-hfb-mobile-header-display":"","site-post-title":"","ast-breadcrumbs-content":"","ast-featured-img":"","footer-sml-layout":"","ast-disable-related-posts":"","theme-transparent-header-meta":"","adv-header-id-meta":"","stick-header-meta":"","header-above-stick-meta":"","header-main-stick-meta":"","header-below-stick-meta":"","astra-migrate-meta-layouts":"default","ast-page-background-enabled":"default","ast-page-background-meta":{"desktop":{"background-color":"var(--ast-global-color-4)","background-image":"","background-repeat":"repeat","background-position":"center center","background-size":"auto","background-attachment":"scroll","background-type":"","background-media":"","overlay-type":"","overlay-color":"","overlay-opacity":"","overlay-gradient":""},"tablet":{"background-color":"","background-image":"","background-repeat":"repeat","background-position":"center center","background-size":"auto","background-attachment":"scroll","background-type":"","background-media":"","overlay-type":"","overlay-color":"","overlay-opacity":"","overlay-gradient":""},"mobile":{"background-color":"","background-image":"","background-repeat":"repeat","background-position":"center center","background-size":"auto","background-attachment":"scroll","background-type":"","background-media":"","overlay-type":"","overlay-color":"","overlay-opacity":"","overlay-gradient":""}},"ast-content-background-meta":{"desktop":{"background-color":"var(--ast-global-color-5)","background-image":"","background-repeat":"repeat","background-position":"center center","background-size":"auto","background-attachment":"scroll","background-type":"","background-media":"","overlay-type":"","overlay-color":"","overlay-opacity":"","overlay-gradient":""},"tablet":{"background-color":"var(--ast-global-color-5)","background-image":"","background-repeat":"repeat","background-position":"center center","background-size":"auto","background-attachment":"scroll","background-type":"","background-media":"","overlay-type":"","overlay-color":"","overlay-opacity":"","overlay-gradient":""},"mobile":{"background-color":"var(--ast-global-color-5)","background-image":"","background-repeat":"repeat","background-position":"center center","background-size":"auto","background-attachment":"scroll","background-type":"","background-media":"","overlay-type":"","overlay-color":"","overlay-opacity":"","overlay-gradient":""}}},"product_brand":[],"product_cat":[46569],"product_tag":[],"class_list":{"0":"post-27941","1":"product","2":"type-product","3":"status-publish","4":"has-post-thumbnail","6":"product_cat-entfernungsmesser-de","7":"desktop-align-left","8":"tablet-align-left","9":"mobile-align-left","10":"ast-product-gallery-layout-horizontal-slider","11":"ast-product-gallery-with-no-image","12":"ast-product-tabs-layout-horizontal","14":"first","15":"instock","16":"shipping-taxable","17":"purchasable","18":"product-type-simple"},"acf":[],"_links":{"self":[{"href":"https:\/\/levelfixinstruments.com\/de\/wp-json\/wp\/v2\/product\/27941","targetHints":{"allow":["GET"]}}],"collection":[{"href":"https:\/\/levelfixinstruments.com\/de\/wp-json\/wp\/v2\/product"}],"about":[{"href":"https:\/\/levelfixinstruments.com\/de\/wp-json\/wp\/v2\/types\/product"}],"wp:featuredmedia":[{"embeddable":true,"href":"https:\/\/levelfixinstruments.com\/de\/wp-json\/wp\/v2\/media\/35523"}],"wp:attachment":[{"href":"https:\/\/levelfixinstruments.com\/de\/wp-json\/wp\/v2\/media?parent=27941"}],"wp:term":[{"taxonomy":"product_brand","embeddable":true,"href":"https:\/\/levelfixinstruments.com\/de\/wp-json\/wp\/v2\/product_brand?post=27941"},{"taxonomy":"product_cat","embeddable":true,"href":"https:\/\/levelfixinstruments.com\/de\/wp-json\/wp\/v2\/product_cat?post=27941"},{"taxonomy":"product_tag","embeddable":true,"href":"https:\/\/levelfixinstruments.com\/de\/wp-json\/wp\/v2\/product_tag?post=27941"}],"curies":[{"name":"wp","href":"https:\/\/api.w.org\/{rel}","templated":true}]}}