{"id":28077,"date":"2025-09-30T01:16:18","date_gmt":"2025-09-30T01:16:18","guid":{"rendered":"https:\/\/levelfixinstruments.com\/product\/metofix-vs500-videoskop\/"},"modified":"2025-11-28T10:24:47","modified_gmt":"2025-11-28T10:24:47","slug":"metofix-vs500-videoskop","status":"publish","type":"product","link":"https:\/\/levelfixinstruments.com\/de\/produkt\/messgerate-de\/inspektion-de\/metofix-vs500-videoskop\/","title":{"rendered":"METOFIX VS500 VIDEOSKOP"},"content":{"rendered":"<p>Das METOFIX VS500 Videoskop macht schwer zug\u00e4ngliche Stellen sichtbar. Denken Sie an Leitungen, Rohre, Decken, B\u00f6den oder unter einer Badewanne. Mit der flexiblen Kamera und den zus\u00e4tzlich erh\u00e4ltlichen Verl\u00e4ngerungen ist kein Bereich unerreichbar.  <\/p>\n<p>Das VS500 wird standardm\u00e4\u00dfig mit einer 17 mm wasserdichten Kamera mit einer L\u00e4nge von 1 Meter geliefert. Separat erh\u00e4ltlich sind: <\/p>\n<ul>\n<li>Flexibler 6-mm-Objektivarm von 1 oder 2 Metern;<\/li>\n<li>biegsamer 9-mm-Objektivarm von 1 oder 2 Metern;<\/li>\n<li>17 mm Verl\u00e4ngerungsarm von 1, 2 oder 3 Metern.<\/li>\n<\/ul>\n<p>Den 17 mm Linsenarm k\u00f6nnen Sie problemlos auf bis zu 7 Meter mit maximal zwei Verl\u00e4ngerungsarmen verl\u00e4ngern.<\/p>\n<p><strong>Immer ein klares Bild<\/strong><\/p>\n<p>Auf dem 3,2-Zoll-Farbdisplay erhalten Sie ein klares Bild der Situation. M\u00f6chten Sie das Bild drehen oder spiegeln? Auch das ist dank der einfachen Bedienung kein Problem. Das VS500 bietet die M\u00f6glichkeit, Fotos und Videos aufzunehmen und diese auf einer SD-Karte zu speichern.   <\/p>\n<p>Das METOFIX VS500 wird geliefert mit Li-Ionen-Akku und Ladeger\u00e4t, 17 mm Arm von 1 Meter, RGB-Kabel und einem 17 mm Set mit Haken, Spiegel und Magneten.<\/p>\n","protected":false},"excerpt":{"rendered":"<p>Videoskop mit flexibler Kamera f\u00fcr schwer zug\u00e4ngliche Stellen.<\/p>\n","protected":false},"featured_media":35577,"template":"","meta":{"_acf_changed":false,"site-sidebar-layout":"default","site-content-layout":"","ast-site-content-layout":"default","site-content-style":"default","site-sidebar-style":"default","ast-global-header-display":"","ast-banner-title-visibility":"","ast-main-header-display":"","ast-hfb-above-header-display":"","ast-hfb-below-header-display":"","ast-hfb-mobile-header-display":"","site-post-title":"","ast-breadcrumbs-content":"","ast-featured-img":"","footer-sml-layout":"","ast-disable-related-posts":"","theme-transparent-header-meta":"","adv-header-id-meta":"","stick-header-meta":"","header-above-stick-meta":"","header-main-stick-meta":"","header-below-stick-meta":"","astra-migrate-meta-layouts":"default","ast-page-background-enabled":"default","ast-page-background-meta":{"desktop":{"background-color":"var(--ast-global-color-4)","background-image":"","background-repeat":"repeat","background-position":"center center","background-size":"auto","background-attachment":"scroll","background-type":"","background-media":"","overlay-type":"","overlay-color":"","overlay-opacity":"","overlay-gradient":""},"tablet":{"background-color":"","background-image":"","background-repeat":"repeat","background-position":"center center","background-size":"auto","background-attachment":"scroll","background-type":"","background-media":"","overlay-type":"","overlay-color":"","overlay-opacity":"","overlay-gradient":""},"mobile":{"background-color":"","background-image":"","background-repeat":"repeat","background-position":"center center","background-size":"auto","background-attachment":"scroll","background-type":"","background-media":"","overlay-type":"","overlay-color":"","overlay-opacity":"","overlay-gradient":""}},"ast-content-background-meta":{"desktop":{"background-color":"var(--ast-global-color-5)","background-image":"","background-repeat":"repeat","background-position":"center center","background-size":"auto","background-attachment":"scroll","background-type":"","background-media":"","overlay-type":"","overlay-color":"","overlay-opacity":"","overlay-gradient":""},"tablet":{"background-color":"var(--ast-global-color-5)","background-image":"","background-repeat":"repeat","background-position":"center center","background-size":"auto","background-attachment":"scroll","background-type":"","background-media":"","overlay-type":"","overlay-color":"","overlay-opacity":"","overlay-gradient":""},"mobile":{"background-color":"var(--ast-global-color-5)","background-image":"","background-repeat":"repeat","background-position":"center center","background-size":"auto","background-attachment":"scroll","background-type":"","background-media":"","overlay-type":"","overlay-color":"","overlay-opacity":"","overlay-gradient":""}}},"product_brand":[],"product_cat":[46599,46535,46642],"product_tag":[],"class_list":{"0":"post-28077","1":"product","2":"type-product","3":"status-publish","4":"has-post-thumbnail","6":"product_cat-inspektion-de","7":"product_cat-messgerate-de","8":"product_cat-videoskop-de","9":"desktop-align-left","10":"tablet-align-left","11":"mobile-align-left","12":"ast-product-gallery-layout-horizontal-slider","13":"ast-product-gallery-with-no-image","14":"ast-product-tabs-layout-horizontal","16":"first","17":"instock","18":"shipping-taxable","19":"purchasable","20":"product-type-simple"},"acf":[],"_links":{"self":[{"href":"https:\/\/levelfixinstruments.com\/de\/wp-json\/wp\/v2\/product\/28077","targetHints":{"allow":["GET"]}}],"collection":[{"href":"https:\/\/levelfixinstruments.com\/de\/wp-json\/wp\/v2\/product"}],"about":[{"href":"https:\/\/levelfixinstruments.com\/de\/wp-json\/wp\/v2\/types\/product"}],"wp:featuredmedia":[{"embeddable":true,"href":"https:\/\/levelfixinstruments.com\/de\/wp-json\/wp\/v2\/media\/35577"}],"wp:attachment":[{"href":"https:\/\/levelfixinstruments.com\/de\/wp-json\/wp\/v2\/media?parent=28077"}],"wp:term":[{"taxonomy":"product_brand","embeddable":true,"href":"https:\/\/levelfixinstruments.com\/de\/wp-json\/wp\/v2\/product_brand?post=28077"},{"taxonomy":"product_cat","embeddable":true,"href":"https:\/\/levelfixinstruments.com\/de\/wp-json\/wp\/v2\/product_cat?post=28077"},{"taxonomy":"product_tag","embeddable":true,"href":"https:\/\/levelfixinstruments.com\/de\/wp-json\/wp\/v2\/product_tag?post=28077"}],"curies":[{"name":"wp","href":"https:\/\/api.w.org\/{rel}","templated":true}]}}