{"id":28093,"date":"2025-09-30T01:16:23","date_gmt":"2025-09-30T01:16:23","guid":{"rendered":"https:\/\/levelfixinstruments.com\/product\/metofix-em300-kompaktes-digitales-multimeter\/"},"modified":"2025-11-28T10:03:17","modified_gmt":"2025-11-28T10:03:17","slug":"metofix-em300-kompaktes-digitales-multimeter","status":"publish","type":"product","link":"https:\/\/levelfixinstruments.com\/de\/produkt\/messgerate-de\/inspektion-de\/metofix-em300-kompaktes-digitales-multimeter\/","title":{"rendered":"METOFIX EM300 KOMPAKTES DIGITALES MULTIMETER"},"content":{"rendered":"<p>Messen Sie einfach und schnell Spannung, Strom und Widerstand mit dem kompakten digitalen Multimeter METOFIX EM300. Dieses Multimeter verf\u00fcgt \u00fcber einen eingebauten, kontaktlosen Spannungspr\u00fcfer und ist dank des gro\u00dfen Drehknopfes einfach zu bedienen. <\/p>\n<p>Mit dem EM300 messen Sie:<\/p>\n<ul>\n<li>Spannung bis 500 V AC\/DC mit einer Genauigkeit von etwa 0,5 %;<\/li>\n<li>Strom bis 200 mA AC\/DC mit einer Genauigkeit von etwa 2,5 %;<\/li>\n<li>und Widerstand bis 2 M\u03a9 mit einer Genauigkeit von etwa 1 %.<\/li>\n<\/ul>\n<p>Das kompakte Digitalmultimeter METOFIX EM300 wird mit einem Messleitungsset in einer robusten Tasche geliefert.<\/p>\n","protected":false},"excerpt":{"rendered":"<p>Kompaktes Digitalmultimeter, um Spannung, Strom und Widerstand einfach, sicher und schnell zu messen.<\/p>\n","protected":false},"featured_media":35537,"template":"","meta":{"_acf_changed":false,"site-sidebar-layout":"default","site-content-layout":"","ast-site-content-layout":"default","site-content-style":"default","site-sidebar-style":"default","ast-global-header-display":"","ast-banner-title-visibility":"","ast-main-header-display":"","ast-hfb-above-header-display":"","ast-hfb-below-header-display":"","ast-hfb-mobile-header-display":"","site-post-title":"","ast-breadcrumbs-content":"","ast-featured-img":"","footer-sml-layout":"","ast-disable-related-posts":"","theme-transparent-header-meta":"","adv-header-id-meta":"","stick-header-meta":"","header-above-stick-meta":"","header-main-stick-meta":"","header-below-stick-meta":"","astra-migrate-meta-layouts":"default","ast-page-background-enabled":"default","ast-page-background-meta":{"desktop":{"background-color":"var(--ast-global-color-4)","background-image":"","background-repeat":"repeat","background-position":"center center","background-size":"auto","background-attachment":"scroll","background-type":"","background-media":"","overlay-type":"","overlay-color":"","overlay-opacity":"","overlay-gradient":""},"tablet":{"background-color":"","background-image":"","background-repeat":"repeat","background-position":"center center","background-size":"auto","background-attachment":"scroll","background-type":"","background-media":"","overlay-type":"","overlay-color":"","overlay-opacity":"","overlay-gradient":""},"mobile":{"background-color":"","background-image":"","background-repeat":"repeat","background-position":"center center","background-size":"auto","background-attachment":"scroll","background-type":"","background-media":"","overlay-type":"","overlay-color":"","overlay-opacity":"","overlay-gradient":""}},"ast-content-background-meta":{"desktop":{"background-color":"var(--ast-global-color-5)","background-image":"","background-repeat":"repeat","background-position":"center center","background-size":"auto","background-attachment":"scroll","background-type":"","background-media":"","overlay-type":"","overlay-color":"","overlay-opacity":"","overlay-gradient":""},"tablet":{"background-color":"var(--ast-global-color-5)","background-image":"","background-repeat":"repeat","background-position":"center center","background-size":"auto","background-attachment":"scroll","background-type":"","background-media":"","overlay-type":"","overlay-color":"","overlay-opacity":"","overlay-gradient":""},"mobile":{"background-color":"var(--ast-global-color-5)","background-image":"","background-repeat":"repeat","background-position":"center center","background-size":"auto","background-attachment":"scroll","background-type":"","background-media":"","overlay-type":"","overlay-color":"","overlay-opacity":"","overlay-gradient":""}}},"product_brand":[],"product_cat":[46599,46648],"product_tag":[],"class_list":{"0":"post-28093","1":"product","2":"type-product","3":"status-publish","4":"has-post-thumbnail","6":"product_cat-inspektion-de","7":"product_cat-voltmeter-de","8":"desktop-align-left","9":"tablet-align-left","10":"mobile-align-left","11":"ast-product-gallery-layout-horizontal-slider","12":"ast-product-gallery-with-no-image","13":"ast-product-tabs-layout-horizontal","15":"first","16":"instock","17":"shipping-taxable","18":"purchasable","19":"product-type-simple"},"acf":[],"_links":{"self":[{"href":"https:\/\/levelfixinstruments.com\/de\/wp-json\/wp\/v2\/product\/28093","targetHints":{"allow":["GET"]}}],"collection":[{"href":"https:\/\/levelfixinstruments.com\/de\/wp-json\/wp\/v2\/product"}],"about":[{"href":"https:\/\/levelfixinstruments.com\/de\/wp-json\/wp\/v2\/types\/product"}],"wp:featuredmedia":[{"embeddable":true,"href":"https:\/\/levelfixinstruments.com\/de\/wp-json\/wp\/v2\/media\/35537"}],"wp:attachment":[{"href":"https:\/\/levelfixinstruments.com\/de\/wp-json\/wp\/v2\/media?parent=28093"}],"wp:term":[{"taxonomy":"product_brand","embeddable":true,"href":"https:\/\/levelfixinstruments.com\/de\/wp-json\/wp\/v2\/product_brand?post=28093"},{"taxonomy":"product_cat","embeddable":true,"href":"https:\/\/levelfixinstruments.com\/de\/wp-json\/wp\/v2\/product_cat?post=28093"},{"taxonomy":"product_tag","embeddable":true,"href":"https:\/\/levelfixinstruments.com\/de\/wp-json\/wp\/v2\/product_tag?post=28093"}],"curies":[{"name":"wp","href":"https:\/\/api.w.org\/{rel}","templated":true}]}}