{"id":28109,"date":"2025-09-30T01:16:28","date_gmt":"2025-09-30T01:16:28","guid":{"rendered":"https:\/\/levelfixinstruments.com\/product\/metofix-em700-universelles-spannungsmessgeraet\/"},"modified":"2025-11-28T10:11:49","modified_gmt":"2025-11-28T10:11:49","slug":"metofix-em700-universelles-spannungsmessgeraet","status":"publish","type":"product","link":"https:\/\/levelfixinstruments.com\/de\/produkt\/messgerate-de\/inspektion-de\/metofix-em700-universelles-spannungsmessgeraet\/","title":{"rendered":"METOFIX EM700 UNIVERSELLES SPANNUNGSMESSGER\u00c4T"},"content":{"rendered":"<p>Egal, ob du als Inspektor, Elektriker oder Elektromonteur arbeitest, ein zuverl\u00e4ssiger und schneller Spannungspr\u00fcfer ist in deinem Werkzeugkasten unerl\u00e4sslich. Der METOFIX EM700 ist ein universeller Spannungspr\u00fcfer (Kategorie III). Die sicheren Messspitzen gew\u00e4hrleisten einen f\u00fcr Steckdosen geeigneten Abstand. Mit dem EM700 misst du Spannung von 12 \u2013 690 V AC\/DC, aber auch Frequenz von 0 \u2013 60 Hz, Polarit\u00e4t und Drehfeldrichtung. Zudem bietet er die M\u00f6glichkeit f\u00fcr einen einpoligen Phasentest. Dank der integrierten Taschenlampe arbeitest du auch sicher in dunklen Bereichen, wie zum Beispiel einem Z\u00e4hlerschrank.     <\/p>\n<p>Das METOFIX EM700 Universal-Spannungsmessger\u00e4t wird mit 3 AAA-Batterien betrieben und in einer robusten Tasche geliefert.<\/p>\n","protected":false},"excerpt":{"rendered":"<p>Zuverl\u00e4ssiges und schnelles Spannungsmessger\u00e4t mit eingebauter Taschenlampe und einpoligem Phasenpr\u00fcfer. Der EM700 erkennt automatisch AC\/DC, Polarit\u00e4t und Drehrichtung.  <\/p>\n","protected":false},"featured_media":35549,"template":"","meta":{"_acf_changed":false,"site-sidebar-layout":"default","site-content-layout":"","ast-site-content-layout":"default","site-content-style":"default","site-sidebar-style":"default","ast-global-header-display":"","ast-banner-title-visibility":"","ast-main-header-display":"","ast-hfb-above-header-display":"","ast-hfb-below-header-display":"","ast-hfb-mobile-header-display":"","site-post-title":"","ast-breadcrumbs-content":"","ast-featured-img":"","footer-sml-layout":"","ast-disable-related-posts":"","theme-transparent-header-meta":"","adv-header-id-meta":"","stick-header-meta":"","header-above-stick-meta":"","header-main-stick-meta":"","header-below-stick-meta":"","astra-migrate-meta-layouts":"default","ast-page-background-enabled":"default","ast-page-background-meta":{"desktop":{"background-color":"var(--ast-global-color-4)","background-image":"","background-repeat":"repeat","background-position":"center center","background-size":"auto","background-attachment":"scroll","background-type":"","background-media":"","overlay-type":"","overlay-color":"","overlay-opacity":"","overlay-gradient":""},"tablet":{"background-color":"","background-image":"","background-repeat":"repeat","background-position":"center center","background-size":"auto","background-attachment":"scroll","background-type":"","background-media":"","overlay-type":"","overlay-color":"","overlay-opacity":"","overlay-gradient":""},"mobile":{"background-color":"","background-image":"","background-repeat":"repeat","background-position":"center center","background-size":"auto","background-attachment":"scroll","background-type":"","background-media":"","overlay-type":"","overlay-color":"","overlay-opacity":"","overlay-gradient":""}},"ast-content-background-meta":{"desktop":{"background-color":"var(--ast-global-color-5)","background-image":"","background-repeat":"repeat","background-position":"center center","background-size":"auto","background-attachment":"scroll","background-type":"","background-media":"","overlay-type":"","overlay-color":"","overlay-opacity":"","overlay-gradient":""},"tablet":{"background-color":"var(--ast-global-color-5)","background-image":"","background-repeat":"repeat","background-position":"center center","background-size":"auto","background-attachment":"scroll","background-type":"","background-media":"","overlay-type":"","overlay-color":"","overlay-opacity":"","overlay-gradient":""},"mobile":{"background-color":"var(--ast-global-color-5)","background-image":"","background-repeat":"repeat","background-position":"center center","background-size":"auto","background-attachment":"scroll","background-type":"","background-media":"","overlay-type":"","overlay-color":"","overlay-opacity":"","overlay-gradient":""}}},"product_brand":[],"product_cat":[46599,46648],"product_tag":[],"class_list":{"0":"post-28109","1":"product","2":"type-product","3":"status-publish","4":"has-post-thumbnail","6":"product_cat-inspektion-de","7":"product_cat-voltmeter-de","8":"desktop-align-left","9":"tablet-align-left","10":"mobile-align-left","11":"ast-product-gallery-layout-horizontal-slider","12":"ast-product-gallery-with-no-image","13":"ast-product-tabs-layout-horizontal","15":"first","16":"instock","17":"shipping-taxable","18":"purchasable","19":"product-type-simple"},"acf":[],"_links":{"self":[{"href":"https:\/\/levelfixinstruments.com\/de\/wp-json\/wp\/v2\/product\/28109","targetHints":{"allow":["GET"]}}],"collection":[{"href":"https:\/\/levelfixinstruments.com\/de\/wp-json\/wp\/v2\/product"}],"about":[{"href":"https:\/\/levelfixinstruments.com\/de\/wp-json\/wp\/v2\/types\/product"}],"wp:featuredmedia":[{"embeddable":true,"href":"https:\/\/levelfixinstruments.com\/de\/wp-json\/wp\/v2\/media\/35549"}],"wp:attachment":[{"href":"https:\/\/levelfixinstruments.com\/de\/wp-json\/wp\/v2\/media?parent=28109"}],"wp:term":[{"taxonomy":"product_brand","embeddable":true,"href":"https:\/\/levelfixinstruments.com\/de\/wp-json\/wp\/v2\/product_brand?post=28109"},{"taxonomy":"product_cat","embeddable":true,"href":"https:\/\/levelfixinstruments.com\/de\/wp-json\/wp\/v2\/product_cat?post=28109"},{"taxonomy":"product_tag","embeddable":true,"href":"https:\/\/levelfixinstruments.com\/de\/wp-json\/wp\/v2\/product_tag?post=28109"}],"curies":[{"name":"wp","href":"https:\/\/api.w.org\/{rel}","templated":true}]}}