{"id":28117,"date":"2025-09-30T01:16:30","date_gmt":"2025-09-30T01:16:30","guid":{"rendered":"https:\/\/levelfixinstruments.com\/product\/metofix-sc600-digitaler-wandscanner\/"},"modified":"2025-11-25T09:31:28","modified_gmt":"2025-11-25T09:31:28","slug":"metofix-sc600-digitaler-wandscanner","status":"publish","type":"product","link":"https:\/\/levelfixinstruments.com\/de\/produkt\/messgerate-de\/inspektion-de\/metofix-sc600-digitaler-wandscanner\/","title":{"rendered":"METOFIX SC600 DIGITALER WANDSCANNER"},"content":{"rendered":"<p>Bevor Sie mit dem Bohren oder Stemmen beginnen, ist es ratsam, vorher zu wissen, ob sich Leitungen oder stromf\u00fchrende Dr\u00e4hte im Weg befinden. Oder wo sich St\u00e4nderwerk befindet, damit Sie wissen, wo Sie schrauben k\u00f6nnen. Mit dem digitalen METOFIX SC600 Scanner erfassen Sie alles einfach und schnell, damit Sie bedenkenlos arbeiten k\u00f6nnen.  <\/p>\n<p><strong>Was der SC600 alles kann? <\/strong><\/p>\n<ul>\n<li>Er findet die Mitte von St\u00e4nderwerk bis zu 38 mm Tiefe;<\/li>\n<li>lokalisiert Metall bis zu 76 mm Tiefe;<\/li>\n<li>Nichteisenmetalle (Kupfer, Blei, Aluminium, Zink) bis zu 36 mm;<\/li>\n<li>erkennt stromf\u00fchrende Leitungen bis zu 50 mm Tiefe.<\/li>\n<li>Gibt eine Warnung bei \u201efalsch-positiven\u201c Ergebnissen, dies sind beispielsweise Kunststoffrohre. Dadurch k\u00f6nnen nun auch Abfl\u00fcsse und Kunststoffleitungen gefunden werden. <\/li>\n<\/ul>\n<p>Dieser digitale Scanner verf\u00fcgt \u00fcber eine hohe Zuverl\u00e4ssigkeit dank der ACT-Autokorrekturtechnik. Mittels dieser Technologie \u00fcberpr\u00fcft er die Kalibrierung 10 Mal pro Sekunde und korrigiert die Messung bei Bedarf. <\/p>\n<p>Der digitale METOFIX SC600 Scanner wird mit einer 9V-Batterie betrieben.<\/p>\n","protected":false},"excerpt":{"rendered":"<p>Digitaler Wandscanner zur Erkennung von St\u00e4nderwerk, Metall, Nichteisenmetallen, stromf\u00fchrenden Leitungen oder Kunststoffrohren in der Wand.<\/p>\n","protected":false},"featured_media":34722,"template":"","meta":{"_acf_changed":false,"site-sidebar-layout":"default","site-content-layout":"","ast-site-content-layout":"default","site-content-style":"default","site-sidebar-style":"default","ast-global-header-display":"","ast-banner-title-visibility":"","ast-main-header-display":"","ast-hfb-above-header-display":"","ast-hfb-below-header-display":"","ast-hfb-mobile-header-display":"","site-post-title":"","ast-breadcrumbs-content":"","ast-featured-img":"","footer-sml-layout":"","ast-disable-related-posts":"","theme-transparent-header-meta":"","adv-header-id-meta":"","stick-header-meta":"","header-above-stick-meta":"","header-main-stick-meta":"","header-below-stick-meta":"","astra-migrate-meta-layouts":"default","ast-page-background-enabled":"default","ast-page-background-meta":{"desktop":{"background-color":"var(--ast-global-color-4)","background-image":"","background-repeat":"repeat","background-position":"center center","background-size":"auto","background-attachment":"scroll","background-type":"","background-media":"","overlay-type":"","overlay-color":"","overlay-opacity":"","overlay-gradient":""},"tablet":{"background-color":"","background-image":"","background-repeat":"repeat","background-position":"center center","background-size":"auto","background-attachment":"scroll","background-type":"","background-media":"","overlay-type":"","overlay-color":"","overlay-opacity":"","overlay-gradient":""},"mobile":{"background-color":"","background-image":"","background-repeat":"repeat","background-position":"center center","background-size":"auto","background-attachment":"scroll","background-type":"","background-media":"","overlay-type":"","overlay-color":"","overlay-opacity":"","overlay-gradient":""}},"ast-content-background-meta":{"desktop":{"background-color":"var(--ast-global-color-5)","background-image":"","background-repeat":"repeat","background-position":"center center","background-size":"auto","background-attachment":"scroll","background-type":"","background-media":"","overlay-type":"","overlay-color":"","overlay-opacity":"","overlay-gradient":""},"tablet":{"background-color":"var(--ast-global-color-5)","background-image":"","background-repeat":"repeat","background-position":"center center","background-size":"auto","background-attachment":"scroll","background-type":"","background-media":"","overlay-type":"","overlay-color":"","overlay-opacity":"","overlay-gradient":""},"mobile":{"background-color":"var(--ast-global-color-5)","background-image":"","background-repeat":"repeat","background-position":"center center","background-size":"auto","background-attachment":"scroll","background-type":"","background-media":"","overlay-type":"","overlay-color":"","overlay-opacity":"","overlay-gradient":""}}},"product_brand":[],"product_cat":[46599,46628],"product_tag":[],"class_list":{"0":"post-28117","1":"product","2":"type-product","3":"status-publish","4":"has-post-thumbnail","6":"product_cat-inspektion-de","7":"product_cat-wand-scanner-de","8":"desktop-align-left","9":"tablet-align-left","10":"mobile-align-left","11":"ast-product-gallery-layout-horizontal-slider","12":"ast-product-gallery-with-no-image","13":"ast-product-tabs-layout-horizontal","15":"first","16":"instock","17":"shipping-taxable","18":"purchasable","19":"product-type-simple"},"acf":[],"_links":{"self":[{"href":"https:\/\/levelfixinstruments.com\/de\/wp-json\/wp\/v2\/product\/28117","targetHints":{"allow":["GET"]}}],"collection":[{"href":"https:\/\/levelfixinstruments.com\/de\/wp-json\/wp\/v2\/product"}],"about":[{"href":"https:\/\/levelfixinstruments.com\/de\/wp-json\/wp\/v2\/types\/product"}],"wp:featuredmedia":[{"embeddable":true,"href":"https:\/\/levelfixinstruments.com\/de\/wp-json\/wp\/v2\/media\/34722"}],"wp:attachment":[{"href":"https:\/\/levelfixinstruments.com\/de\/wp-json\/wp\/v2\/media?parent=28117"}],"wp:term":[{"taxonomy":"product_brand","embeddable":true,"href":"https:\/\/levelfixinstruments.com\/de\/wp-json\/wp\/v2\/product_brand?post=28117"},{"taxonomy":"product_cat","embeddable":true,"href":"https:\/\/levelfixinstruments.com\/de\/wp-json\/wp\/v2\/product_cat?post=28117"},{"taxonomy":"product_tag","embeddable":true,"href":"https:\/\/levelfixinstruments.com\/de\/wp-json\/wp\/v2\/product_tag?post=28117"}],"curies":[{"name":"wp","href":"https:\/\/api.w.org\/{rel}","templated":true}]}}