{"id":28133,"date":"2025-09-30T01:16:41","date_gmt":"2025-09-30T01:16:41","guid":{"rendered":"https:\/\/levelfixinstruments.com\/product\/metofix-gm100-schallpegelmesser\/"},"modified":"2025-11-28T10:17:12","modified_gmt":"2025-11-28T10:17:12","slug":"metofix-gm100-schallpegelmesser","status":"publish","type":"product","link":"https:\/\/levelfixinstruments.com\/de\/produkt\/messgerate-de\/climate-engineering-de\/metofix-gm100-schallpegelmesser\/","title":{"rendered":"METOFIX GM100 SCHALLPEGELMESSER"},"content":{"rendered":"<p>Einfach und schnell messen, ob der Schallpegel innerhalb der Normen liegt? Das ist mit dem METOFIX GM100 Schallpegelmesser m\u00f6glich. Mit diesem Messinstrument k\u00f6nnen Sie auch die Wirkung von Isoliermaterial sichtbar machen. Mit einem Knopfdruck messen Sie den Schallpegel von 35 \u2013 130 dB mit einer Genauigkeit von ca. 3,5 dB. Der GM100 zeigt den Min-\/Max-Wert auf dem hellen Display an.    <\/p>\n<p>Praktisch f\u00fcr verschiedene Umst\u00e4nde, wie:<\/p>\n<ul>\n<li>In einer Arbeitsumgebung: um festzustellen, ob die Normen f\u00fcr Arbeitsbedingungen nicht \u00fcberschritten werden;<\/li>\n<li>In einer Wohnumgebung: um zu messen, ob es Bel\u00e4stigungen durch Stra\u00dfen, Bahnlinien, Industrie und Luftfahrt gibt;<\/li>\n<li>In der Gastronomie: um Bel\u00e4stigungen durch L\u00e4rm f\u00fcr Ihre Umgebung zu vermeiden;<\/li>\n<li>Bei Veranstaltungen: um Bel\u00e4stigungen f\u00fcr die Umgebung oder Geh\u00f6rsch\u00e4den beim Publikum zu vermeiden;<\/li>\n<li>Im Bauwesen: um die Akustik oder die Wirkung von Isolierung zu messen.<\/li>\n<\/ul>\n<p>Der GM100 Schallpegelmesser wird in einer praktischen, stabilen Tasche geliefert.<\/p>\n","protected":false},"excerpt":{"rendered":"<p>Kompakter Schallpegelmesser u.a. zur Messung von L\u00e4rmbel\u00e4stigung oder der Wirkung von Isoliermaterial.<\/p>\n","protected":false},"featured_media":35556,"template":"","meta":{"_acf_changed":false,"site-sidebar-layout":"default","site-content-layout":"","ast-site-content-layout":"default","site-content-style":"default","site-sidebar-style":"default","ast-global-header-display":"","ast-banner-title-visibility":"","ast-main-header-display":"","ast-hfb-above-header-display":"","ast-hfb-below-header-display":"","ast-hfb-mobile-header-display":"","site-post-title":"","ast-breadcrumbs-content":"","ast-featured-img":"","footer-sml-layout":"","ast-disable-related-posts":"","theme-transparent-header-meta":"","adv-header-id-meta":"","stick-header-meta":"","header-above-stick-meta":"","header-main-stick-meta":"","header-below-stick-meta":"","astra-migrate-meta-layouts":"default","ast-page-background-enabled":"default","ast-page-background-meta":{"desktop":{"background-color":"var(--ast-global-color-4)","background-image":"","background-repeat":"repeat","background-position":"center center","background-size":"auto","background-attachment":"scroll","background-type":"","background-media":"","overlay-type":"","overlay-color":"","overlay-opacity":"","overlay-gradient":""},"tablet":{"background-color":"","background-image":"","background-repeat":"repeat","background-position":"center center","background-size":"auto","background-attachment":"scroll","background-type":"","background-media":"","overlay-type":"","overlay-color":"","overlay-opacity":"","overlay-gradient":""},"mobile":{"background-color":"","background-image":"","background-repeat":"repeat","background-position":"center center","background-size":"auto","background-attachment":"scroll","background-type":"","background-media":"","overlay-type":"","overlay-color":"","overlay-opacity":"","overlay-gradient":""}},"ast-content-background-meta":{"desktop":{"background-color":"var(--ast-global-color-5)","background-image":"","background-repeat":"repeat","background-position":"center center","background-size":"auto","background-attachment":"scroll","background-type":"","background-media":"","overlay-type":"","overlay-color":"","overlay-opacity":"","overlay-gradient":""},"tablet":{"background-color":"var(--ast-global-color-5)","background-image":"","background-repeat":"repeat","background-position":"center center","background-size":"auto","background-attachment":"scroll","background-type":"","background-media":"","overlay-type":"","overlay-color":"","overlay-opacity":"","overlay-gradient":""},"mobile":{"background-color":"var(--ast-global-color-5)","background-image":"","background-repeat":"repeat","background-position":"center center","background-size":"auto","background-attachment":"scroll","background-type":"","background-media":"","overlay-type":"","overlay-color":"","overlay-opacity":"","overlay-gradient":""}}},"product_brand":[],"product_cat":[46605,46599,46591],"product_tag":[],"class_list":{"0":"post-28133","1":"product","2":"type-product","3":"status-publish","4":"has-post-thumbnail","6":"product_cat-climate-engineering-de","7":"product_cat-inspektion-de","8":"product_cat-schallpegelmesser-de","9":"desktop-align-left","10":"tablet-align-left","11":"mobile-align-left","12":"ast-product-gallery-layout-horizontal-slider","13":"ast-product-gallery-with-no-image","14":"ast-product-tabs-layout-horizontal","16":"first","17":"instock","18":"shipping-taxable","19":"purchasable","20":"product-type-simple"},"acf":[],"_links":{"self":[{"href":"https:\/\/levelfixinstruments.com\/de\/wp-json\/wp\/v2\/product\/28133","targetHints":{"allow":["GET"]}}],"collection":[{"href":"https:\/\/levelfixinstruments.com\/de\/wp-json\/wp\/v2\/product"}],"about":[{"href":"https:\/\/levelfixinstruments.com\/de\/wp-json\/wp\/v2\/types\/product"}],"wp:featuredmedia":[{"embeddable":true,"href":"https:\/\/levelfixinstruments.com\/de\/wp-json\/wp\/v2\/media\/35556"}],"wp:attachment":[{"href":"https:\/\/levelfixinstruments.com\/de\/wp-json\/wp\/v2\/media?parent=28133"}],"wp:term":[{"taxonomy":"product_brand","embeddable":true,"href":"https:\/\/levelfixinstruments.com\/de\/wp-json\/wp\/v2\/product_brand?post=28133"},{"taxonomy":"product_cat","embeddable":true,"href":"https:\/\/levelfixinstruments.com\/de\/wp-json\/wp\/v2\/product_cat?post=28133"},{"taxonomy":"product_tag","embeddable":true,"href":"https:\/\/levelfixinstruments.com\/de\/wp-json\/wp\/v2\/product_tag?post=28133"}],"curies":[{"name":"wp","href":"https:\/\/api.w.org\/{rel}","templated":true}]}}