{"id":28149,"date":"2025-09-30T01:16:48","date_gmt":"2025-09-30T01:16:48","guid":{"rendered":"https:\/\/levelfixinstruments.com\/product\/metofix-ti810-infrarot-thermo-hygrometer\/"},"modified":"2025-11-25T09:31:31","modified_gmt":"2025-11-25T09:31:31","slug":"metofix-ti810-infrarot-thermo-hygrometer","status":"publish","type":"product","link":"https:\/\/levelfixinstruments.com\/de\/produkt\/messgerate-de\/climate-engineering-de\/metofix-ti810-infrarot-thermo-hygrometer\/","title":{"rendered":"METOFIX TI810 INFRAROT THERMO-\/HYGROMETER"},"content":{"rendered":"<div>\n<p><span class=\"TextRun SCXW7022115 BCX0\" lang=\"NL-NL\" xml:lang=\"NL-NL\" data-contrast=\"auto\"><span class=\"NormalTextRun SCXW7022115 BCX0\">Mit dem METOFIX TI810 Thermo-\/Hygrometer erhalten Sie schnell Einblick in den D\u00e4mmwert eines Geb\u00e4udes. Mittels Infrarot messen Sie die Durchschnittstemperatur aller Arten von Materialien und Oberfl\u00e4chen. Damit vergleichen Sie beispielsweise die Temperatur einer Innen- und Au\u00dfenwand.  <\/span><\/span><span class=\"EOP SCXW7022115 BCX0\" data-ccp-props=\"{\"> <\/span><\/p>\n<\/div>\n<h3>Ist Ihre Arbeitsfl\u00e4che bereit f\u00fcr die Verarbeitung?<\/h3>\n<div>\n<p><span data-contrast=\"auto\">Auch f\u00fcr Stuckateure oder Maler ist dieses Thermo-\/Hydrometer ein n\u00fctzliches Hilfsmittel. Messen Sie genau und schnell Luftfeuchtigkeit, Taupunkt und Luftqualit\u00e4t. So wissen Sie, bei welcher Temperatur Tauwasser entsteht oder ob die Temperatur und Feuchtigkeit f\u00fcr die Verarbeitung geeignet sind.  <\/span><span data-ccp-props=\"{\"> <\/span><\/p>\n<p><span data-contrast=\"auto\">Der TI810 ist ein intelligentes All-in-One-Messger\u00e4t, mit dem Sie beispielsweise Folgendes messen k\u00f6nnen:<\/span><span data-ccp-props=\"{\"> <\/span><\/p>\n<ul>\n<li data-leveltext=\"\uf0b7\" data-font=\"Symbol\" data-listid=\"4\" data-list-defn-props=\"{\" aria-setsize=\"-1\" data-aria-posinset=\"1\" data-aria-level=\"1\"><span data-contrast=\"auto\">Taupunkt (-20 &#8211; 60\u00b0C);<\/span><span data-ccp-props=\"{\"> <\/span><\/li>\n<li data-leveltext=\"\uf0b7\" data-font=\"Symbol\" data-listid=\"4\" data-list-defn-props=\"{\" aria-setsize=\"-1\" data-aria-posinset=\"2\" data-aria-level=\"1\"><span data-contrast=\"auto\">Luftfeuchtigkeit (0 &#8211; 100 %);<\/span><span data-ccp-props=\"{\"> <\/span><\/li>\n<li data-leveltext=\"\uf0b7\" data-font=\"Symbol\" data-listid=\"4\" data-list-defn-props=\"{\" aria-setsize=\"-1\" data-aria-posinset=\"3\" data-aria-level=\"1\"><span data-contrast=\"auto\">Raumtemperatur (-30 &#8211; 100\u00b0C);<\/span><span data-ccp-props=\"{\"> <\/span><\/li>\n<li data-leveltext=\"\uf0b7\" data-font=\"Symbol\" data-listid=\"4\" data-list-defn-props=\"{\" aria-setsize=\"-1\" data-aria-posinset=\"4\" data-aria-level=\"1\"><span data-contrast=\"auto\">die Durchschnittstemperatur aller Arten von Materialien und Oberfl\u00e4chen.<\/span><span data-ccp-props=\"{\"> <\/span><\/li>\n<\/ul>\n<\/div>\n<h3>Genaues Messen mit Infrarot<\/h3>\n<div>\n<p><span data-contrast=\"auto\">Der TI810 misst mittels Infrarot schnell und genau. Er projiziert einen Kreis von Punkten, sodass Sie genau sehen k\u00f6nnen, welche Oberfl\u00e4che Sie messen. Die Durchschnittstemperatur wird auf dem gro\u00dfen, hellen LCD-Display angezeigt. Um sicherzustellen, dass die Infrarotmessung korrekt ist, k\u00f6nnen Sie f\u00fcr die meisten Materialien und Untergr\u00fcnde einen Emissionswert einstellen. So erhalten Sie einfach und schnell eine genaue Messung.    <\/span><span data-ccp-props=\"{\"> Der IR-Messbereich betr\u00e4gt -50 &#8211; 500\u00b0C.<\/span><\/p>\n<p><span data-contrast=\"auto\">Das METOFIX TI810 Infrarot-Thermo-\/Hygrometer wird mit 9V-Batterie in einer robusten Tasche geliefert.<\/span><span data-ccp-props=\"{\"> <\/span><\/p>\n<\/div>\n","protected":false},"excerpt":{"rendered":"<p>Infrarot-Thermo-Hygrometer mit Laserindikation zur schnellen und genauen Messung von Umgebungstemperatur, Luftfeuchtigkeit und Taupunkt.<\/p>\n","protected":false},"featured_media":34730,"template":"","meta":{"_acf_changed":false,"site-sidebar-layout":"default","site-content-layout":"","ast-site-content-layout":"default","site-content-style":"default","site-sidebar-style":"default","ast-global-header-display":"","ast-banner-title-visibility":"","ast-main-header-display":"","ast-hfb-above-header-display":"","ast-hfb-below-header-display":"","ast-hfb-mobile-header-display":"","site-post-title":"","ast-breadcrumbs-content":"","ast-featured-img":"","footer-sml-layout":"","ast-disable-related-posts":"","theme-transparent-header-meta":"","adv-header-id-meta":"","stick-header-meta":"","header-above-stick-meta":"","header-main-stick-meta":"","header-below-stick-meta":"","astra-migrate-meta-layouts":"default","ast-page-background-enabled":"default","ast-page-background-meta":{"desktop":{"background-color":"var(--ast-global-color-4)","background-image":"","background-repeat":"repeat","background-position":"center center","background-size":"auto","background-attachment":"scroll","background-type":"","background-media":"","overlay-type":"","overlay-color":"","overlay-opacity":"","overlay-gradient":""},"tablet":{"background-color":"","background-image":"","background-repeat":"repeat","background-position":"center center","background-size":"auto","background-attachment":"scroll","background-type":"","background-media":"","overlay-type":"","overlay-color":"","overlay-opacity":"","overlay-gradient":""},"mobile":{"background-color":"","background-image":"","background-repeat":"repeat","background-position":"center center","background-size":"auto","background-attachment":"scroll","background-type":"","background-media":"","overlay-type":"","overlay-color":"","overlay-opacity":"","overlay-gradient":""}},"ast-content-background-meta":{"desktop":{"background-color":"var(--ast-global-color-5)","background-image":"","background-repeat":"repeat","background-position":"center center","background-size":"auto","background-attachment":"scroll","background-type":"","background-media":"","overlay-type":"","overlay-color":"","overlay-opacity":"","overlay-gradient":""},"tablet":{"background-color":"var(--ast-global-color-5)","background-image":"","background-repeat":"repeat","background-position":"center center","background-size":"auto","background-attachment":"scroll","background-type":"","background-media":"","overlay-type":"","overlay-color":"","overlay-opacity":"","overlay-gradient":""},"mobile":{"background-color":"var(--ast-global-color-5)","background-image":"","background-repeat":"repeat","background-position":"center center","background-size":"auto","background-attachment":"scroll","background-type":"","background-media":"","overlay-type":"","overlay-color":"","overlay-opacity":"","overlay-gradient":""}}},"product_brand":[],"product_cat":[46605,46597,46599],"product_tag":[],"class_list":{"0":"post-28149","1":"product","2":"type-product","3":"status-publish","4":"has-post-thumbnail","6":"product_cat-climate-engineering-de","7":"product_cat-hygrometer-de","8":"product_cat-inspektion-de","9":"desktop-align-left","10":"tablet-align-left","11":"mobile-align-left","12":"ast-product-gallery-layout-horizontal-slider","13":"ast-product-gallery-with-no-image","14":"ast-product-tabs-layout-horizontal","16":"first","17":"instock","18":"shipping-taxable","19":"purchasable","20":"product-type-simple"},"acf":[],"_links":{"self":[{"href":"https:\/\/levelfixinstruments.com\/de\/wp-json\/wp\/v2\/product\/28149","targetHints":{"allow":["GET"]}}],"collection":[{"href":"https:\/\/levelfixinstruments.com\/de\/wp-json\/wp\/v2\/product"}],"about":[{"href":"https:\/\/levelfixinstruments.com\/de\/wp-json\/wp\/v2\/types\/product"}],"wp:featuredmedia":[{"embeddable":true,"href":"https:\/\/levelfixinstruments.com\/de\/wp-json\/wp\/v2\/media\/34730"}],"wp:attachment":[{"href":"https:\/\/levelfixinstruments.com\/de\/wp-json\/wp\/v2\/media?parent=28149"}],"wp:term":[{"taxonomy":"product_brand","embeddable":true,"href":"https:\/\/levelfixinstruments.com\/de\/wp-json\/wp\/v2\/product_brand?post=28149"},{"taxonomy":"product_cat","embeddable":true,"href":"https:\/\/levelfixinstruments.com\/de\/wp-json\/wp\/v2\/product_cat?post=28149"},{"taxonomy":"product_tag","embeddable":true,"href":"https:\/\/levelfixinstruments.com\/de\/wp-json\/wp\/v2\/product_tag?post=28149"}],"curies":[{"name":"wp","href":"https:\/\/api.w.org\/{rel}","templated":true}]}}