{"id":28157,"date":"2025-09-30T01:16:50","date_gmt":"2025-09-30T01:16:50","guid":{"rendered":"https:\/\/levelfixinstruments.com\/product\/metofix-vm128-feuchtigkeitsmesser\/"},"modified":"2025-11-28T10:18:04","modified_gmt":"2025-11-28T10:18:04","slug":"metofix-vm128-feuchtigkeitsmesser","status":"publish","type":"product","link":"https:\/\/levelfixinstruments.com\/de\/produkt\/messgerate-de\/climate-engineering-de\/metofix-vm128-feuchtigkeitsmesser\/","title":{"rendered":"METOFIX VM128 FEUCHTIGKEITSMESSER"},"content":{"rendered":"<p>Feuchtigkeitsansammlung in W\u00e4nden oder B\u00f6den? Mit dem METOFIX VM 128 messen Sie, wie trocken oder nass die W\u00e4nde oder B\u00f6den sind. So sp\u00fcren Sie leicht Feuchtigkeit auf, die beispielsweise durch schlechte Kernd\u00e4mmung oder Kondenswasserbildung infolge luftdichten Bauens entstanden ist. Auch ist eine Feuchtigkeitsmessung nat\u00fcrlich n\u00fctzlich, um den Feuchtigkeitswert von Ausbaumaterialien (Gips, Beton, Anhydrit) nach der Verarbeitung zu bestimmen.   <\/p>\n<p><strong>Zerst\u00f6rungsfreier Feuchtigkeitsmesser f\u00fcr alle Baumaterialien<\/strong><\/p>\n<p>Der VM128 ist ein zerst\u00f6rungsfreier Feuchtigkeitsmesser f\u00fcr harte Materialien und Materialien, die nicht besch\u00e4digt werden d\u00fcrfen, wie Beton, Zement, Holz und andere Baumaterialien.<\/p>\n<p>Der VM128 ist geeignet f\u00fcr:<\/p>\n<ul>\n<li>die Feststellung von Feuchtigkeitsflecken in B\u00f6den, W\u00e4nden und Decken;<\/li>\n<li>die Bestimmung, ob eine Oberfl\u00e4che zum Abdecken oder Streichen geeignet ist;<\/li>\n<li>die Messung des Feuchtigkeitsgehalts von Ausbaumaterialien nach der Verarbeitung;<\/li>\n<\/ul>\n<p><strong>Eine richtige Messung f\u00fcr die richtigen Messwerte<\/strong><\/p>\n<p>Wie bei allen Messinstrumenten ist eine richtige Messung wichtig f\u00fcr die richtigen Werte. Eine einzelne Messung sagt noch nichts aus. Durch mehrere Messungen k\u00f6nnen Sie diese untereinander vergleichen. Anhand der Theorie \u201eeine Oberfl\u00e4che kann wohl gleichm\u00e4\u00dfig trocken sein, aber nicht gleichm\u00e4\u00dfig nass\u201c k\u00f6nnen Sie bestimmen, ob eine Wand oder ein Boden trocken ist. Sind alle Werte gleich? Dann ist die Oberfl\u00e4che trocken. Wenn der VM128 verschiedene Werte anzeigt, wissen Sie, welche Stellen noch feucht sind oder wo ein Feuchtigkeitsproblem vorliegt. Beachten Sie jedoch, dass das Messger\u00e4t 4 cm tief misst und die Messungen dadurch beispielsweise durch darunterliegende (Fu\u00dfboden-)Heizung, Kupferleitungen, Geflecht oder alte Fliesen beeinflusst werden k\u00f6nnen.       <\/p>\n<p><strong>Messen mit dem richtigen Messwert<\/strong><\/p>\n<p>Der VM128 zeigt die gemessenen Werte standardm\u00e4\u00dfig in einer relativen Skala (0-100) an. F\u00fcr einige Materialien wie Putz, Beton, Anhydrit und Holz zeigt er die gemessenen Werte in Prozent an. Beachten Sie jedoch, dass Mineralien und Salze im Material die Messungen beeinflussen k\u00f6nnen. Die Messung des VM128 ist eine Indikation. M\u00f6chten Sie 100 % Sicherheit \u00fcber den richtigen Feuchtigkeitsgehalt haben? Lassen Sie dann eine Calciumcarbid-Messung durchf\u00fchren.     <\/p>\n<p>Der METOFIX VM128 Feuchtigkeitsmesser wird in einer stabilen Tasche geliefert.<\/p>\n","protected":false},"excerpt":{"rendered":"<p>Zerst\u00f6rungsfreier Feuchtigkeitsmesser f\u00fcr alle Baumaterialien.<\/p>\n","protected":false},"featured_media":33298,"template":"","meta":{"_acf_changed":false,"site-sidebar-layout":"default","site-content-layout":"","ast-site-content-layout":"default","site-content-style":"default","site-sidebar-style":"default","ast-global-header-display":"","ast-banner-title-visibility":"","ast-main-header-display":"","ast-hfb-above-header-display":"","ast-hfb-below-header-display":"","ast-hfb-mobile-header-display":"","site-post-title":"","ast-breadcrumbs-content":"","ast-featured-img":"","footer-sml-layout":"","ast-disable-related-posts":"","theme-transparent-header-meta":"","adv-header-id-meta":"","stick-header-meta":"","header-above-stick-meta":"","header-main-stick-meta":"","header-below-stick-meta":"","astra-migrate-meta-layouts":"default","ast-page-background-enabled":"default","ast-page-background-meta":{"desktop":{"background-color":"var(--ast-global-color-4)","background-image":"","background-repeat":"repeat","background-position":"center center","background-size":"auto","background-attachment":"scroll","background-type":"","background-media":"","overlay-type":"","overlay-color":"","overlay-opacity":"","overlay-gradient":""},"tablet":{"background-color":"","background-image":"","background-repeat":"repeat","background-position":"center center","background-size":"auto","background-attachment":"scroll","background-type":"","background-media":"","overlay-type":"","overlay-color":"","overlay-opacity":"","overlay-gradient":""},"mobile":{"background-color":"","background-image":"","background-repeat":"repeat","background-position":"center center","background-size":"auto","background-attachment":"scroll","background-type":"","background-media":"","overlay-type":"","overlay-color":"","overlay-opacity":"","overlay-gradient":""}},"ast-content-background-meta":{"desktop":{"background-color":"var(--ast-global-color-5)","background-image":"","background-repeat":"repeat","background-position":"center center","background-size":"auto","background-attachment":"scroll","background-type":"","background-media":"","overlay-type":"","overlay-color":"","overlay-opacity":"","overlay-gradient":""},"tablet":{"background-color":"var(--ast-global-color-5)","background-image":"","background-repeat":"repeat","background-position":"center center","background-size":"auto","background-attachment":"scroll","background-type":"","background-media":"","overlay-type":"","overlay-color":"","overlay-opacity":"","overlay-gradient":""},"mobile":{"background-color":"var(--ast-global-color-5)","background-image":"","background-repeat":"repeat","background-position":"center center","background-size":"auto","background-attachment":"scroll","background-type":"","background-media":"","overlay-type":"","overlay-color":"","overlay-opacity":"","overlay-gradient":""}}},"product_brand":[],"product_cat":[46605,46643,46599],"product_tag":[],"class_list":{"0":"post-28157","1":"product","2":"type-product","3":"status-publish","4":"has-post-thumbnail","6":"product_cat-climate-engineering-de","7":"product_cat-feuchtemessgerate-de","8":"product_cat-inspektion-de","9":"desktop-align-left","10":"tablet-align-left","11":"mobile-align-left","12":"ast-product-gallery-layout-horizontal-slider","13":"ast-product-gallery-with-no-image","14":"ast-product-tabs-layout-horizontal","16":"first","17":"instock","18":"shipping-taxable","19":"purchasable","20":"product-type-simple"},"acf":[],"_links":{"self":[{"href":"https:\/\/levelfixinstruments.com\/de\/wp-json\/wp\/v2\/product\/28157","targetHints":{"allow":["GET"]}}],"collection":[{"href":"https:\/\/levelfixinstruments.com\/de\/wp-json\/wp\/v2\/product"}],"about":[{"href":"https:\/\/levelfixinstruments.com\/de\/wp-json\/wp\/v2\/types\/product"}],"wp:featuredmedia":[{"embeddable":true,"href":"https:\/\/levelfixinstruments.com\/de\/wp-json\/wp\/v2\/media\/33298"}],"wp:attachment":[{"href":"https:\/\/levelfixinstruments.com\/de\/wp-json\/wp\/v2\/media?parent=28157"}],"wp:term":[{"taxonomy":"product_brand","embeddable":true,"href":"https:\/\/levelfixinstruments.com\/de\/wp-json\/wp\/v2\/product_brand?post=28157"},{"taxonomy":"product_cat","embeddable":true,"href":"https:\/\/levelfixinstruments.com\/de\/wp-json\/wp\/v2\/product_cat?post=28157"},{"taxonomy":"product_tag","embeddable":true,"href":"https:\/\/levelfixinstruments.com\/de\/wp-json\/wp\/v2\/product_tag?post=28157"}],"curies":[{"name":"wp","href":"https:\/\/api.w.org\/{rel}","templated":true}]}}