{"id":28197,"date":"2025-09-30T01:17:09","date_gmt":"2025-09-30T01:17:09","guid":{"rendered":"https:\/\/levelfixinstruments.com\/product\/metofix-telefix-messstab-3m\/"},"modified":"2025-11-25T09:33:02","modified_gmt":"2025-11-25T09:33:02","slug":"metofix-telefix-messstab-3m","status":"publish","type":"product","link":"https:\/\/levelfixinstruments.com\/de\/produkt\/messgerate-de\/messlatten-de\/metofix-telefix-messstab-3m\/","title":{"rendered":"METOFIX TELEFIX MESSSTAB 3M"},"content":{"rendered":"<p>Die TELEFIX Teleskop-Messst\u00e4be sind teleskopisch ausziehbar in H\u00f6hen von 3 bis 10 Metern und eignen sich zur Messung von Dachh\u00f6hen, Deckenh\u00f6hen und R\u00e4umen. Die integrierte horizontale und vertikale Libelle garantiert eine exakte Handhabung. Der TELEFIX erm\u00f6glicht eine einfache analoge Ablesung der mm-Skala in komfortabler H\u00f6he, ohne den Teleskop-Messstab biegen oder sch\u00fctteln zu m\u00fcssen.  <\/p>\n","protected":false},"excerpt":{"rendered":"<p>Teleskopischer Messstab 3m mit horizontaler und vertikaler Libelle.<\/p>\n","protected":false},"featured_media":34786,"template":"","meta":{"_acf_changed":false,"site-sidebar-layout":"default","site-content-layout":"","ast-site-content-layout":"default","site-content-style":"default","site-sidebar-style":"default","ast-global-header-display":"","ast-banner-title-visibility":"","ast-main-header-display":"","ast-hfb-above-header-display":"","ast-hfb-below-header-display":"","ast-hfb-mobile-header-display":"","site-post-title":"","ast-breadcrumbs-content":"","ast-featured-img":"","footer-sml-layout":"","ast-disable-related-posts":"","theme-transparent-header-meta":"","adv-header-id-meta":"","stick-header-meta":"","header-above-stick-meta":"","header-main-stick-meta":"","header-below-stick-meta":"","astra-migrate-meta-layouts":"default","ast-page-background-enabled":"default","ast-page-background-meta":{"desktop":{"background-color":"var(--ast-global-color-4)","background-image":"","background-repeat":"repeat","background-position":"center center","background-size":"auto","background-attachment":"scroll","background-type":"","background-media":"","overlay-type":"","overlay-color":"","overlay-opacity":"","overlay-gradient":""},"tablet":{"background-color":"","background-image":"","background-repeat":"repeat","background-position":"center center","background-size":"auto","background-attachment":"scroll","background-type":"","background-media":"","overlay-type":"","overlay-color":"","overlay-opacity":"","overlay-gradient":""},"mobile":{"background-color":"","background-image":"","background-repeat":"repeat","background-position":"center center","background-size":"auto","background-attachment":"scroll","background-type":"","background-media":"","overlay-type":"","overlay-color":"","overlay-opacity":"","overlay-gradient":""}},"ast-content-background-meta":{"desktop":{"background-color":"var(--ast-global-color-5)","background-image":"","background-repeat":"repeat","background-position":"center center","background-size":"auto","background-attachment":"scroll","background-type":"","background-media":"","overlay-type":"","overlay-color":"","overlay-opacity":"","overlay-gradient":""},"tablet":{"background-color":"var(--ast-global-color-5)","background-image":"","background-repeat":"repeat","background-position":"center center","background-size":"auto","background-attachment":"scroll","background-type":"","background-media":"","overlay-type":"","overlay-color":"","overlay-opacity":"","overlay-gradient":""},"mobile":{"background-color":"var(--ast-global-color-5)","background-image":"","background-repeat":"repeat","background-position":"center center","background-size":"auto","background-attachment":"scroll","background-type":"","background-media":"","overlay-type":"","overlay-color":"","overlay-opacity":"","overlay-gradient":""}}},"product_brand":[],"product_cat":[46623],"product_tag":[],"class_list":{"0":"post-28197","1":"product","2":"type-product","3":"status-publish","4":"has-post-thumbnail","6":"product_cat-messlatten-de","7":"desktop-align-left","8":"tablet-align-left","9":"mobile-align-left","10":"ast-product-gallery-layout-horizontal-slider","11":"ast-product-gallery-with-no-image","12":"ast-product-tabs-layout-horizontal","14":"first","15":"instock","16":"shipping-taxable","17":"purchasable","18":"product-type-simple"},"acf":[],"_links":{"self":[{"href":"https:\/\/levelfixinstruments.com\/de\/wp-json\/wp\/v2\/product\/28197","targetHints":{"allow":["GET"]}}],"collection":[{"href":"https:\/\/levelfixinstruments.com\/de\/wp-json\/wp\/v2\/product"}],"about":[{"href":"https:\/\/levelfixinstruments.com\/de\/wp-json\/wp\/v2\/types\/product"}],"wp:featuredmedia":[{"embeddable":true,"href":"https:\/\/levelfixinstruments.com\/de\/wp-json\/wp\/v2\/media\/34786"}],"wp:attachment":[{"href":"https:\/\/levelfixinstruments.com\/de\/wp-json\/wp\/v2\/media?parent=28197"}],"wp:term":[{"taxonomy":"product_brand","embeddable":true,"href":"https:\/\/levelfixinstruments.com\/de\/wp-json\/wp\/v2\/product_brand?post=28197"},{"taxonomy":"product_cat","embeddable":true,"href":"https:\/\/levelfixinstruments.com\/de\/wp-json\/wp\/v2\/product_cat?post=28197"},{"taxonomy":"product_tag","embeddable":true,"href":"https:\/\/levelfixinstruments.com\/de\/wp-json\/wp\/v2\/product_tag?post=28197"}],"curies":[{"name":"wp","href":"https:\/\/api.w.org\/{rel}","templated":true}]}}