{"id":30606,"date":"2025-09-30T08:10:24","date_gmt":"2025-09-30T08:10:24","guid":{"rendered":"https:\/\/levelfixinstruments.com\/product\/levelfix-cl130g-gruener-kreuzlinienlaser\/"},"modified":"2026-03-06T10:18:38","modified_gmt":"2026-03-06T10:18:38","slug":"levelfix-cl130g-gruener-kreuzlinienlaser","status":"publish","type":"product","link":"https:\/\/levelfixinstruments.com\/de\/produkt\/laser-de\/kreuzlinienlaser-de\/levelfix-cl130g-gruener-kreuzlinienlaser\/","title":{"rendered":"LEVELFIX CL130G GR\u00dcNER KREUZLINIENLASER"},"content":{"rendered":"<p><strong>Hellgr\u00fcne Linien<\/strong><br \/>\nDer LEVELFIX CL130G ist ein professioneller und robuster Kreuzlinienlaser mit einer hellgr\u00fcnen horizontalen und vertikalen Laserlinie. Die Linien k\u00f6nnen separat und gleichzeitig eingeschaltet werden. Durch die Verwendung einer hochwertigen und stabilen gr\u00fcnen Laserdiode sind die Linien extrem gut sichtbar und hervorragend f\u00fcr alle Innenanwendungen geeignet.  <\/p>\n<p><strong>Selbstnivellierend und vielseitig<\/strong><br \/>\nDas Pendelsystem im Laser sorgt daf\u00fcr, dass sich das Instrument pr\u00e4zise selbst nivelliert. Wenn das Instrument nicht korrekt eingestellt ist, blinken die Linien.  Das selbstnivellierende System ist ebenfalls umschaltbar. Dies erm\u00f6glicht es Ihnen, die Linien in allen gew\u00fcnschten Winkeln zu projizieren. Zudem sch\u00fctzt diese Position das Pendel w\u00e4hrend des Transports, da es verriegelt ist. Dank des kompakten Formats des CL130G k\u00f6nnen Sie ihn problemlos \u00fcberallhin mitnehmen.  <\/p>\n<p>Der Laser verf\u00fcgt \u00fcber eine integrierte Wandhalterung mit extra starken Magneten und 1\/4\u201d-Anschluss. Damit befestigst du den CL130G einfach an Wand oder Stativ, um ihn in jeder Situation optimal zu positionieren. Klicke den Laser auf die mitgelieferte Wandklemme, um ihn m\u00fchelos auf die richtige H\u00f6he einzustellen.  <\/p>\n<p><strong>Mit oder ohne Empf\u00e4nger<\/strong><br \/>\nDank der Empf\u00e4ngerfunktion bietet der CL130G noch mehr M\u00f6glichkeiten. In Kombination mit einem Empf\u00e4nger hat der Laser eine gr\u00f6\u00dfere Reichweite und du kannst ihn auch im Freien verwenden. Der Empf\u00e4nger ist optional erh\u00e4ltlich.  <\/p>\n","protected":false},"excerpt":{"rendered":"<p>Kompakter Kreuzlinienlaser mit horizontaler und vertikaler gr\u00fcner Linie und integrierter Wandhalterung.<\/p>\n","protected":false},"featured_media":36343,"template":"","meta":{"_acf_changed":false,"site-sidebar-layout":"default","site-content-layout":"","ast-site-content-layout":"default","site-content-style":"default","site-sidebar-style":"default","ast-global-header-display":"","ast-banner-title-visibility":"","ast-main-header-display":"","ast-hfb-above-header-display":"","ast-hfb-below-header-display":"","ast-hfb-mobile-header-display":"","site-post-title":"","ast-breadcrumbs-content":"","ast-featured-img":"","footer-sml-layout":"","ast-disable-related-posts":"","theme-transparent-header-meta":"default","adv-header-id-meta":"","stick-header-meta":"","header-above-stick-meta":"","header-main-stick-meta":"","header-below-stick-meta":"","astra-migrate-meta-layouts":"default","ast-page-background-enabled":"default","ast-page-background-meta":{"desktop":{"background-color":"var(--ast-global-color-4)","background-image":"","background-repeat":"repeat","background-position":"center center","background-size":"auto","background-attachment":"scroll","background-type":"","background-media":"","overlay-type":"","overlay-color":"","overlay-opacity":"","overlay-gradient":""},"tablet":{"background-color":"","background-image":"","background-repeat":"repeat","background-position":"center center","background-size":"auto","background-attachment":"scroll","background-type":"","background-media":"","overlay-type":"","overlay-color":"","overlay-opacity":"","overlay-gradient":""},"mobile":{"background-color":"","background-image":"","background-repeat":"repeat","background-position":"center center","background-size":"auto","background-attachment":"scroll","background-type":"","background-media":"","overlay-type":"","overlay-color":"","overlay-opacity":"","overlay-gradient":""}},"ast-content-background-meta":{"desktop":{"background-color":"var(--ast-global-color-5)","background-image":"","background-repeat":"repeat","background-position":"center center","background-size":"auto","background-attachment":"scroll","background-type":"","background-media":"","overlay-type":"","overlay-color":"","overlay-opacity":"","overlay-gradient":""},"tablet":{"background-color":"var(--ast-global-color-5)","background-image":"","background-repeat":"repeat","background-position":"center center","background-size":"auto","background-attachment":"scroll","background-type":"","background-media":"","overlay-type":"","overlay-color":"","overlay-opacity":"","overlay-gradient":""},"mobile":{"background-color":"var(--ast-global-color-5)","background-image":"","background-repeat":"repeat","background-position":"center center","background-size":"auto","background-attachment":"scroll","background-type":"","background-media":"","overlay-type":"","overlay-color":"","overlay-opacity":"","overlay-gradient":""}}},"product_brand":[],"product_cat":[46608],"product_tag":[],"class_list":{"0":"post-30606","1":"product","2":"type-product","3":"status-publish","4":"has-post-thumbnail","6":"product_cat-kreuzlinienlaser-de","7":"desktop-align-left","8":"tablet-align-left","9":"mobile-align-left","10":"ast-product-gallery-layout-horizontal-slider","11":"ast-product-tabs-layout-horizontal","13":"first","14":"instock","15":"shipping-taxable","16":"purchasable","17":"product-type-simple"},"acf":[],"_links":{"self":[{"href":"https:\/\/levelfixinstruments.com\/de\/wp-json\/wp\/v2\/product\/30606","targetHints":{"allow":["GET"]}}],"collection":[{"href":"https:\/\/levelfixinstruments.com\/de\/wp-json\/wp\/v2\/product"}],"about":[{"href":"https:\/\/levelfixinstruments.com\/de\/wp-json\/wp\/v2\/types\/product"}],"wp:featuredmedia":[{"embeddable":true,"href":"https:\/\/levelfixinstruments.com\/de\/wp-json\/wp\/v2\/media\/36343"}],"wp:attachment":[{"href":"https:\/\/levelfixinstruments.com\/de\/wp-json\/wp\/v2\/media?parent=30606"}],"wp:term":[{"taxonomy":"product_brand","embeddable":true,"href":"https:\/\/levelfixinstruments.com\/de\/wp-json\/wp\/v2\/product_brand?post=30606"},{"taxonomy":"product_cat","embeddable":true,"href":"https:\/\/levelfixinstruments.com\/de\/wp-json\/wp\/v2\/product_cat?post=30606"},{"taxonomy":"product_tag","embeddable":true,"href":"https:\/\/levelfixinstruments.com\/de\/wp-json\/wp\/v2\/product_tag?post=30606"}],"curies":[{"name":"wp","href":"https:\/\/api.w.org\/{rel}","templated":true}]}}