{"id":33461,"date":"2025-11-03T10:57:22","date_gmt":"2025-11-03T10:57:22","guid":{"rendered":"https:\/\/levelfixinstruments.com\/product\/unkategorisiert\/levelfix-xpower-akku-mit-ladegeraet-set\/"},"modified":"2025-11-25T09:16:56","modified_gmt":"2025-11-25T09:16:56","slug":"levelfix-xpower-akku-mit-ladegeraet-set","status":"publish","type":"product","link":"https:\/\/levelfixinstruments.com\/de\/produkt\/zubehor-und-zubehorteile-de\/akkus-und-ladegerate-de\/levelfix-xpower-akku-mit-ladegeraet-set\/","title":{"rendered":"LEVELFIX XPOWER AKKU MIT LADEGER\u00c4T SET"},"content":{"rendered":"<p>Das LEVELFIX Xpower Set besteht aus dem AC600 Akku und dem CH600 Ladeger\u00e4t. Dieses Set ist f\u00fcr die folgenden LEVELFIX Laser geeignet: <\/p>\n<ul>\n<li>CCL280G<\/li>\n<li>CCL283G<\/li>\n<li>CCL284G<\/li>\n<li>MCL380G<\/li>\n<li>CCL460G<\/li>\n<li>CCL680G<\/li>\n<\/ul>\n<p>Verwenden Sie den Akku als Ersatzakku f\u00fcr Ihr LEVELFIX Instrument oder kombinieren Sie ihn mit einem der X18V Smart Battery Adapter, um Ihren Laser mit Akkus verschiedener Marken verwenden zu k\u00f6nnen. So steht Ihre Arbeit niemals still wegen eines leeren Akkus! <\/p>\n","protected":false},"excerpt":{"rendered":"<p>LEVELFIX Xpower Set mit Li-Ionen-Akku und Ladeger\u00e4t. Geeignet f\u00fcr die LEVELFIX CCL280G, CCL283G, CCL284G, MCL380G, CCL460G und CCL680G. <\/p>\n","protected":false},"featured_media":33770,"template":"","meta":{"_acf_changed":false,"site-sidebar-layout":"default","site-content-layout":"","ast-site-content-layout":"default","site-content-style":"default","site-sidebar-style":"default","ast-global-header-display":"","ast-banner-title-visibility":"","ast-main-header-display":"","ast-hfb-above-header-display":"","ast-hfb-below-header-display":"","ast-hfb-mobile-header-display":"","site-post-title":"","ast-breadcrumbs-content":"","ast-featured-img":"","footer-sml-layout":"","ast-disable-related-posts":"","theme-transparent-header-meta":"","adv-header-id-meta":"","stick-header-meta":"","header-above-stick-meta":"","header-main-stick-meta":"","header-below-stick-meta":"","astra-migrate-meta-layouts":"default","ast-page-background-enabled":"default","ast-page-background-meta":{"desktop":{"background-color":"var(--ast-global-color-4)","background-image":"","background-repeat":"repeat","background-position":"center center","background-size":"auto","background-attachment":"scroll","background-type":"","background-media":"","overlay-type":"","overlay-color":"","overlay-opacity":"","overlay-gradient":""},"tablet":{"background-color":"","background-image":"","background-repeat":"repeat","background-position":"center center","background-size":"auto","background-attachment":"scroll","background-type":"","background-media":"","overlay-type":"","overlay-color":"","overlay-opacity":"","overlay-gradient":""},"mobile":{"background-color":"","background-image":"","background-repeat":"repeat","background-position":"center center","background-size":"auto","background-attachment":"scroll","background-type":"","background-media":"","overlay-type":"","overlay-color":"","overlay-opacity":"","overlay-gradient":""}},"ast-content-background-meta":{"desktop":{"background-color":"var(--ast-global-color-5)","background-image":"","background-repeat":"repeat","background-position":"center center","background-size":"auto","background-attachment":"scroll","background-type":"","background-media":"","overlay-type":"","overlay-color":"","overlay-opacity":"","overlay-gradient":""},"tablet":{"background-color":"var(--ast-global-color-5)","background-image":"","background-repeat":"repeat","background-position":"center center","background-size":"auto","background-attachment":"scroll","background-type":"","background-media":"","overlay-type":"","overlay-color":"","overlay-opacity":"","overlay-gradient":""},"mobile":{"background-color":"var(--ast-global-color-5)","background-image":"","background-repeat":"repeat","background-position":"center center","background-size":"auto","background-attachment":"scroll","background-type":"","background-media":"","overlay-type":"","overlay-color":"","overlay-opacity":"","overlay-gradient":""}}},"product_brand":[],"product_cat":[46564],"product_tag":[],"class_list":{"0":"post-33461","1":"product","2":"type-product","3":"status-publish","4":"has-post-thumbnail","6":"product_cat-akkus-und-ladegerate-de","7":"desktop-align-left","8":"tablet-align-left","9":"mobile-align-left","10":"ast-product-gallery-layout-horizontal-slider","11":"ast-product-tabs-layout-horizontal","13":"first","14":"instock","15":"shipping-taxable","16":"purchasable","17":"product-type-simple"},"acf":[],"_links":{"self":[{"href":"https:\/\/levelfixinstruments.com\/de\/wp-json\/wp\/v2\/product\/33461","targetHints":{"allow":["GET"]}}],"collection":[{"href":"https:\/\/levelfixinstruments.com\/de\/wp-json\/wp\/v2\/product"}],"about":[{"href":"https:\/\/levelfixinstruments.com\/de\/wp-json\/wp\/v2\/types\/product"}],"wp:featuredmedia":[{"embeddable":true,"href":"https:\/\/levelfixinstruments.com\/de\/wp-json\/wp\/v2\/media\/33770"}],"wp:attachment":[{"href":"https:\/\/levelfixinstruments.com\/de\/wp-json\/wp\/v2\/media?parent=33461"}],"wp:term":[{"taxonomy":"product_brand","embeddable":true,"href":"https:\/\/levelfixinstruments.com\/de\/wp-json\/wp\/v2\/product_brand?post=33461"},{"taxonomy":"product_cat","embeddable":true,"href":"https:\/\/levelfixinstruments.com\/de\/wp-json\/wp\/v2\/product_cat?post=33461"},{"taxonomy":"product_tag","embeddable":true,"href":"https:\/\/levelfixinstruments.com\/de\/wp-json\/wp\/v2\/product_tag?post=33461"}],"curies":[{"name":"wp","href":"https:\/\/api.w.org\/{rel}","templated":true}]}}