{"id":36232,"date":"2026-02-19T22:22:00","date_gmt":"2026-02-19T22:22:00","guid":{"rendered":"https:\/\/levelfixinstruments.com\/product\/unkategorisiert\/levelfix-ccl170g-gruener-3d-multilinienlaser-3x-360\/"},"modified":"2026-03-06T10:28:07","modified_gmt":"2026-03-06T10:28:07","slug":"levelfix-ccl170g-gruener-3d-multilinienlaser-3x-360","status":"publish","type":"product","link":"https:\/\/levelfixinstruments.com\/de\/produkt\/laser-de\/kreuzlinienlaser-de\/levelfix-ccl170g-gruener-3d-multilinienlaser-3x-360\/","title":{"rendered":"LEVELFIX CCL170G GR\u00dcNER 3D-MULTILINIENLASER 3X 360\u00b0"},"content":{"rendered":"<p>Der LEVELFIX CCL170G ist ein einzigartiger, multifunktionaler Laser. Dank der drei Kegel projiziert er eine horizontale 360-Grad-Linie und zwei vertikale 360-Grad-Linien. Damit k\u00f6nnen Sie mit diesem Laser Wasserwaagelinien setzen, lotrecht ausrichten und eine Kreuzlinie an Wand, Decke und Boden projizieren.  <\/p>\n<p><strong>Kompakt und vielseitig<\/strong><\/p>\n<p>Der CCL170G ist ein kompakter und handlicher Laser mit hochwertigen Komponenten, guten Spezifikationen und allem notwendigen Zubeh\u00f6r, um sofort loslegen zu k\u00f6nnen. So gibt Ihnen die mitgelieferte magnetische Wandhalterung die M\u00f6glichkeit, den Laser sowohl an der Wand als auch auf einem Stativ zu verwenden. Dadurch platzieren Sie den Laser unter allen Umst\u00e4nden in der gew\u00fcnschten Position.  <\/p>\n<p><strong> Gr\u00fcne Diode<\/strong><\/p>\n<p>Der Laser ist mit einer starken gr\u00fcnen Laserdiode ausgestattet, die bis zu 4x besser sichtbar ist als die klassische rote Diode. Die gr\u00fcne Diode projiziert helle und scharfe Laserlinien.  Die Sichtbarkeit h\u00e4ngt stark vom Umgebungslicht ab. Je mehr Licht, desto weniger sichtbar sind die Linien. <\/p>\n<p><strong>Li-Ionen-Technologie<\/strong><\/p>\n<p>Der Laser wird komplett mit zwei herausnehmbaren Li-Ionen-Akkus und Ladeger\u00e4t geliefert. So k\u00f6nnen Sie sich immer auf den CCL170G verlassen. <\/p>\n<p><strong>Empf\u00e4ngerfunktion<\/strong><\/p>\n<p>Um die M\u00f6glichkeiten des CCL170G noch weiter auszubauen, verf\u00fcgt der Laser \u00fcber eine Empf\u00e4ngerfunktion. Dadurch k\u00f6nnen Sie den Laser i.V.m. einem LEVELFIX-Empf\u00e4nger auf l\u00e4ngeren Entfernungen und im Freien verwenden, selbst wenn die Linie nicht mehr sichtbar ist. Mit einem Empf\u00e4nger sind die Linien bis zu &lt;50 m detektierbar.  <\/p>\n<p><strong>\u00dcber LEVELFIX\u2122 Smart Precision Tools \u2013 Innovativ, pr\u00e4zise und robust <\/strong><\/p>\n<p>LEVELFIX Laser werden mit \u00e4u\u00dferster Sorgfalt und Pr\u00e4zision hergestellt. Durch die Anwendung von \u00fcber 25 Jahren Erfahrung und Wissen in unseren Produkten erhalten Sie absolute Spitzenqualit\u00e4t. Wir sind \u00fcberzeugt und wagen es daher, Ihnen ohne Bedenken 4 Jahre Garantie* auf dieses Produkt zu geben. <\/p>\n<p>LEVELFIX bietet das beste Preis-Leistungs-Verh\u00e4ltnis auf dem Markt, wodurch Sie garantiert die beste Qualit\u00e4t f\u00fcr Ihr Geld erhalten.<\/p>\n","protected":false},"excerpt":{"rendered":"<p>Der CCL170G ist ein kompakter Linienlaser mit 1 horizontalen und 2 vertikalen 360\u00ba gr\u00fcnen Linien. Dar\u00fcber hinaus verf\u00fcgt der Laser \u00fcber einen Li-Ionen-Akku und eine Empf\u00e4ngerfunktion. <\/p>\n","protected":false},"featured_media":36351,"template":"","meta":{"_acf_changed":false,"site-sidebar-layout":"default","site-content-layout":"","ast-site-content-layout":"default","site-content-style":"default","site-sidebar-style":"default","ast-global-header-display":"","ast-banner-title-visibility":"","ast-main-header-display":"","ast-hfb-above-header-display":"","ast-hfb-below-header-display":"","ast-hfb-mobile-header-display":"","site-post-title":"","ast-breadcrumbs-content":"","ast-featured-img":"","footer-sml-layout":"","ast-disable-related-posts":"","theme-transparent-header-meta":"","adv-header-id-meta":"","stick-header-meta":"","header-above-stick-meta":"","header-main-stick-meta":"","header-below-stick-meta":"","astra-migrate-meta-layouts":"default","ast-page-background-enabled":"default","ast-page-background-meta":{"desktop":{"background-color":"var(--ast-global-color-4)","background-image":"","background-repeat":"repeat","background-position":"center center","background-size":"auto","background-attachment":"scroll","background-type":"","background-media":"","overlay-type":"","overlay-color":"","overlay-opacity":"","overlay-gradient":""},"tablet":{"background-color":"","background-image":"","background-repeat":"repeat","background-position":"center center","background-size":"auto","background-attachment":"scroll","background-type":"","background-media":"","overlay-type":"","overlay-color":"","overlay-opacity":"","overlay-gradient":""},"mobile":{"background-color":"","background-image":"","background-repeat":"repeat","background-position":"center center","background-size":"auto","background-attachment":"scroll","background-type":"","background-media":"","overlay-type":"","overlay-color":"","overlay-opacity":"","overlay-gradient":""}},"ast-content-background-meta":{"desktop":{"background-color":"var(--ast-global-color-5)","background-image":"","background-repeat":"repeat","background-position":"center center","background-size":"auto","background-attachment":"scroll","background-type":"","background-media":"","overlay-type":"","overlay-color":"","overlay-opacity":"","overlay-gradient":""},"tablet":{"background-color":"var(--ast-global-color-5)","background-image":"","background-repeat":"repeat","background-position":"center center","background-size":"auto","background-attachment":"scroll","background-type":"","background-media":"","overlay-type":"","overlay-color":"","overlay-opacity":"","overlay-gradient":""},"mobile":{"background-color":"var(--ast-global-color-5)","background-image":"","background-repeat":"repeat","background-position":"center center","background-size":"auto","background-attachment":"scroll","background-type":"","background-media":"","overlay-type":"","overlay-color":"","overlay-opacity":"","overlay-gradient":""}}},"product_brand":[],"product_cat":[46608,46533],"product_tag":[],"class_list":{"0":"post-36232","1":"product","2":"type-product","3":"status-publish","4":"has-post-thumbnail","6":"product_cat-kreuzlinienlaser-de","7":"product_cat-laser-de","8":"desktop-align-left","9":"tablet-align-left","10":"mobile-align-left","11":"ast-product-gallery-layout-horizontal-slider","12":"ast-product-tabs-layout-horizontal","14":"first","15":"instock","16":"shipping-taxable","17":"purchasable","18":"product-type-simple"},"acf":[],"_links":{"self":[{"href":"https:\/\/levelfixinstruments.com\/de\/wp-json\/wp\/v2\/product\/36232","targetHints":{"allow":["GET"]}}],"collection":[{"href":"https:\/\/levelfixinstruments.com\/de\/wp-json\/wp\/v2\/product"}],"about":[{"href":"https:\/\/levelfixinstruments.com\/de\/wp-json\/wp\/v2\/types\/product"}],"wp:featuredmedia":[{"embeddable":true,"href":"https:\/\/levelfixinstruments.com\/de\/wp-json\/wp\/v2\/media\/36351"}],"wp:attachment":[{"href":"https:\/\/levelfixinstruments.com\/de\/wp-json\/wp\/v2\/media?parent=36232"}],"wp:term":[{"taxonomy":"product_brand","embeddable":true,"href":"https:\/\/levelfixinstruments.com\/de\/wp-json\/wp\/v2\/product_brand?post=36232"},{"taxonomy":"product_cat","embeddable":true,"href":"https:\/\/levelfixinstruments.com\/de\/wp-json\/wp\/v2\/product_cat?post=36232"},{"taxonomy":"product_tag","embeddable":true,"href":"https:\/\/levelfixinstruments.com\/de\/wp-json\/wp\/v2\/product_tag?post=36232"}],"curies":[{"name":"wp","href":"https:\/\/api.w.org\/{rel}","templated":true}]}}