{"id":26883,"date":"2025-09-30T01:06:16","date_gmt":"2025-09-30T01:06:16","guid":{"rendered":"https:\/\/levelfixinstruments.com\/product\/telemetre-metofix-lxd35g-jusqua-35m\/"},"modified":"2026-01-12T09:30:19","modified_gmt":"2026-01-12T09:30:19","slug":"telemetre-metofix-lxd35g-jusqua-35m","status":"publish","type":"product","link":"https:\/\/levelfixinstruments.com\/fr\/produit\/instruments-de-mesure-fr\/telemetres-fr\/telemetre-metofix-lxd35g-jusqua-35m\/","title":{"rendered":"T\u00c9L\u00c9M\u00c8TRE METOFIX LXD35G (JUSQU&rsquo;\u00c0 35M)"},"content":{"rendered":"<p>Avec le t\u00e9l\u00e9m\u00e8tre num\u00e9rique LEVELFIX LXD35G, vous relevez des distances de 0,05 \u00e0 35 m\u00e8tres. Le faisceau vert est tr\u00e8s visible, vous permettant de voir exactement o\u00f9 vous mesurez. Gr\u00e2ce aux 100 emplacements de m\u00e9moire et aux nombreuses fonctions de mesure pratiques, ce t\u00e9l\u00e9m\u00e8tre est utile pour divers travaux. Vous verrez que vous ne pourrez bient\u00f4t plus vous en passer !   <\/p>\n<p><strong>T\u00e9l\u00e9m\u00e8tres LEVELFIX<\/strong><br \/>\nMesurer une distance avec pr\u00e9cision et rapidit\u00e9 sans avoir \u00e0 manipuler des r\u00e8gles, des m\u00e8tres pliants ou des m\u00e8tres \u00e0 ruban\u00a0? Avec les t\u00e9l\u00e9m\u00e8tres LEVELFIX, vous pouvez le faire en appuyant simplement sur un bouton. <\/p>\n<p>Et ce n&rsquo;est pas tout, vous pouvez \u00e9galement facilement\u00a0:<\/p>\n<ul>\n<li>Additionner<\/li>\n<li>Soustraire<\/li>\n<li>Calculer la surface ou le volume<\/li>\n<li>Mesurer indirectement<\/li>\n<li>Mesurer min-max<\/li>\n<li>Et mesurer en continu<\/li>\n<\/ul>\n<p>Le t\u00e9l\u00e9m\u00e8tre num\u00e9rique LEVELFIX LXD35G fonctionne avec 2 piles AAA et est livr\u00e9 dans un etui robuste.<\/p>\n","protected":false},"excerpt":{"rendered":"<p>T\u00e9l\u00e9m\u00e8tre laser num\u00e9rique avec faisceau vert pour relever facilement et rapidement des distances jusqu&rsquo;\u00e0 35 m\u00e8tres. Le LXD35G poss\u00e8de \u00e9galement des fonctions pratiques telles que l&rsquo;addition, la soustraction, le calcul de la surface et du volume. <\/p>\n","protected":false},"featured_media":35862,"template":"","meta":{"_acf_changed":false,"site-sidebar-layout":"default","site-content-layout":"","ast-site-content-layout":"default","site-content-style":"default","site-sidebar-style":"default","ast-global-header-display":"","ast-banner-title-visibility":"","ast-main-header-display":"","ast-hfb-above-header-display":"","ast-hfb-below-header-display":"","ast-hfb-mobile-header-display":"","site-post-title":"","ast-breadcrumbs-content":"","ast-featured-img":"","footer-sml-layout":"","ast-disable-related-posts":"","theme-transparent-header-meta":"","adv-header-id-meta":"","stick-header-meta":"","header-above-stick-meta":"","header-main-stick-meta":"","header-below-stick-meta":"","astra-migrate-meta-layouts":"default","ast-page-background-enabled":"default","ast-page-background-meta":{"desktop":{"background-color":"var(--ast-global-color-4)","background-image":"","background-repeat":"repeat","background-position":"center center","background-size":"auto","background-attachment":"scroll","background-type":"","background-media":"","overlay-type":"","overlay-color":"","overlay-opacity":"","overlay-gradient":""},"tablet":{"background-color":"","background-image":"","background-repeat":"repeat","background-position":"center center","background-size":"auto","background-attachment":"scroll","background-type":"","background-media":"","overlay-type":"","overlay-color":"","overlay-opacity":"","overlay-gradient":""},"mobile":{"background-color":"","background-image":"","background-repeat":"repeat","background-position":"center center","background-size":"auto","background-attachment":"scroll","background-type":"","background-media":"","overlay-type":"","overlay-color":"","overlay-opacity":"","overlay-gradient":""}},"ast-content-background-meta":{"desktop":{"background-color":"var(--ast-global-color-5)","background-image":"","background-repeat":"repeat","background-position":"center center","background-size":"auto","background-attachment":"scroll","background-type":"","background-media":"","overlay-type":"","overlay-color":"","overlay-opacity":"","overlay-gradient":""},"tablet":{"background-color":"var(--ast-global-color-5)","background-image":"","background-repeat":"repeat","background-position":"center center","background-size":"auto","background-attachment":"scroll","background-type":"","background-media":"","overlay-type":"","overlay-color":"","overlay-opacity":"","overlay-gradient":""},"mobile":{"background-color":"var(--ast-global-color-5)","background-image":"","background-repeat":"repeat","background-position":"center center","background-size":"auto","background-attachment":"scroll","background-type":"","background-media":"","overlay-type":"","overlay-color":"","overlay-opacity":"","overlay-gradient":""}}},"product_brand":[],"product_cat":[46570],"product_tag":[],"class_list":{"0":"post-26883","1":"product","2":"type-product","3":"status-publish","4":"has-post-thumbnail","6":"product_cat-telemetres-fr","7":"desktop-align-left","8":"tablet-align-left","9":"mobile-align-left","10":"ast-product-gallery-layout-horizontal-slider","11":"ast-product-gallery-with-no-image","12":"ast-product-tabs-layout-horizontal","14":"first","15":"instock","16":"shipping-taxable","17":"purchasable","18":"product-type-simple"},"acf":[],"_links":{"self":[{"href":"https:\/\/levelfixinstruments.com\/fr\/wp-json\/wp\/v2\/product\/26883","targetHints":{"allow":["GET"]}}],"collection":[{"href":"https:\/\/levelfixinstruments.com\/fr\/wp-json\/wp\/v2\/product"}],"about":[{"href":"https:\/\/levelfixinstruments.com\/fr\/wp-json\/wp\/v2\/types\/product"}],"wp:featuredmedia":[{"embeddable":true,"href":"https:\/\/levelfixinstruments.com\/fr\/wp-json\/wp\/v2\/media\/35862"}],"wp:attachment":[{"href":"https:\/\/levelfixinstruments.com\/fr\/wp-json\/wp\/v2\/media?parent=26883"}],"wp:term":[{"taxonomy":"product_brand","embeddable":true,"href":"https:\/\/levelfixinstruments.com\/fr\/wp-json\/wp\/v2\/product_brand?post=26883"},{"taxonomy":"product_cat","embeddable":true,"href":"https:\/\/levelfixinstruments.com\/fr\/wp-json\/wp\/v2\/product_cat?post=26883"},{"taxonomy":"product_tag","embeddable":true,"href":"https:\/\/levelfixinstruments.com\/fr\/wp-json\/wp\/v2\/product_tag?post=26883"}],"curies":[{"name":"wp","href":"https:\/\/api.w.org\/{rel}","templated":true}]}}