{"id":26947,"date":"2025-09-30T01:07:08","date_gmt":"2025-09-30T01:07:08","guid":{"rendered":"https:\/\/levelfixinstruments.com\/product\/levelfix-scd120-scanner-mural-numerique-et-telemetre-jusqua-120m\/"},"modified":"2025-11-25T09:22:52","modified_gmt":"2025-11-25T09:22:52","slug":"levelfix-scd120-scanner-mural-numerique-et-telemetre-jusqua-120m","status":"publish","type":"product","link":"https:\/\/levelfixinstruments.com\/fr\/produit\/instruments-de-mesure-fr\/inspection-fr\/levelfix-scd120-scanner-mural-numerique-et-telemetre-jusqua-120m\/","title":{"rendered":"LEVELFIX SCD120 SCANNER MURAL NUM\u00c9RIQUE ET T\u00c9L\u00c9M\u00c8TRE JUSQU&rsquo;\u00c0 120M"},"content":{"rendered":"<p>Le LEVELFIX SCD120 est \u00e0 la fois un t\u00e9l\u00e9m\u00e8tre laser et un scanner mural num\u00e9rique.<\/p>\n<p>Avec le t\u00e9l\u00e9m\u00e8tre, vous disposez des fonctionnalit\u00e9s suivantes :<\/p>\n<ul>\n<li>mesurer des distances jusqu&rsquo;\u00e0 120m<\/li>\n<li>calculer la surface et le volume<\/li>\n<li>additionner et soustraire des distances<\/li>\n<li>effectuer des mesures par triangulation (Pythagore)<\/li>\n<\/ul>\n<p>Avec le scanner mural, vous rendez visibles les poutres et c\u00e2bles cach\u00e9s dans les murs. Le scanner d\u00e9tecte : <\/p>\n<ul>\n<li>les m\u00e9taux ferreux jusqu&rsquo;\u00e0 100 mm de profondeur ;<\/li>\n<li>les m\u00e9taux non ferreux (cuivre) jusqu&rsquo;\u00e0 80 mm de profondeur ;<\/li>\n<li>les fils de cuivre (brin unique > 4 millim\u00e8tres carr\u00e9s) jusqu&rsquo;\u00e0 40 mm de profondeur ;<\/li>\n<li>les objets \u00e9trangers (g\u00e9n\u00e9ralement des poutres en bois) jusqu&rsquo;\u00e0 20mm\/38mm de profondeur.<\/li>\n<\/ul>\n","protected":false},"excerpt":{"rendered":"<p>T\u00e9l\u00e9m\u00e8tre num\u00e9rique et scanner mural. Mesure les distances jusqu&rsquo;\u00e0 120m et d\u00e9tecte le m\u00e9tal, le bois et les fils \u00e9lectriques dans les murs, plafonds et sols. <\/p>\n","protected":false},"featured_media":33885,"template":"","meta":{"_acf_changed":false,"site-sidebar-layout":"default","site-content-layout":"","ast-site-content-layout":"default","site-content-style":"default","site-sidebar-style":"default","ast-global-header-display":"","ast-banner-title-visibility":"","ast-main-header-display":"","ast-hfb-above-header-display":"","ast-hfb-below-header-display":"","ast-hfb-mobile-header-display":"","site-post-title":"","ast-breadcrumbs-content":"","ast-featured-img":"","footer-sml-layout":"","ast-disable-related-posts":"","theme-transparent-header-meta":"","adv-header-id-meta":"","stick-header-meta":"","header-above-stick-meta":"","header-main-stick-meta":"","header-below-stick-meta":"","astra-migrate-meta-layouts":"default","ast-page-background-enabled":"default","ast-page-background-meta":{"desktop":{"background-color":"var(--ast-global-color-4)","background-image":"","background-repeat":"repeat","background-position":"center center","background-size":"auto","background-attachment":"scroll","background-type":"","background-media":"","overlay-type":"","overlay-color":"","overlay-opacity":"","overlay-gradient":""},"tablet":{"background-color":"","background-image":"","background-repeat":"repeat","background-position":"center center","background-size":"auto","background-attachment":"scroll","background-type":"","background-media":"","overlay-type":"","overlay-color":"","overlay-opacity":"","overlay-gradient":""},"mobile":{"background-color":"","background-image":"","background-repeat":"repeat","background-position":"center center","background-size":"auto","background-attachment":"scroll","background-type":"","background-media":"","overlay-type":"","overlay-color":"","overlay-opacity":"","overlay-gradient":""}},"ast-content-background-meta":{"desktop":{"background-color":"var(--ast-global-color-5)","background-image":"","background-repeat":"repeat","background-position":"center center","background-size":"auto","background-attachment":"scroll","background-type":"","background-media":"","overlay-type":"","overlay-color":"","overlay-opacity":"","overlay-gradient":""},"tablet":{"background-color":"var(--ast-global-color-5)","background-image":"","background-repeat":"repeat","background-position":"center center","background-size":"auto","background-attachment":"scroll","background-type":"","background-media":"","overlay-type":"","overlay-color":"","overlay-opacity":"","overlay-gradient":""},"mobile":{"background-color":"var(--ast-global-color-5)","background-image":"","background-repeat":"repeat","background-position":"center center","background-size":"auto","background-attachment":"scroll","background-type":"","background-media":"","overlay-type":"","overlay-color":"","overlay-opacity":"","overlay-gradient":""}}},"product_brand":[],"product_cat":[46600,46629,46570],"product_tag":[],"class_list":{"0":"post-26947","1":"product","2":"type-product","3":"status-publish","4":"has-post-thumbnail","6":"product_cat-inspection-fr","7":"product_cat-scanner-mural-fr","8":"product_cat-telemetres-fr","9":"desktop-align-left","10":"tablet-align-left","11":"mobile-align-left","12":"ast-product-gallery-layout-horizontal-slider","13":"ast-product-gallery-with-no-image","14":"ast-product-tabs-layout-horizontal","16":"first","17":"instock","18":"shipping-taxable","19":"purchasable","20":"product-type-simple"},"acf":[],"_links":{"self":[{"href":"https:\/\/levelfixinstruments.com\/fr\/wp-json\/wp\/v2\/product\/26947","targetHints":{"allow":["GET"]}}],"collection":[{"href":"https:\/\/levelfixinstruments.com\/fr\/wp-json\/wp\/v2\/product"}],"about":[{"href":"https:\/\/levelfixinstruments.com\/fr\/wp-json\/wp\/v2\/types\/product"}],"wp:featuredmedia":[{"embeddable":true,"href":"https:\/\/levelfixinstruments.com\/fr\/wp-json\/wp\/v2\/media\/33885"}],"wp:attachment":[{"href":"https:\/\/levelfixinstruments.com\/fr\/wp-json\/wp\/v2\/media?parent=26947"}],"wp:term":[{"taxonomy":"product_brand","embeddable":true,"href":"https:\/\/levelfixinstruments.com\/fr\/wp-json\/wp\/v2\/product_brand?post=26947"},{"taxonomy":"product_cat","embeddable":true,"href":"https:\/\/levelfixinstruments.com\/fr\/wp-json\/wp\/v2\/product_cat?post=26947"},{"taxonomy":"product_tag","embeddable":true,"href":"https:\/\/levelfixinstruments.com\/fr\/wp-json\/wp\/v2\/product_tag?post=26947"}],"curies":[{"name":"wp","href":"https:\/\/api.w.org\/{rel}","templated":true}]}}