{"id":26955,"date":"2025-09-30T01:07:11","date_gmt":"2025-09-30T01:07:11","guid":{"rendered":"https:\/\/levelfixinstruments.com\/product\/telemetre-levelfix-lxd150cg-jusqua-150-m\/"},"modified":"2025-11-27T08:42:05","modified_gmt":"2025-11-27T08:42:05","slug":"telemetre-levelfix-lxd150cg-jusqua-150-m","status":"publish","type":"product","link":"https:\/\/levelfixinstruments.com\/fr\/produit\/instruments-de-mesure-fr\/telemetres-fr\/telemetre-levelfix-lxd150cg-jusqua-150-m\/","title":{"rendered":"T\u00c9L\u00c9M\u00c8TRE LEVELFIX LXD150CG JUSQU&rsquo;\u00c0 150 M"},"content":{"rendered":"<p>Le t\u00e9l\u00e9m\u00e8tre LEVELFIX LXD150CG est un instrument intelligent dot\u00e9 de nombreuses fonctions de mesure :<\/p>\n<ul>\n<li>Calcul de surface ou de volume ;<\/li>\n<li>Surface murale (fonction peintre) ;<\/li>\n<li>Mesure par cam\u00e9ra ;<\/li>\n<li>Mesure de Pythagore ;<\/li>\n<li>Mesure de surface triangulaire ou trap\u00e9zo\u00efdale ;<\/li>\n<li>Mesure de section ou de pente ;<\/li>\n<li>Suivi de hauteur ;<\/li>\n<li>Mesure d&rsquo;azimut et d&rsquo;implantation ;<\/li>\n<li>Nivellement ;<\/li>\n<li>Addition et soustraction ;<\/li>\n<li>Mesure assist\u00e9e par cam\u00e9ra.<\/li>\n<\/ul>\n<p>Avec le LXD150CG, vous mesurez facilement et rapidement des distances jusqu&rsquo;\u00e0 150 m\u00e8tres.<\/p>\n<p>De plus, le t\u00e9l\u00e9m\u00e8tre est \u00e9quip\u00e9 de Bluetooth et d&rsquo;une m\u00e9moire interne o\u00f9 les 100 derni\u00e8res mesures sont automatiquement enregistr\u00e9es.<\/p>\n<p>Le LXD150CG fonctionne sur une batterie Li-ion et est livr\u00e9 avec un cordon de serrage, un r\u00e9flecteur et un chargeur USB-C dans un sac robuste.<\/p>\n","protected":false},"excerpt":{"rendered":"<p>T\u00e9l\u00e9m\u00e8tre num\u00e9rique pour des distances jusqu&rsquo;\u00e0 150 m\u00e8tres avec \u00e9cran couleur, Bluetooth et fonctions \u00e9tendues.<\/p>\n","protected":false},"featured_media":35166,"template":"","meta":{"_acf_changed":false,"site-sidebar-layout":"default","site-content-layout":"","ast-site-content-layout":"default","site-content-style":"default","site-sidebar-style":"default","ast-global-header-display":"","ast-banner-title-visibility":"","ast-main-header-display":"","ast-hfb-above-header-display":"","ast-hfb-below-header-display":"","ast-hfb-mobile-header-display":"","site-post-title":"","ast-breadcrumbs-content":"","ast-featured-img":"","footer-sml-layout":"","ast-disable-related-posts":"","theme-transparent-header-meta":"","adv-header-id-meta":"","stick-header-meta":"","header-above-stick-meta":"","header-main-stick-meta":"","header-below-stick-meta":"","astra-migrate-meta-layouts":"default","ast-page-background-enabled":"default","ast-page-background-meta":{"desktop":{"background-color":"var(--ast-global-color-4)","background-image":"","background-repeat":"repeat","background-position":"center center","background-size":"auto","background-attachment":"scroll","background-type":"","background-media":"","overlay-type":"","overlay-color":"","overlay-opacity":"","overlay-gradient":""},"tablet":{"background-color":"","background-image":"","background-repeat":"repeat","background-position":"center center","background-size":"auto","background-attachment":"scroll","background-type":"","background-media":"","overlay-type":"","overlay-color":"","overlay-opacity":"","overlay-gradient":""},"mobile":{"background-color":"","background-image":"","background-repeat":"repeat","background-position":"center center","background-size":"auto","background-attachment":"scroll","background-type":"","background-media":"","overlay-type":"","overlay-color":"","overlay-opacity":"","overlay-gradient":""}},"ast-content-background-meta":{"desktop":{"background-color":"var(--ast-global-color-5)","background-image":"","background-repeat":"repeat","background-position":"center center","background-size":"auto","background-attachment":"scroll","background-type":"","background-media":"","overlay-type":"","overlay-color":"","overlay-opacity":"","overlay-gradient":""},"tablet":{"background-color":"var(--ast-global-color-5)","background-image":"","background-repeat":"repeat","background-position":"center center","background-size":"auto","background-attachment":"scroll","background-type":"","background-media":"","overlay-type":"","overlay-color":"","overlay-opacity":"","overlay-gradient":""},"mobile":{"background-color":"var(--ast-global-color-5)","background-image":"","background-repeat":"repeat","background-position":"center center","background-size":"auto","background-attachment":"scroll","background-type":"","background-media":"","overlay-type":"","overlay-color":"","overlay-opacity":"","overlay-gradient":""}}},"product_brand":[],"product_cat":[46570],"product_tag":[],"class_list":{"0":"post-26955","1":"product","2":"type-product","3":"status-publish","4":"has-post-thumbnail","6":"product_cat-telemetres-fr","7":"desktop-align-left","8":"tablet-align-left","9":"mobile-align-left","10":"ast-product-gallery-layout-horizontal-slider","11":"ast-product-gallery-with-no-image","12":"ast-product-tabs-layout-horizontal","14":"first","15":"instock","16":"shipping-taxable","17":"purchasable","18":"product-type-simple"},"acf":[],"_links":{"self":[{"href":"https:\/\/levelfixinstruments.com\/fr\/wp-json\/wp\/v2\/product\/26955","targetHints":{"allow":["GET"]}}],"collection":[{"href":"https:\/\/levelfixinstruments.com\/fr\/wp-json\/wp\/v2\/product"}],"about":[{"href":"https:\/\/levelfixinstruments.com\/fr\/wp-json\/wp\/v2\/types\/product"}],"wp:featuredmedia":[{"embeddable":true,"href":"https:\/\/levelfixinstruments.com\/fr\/wp-json\/wp\/v2\/media\/35166"}],"wp:attachment":[{"href":"https:\/\/levelfixinstruments.com\/fr\/wp-json\/wp\/v2\/media?parent=26955"}],"wp:term":[{"taxonomy":"product_brand","embeddable":true,"href":"https:\/\/levelfixinstruments.com\/fr\/wp-json\/wp\/v2\/product_brand?post=26955"},{"taxonomy":"product_cat","embeddable":true,"href":"https:\/\/levelfixinstruments.com\/fr\/wp-json\/wp\/v2\/product_cat?post=26955"},{"taxonomy":"product_tag","embeddable":true,"href":"https:\/\/levelfixinstruments.com\/fr\/wp-json\/wp\/v2\/product_tag?post=26955"}],"curies":[{"name":"wp","href":"https:\/\/api.w.org\/{rel}","templated":true}]}}