{"id":26971,"date":"2025-09-30T01:07:16","date_gmt":"2025-09-30T01:07:16","guid":{"rendered":"https:\/\/levelfixinstruments.com\/product\/recepteur-de-machine-levelfix-md360r\/"},"modified":"2025-11-27T09:11:53","modified_gmt":"2025-11-27T09:11:53","slug":"recepteur-de-machine-levelfix-md360r","status":"publish","type":"product","link":"https:\/\/levelfixinstruments.com\/fr\/produit\/lasers-fr\/recepteurs-de-machineslasers-fr\/recepteur-de-machine-levelfix-md360r\/","title":{"rendered":"R\u00c9CEPTEUR DE MACHINE LEVELFIX MD360R"},"content":{"rendered":"<p>Le LEVELFIX MD360R est un r\u00e9cepteur de machine robuste avec une plage de r\u00e9ception \u00e0 360\u00ba, un grand \u00e9cran, des LED claires et un signal sonore.<\/p>\n<p>Le r\u00e9cepteur est \u00e9quip\u00e9 d&rsquo;une batterie NiMH rechargeable et peut \u00eatre fix\u00e9 avec des aimants et des pinces HeavyDuty r\u00e9sistants.<\/p>\n<p>Travailler avec le MD360R est facile gr\u00e2ce aux modes sp\u00e9ciaux Bulldozer et Pelle (position verticale + gauche\/droite) et \u00e0 l&rsquo;\u00e9cran d\u00e9port\u00e9 inclus (RD360R).<\/p>\n<p>Le r\u00e9cepteur peut \u00eatre r\u00e9gl\u00e9 sur &lsquo;fin&rsquo; ou &lsquo;grossier&rsquo; (\u00b1 2 mm \u2013 \u00b1 10 mm \/ \u00b1 5 mm \u2013 \u00b1 23 mm), selon les travaux \u00e0 effectuer.<\/p>\n","protected":false},"excerpt":{"rendered":"<p>Le MD360R est un r\u00e9cepteur de machine robuste avec affichage sans fil et une plage de r\u00e9ception de 360\u00ba, compatible avec les lasers rotatifs \u00e0 faisceau rouge.<\/p>\n","protected":false},"featured_media":35173,"template":"","meta":{"_acf_changed":false,"site-sidebar-layout":"default","site-content-layout":"","ast-site-content-layout":"default","site-content-style":"default","site-sidebar-style":"default","ast-global-header-display":"","ast-banner-title-visibility":"","ast-main-header-display":"","ast-hfb-above-header-display":"","ast-hfb-below-header-display":"","ast-hfb-mobile-header-display":"","site-post-title":"","ast-breadcrumbs-content":"","ast-featured-img":"","footer-sml-layout":"","ast-disable-related-posts":"","theme-transparent-header-meta":"","adv-header-id-meta":"","stick-header-meta":"","header-above-stick-meta":"","header-main-stick-meta":"","header-below-stick-meta":"","astra-migrate-meta-layouts":"default","ast-page-background-enabled":"default","ast-page-background-meta":{"desktop":{"background-color":"var(--ast-global-color-4)","background-image":"","background-repeat":"repeat","background-position":"center center","background-size":"auto","background-attachment":"scroll","background-type":"","background-media":"","overlay-type":"","overlay-color":"","overlay-opacity":"","overlay-gradient":""},"tablet":{"background-color":"","background-image":"","background-repeat":"repeat","background-position":"center center","background-size":"auto","background-attachment":"scroll","background-type":"","background-media":"","overlay-type":"","overlay-color":"","overlay-opacity":"","overlay-gradient":""},"mobile":{"background-color":"","background-image":"","background-repeat":"repeat","background-position":"center center","background-size":"auto","background-attachment":"scroll","background-type":"","background-media":"","overlay-type":"","overlay-color":"","overlay-opacity":"","overlay-gradient":""}},"ast-content-background-meta":{"desktop":{"background-color":"var(--ast-global-color-5)","background-image":"","background-repeat":"repeat","background-position":"center center","background-size":"auto","background-attachment":"scroll","background-type":"","background-media":"","overlay-type":"","overlay-color":"","overlay-opacity":"","overlay-gradient":""},"tablet":{"background-color":"var(--ast-global-color-5)","background-image":"","background-repeat":"repeat","background-position":"center center","background-size":"auto","background-attachment":"scroll","background-type":"","background-media":"","overlay-type":"","overlay-color":"","overlay-opacity":"","overlay-gradient":""},"mobile":{"background-color":"var(--ast-global-color-5)","background-image":"","background-repeat":"repeat","background-position":"center center","background-size":"auto","background-attachment":"scroll","background-type":"","background-media":"","overlay-type":"","overlay-color":"","overlay-opacity":"","overlay-gradient":""}}},"product_brand":[],"product_cat":[46615],"product_tag":[],"class_list":{"0":"post-26971","1":"product","2":"type-product","3":"status-publish","4":"has-post-thumbnail","6":"product_cat-recepteurs-de-machineslasers-fr","7":"desktop-align-left","8":"tablet-align-left","9":"mobile-align-left","10":"ast-product-gallery-layout-horizontal-slider","11":"ast-product-gallery-with-no-image","12":"ast-product-tabs-layout-horizontal","14":"first","15":"instock","16":"shipping-taxable","17":"purchasable","18":"product-type-simple"},"acf":[],"_links":{"self":[{"href":"https:\/\/levelfixinstruments.com\/fr\/wp-json\/wp\/v2\/product\/26971","targetHints":{"allow":["GET"]}}],"collection":[{"href":"https:\/\/levelfixinstruments.com\/fr\/wp-json\/wp\/v2\/product"}],"about":[{"href":"https:\/\/levelfixinstruments.com\/fr\/wp-json\/wp\/v2\/types\/product"}],"wp:featuredmedia":[{"embeddable":true,"href":"https:\/\/levelfixinstruments.com\/fr\/wp-json\/wp\/v2\/media\/35173"}],"wp:attachment":[{"href":"https:\/\/levelfixinstruments.com\/fr\/wp-json\/wp\/v2\/media?parent=26971"}],"wp:term":[{"taxonomy":"product_brand","embeddable":true,"href":"https:\/\/levelfixinstruments.com\/fr\/wp-json\/wp\/v2\/product_brand?post=26971"},{"taxonomy":"product_cat","embeddable":true,"href":"https:\/\/levelfixinstruments.com\/fr\/wp-json\/wp\/v2\/product_cat?post=26971"},{"taxonomy":"product_tag","embeddable":true,"href":"https:\/\/levelfixinstruments.com\/fr\/wp-json\/wp\/v2\/product_tag?post=26971"}],"curies":[{"name":"wp","href":"https:\/\/api.w.org\/{rel}","templated":true}]}}