{"id":27019,"date":"2025-09-30T01:07:24","date_gmt":"2025-09-30T01:07:24","guid":{"rendered":"https:\/\/levelfixinstruments.com\/product\/levelfix-650hvg-laser-de-construction-multifonctionnel-horizontal-vertical-vert\/"},"modified":"2025-11-27T11:51:29","modified_gmt":"2025-11-27T11:51:29","slug":"levelfix-650hvg-laser-de-construction-multifonctionnel-horizontal-vertical-vert","status":"publish","type":"product","link":"https:\/\/levelfixinstruments.com\/fr\/produit\/lasers-fr\/lasers-de-construction-fr\/levelfix-650hvg-laser-de-construction-multifonctionnel-horizontal-vertical-vert\/","title":{"rendered":"LEVELFIX 650HVG LASER DE CONSTRUCTION MULTIFONCTIONNEL HORIZONTAL VERTICAL VERT"},"content":{"rendered":"<p><strong>Le laser polyvalent pour l&rsquo;int\u00e9rieur et l&rsquo;ext\u00e9rieur avec faisceau vert<\/strong><br \/>\nQu&rsquo;il s&rsquo;agisse de positionner des murs et des plafonds, de tracer une extension, de d\u00e9limiter une fondation, de cr\u00e9er des angles droits ou de d\u00e9finir et v\u00e9rifier des hauteurs, le LEVELFIX 650HVG peut tout faire. Le laser est facile \u00e0 utiliser et con\u00e7u pour un usage quotidien pratique. <\/p>\n<p><strong>Le laser de chantier tout-en-un<\/strong><\/p>\n<p>Le LEVELFIX 650HVG contient toutes les fonctions n\u00e9cessaires pour tous les travaux d&rsquo;int\u00e9rieur et de finition. Le laser peut \u00eatre positionn\u00e9 horizontalement et verticalement. Avec la t\u00e9l\u00e9commande fournie, il est facile de tracer des angles droits et des lignes verticales.  <\/p>\n<p><strong>Contr\u00f4le total<\/strong><br \/>\nGr\u00e2ce \u00e0 la fonction Tilt, tu travailles toujours avec la bonne mesure. Lorsque la fonction Tilt est activ\u00e9e, le laser continuera \u00e0 contr\u00f4ler la hauteur. Si la hauteur change en raison de chocs violents ou d&rsquo;un d\u00e9placement ind\u00e9sirable du laser ?   Le laser se bloque alors pour \u00e9viter les erreurs de mesure.<\/p>\n<p>La fonction de pente manuelle vous permet de r\u00e9gler rapidement et facilement une pente avec la t\u00e9l\u00e9commande sur l&rsquo;axe x ou y.<\/p>\n<p>De plus, le laser dispose d&rsquo;un faisceau d&rsquo;aplomb, d&rsquo;une vitesse de rotation r\u00e9glable et d&rsquo;une fonction de ligne de balayage ajustable. Cette derni\u00e8re fonction vous permet de projeter la ligne laser sur une surface sp\u00e9cifique, la rendant plus visible sans perturber l&rsquo;environnement. <\/p>\n<p><strong>Vert puissant<\/strong><br \/>\nL&rsquo;utilisation de la diode POWER+ verte rend le faisceau laser jusqu&rsquo;\u00e0 4 fois plus visible pour l&rsquo;\u0153il humain que les lasers de construction rouges traditionnels. Cela permet de travailler sur de longues distances sans r\u00e9cepteur. Id\u00e9al par exemple pour la pose de plafonds et le trac\u00e9 de murs.  <\/p>\n<p><strong>Sp\u00e9cifications excellentes<\/strong><\/p>\n<p>Le 650HVG poss\u00e8de une construction IP66 qui prot\u00e8ge le laser contre la poussi\u00e8re et l&rsquo;humidit\u00e9. Le laser a une pr\u00e9cision de 4,8 mm\/100 m\u00e8tres et est \u00e9quip\u00e9 d&rsquo;une batterie Li-ion amovible nouvelle g\u00e9n\u00e9ration. <\/p>\n<p>La grande port\u00e9e de travail de 600 m\u00e8tres (avec r\u00e9cepteur) et la longue autonomie de 45 heures rendent ce laser adapt\u00e9 aux utilisateurs les plus exigeants.<\/p>\n<p><strong>Complet avec r\u00e9cepteur robuste<\/strong><\/p>\n<p>Le LEVELFIX 650HVG est livr\u00e9 complet avec le robuste r\u00e9cepteur RLD100GR.<br \/>\nLe RLD100GR dispose d&rsquo;une grande fen\u00eatre de r\u00e9ception, d&rsquo;un \u00e9cran lumineux et clair, et est con\u00e7u pour une utilisation quotidienne facile. Le r\u00e9cepteur est robuste, avec un bo\u00eetier r\u00e9sistant aux chocs et aux impacts, et est \u00e9tanche (IP66). <\/p>\n<p><strong>4 ans de garantie<\/strong><\/p>\n<p>Notre garantie souligne la qualit\u00e9 et la fiabilit\u00e9 de nos produits. Les lasers de LEVELFIX ont une garantie d&rsquo;usine de 4 ans*.  Si un instrument tombe en panne en raison de d\u00e9fauts de fabrication ou de mat\u00e9riaux, il sera r\u00e9par\u00e9 ou remplac\u00e9 par nos soins sans frais.<\/p>\n<p>* Apr\u00e8s enregistrement sur internet dans les 2 semaines suivant l&rsquo;achat.<\/p>\n","protected":false},"excerpt":{"rendered":"<p>Le 650HVG est un laser de construction polyvalent enti\u00e8rement automatique \u00e0 faisceau vert. Le laser peut \u00eatre plac\u00e9 horizontalement et verticalement. De plus, le laser dispose de tout ce dont vous avez besoin pour vos travaux, comme : fonction TILT, pente manuelle, faisceau de plomb, vitesse de rotation r\u00e9glable, protection IP66 et haute pr\u00e9cision. Le 650HVG est livr\u00e9 complet avec t\u00e9l\u00e9commande et r\u00e9cepteur.<\/p>\n","protected":false},"featured_media":35212,"template":"","meta":{"_acf_changed":false,"site-sidebar-layout":"default","site-content-layout":"","ast-site-content-layout":"default","site-content-style":"default","site-sidebar-style":"default","ast-global-header-display":"","ast-banner-title-visibility":"","ast-main-header-display":"","ast-hfb-above-header-display":"","ast-hfb-below-header-display":"","ast-hfb-mobile-header-display":"","site-post-title":"","ast-breadcrumbs-content":"","ast-featured-img":"","footer-sml-layout":"","ast-disable-related-posts":"","theme-transparent-header-meta":"","adv-header-id-meta":"","stick-header-meta":"","header-above-stick-meta":"","header-main-stick-meta":"","header-below-stick-meta":"","astra-migrate-meta-layouts":"default","ast-page-background-enabled":"default","ast-page-background-meta":{"desktop":{"background-color":"var(--ast-global-color-4)","background-image":"","background-repeat":"repeat","background-position":"center center","background-size":"auto","background-attachment":"scroll","background-type":"","background-media":"","overlay-type":"","overlay-color":"","overlay-opacity":"","overlay-gradient":""},"tablet":{"background-color":"","background-image":"","background-repeat":"repeat","background-position":"center center","background-size":"auto","background-attachment":"scroll","background-type":"","background-media":"","overlay-type":"","overlay-color":"","overlay-opacity":"","overlay-gradient":""},"mobile":{"background-color":"","background-image":"","background-repeat":"repeat","background-position":"center center","background-size":"auto","background-attachment":"scroll","background-type":"","background-media":"","overlay-type":"","overlay-color":"","overlay-opacity":"","overlay-gradient":""}},"ast-content-background-meta":{"desktop":{"background-color":"var(--ast-global-color-5)","background-image":"","background-repeat":"repeat","background-position":"center center","background-size":"auto","background-attachment":"scroll","background-type":"","background-media":"","overlay-type":"","overlay-color":"","overlay-opacity":"","overlay-gradient":""},"tablet":{"background-color":"var(--ast-global-color-5)","background-image":"","background-repeat":"repeat","background-position":"center center","background-size":"auto","background-attachment":"scroll","background-type":"","background-media":"","overlay-type":"","overlay-color":"","overlay-opacity":"","overlay-gradient":""},"mobile":{"background-color":"var(--ast-global-color-5)","background-image":"","background-repeat":"repeat","background-position":"center center","background-size":"auto","background-attachment":"scroll","background-type":"","background-media":"","overlay-type":"","overlay-color":"","overlay-opacity":"","overlay-gradient":""}}},"product_brand":[],"product_cat":[46585],"product_tag":[],"class_list":{"0":"post-27019","1":"product","2":"type-product","3":"status-publish","4":"has-post-thumbnail","6":"product_cat-lasers-de-construction-fr","7":"desktop-align-left","8":"tablet-align-left","9":"mobile-align-left","10":"ast-product-gallery-layout-horizontal-slider","11":"ast-product-tabs-layout-horizontal","13":"first","14":"instock","15":"shipping-taxable","16":"purchasable","17":"product-type-simple"},"acf":[],"_links":{"self":[{"href":"https:\/\/levelfixinstruments.com\/fr\/wp-json\/wp\/v2\/product\/27019","targetHints":{"allow":["GET"]}}],"collection":[{"href":"https:\/\/levelfixinstruments.com\/fr\/wp-json\/wp\/v2\/product"}],"about":[{"href":"https:\/\/levelfixinstruments.com\/fr\/wp-json\/wp\/v2\/types\/product"}],"wp:featuredmedia":[{"embeddable":true,"href":"https:\/\/levelfixinstruments.com\/fr\/wp-json\/wp\/v2\/media\/35212"}],"wp:attachment":[{"href":"https:\/\/levelfixinstruments.com\/fr\/wp-json\/wp\/v2\/media?parent=27019"}],"wp:term":[{"taxonomy":"product_brand","embeddable":true,"href":"https:\/\/levelfixinstruments.com\/fr\/wp-json\/wp\/v2\/product_brand?post=27019"},{"taxonomy":"product_cat","embeddable":true,"href":"https:\/\/levelfixinstruments.com\/fr\/wp-json\/wp\/v2\/product_cat?post=27019"},{"taxonomy":"product_tag","embeddable":true,"href":"https:\/\/levelfixinstruments.com\/fr\/wp-json\/wp\/v2\/product_tag?post=27019"}],"curies":[{"name":"wp","href":"https:\/\/api.w.org\/{rel}","templated":true}]}}