{"id":27067,"date":"2025-09-30T01:08:14","date_gmt":"2025-09-30T01:08:14","guid":{"rendered":"https:\/\/levelfixinstruments.com\/product\/levelfix-650hb-laser-de-construction-horizontal-avec-recepteur-de-base\/"},"modified":"2025-11-27T11:59:53","modified_gmt":"2025-11-27T11:59:53","slug":"levelfix-650hb-laser-de-construction-horizontal-avec-recepteur-de-base","status":"publish","type":"product","link":"https:\/\/levelfixinstruments.com\/fr\/produit\/lasers-fr\/lasers-de-construction-fr\/levelfix-650hb-laser-de-construction-horizontal-avec-recepteur-de-base\/","title":{"rendered":"LEVELFIX 650Hb LASER DE CONSTRUCTION HORIZONTAL AVEC R\u00c9CEPTEUR DE BASE"},"content":{"rendered":"<p><strong>Commande simple, facile \u00e0 utiliser<\/strong><\/p>\n<p>Le laser de chantier professionnel LEVELFIX 650Hb est un laser \u00e0 commande unique. Il suffit d&rsquo;appuyer sur le bouton marche\/arr\u00eat et le laser se met automatiquement \u00e0 niveau et commence \u00e0 tourner. Le m\u00eame bouton permet d&rsquo;\u00e9teindre le laser.  <\/p>\n<p><strong>Fonction Tilt automatique<\/strong><\/p>\n<p>Le laser dispose d&rsquo;une fonction Tilt qui garantit que vous travaillez toujours avec la bonne mesure. La fonction Tilt est automatiquement activ\u00e9e, le laser continuera \u00e0 contr\u00f4ler la hauteur et se bloquera si la hauteur change en raison de chocs violents ou d&rsquo;un d\u00e9placement ind\u00e9sirable du laser. <\/p>\n<p><strong>Sp\u00e9cifications excellentes<\/strong><\/p>\n<p>Le 650Hb dispose d&rsquo;une construction IP66 qui prot\u00e8ge le laser contre la poussi\u00e8re et l&rsquo;humidit\u00e9. Le laser a une pr\u00e9cision de 4,8mm\/100m et est \u00e9quip\u00e9 d&rsquo;un nouveau bloc-batterie Li-ion amovible. <\/p>\n<p>La grande port\u00e9e de travail de 600 m\u00e8tres (avec r\u00e9cepteur) et la longue autonomie de 55 heures rendent le laser adapt\u00e9 aux utilisateurs les plus exigeants.<\/p>\n<p><strong>Complet avec r\u00e9cepteur<\/strong><\/p>\n<p>Le LEVELFIX 650Hb est livr\u00e9 complet avec le r\u00e9cepteur robuste RLD100GR. Le RLD100GR dispose d&rsquo;une grande fen\u00eatre de r\u00e9ception, d&rsquo;un \u00e9cran lumineux et clair, et est con\u00e7u pour une utilisation quotidienne pratique. Le r\u00e9cepteur est robuste, r\u00e9sistant aux chocs et aux impacts, et est \u00e9tanche (IP66)  <\/p>\n<p><strong>4 ans de garantie<\/strong><\/p>\n<p>Notre garantie souligne la qualit\u00e9 et la fiabilit\u00e9 de nos produits. Les lasers de LEVELFIX ont une garantie d&rsquo;usine de 4 ans*.  Si un instrument tombe en panne en raison de d\u00e9fauts de fabrication ou de mat\u00e9riaux, il sera r\u00e9par\u00e9 ou remplac\u00e9 par nos soins sans frais.<\/p>\n<p>(* apr\u00e8s enregistrement sur internet dans les 2 semaines suivant l&rsquo;achat)<\/p>\n","protected":false},"excerpt":{"rendered":"<p>Le LEVELFIX 650Hb est un laser de construction horizontal simple avec commande \u00e0 touche unique. Ce laser a une port\u00e9e de 600 m, une haute pr\u00e9cision, une construction IP66 et une longue autonomie.<br \/>\nLe 650Hb est livr\u00e9 en standard avec un r\u00e9cepteur. <\/p>\n","protected":false},"featured_media":35270,"template":"","meta":{"_acf_changed":false,"site-sidebar-layout":"default","site-content-layout":"","ast-site-content-layout":"default","site-content-style":"default","site-sidebar-style":"default","ast-global-header-display":"","ast-banner-title-visibility":"","ast-main-header-display":"","ast-hfb-above-header-display":"","ast-hfb-below-header-display":"","ast-hfb-mobile-header-display":"","site-post-title":"","ast-breadcrumbs-content":"","ast-featured-img":"","footer-sml-layout":"","ast-disable-related-posts":"","theme-transparent-header-meta":"","adv-header-id-meta":"","stick-header-meta":"","header-above-stick-meta":"","header-main-stick-meta":"","header-below-stick-meta":"","astra-migrate-meta-layouts":"default","ast-page-background-enabled":"default","ast-page-background-meta":{"desktop":{"background-color":"var(--ast-global-color-4)","background-image":"","background-repeat":"repeat","background-position":"center center","background-size":"auto","background-attachment":"scroll","background-type":"","background-media":"","overlay-type":"","overlay-color":"","overlay-opacity":"","overlay-gradient":""},"tablet":{"background-color":"","background-image":"","background-repeat":"repeat","background-position":"center center","background-size":"auto","background-attachment":"scroll","background-type":"","background-media":"","overlay-type":"","overlay-color":"","overlay-opacity":"","overlay-gradient":""},"mobile":{"background-color":"","background-image":"","background-repeat":"repeat","background-position":"center center","background-size":"auto","background-attachment":"scroll","background-type":"","background-media":"","overlay-type":"","overlay-color":"","overlay-opacity":"","overlay-gradient":""}},"ast-content-background-meta":{"desktop":{"background-color":"var(--ast-global-color-5)","background-image":"","background-repeat":"repeat","background-position":"center center","background-size":"auto","background-attachment":"scroll","background-type":"","background-media":"","overlay-type":"","overlay-color":"","overlay-opacity":"","overlay-gradient":""},"tablet":{"background-color":"var(--ast-global-color-5)","background-image":"","background-repeat":"repeat","background-position":"center center","background-size":"auto","background-attachment":"scroll","background-type":"","background-media":"","overlay-type":"","overlay-color":"","overlay-opacity":"","overlay-gradient":""},"mobile":{"background-color":"var(--ast-global-color-5)","background-image":"","background-repeat":"repeat","background-position":"center center","background-size":"auto","background-attachment":"scroll","background-type":"","background-media":"","overlay-type":"","overlay-color":"","overlay-opacity":"","overlay-gradient":""}}},"product_brand":[],"product_cat":[46585],"product_tag":[],"class_list":{"0":"post-27067","1":"product","2":"type-product","3":"status-publish","4":"has-post-thumbnail","6":"product_cat-lasers-de-construction-fr","7":"desktop-align-left","8":"tablet-align-left","9":"mobile-align-left","10":"ast-product-gallery-layout-horizontal-slider","11":"ast-product-tabs-layout-horizontal","13":"first","14":"instock","15":"shipping-taxable","16":"purchasable","17":"product-type-simple"},"acf":[],"_links":{"self":[{"href":"https:\/\/levelfixinstruments.com\/fr\/wp-json\/wp\/v2\/product\/27067","targetHints":{"allow":["GET"]}}],"collection":[{"href":"https:\/\/levelfixinstruments.com\/fr\/wp-json\/wp\/v2\/product"}],"about":[{"href":"https:\/\/levelfixinstruments.com\/fr\/wp-json\/wp\/v2\/types\/product"}],"wp:featuredmedia":[{"embeddable":true,"href":"https:\/\/levelfixinstruments.com\/fr\/wp-json\/wp\/v2\/media\/35270"}],"wp:attachment":[{"href":"https:\/\/levelfixinstruments.com\/fr\/wp-json\/wp\/v2\/media?parent=27067"}],"wp:term":[{"taxonomy":"product_brand","embeddable":true,"href":"https:\/\/levelfixinstruments.com\/fr\/wp-json\/wp\/v2\/product_brand?post=27067"},{"taxonomy":"product_cat","embeddable":true,"href":"https:\/\/levelfixinstruments.com\/fr\/wp-json\/wp\/v2\/product_cat?post=27067"},{"taxonomy":"product_tag","embeddable":true,"href":"https:\/\/levelfixinstruments.com\/fr\/wp-json\/wp\/v2\/product_tag?post=27067"}],"curies":[{"name":"wp","href":"https:\/\/api.w.org\/{rel}","templated":true}]}}