{"id":27087,"date":"2025-09-30T01:08:32","date_gmt":"2025-09-30T01:08:32","guid":{"rendered":"https:\/\/levelfixinstruments.com\/product\/laser-de-construction-horizontal-levelfix-650h-avec-recepteur-mm\/"},"modified":"2025-11-28T07:50:36","modified_gmt":"2025-11-28T07:50:36","slug":"laser-de-construction-horizontal-levelfix-650h-avec-recepteur-mm","status":"publish","type":"product","link":"https:\/\/levelfixinstruments.com\/fr\/produit\/lasers-fr\/lasers-de-construction-fr\/laser-de-construction-horizontal-levelfix-650h-avec-recepteur-mm\/","title":{"rendered":"LASER DE CONSTRUCTION HORIZONTAL LEVELFIX 650H AVEC R\u00c9CEPTEUR MM"},"content":{"rendered":"<p><strong>Laser fiable pour la construction<\/strong><\/p>\n<p>Le laser de construction professionnel LEVELFIX 650H est le partenaire id\u00e9al pour tous les travaux d&rsquo;implantation. Qu&rsquo;il s&rsquo;agisse de couler du b\u00e9ton, de mettre \u00e0 niveau des coffrages, d&rsquo;implanter ou de contr\u00f4ler des hauteurs, le LEVELFIX 650H vous facilite la t\u00e2che.<br \/>\nLe laser est facile \u00e0 utiliser et con\u00e7u pour une utilisation quotidienne. <\/p>\n<p><strong>Toutes les fonctions n\u00e9cessaires dans 1 laser<\/strong><\/p>\n<p>Le LEVELFIX 650H poss\u00e8de toutes les fonctions n\u00e9cessaires aux travaux standard dans le secteur de la construction. Le laser est dot\u00e9 d&rsquo;une fonction d&rsquo;inclinaison qui vous permet de toujours travailler avec la bonne mesure.  Si la fonction d&rsquo;inclinaison est activ\u00e9e, le laser continuera de contr\u00f4ler la hauteur et se bloquera si la hauteur change. Cela peut se produire en cas de chocs violents ou de d\u00e9placement involontaire du laser, par exemple. <\/p>\n<p>Avec la fonction de pente manuelle, vous pouvez facilement et rapidement r\u00e9gler une pente sur l&rsquo;axe x ou y.<\/p>\n<p><strong>Sp\u00e9cifications excellentes<\/strong><\/p>\n<p>Le 650H poss\u00e8de une construction IP66, ce qui prot\u00e8ge le laser contre la poussi\u00e8re et l&rsquo;humidit\u00e9. Le laser a une pr\u00e9cision de 4,8 mm\/100 m et un bloc-batterie Li-ion amovible renouvel\u00e9. <\/p>\n<p>La grande port\u00e9e de travail de 600 m\u00e8tres (avec r\u00e9cepteur) et la longue autonomie de 55 heures rendent le laser adapt\u00e9 aux utilisateurs les plus exigeants.<\/p>\n<p><strong>Complet avec r\u00e9cepteur num\u00e9rique<\/strong><\/p>\n<p>Le LEVELFIX 650H est livr\u00e9 complet avec le r\u00e9cepteur num\u00e9rique robuste DLD100R.<br \/>\nLe DLD100R poss\u00e8de une grande fen\u00eatre de r\u00e9ception, un \u00e9cran lumineux et clair et est con\u00e7u pour une utilisation quotidienne facile.<\/p>\n<p>Ce r\u00e9cepteur unique indique la distance jusqu&rsquo;\u00e0 la ligne 0 en millim\u00e8tres. Le r\u00e9cepteur dispose d&rsquo;une position 0 r\u00e9glable, ce qui rend le transfert des hauteurs tr\u00e8s simple.<br \/>\nLe r\u00e9cepteur est robuste, r\u00e9sistant aux chocs et aux impacts, et est \u00e9tanche (IP66) <\/p>\n<p><strong>4 ans de garantie<\/strong><\/p>\n<p>Notre garantie souligne la qualit\u00e9 et la fiabilit\u00e9 de nos produits. Les lasers LEVELFIX sont couverts par une garantie d&rsquo;usine de 4 ans*.  Si un instrument tombe en panne en raison de d\u00e9fauts de fabrication ou de mat\u00e9riaux, il sera r\u00e9par\u00e9 ou remplac\u00e9 par nos soins sans frais.<\/p>\n<p>(* apr\u00e8s enregistrement sur internet dans les 2 semaines suivant l&rsquo;achat)<\/p>\n","protected":false},"excerpt":{"rendered":"<p>Le LEVELFIX 650H poss\u00e8de toutes les fonctions n\u00e9cessaires pour les travaux standard dans le secteur de la construction. Il offre notamment une port\u00e9e de 600 m, une grande pr\u00e9cision, une longue dur\u00e9e de fonctionnement, une construction IP66, une fonction TILT et une pente manuelle sur les deux axes.<br \/>\nLe LEVELFIX 650H est livr\u00e9 complet avec le r\u00e9cepteur num\u00e9rique robuste DLD100R et une garantie de 4 ans. <\/p>\n","protected":false},"featured_media":35289,"template":"","meta":{"_acf_changed":false,"site-sidebar-layout":"default","site-content-layout":"","ast-site-content-layout":"default","site-content-style":"default","site-sidebar-style":"default","ast-global-header-display":"","ast-banner-title-visibility":"","ast-main-header-display":"","ast-hfb-above-header-display":"","ast-hfb-below-header-display":"","ast-hfb-mobile-header-display":"","site-post-title":"","ast-breadcrumbs-content":"","ast-featured-img":"","footer-sml-layout":"","ast-disable-related-posts":"","theme-transparent-header-meta":"","adv-header-id-meta":"","stick-header-meta":"","header-above-stick-meta":"","header-main-stick-meta":"","header-below-stick-meta":"","astra-migrate-meta-layouts":"default","ast-page-background-enabled":"default","ast-page-background-meta":{"desktop":{"background-color":"var(--ast-global-color-4)","background-image":"","background-repeat":"repeat","background-position":"center center","background-size":"auto","background-attachment":"scroll","background-type":"","background-media":"","overlay-type":"","overlay-color":"","overlay-opacity":"","overlay-gradient":""},"tablet":{"background-color":"","background-image":"","background-repeat":"repeat","background-position":"center center","background-size":"auto","background-attachment":"scroll","background-type":"","background-media":"","overlay-type":"","overlay-color":"","overlay-opacity":"","overlay-gradient":""},"mobile":{"background-color":"","background-image":"","background-repeat":"repeat","background-position":"center center","background-size":"auto","background-attachment":"scroll","background-type":"","background-media":"","overlay-type":"","overlay-color":"","overlay-opacity":"","overlay-gradient":""}},"ast-content-background-meta":{"desktop":{"background-color":"var(--ast-global-color-5)","background-image":"","background-repeat":"repeat","background-position":"center center","background-size":"auto","background-attachment":"scroll","background-type":"","background-media":"","overlay-type":"","overlay-color":"","overlay-opacity":"","overlay-gradient":""},"tablet":{"background-color":"var(--ast-global-color-5)","background-image":"","background-repeat":"repeat","background-position":"center center","background-size":"auto","background-attachment":"scroll","background-type":"","background-media":"","overlay-type":"","overlay-color":"","overlay-opacity":"","overlay-gradient":""},"mobile":{"background-color":"var(--ast-global-color-5)","background-image":"","background-repeat":"repeat","background-position":"center center","background-size":"auto","background-attachment":"scroll","background-type":"","background-media":"","overlay-type":"","overlay-color":"","overlay-opacity":"","overlay-gradient":""}}},"product_brand":[],"product_cat":[46585],"product_tag":[],"class_list":{"0":"post-27087","1":"product","2":"type-product","3":"status-publish","4":"has-post-thumbnail","6":"product_cat-lasers-de-construction-fr","7":"desktop-align-left","8":"tablet-align-left","9":"mobile-align-left","10":"ast-product-gallery-layout-horizontal-slider","11":"ast-product-tabs-layout-horizontal","13":"first","14":"instock","15":"shipping-taxable","16":"purchasable","17":"product-type-simple"},"acf":[],"_links":{"self":[{"href":"https:\/\/levelfixinstruments.com\/fr\/wp-json\/wp\/v2\/product\/27087","targetHints":{"allow":["GET"]}}],"collection":[{"href":"https:\/\/levelfixinstruments.com\/fr\/wp-json\/wp\/v2\/product"}],"about":[{"href":"https:\/\/levelfixinstruments.com\/fr\/wp-json\/wp\/v2\/types\/product"}],"wp:featuredmedia":[{"embeddable":true,"href":"https:\/\/levelfixinstruments.com\/fr\/wp-json\/wp\/v2\/media\/35289"}],"wp:attachment":[{"href":"https:\/\/levelfixinstruments.com\/fr\/wp-json\/wp\/v2\/media?parent=27087"}],"wp:term":[{"taxonomy":"product_brand","embeddable":true,"href":"https:\/\/levelfixinstruments.com\/fr\/wp-json\/wp\/v2\/product_brand?post=27087"},{"taxonomy":"product_cat","embeddable":true,"href":"https:\/\/levelfixinstruments.com\/fr\/wp-json\/wp\/v2\/product_cat?post=27087"},{"taxonomy":"product_tag","embeddable":true,"href":"https:\/\/levelfixinstruments.com\/fr\/wp-json\/wp\/v2\/product_tag?post=27087"}],"curies":[{"name":"wp","href":"https:\/\/api.w.org\/{rel}","templated":true}]}}