{"id":27131,"date":"2025-09-30T01:09:18","date_gmt":"2025-09-30T01:09:18","guid":{"rendered":"https:\/\/levelfixinstruments.com\/product\/metofix-em400n-testeur-lan-et-multimetre\/"},"modified":"2025-11-28T07:58:30","modified_gmt":"2025-11-28T07:58:30","slug":"metofix-em400n-testeur-lan-et-multimetre","status":"publish","type":"product","link":"https:\/\/levelfixinstruments.com\/fr\/produit\/instruments-de-mesure-fr\/inspection-fr\/metofix-em400n-testeur-lan-et-multimetre\/","title":{"rendered":"METOFIX EM400N TESTEUR LAN ET MULTIM\u00c8TRE"},"content":{"rendered":"<p>Le METOFIX EM400N est un testeur LAN et multim\u00e8tre 2-en-1 pour tester les c\u00e2bles UTP\/STP (RJ45\/RJ11) et COAX (BNC) pour les erreurs de connexion et les probl\u00e8mes.<\/p>\n<p>Gr\u00e2ce \u00e0 la technologie Auto-range, l&rsquo;EM400N s\u00e9lectionne automatiquement la plage de mesure appropri\u00e9e, vous permettant d&rsquo;effectuer des mesures plus facilement et plus rapidement. Cet appareil est robuste, simple d&rsquo;utilisation et facile \u00e0 lire gr\u00e2ce \u00e0 son grand \u00e9cran LCD clair. <\/p>\n<p>L&rsquo;EM400N dispose de diff\u00e9rentes fonctions de mesure, vous pouvez mesurer :<\/p>\n<ul>\n<li>tension jusqu&rsquo;\u00e0 600V AC\/DC avec une pr\u00e9cision d&rsquo;environ 1,5 % ;<\/li>\n<li>courant jusqu&rsquo;\u00e0 200mA AC\/DC avec une pr\u00e9cision d&rsquo;environ 2,0 % ;<\/li>\n<li>r\u00e9sistance jusqu&rsquo;\u00e0 20M ohms avec une pr\u00e9cision d&rsquo;environ 2 % ;<\/li>\n<\/ul>\n<p>Le testeur LAN et multim\u00e8tre METOFIX EM400N est livr\u00e9 avec une pile 9V, des c\u00e2bles de connexion UTP\/COAX, des adaptateurs, un jeu de cordons de mesure et une unit\u00e9 distante dans une mallette robuste.<\/p>\n","protected":false},"excerpt":{"rendered":"<p>L&rsquo;EM400N est un testeur LAN et multim\u00e8tre en un. Avec cet appareil pratique, vous pouvez facilement d\u00e9tecter les probl\u00e8mes de connexion et les d\u00e9fauts dans les c\u00e2bles. <\/p>\n","protected":false},"featured_media":35323,"template":"","meta":{"_acf_changed":false,"site-sidebar-layout":"default","site-content-layout":"","ast-site-content-layout":"default","site-content-style":"default","site-sidebar-style":"default","ast-global-header-display":"","ast-banner-title-visibility":"","ast-main-header-display":"","ast-hfb-above-header-display":"","ast-hfb-below-header-display":"","ast-hfb-mobile-header-display":"","site-post-title":"","ast-breadcrumbs-content":"","ast-featured-img":"","footer-sml-layout":"","ast-disable-related-posts":"","theme-transparent-header-meta":"","adv-header-id-meta":"","stick-header-meta":"","header-above-stick-meta":"","header-main-stick-meta":"","header-below-stick-meta":"","astra-migrate-meta-layouts":"default","ast-page-background-enabled":"default","ast-page-background-meta":{"desktop":{"background-color":"var(--ast-global-color-4)","background-image":"","background-repeat":"repeat","background-position":"center center","background-size":"auto","background-attachment":"scroll","background-type":"","background-media":"","overlay-type":"","overlay-color":"","overlay-opacity":"","overlay-gradient":""},"tablet":{"background-color":"","background-image":"","background-repeat":"repeat","background-position":"center center","background-size":"auto","background-attachment":"scroll","background-type":"","background-media":"","overlay-type":"","overlay-color":"","overlay-opacity":"","overlay-gradient":""},"mobile":{"background-color":"","background-image":"","background-repeat":"repeat","background-position":"center center","background-size":"auto","background-attachment":"scroll","background-type":"","background-media":"","overlay-type":"","overlay-color":"","overlay-opacity":"","overlay-gradient":""}},"ast-content-background-meta":{"desktop":{"background-color":"var(--ast-global-color-5)","background-image":"","background-repeat":"repeat","background-position":"center center","background-size":"auto","background-attachment":"scroll","background-type":"","background-media":"","overlay-type":"","overlay-color":"","overlay-opacity":"","overlay-gradient":""},"tablet":{"background-color":"var(--ast-global-color-5)","background-image":"","background-repeat":"repeat","background-position":"center center","background-size":"auto","background-attachment":"scroll","background-type":"","background-media":"","overlay-type":"","overlay-color":"","overlay-opacity":"","overlay-gradient":""},"mobile":{"background-color":"var(--ast-global-color-5)","background-image":"","background-repeat":"repeat","background-position":"center center","background-size":"auto","background-attachment":"scroll","background-type":"","background-media":"","overlay-type":"","overlay-color":"","overlay-opacity":"","overlay-gradient":""}}},"product_brand":[],"product_cat":[46600,46647],"product_tag":[],"class_list":{"0":"post-27131","1":"product","2":"type-product","3":"status-publish","4":"has-post-thumbnail","6":"product_cat-inspection-fr","7":"product_cat-voltmetres-fr","8":"desktop-align-left","9":"tablet-align-left","10":"mobile-align-left","11":"ast-product-gallery-layout-horizontal-slider","12":"ast-product-tabs-layout-horizontal","14":"first","15":"instock","16":"shipping-taxable","17":"purchasable","18":"product-type-simple"},"acf":[],"_links":{"self":[{"href":"https:\/\/levelfixinstruments.com\/fr\/wp-json\/wp\/v2\/product\/27131","targetHints":{"allow":["GET"]}}],"collection":[{"href":"https:\/\/levelfixinstruments.com\/fr\/wp-json\/wp\/v2\/product"}],"about":[{"href":"https:\/\/levelfixinstruments.com\/fr\/wp-json\/wp\/v2\/types\/product"}],"wp:featuredmedia":[{"embeddable":true,"href":"https:\/\/levelfixinstruments.com\/fr\/wp-json\/wp\/v2\/media\/35323"}],"wp:attachment":[{"href":"https:\/\/levelfixinstruments.com\/fr\/wp-json\/wp\/v2\/media?parent=27131"}],"wp:term":[{"taxonomy":"product_brand","embeddable":true,"href":"https:\/\/levelfixinstruments.com\/fr\/wp-json\/wp\/v2\/product_brand?post=27131"},{"taxonomy":"product_cat","embeddable":true,"href":"https:\/\/levelfixinstruments.com\/fr\/wp-json\/wp\/v2\/product_cat?post=27131"},{"taxonomy":"product_tag","embeddable":true,"href":"https:\/\/levelfixinstruments.com\/fr\/wp-json\/wp\/v2\/product_tag?post=27131"}],"curies":[{"name":"wp","href":"https:\/\/api.w.org\/{rel}","templated":true}]}}