{"id":27231,"date":"2025-09-30T01:10:02","date_gmt":"2025-09-30T01:10:02","guid":{"rendered":"https:\/\/levelfixinstruments.com\/product\/laser-multiligne-servo-levelfix-mcl380g-vert\/"},"modified":"2026-03-09T08:56:12","modified_gmt":"2026-03-09T08:56:12","slug":"laser-multiligne-servo-levelfix-mcl380g-vert","status":"publish","type":"product","link":"https:\/\/levelfixinstruments.com\/fr\/produit\/lasers-fr\/lasers-a-lignes-croix-fr\/laser-multiligne-servo-levelfix-mcl380g-vert\/","title":{"rendered":"LASER MULTILIGNE SERVO LEVELFIX MCL380G VERT"},"content":{"rendered":"<p>Le MCL380G est une nouvelle g\u00e9n\u00e9ration de laser. Il combine en effet les meilleures caract\u00e9ristiques d&rsquo;un laser \u00e0 lignes et d&rsquo;un laser rotatif. Vous b\u00e9n\u00e9ficiez ainsi de la facilit\u00e9 d&rsquo;utilisation et des lignes visibles d&rsquo;un laser \u00e0 lignes, mais aussi de la pr\u00e9cision et de la port\u00e9e d&rsquo;un laser rotatif. Avec le MCL380G, vous disposez d&rsquo;un v\u00e9ritable outil polyvalent.   <\/p>\n<p><strong>Compact et polyvalent<\/strong><br \/>\nAvec 3 lignes visibles \u00e0 360\u00b0 ultra-nettes, vous obtenez imm\u00e9diatement des angles \u00e0 90\u00b0 et une ligne horizontale. Ainsi, le MCL380G vous fournit toutes les lignes dont vous avez besoin pour les t\u00e2ches g\u00e9n\u00e9rales de mesure et d&rsquo;implantation.<br \/>\nGr\u00e2ce \u00e0 son format compact, le MCL380G ne prend pas beaucoup de place dans votre v\u00e9hicule.  Votre dos appr\u00e9ciera \u00e9galement le poids l\u00e9ger de ce laser.<\/p>\n<p><strong>Servomoteurs<\/strong><br \/>\n\u00c0 l&rsquo;int\u00e9rieur de ce laser se trouve une belle pi\u00e8ce de technologie. Le &lsquo;M&rsquo; dans le nom du MCL380G signifie &lsquo;motoris\u00e9&rsquo;. Gr\u00e2ce aux servomoteurs, le laser est enti\u00e8rement automatique et tr\u00e8s pr\u00e9cis, m\u00eame sur de longues distances. De plus, gr\u00e2ce aux servomoteurs, vous pouvez fixer la ligne \u00e0 n&rsquo;importe quel angle souhait\u00e9. Id\u00e9al pour la construction de carrosseries, la construction navale ou l&rsquo;installation de panneaux solaires, par exemple.    <\/p>\n<p><strong>Contr\u00f4le total<\/strong><br \/>\nUn autre avantage de ce laser est que vous pouvez le r\u00e9gler semi-automatiquement en pente num\u00e9rique. Cela vous permet, par exemple, de cr\u00e9er une pente pour des jardins ou des sols, de creuser un syst\u00e8me d&rsquo;\u00e9gouts ou de raccorder une all\u00e9e \u00e0 la route. La pente se r\u00e8gle en %.  <\/p>\n<p>Le MCL380G dispose \u00e9galement d&rsquo;une fonction d&rsquo;inclinaison qui v\u00e9rifie en permanence si vous travaillez dans la bonne position. La position a-t-elle chang\u00e9 suite \u00e0 un contact ou un choc ? La ligne clignote alors pour vous avertir des erreurs de mesure.  <\/p>\n<p><strong>\u00c9tanche<\/strong><br \/>\nVous travaillez \u00e0 l&rsquo;ext\u00e9rieur et il commence \u00e0 pleuvoir ? Ce n&rsquo;est pas un probl\u00e8me avec le MCL380G, gr\u00e2ce \u00e0 sa protection IP65. Vous pouvez ainsi continuer \u00e0 travailler par tous les temps.  <\/p>\n<p><strong>Polyvalence infinie<\/strong><br \/>\nLe MCL380G a une port\u00e9e visible jusqu&rsquo;\u00e0 80 m\u00e8tres. Vous pouvez ainsi l&rsquo;utiliser pour des projets plus importants sans avoir \u00e0 d\u00e9placer le laser. Cela r\u00e9duit consid\u00e9rablement le risque d&rsquo;erreurs de mesure.  <\/p>\n<p>Avec le r\u00e9cepteur LLD200 fourni, vous augmentez la port\u00e9e jusqu&rsquo;\u00e0 200 m\u00e8tres. Cela vous permet \u00e9galement de travailler \u00e0 l&rsquo;ext\u00e9rieur, car les lignes n&rsquo;ont pas besoin d&rsquo;\u00eatre visibles pour le r\u00e9cepteur. <\/p>\n<p><strong>Batterie Li-ion amovible<\/strong><br \/>\nLe MCL380G est \u00e9quip\u00e9 d&rsquo;une batterie LEVELFIX XPower s\u00e9par\u00e9e. Vous pouvez acheter une deuxi\u00e8me batterie pour ne pas avoir \u00e0 travailler avec de longs enrouleurs sur secteur lorsque la batterie est presque vide. Vous avez oubli\u00e9 de charger votre batterie de rechange ? Gr\u00e2ce \u00e0 la fonction Work&#038;Charge, vous pouvez simplement charger la batterie tout en continuant \u00e0 travailler. Ainsi, vos activit\u00e9s n&rsquo;ont jamais besoin d&rsquo;\u00eatre interrompues.    <\/p>\n<p>Le MCL380G peut d\u00e9sormais \u00e9galement \u00eatre utilis\u00e9 avec les batteries 18V de DEWALT, Makita, Bosch et Milwaukee gr\u00e2ce \u00e0 l&rsquo;<em><strong>adaptateur de batterie intelligent LEVELFIX X18V<\/strong><\/em>. Ces adaptateurs sont vendus s\u00e9par\u00e9ment. (R\u00e9f. : DEWALT 554260, Makita 554261, Bosch 554262 et Milwaukee 554263)  <\/p>\n<p><strong>L&rsquo;alignement devient un jeu d&rsquo;enfant<br \/>\n<\/strong>Le MCL380G est \u00e9quip\u00e9 d&rsquo;un pied de positionnement sp\u00e9cial\u00a0: la SmartBase. Gr\u00e2ce \u00e0 ce pied, vous vous alignez facilement et rapidement. La SmartBase est \u00e9quip\u00e9e d&rsquo;un bouton de r\u00e9glage fin qui vous permet de vous aligner tr\u00e8s pr\u00e9cis\u00e9ment, sans que le point de r\u00e9f\u00e9rence ne se d\u00e9place.  <\/p>\n<p>De plus, la SmartBase est \u00e9quip\u00e9e d&rsquo;un raccord de tr\u00e9pied qui vous permet d&rsquo;utiliser le laser \u00e9galement sur un tr\u00e9pied ou un support mural. Vous placez ainsi le laser dans n&rsquo;importe quelle position souhait\u00e9e. <\/p>\n<p><strong>T\u00e9l\u00e9commande num\u00e9rique<\/strong><br \/>\nLe MCL380G peut \u00eatre utilis\u00e9 avec la t\u00e9l\u00e9commande fournie. Avec celle-ci, vous pouvez allumer ou \u00e9teindre les lignes, d\u00e9terminer l&rsquo;intensit\u00e9 des lignes, r\u00e9gler la pente et activer ou d\u00e9sactiver la fonction d&rsquo;inclinaison. Non seulement cela vous \u00e9vite de vous d\u00e9placer, mais cela r\u00e9duit \u00e9galement le risque d&rsquo;erreurs de mesure dues au d\u00e9placement du laser en cas de contact.  <\/p>\n<p>Vous n&rsquo;avez pas la t\u00e9l\u00e9commande sous la main ? Le laser peut \u00e9galement \u00eatre contr\u00f4l\u00e9 avec votre smartphone via l&rsquo;application gratuite LEVELFIX Connect. <\/p>\n<p><strong>LEVELFIX\u2122 Smart Precision Tools \u2013 Innovant, pr\u00e9cis, robuste et 4 ans de garantie<\/strong><br \/>\nLes lasers LEVELFIX sont produits avec le plus grand soin et la plus grande pr\u00e9cision. En appliquant plus de 25 ans d&rsquo;exp\u00e9rience et de connaissances dans nos produits, vous avez entre les mains une qualit\u00e9 absolue de premier ordre. Nous en sommes convaincus et osons donc vous offrir 4 ans de garantie* sans souci.  <\/p>\n<p>*Prolongez la garantie d&rsquo;usine standard d&rsquo;un an \u00e0 4 ans en enregistrant votre laser dans les 2 semaines suivant l&rsquo;achat via Internet.<\/p>\n","protected":false},"excerpt":{"rendered":"<p>Le MCL380G combine les meilleures caract\u00e9ristiques d&rsquo;un laser \u00e0 lignes et d&rsquo;un laser rotatif. Le laser est compact et \u00e9tanche, dispose de 3 lignes HighPower+ \u00e0 360\u00b0 et d&rsquo;une port\u00e9e allant jusqu&rsquo;\u00e0 200 m avec r\u00e9cepteur. Gr\u00e2ce aux servomoteurs int\u00e9gr\u00e9s, il est tr\u00e8s pr\u00e9cis m\u00eame sur de longues distances et peut \u00eatre r\u00e9gl\u00e9 en pente num\u00e9rique semi-automatiquement (en %).  <\/p>\n","protected":false},"featured_media":36446,"template":"","meta":{"_acf_changed":false,"site-sidebar-layout":"default","site-content-layout":"","ast-site-content-layout":"default","site-content-style":"default","site-sidebar-style":"default","ast-global-header-display":"","ast-banner-title-visibility":"","ast-main-header-display":"","ast-hfb-above-header-display":"","ast-hfb-below-header-display":"","ast-hfb-mobile-header-display":"","site-post-title":"","ast-breadcrumbs-content":"","ast-featured-img":"","footer-sml-layout":"","ast-disable-related-posts":"","theme-transparent-header-meta":"","adv-header-id-meta":"","stick-header-meta":"","header-above-stick-meta":"","header-main-stick-meta":"","header-below-stick-meta":"","astra-migrate-meta-layouts":"default","ast-page-background-enabled":"default","ast-page-background-meta":{"desktop":{"background-color":"var(--ast-global-color-4)","background-image":"","background-repeat":"repeat","background-position":"center center","background-size":"auto","background-attachment":"scroll","background-type":"","background-media":"","overlay-type":"","overlay-color":"","overlay-opacity":"","overlay-gradient":""},"tablet":{"background-color":"","background-image":"","background-repeat":"repeat","background-position":"center center","background-size":"auto","background-attachment":"scroll","background-type":"","background-media":"","overlay-type":"","overlay-color":"","overlay-opacity":"","overlay-gradient":""},"mobile":{"background-color":"","background-image":"","background-repeat":"repeat","background-position":"center center","background-size":"auto","background-attachment":"scroll","background-type":"","background-media":"","overlay-type":"","overlay-color":"","overlay-opacity":"","overlay-gradient":""}},"ast-content-background-meta":{"desktop":{"background-color":"var(--ast-global-color-5)","background-image":"","background-repeat":"repeat","background-position":"center center","background-size":"auto","background-attachment":"scroll","background-type":"","background-media":"","overlay-type":"","overlay-color":"","overlay-opacity":"","overlay-gradient":""},"tablet":{"background-color":"var(--ast-global-color-5)","background-image":"","background-repeat":"repeat","background-position":"center center","background-size":"auto","background-attachment":"scroll","background-type":"","background-media":"","overlay-type":"","overlay-color":"","overlay-opacity":"","overlay-gradient":""},"mobile":{"background-color":"var(--ast-global-color-5)","background-image":"","background-repeat":"repeat","background-position":"center center","background-size":"auto","background-attachment":"scroll","background-type":"","background-media":"","overlay-type":"","overlay-color":"","overlay-opacity":"","overlay-gradient":""}}},"product_brand":[],"product_cat":[46609],"product_tag":[],"class_list":{"0":"post-27231","1":"product","2":"type-product","3":"status-publish","4":"has-post-thumbnail","6":"product_cat-lasers-a-lignes-croix-fr","7":"desktop-align-left","8":"tablet-align-left","9":"mobile-align-left","10":"ast-product-gallery-layout-horizontal-slider","11":"ast-product-tabs-layout-horizontal","13":"first","14":"instock","15":"shipping-taxable","16":"purchasable","17":"product-type-simple"},"acf":[],"_links":{"self":[{"href":"https:\/\/levelfixinstruments.com\/fr\/wp-json\/wp\/v2\/product\/27231","targetHints":{"allow":["GET"]}}],"collection":[{"href":"https:\/\/levelfixinstruments.com\/fr\/wp-json\/wp\/v2\/product"}],"about":[{"href":"https:\/\/levelfixinstruments.com\/fr\/wp-json\/wp\/v2\/types\/product"}],"wp:featuredmedia":[{"embeddable":true,"href":"https:\/\/levelfixinstruments.com\/fr\/wp-json\/wp\/v2\/media\/36446"}],"wp:attachment":[{"href":"https:\/\/levelfixinstruments.com\/fr\/wp-json\/wp\/v2\/media?parent=27231"}],"wp:term":[{"taxonomy":"product_brand","embeddable":true,"href":"https:\/\/levelfixinstruments.com\/fr\/wp-json\/wp\/v2\/product_brand?post=27231"},{"taxonomy":"product_cat","embeddable":true,"href":"https:\/\/levelfixinstruments.com\/fr\/wp-json\/wp\/v2\/product_cat?post=27231"},{"taxonomy":"product_tag","embeddable":true,"href":"https:\/\/levelfixinstruments.com\/fr\/wp-json\/wp\/v2\/product_tag?post=27231"}],"curies":[{"name":"wp","href":"https:\/\/api.w.org\/{rel}","templated":true}]}}