{"id":27275,"date":"2025-09-30T01:10:18","date_gmt":"2025-09-30T01:10:18","guid":{"rendered":"https:\/\/levelfixinstruments.com\/product\/levelfix-ccl280g-laser-a-lignes-vertes-2d-360-h-2-v\/"},"modified":"2026-03-06T11:07:16","modified_gmt":"2026-03-06T11:07:16","slug":"levelfix-ccl280g-laser-a-lignes-vertes-2d-360-h-2-v","status":"publish","type":"product","link":"https:\/\/levelfixinstruments.com\/fr\/produit\/lasers-fr\/lasers-a-lignes-croix-fr\/levelfix-ccl280g-laser-a-lignes-vertes-2d-360-h-2-v\/","title":{"rendered":"LEVELFIX CCL280G LASER \u00c0 LIGNES VERTES 2D, H 360\u00b0 \/ 2 V"},"content":{"rendered":"<p>Le LEVELFIX CCL280G est un laser \u00e0 lignes qui vous offre des possibilit\u00e9s suppl\u00e9mentaires gr\u00e2ce \u00e0 la technologie intelligente du c\u00f4ne. Cette technique cr\u00e9e une ligne horizontale \u00e0 360\u00ba, crois\u00e9e par deux lignes verticales \u00e0 un angle de 90\u00ba. Ainsi, vous disposez de toutes les lignes n\u00e9cessaires pour la plupart des travaux de mesure et d&rsquo;implantation.  <\/p>\n<p><strong>Facile \u00e0 utiliser<\/strong><br \/>\nGr\u00e2ce \u00e0 son format compact, vous pouvez facilement emporter le CCL280G partout avec vous. Il est maniable et prend peu de place dans votre v\u00e9hicule. Mais ne vous y trompez pas ! Bien que ce laser soit petit, son bo\u00eetier robuste (IP54) lui permet de r\u00e9sister aux chocs.   <\/p>\n<p><strong>Vert vif<\/strong><br \/>\nLes diodes puissantes du laser produisent des lignes vertes claires et nettes. Ces lignes sont jusqu&rsquo;\u00e0 4 fois plus visibles que les lignes rouges classiques. Gr\u00e2ce au prisme conique, le faisceau se projette \u00e0 360\u00ba. La combinaison avec les deux lignes verticales fait de ce laser votre partenaire id\u00e9al pour de nombreux travaux.   <\/p>\n<p><strong>Auto-nivelant<\/strong><br \/>\nLe CCL280G s&rsquo;auto-nivelle gr\u00e2ce \u00e0 un syst\u00e8me de pendule. Lorsque le laser ne peut plus se mettre \u00e0 niveau, la ligne clignote pour vous avertir. Pour prot\u00e9ger le syst\u00e8me de pendule pendant le transport, vous pouvez le verrouiller \u00e0 l&rsquo;aide de la fonction SmartLock. Dans cette position, la ligne ne clignote pas lorsque vous inclinez le laser. C&rsquo;est pratique si vous voulez, par exemple, incliner le laser. Veillez cependant \u00e0 v\u00e9rifier vous-m\u00eame si la ligne est de niveau.     <\/p>\n<p><strong>Contr\u00f4le avec votre smartphone<\/strong><br \/>\nCe qui rend ce laser unique, c&rsquo;est que vous pouvez le contr\u00f4ler \u00e0 distance via l&rsquo;application gratuite \u00bbLEVELFIX Connect\u00ab sur votre smartphone. Connectez-le via Bluetooth et activez ou d\u00e9sactivez les lignes sur votre t\u00e9l\u00e9phone. Non seulement cela vous \u00e9vite d&rsquo;aller et venir, mais cela r\u00e9duit \u00e9galement le risque de d\u00e9placement du laser par contact. De plus, vous avez toujours le manuel \u00e0 port\u00e9e de main dans l&rsquo;application, au cas o\u00f9 vous voudriez le consulter.   <\/p>\n<p><strong>Batterie Li-ion amovible<\/strong><br \/>\nLe CCL280G est livr\u00e9 avec une batterie Li-ion s\u00e9par\u00e9e. Vous avez la possibilit\u00e9 d&rsquo;acheter une batterie de rechange, afin que votre travail ne soit jamais interrompu par une batterie d\u00e9charg\u00e9e. Vous avez oubli\u00e9 de charger votre batterie de rechange ? Pas de probl\u00e8me. Gr\u00e2ce \u00e0 la fonction Work&#038;Charge, vous pouvez charger la batterie tout en utilisant le laser. Ainsi, vous pouvez travailler ind\u00e9finiment avec le CCL280G.     <\/p>\n<p><strong>Avec ou sans r\u00e9cepteur<\/strong><br \/>\nLa visibilit\u00e9 des lignes laser d\u00e9pend de la distance et de la quantit\u00e9 de lumi\u00e8re. Pour \u00e9tendre les possibilit\u00e9s, le CCL280G dispose d&rsquo;une fonction de r\u00e9ception. D&rsquo;une simple pression sur un bouton, vous pouvez capter la ligne avec un r\u00e9cepteur. Vous travaillez ainsi plus loin, plus vite et avec plus de pr\u00e9cision.   <\/p>\n<p><strong>LEVELFIX\u2122 Smart Precision Tools \u2013 Innovant, pr\u00e9cis, robuste et 4 ans de garantie<\/strong><br \/>\nLes lasers LEVELFIX sont produits avec le plus grand soin et la plus grande pr\u00e9cision. En appliquant plus de 25 ans d&rsquo;exp\u00e9rience et de connaissances dans nos produits, vous avez entre les mains une qualit\u00e9 absolue de premier ordre. Nous en sommes convaincus et osons donc vous offrir 4 ans de garantie* sans souci.  <\/p>\n<p>* Prolongez la garantie d&rsquo;usine standard de 1 an \u00e0 4 ans en enregistrant votre laser dans les 2 semaines suivant l&rsquo;achat via Internet.<\/p>\n","protected":false},"excerpt":{"rendered":"<p>Laser multiligne avec une ligne horizontale verte \u00e0 360\u00ba et deux lignes verticales.<\/p>\n","protected":false},"featured_media":36377,"template":"","meta":{"_acf_changed":false,"site-sidebar-layout":"default","site-content-layout":"","ast-site-content-layout":"default","site-content-style":"default","site-sidebar-style":"default","ast-global-header-display":"","ast-banner-title-visibility":"","ast-main-header-display":"","ast-hfb-above-header-display":"","ast-hfb-below-header-display":"","ast-hfb-mobile-header-display":"","site-post-title":"","ast-breadcrumbs-content":"","ast-featured-img":"","footer-sml-layout":"","ast-disable-related-posts":"","theme-transparent-header-meta":"","adv-header-id-meta":"","stick-header-meta":"","header-above-stick-meta":"","header-main-stick-meta":"","header-below-stick-meta":"","astra-migrate-meta-layouts":"default","ast-page-background-enabled":"default","ast-page-background-meta":{"desktop":{"background-color":"var(--ast-global-color-4)","background-image":"","background-repeat":"repeat","background-position":"center center","background-size":"auto","background-attachment":"scroll","background-type":"","background-media":"","overlay-type":"","overlay-color":"","overlay-opacity":"","overlay-gradient":""},"tablet":{"background-color":"","background-image":"","background-repeat":"repeat","background-position":"center center","background-size":"auto","background-attachment":"scroll","background-type":"","background-media":"","overlay-type":"","overlay-color":"","overlay-opacity":"","overlay-gradient":""},"mobile":{"background-color":"","background-image":"","background-repeat":"repeat","background-position":"center center","background-size":"auto","background-attachment":"scroll","background-type":"","background-media":"","overlay-type":"","overlay-color":"","overlay-opacity":"","overlay-gradient":""}},"ast-content-background-meta":{"desktop":{"background-color":"var(--ast-global-color-5)","background-image":"","background-repeat":"repeat","background-position":"center center","background-size":"auto","background-attachment":"scroll","background-type":"","background-media":"","overlay-type":"","overlay-color":"","overlay-opacity":"","overlay-gradient":""},"tablet":{"background-color":"var(--ast-global-color-5)","background-image":"","background-repeat":"repeat","background-position":"center center","background-size":"auto","background-attachment":"scroll","background-type":"","background-media":"","overlay-type":"","overlay-color":"","overlay-opacity":"","overlay-gradient":""},"mobile":{"background-color":"var(--ast-global-color-5)","background-image":"","background-repeat":"repeat","background-position":"center center","background-size":"auto","background-attachment":"scroll","background-type":"","background-media":"","overlay-type":"","overlay-color":"","overlay-opacity":"","overlay-gradient":""}}},"product_brand":[],"product_cat":[46609],"product_tag":[],"class_list":{"0":"post-27275","1":"product","2":"type-product","3":"status-publish","4":"has-post-thumbnail","6":"product_cat-lasers-a-lignes-croix-fr","7":"desktop-align-left","8":"tablet-align-left","9":"mobile-align-left","10":"ast-product-gallery-layout-horizontal-slider","11":"ast-product-tabs-layout-horizontal","13":"first","14":"instock","15":"shipping-taxable","16":"purchasable","17":"product-type-simple"},"acf":[],"_links":{"self":[{"href":"https:\/\/levelfixinstruments.com\/fr\/wp-json\/wp\/v2\/product\/27275","targetHints":{"allow":["GET"]}}],"collection":[{"href":"https:\/\/levelfixinstruments.com\/fr\/wp-json\/wp\/v2\/product"}],"about":[{"href":"https:\/\/levelfixinstruments.com\/fr\/wp-json\/wp\/v2\/types\/product"}],"wp:featuredmedia":[{"embeddable":true,"href":"https:\/\/levelfixinstruments.com\/fr\/wp-json\/wp\/v2\/media\/36377"}],"wp:attachment":[{"href":"https:\/\/levelfixinstruments.com\/fr\/wp-json\/wp\/v2\/media?parent=27275"}],"wp:term":[{"taxonomy":"product_brand","embeddable":true,"href":"https:\/\/levelfixinstruments.com\/fr\/wp-json\/wp\/v2\/product_brand?post=27275"},{"taxonomy":"product_cat","embeddable":true,"href":"https:\/\/levelfixinstruments.com\/fr\/wp-json\/wp\/v2\/product_cat?post=27275"},{"taxonomy":"product_tag","embeddable":true,"href":"https:\/\/levelfixinstruments.com\/fr\/wp-json\/wp\/v2\/product_tag?post=27275"}],"curies":[{"name":"wp","href":"https:\/\/api.w.org\/{rel}","templated":true}]}}