{"id":27323,"date":"2025-09-30T01:10:35","date_gmt":"2025-09-30T01:10:35","guid":{"rendered":"https:\/\/levelfixinstruments.com\/product\/levelfix-ccl283g-laser-a-lignes-vertes-3d-multi-3x-360\/"},"modified":"2026-03-06T11:32:28","modified_gmt":"2026-03-06T11:32:28","slug":"levelfix-ccl283g-laser-a-lignes-vertes-3d-multi-3x-360","status":"publish","type":"product","link":"https:\/\/levelfixinstruments.com\/fr\/produit\/lasers-fr\/lasers-a-lignes-croix-fr\/levelfix-ccl283g-laser-a-lignes-vertes-3d-multi-3x-360\/","title":{"rendered":"LEVELFIX CCL283G LASER \u00c0 LIGNES VERTES 3D MULTI 3X 360\u00b0"},"content":{"rendered":"<p>Le LEVELFIX CCL283G est un laser 3D polyvalent. Avec trois lignes \u00e0 360\u00ba, 1 horizontale et 2 verticales, toutes les orientations sont possibles. Du trac\u00e9 des lignes de niveau \u00e0 la projection d&rsquo;une ligne crois\u00e9e sur un mur, un sol ou un plafond ; avec le CCL283G, tout devient simple et rapide.  <\/p>\n<p><strong>3x 360\u00ba vert<\/strong><br \/>\nCe laser utilise la technologie conique. Comme le faisceau est projet\u00e9 via un prisme conique (cone), vous obtenez une ligne de niveau \u00e0 360\u00ba. Ainsi, vous n&rsquo;avez pas besoin de d\u00e9placer votre laser aussi souvent et vous r\u00e9duisez le risque d&rsquo;erreurs de mesure. Mais ce n&rsquo;est pas le seul avantage de la technologie conique. Comme une seule diode laser est n\u00e9cessaire pour une ligne compl\u00e8te, au lieu d&rsquo;une diode par ligne distincte, cette technologie est \u00e9galement \u00e9conome en \u00e9nergie. Vous travaillez ainsi plus longtemps avec une batterie pleine.     <\/p>\n<p><strong>Positionnement facile avec la SmartBase<\/strong><br \/>\nLe CCL283G dispose d&rsquo;une base de positionnement pratique : la SmartBase. Ce qui rend cette base si pratique, c&rsquo;est son m\u00e9canisme de rotation unique. En tournant le bouton, vous r\u00e9glez le laser tout en maintenant le point de r\u00e9f\u00e9rence au m\u00eame endroit. Mais ce n&rsquo;est pas tout. Une autre fonction pratique de la SmartBase sont les but\u00e9es rabattables. D\u00e9pli\u00e9es, elles s&rsquo;adaptent parfaitement au bord d&rsquo;un carreau et repli\u00e9es, vous pouvez facilement positionner le laser contre un cadre. Avec la SmartBase, le positionnement et l&rsquo;alignement de votre laser deviennent un jeu d&rsquo;enfant.      <\/p>\n<p><strong><\/strong>M<wpml_linebreak>ise \u00e0 niveau automatique<\/wpml_linebreak>. Le laser se met \u00e0 niveau tout seul gr\u00e2ce \u00e0 un syst\u00e8me de pendule. Lorsque le laser ne peut plus se mettre \u00e0 niveau, la ligne clignote pour vous avertir. Pour prot\u00e9ger le syst\u00e8me pendulaire pendant le transport, s\u00e9curisez-le \u00e0 l&rsquo;aide de la fonction SmartLock. Dans ce mode, la ligne ne clignote pas lorsque vous inclinez le laser. Utile si vous souhaitez r\u00e9gler le laser sur une pente, par exemple.     Notez ensuite que vous devez v\u00e9rifier vous-m\u00eame que la ligne est de niveau.<\/p>\n<p><strong>Contr\u00f4le avec votre smartphone<\/strong><br \/>\nCe qui rend ce laser unique, c&rsquo;est que vous pouvez le contr\u00f4ler \u00e0 distance via l&rsquo;application gratuite LEVELFIX Connect sur votre smartphone. Connectez-le via Bluetooth et activez ou d\u00e9sactivez les lignes sur votre t\u00e9l\u00e9phone. Non seulement cela vous \u00e9vite d&rsquo;aller et venir, mais cela r\u00e9duit \u00e9galement le risque de d\u00e9placement du laser par contact. De plus, vous avez toujours le manuel \u00e0 port\u00e9e de main dans l&rsquo;application, au cas o\u00f9 vous voudriez le consulter.   <\/p>\n<p><strong>Batterie Li-ion amovible<\/strong><br \/>\nLe CCL283G est livr\u00e9 avec une batterie Li-ion s\u00e9par\u00e9e. Vous avez la possibilit\u00e9 d&rsquo;acheter une batterie de rechange pour que votre travail ne soit jamais interrompu par une batterie vide. Vous avez oubli\u00e9 de charger votre batterie de rechange ? Pas de probl\u00e8me. Gr\u00e2ce \u00e0 la fonction Work&#038;Charge, vous pouvez charger la batterie tout en utilisant le laser. Ainsi, vous pouvez travailler ind\u00e9finiment avec le CCL283G.     <\/p>\n<p>Le CCL283G peut d\u00e9sormais \u00e9galement \u00eatre utilis\u00e9 avec les batteries 18V de DEWALT, Makita, Bosch et Milwaukee \u00e0 l&rsquo;aide de l&rsquo;<em><strong>adaptateur de batterie intelligent LEVELFIX X18V<\/strong><\/em>. Ces adaptateurs sont disponibles s\u00e9par\u00e9ment. (R\u00e9f. : DEWALT 554260, Makita 554261, Bosch 554262 et Milwaukee 554263)  <\/p>\n<p><strong>Avec ou sans r\u00e9cepteur<\/strong><br \/>\nLa visibilit\u00e9 des lignes laser d\u00e9pend de la distance et de la quantit\u00e9 de lumi\u00e8re. Pour \u00e9tendre les possibilit\u00e9s, le CCL283G dispose d&rsquo;une fonction r\u00e9cepteur. D&rsquo;une simple pression sur un bouton, vous captez la ligne avec un r\u00e9cepteur. Vous travaillez ainsi plus loin, plus vite et avec plus de pr\u00e9cision.   <\/p>\n<p><strong>LEVELFIX\u2122 Smart Precision Tools \u2013 Innovant, pr\u00e9cis, robuste et 4 ans de garantie<\/strong><br \/>\nLes lasers LEVELFIX sont produits avec le plus grand soin et la plus grande pr\u00e9cision. En appliquant plus de 25 ans d&rsquo;exp\u00e9rience et de connaissances dans nos produits, vous avez entre les mains une qualit\u00e9 absolue de premier ordre. Nous en sommes convaincus et osons donc vous offrir 4 ans de garantie* sans souci.  <\/p>\n<p>* Prolongez la garantie d&rsquo;usine standard de 1 an \u00e0 4 ans en enregistrant votre laser dans les 2 semaines suivant l&rsquo;achat via Internet.<\/p>\n","protected":false},"excerpt":{"rendered":"<p>Le LEVELFIX CCL283G est un laser 3D polyvalent avec trois lignes vertes \u00e0 360\u00ba (1 horizontale et 2 verticales), un pied de positionnement pratique et une batterie Li-ion interchangeable.<\/p>\n","protected":false},"featured_media":36419,"template":"","meta":{"_acf_changed":false,"site-sidebar-layout":"default","site-content-layout":"","ast-site-content-layout":"default","site-content-style":"default","site-sidebar-style":"default","ast-global-header-display":"","ast-banner-title-visibility":"","ast-main-header-display":"","ast-hfb-above-header-display":"","ast-hfb-below-header-display":"","ast-hfb-mobile-header-display":"","site-post-title":"","ast-breadcrumbs-content":"","ast-featured-img":"","footer-sml-layout":"","ast-disable-related-posts":"","theme-transparent-header-meta":"","adv-header-id-meta":"","stick-header-meta":"","header-above-stick-meta":"","header-main-stick-meta":"","header-below-stick-meta":"","astra-migrate-meta-layouts":"default","ast-page-background-enabled":"default","ast-page-background-meta":{"desktop":{"background-color":"var(--ast-global-color-4)","background-image":"","background-repeat":"repeat","background-position":"center center","background-size":"auto","background-attachment":"scroll","background-type":"","background-media":"","overlay-type":"","overlay-color":"","overlay-opacity":"","overlay-gradient":""},"tablet":{"background-color":"","background-image":"","background-repeat":"repeat","background-position":"center center","background-size":"auto","background-attachment":"scroll","background-type":"","background-media":"","overlay-type":"","overlay-color":"","overlay-opacity":"","overlay-gradient":""},"mobile":{"background-color":"","background-image":"","background-repeat":"repeat","background-position":"center center","background-size":"auto","background-attachment":"scroll","background-type":"","background-media":"","overlay-type":"","overlay-color":"","overlay-opacity":"","overlay-gradient":""}},"ast-content-background-meta":{"desktop":{"background-color":"var(--ast-global-color-5)","background-image":"","background-repeat":"repeat","background-position":"center center","background-size":"auto","background-attachment":"scroll","background-type":"","background-media":"","overlay-type":"","overlay-color":"","overlay-opacity":"","overlay-gradient":""},"tablet":{"background-color":"var(--ast-global-color-5)","background-image":"","background-repeat":"repeat","background-position":"center center","background-size":"auto","background-attachment":"scroll","background-type":"","background-media":"","overlay-type":"","overlay-color":"","overlay-opacity":"","overlay-gradient":""},"mobile":{"background-color":"var(--ast-global-color-5)","background-image":"","background-repeat":"repeat","background-position":"center center","background-size":"auto","background-attachment":"scroll","background-type":"","background-media":"","overlay-type":"","overlay-color":"","overlay-opacity":"","overlay-gradient":""}}},"product_brand":[],"product_cat":[46609],"product_tag":[],"class_list":{"0":"post-27323","1":"product","2":"type-product","3":"status-publish","4":"has-post-thumbnail","6":"product_cat-lasers-a-lignes-croix-fr","7":"desktop-align-left","8":"tablet-align-left","9":"mobile-align-left","10":"ast-product-gallery-layout-horizontal-slider","11":"ast-product-tabs-layout-horizontal","13":"first","14":"instock","15":"shipping-taxable","16":"purchasable","17":"product-type-simple"},"acf":[],"_links":{"self":[{"href":"https:\/\/levelfixinstruments.com\/fr\/wp-json\/wp\/v2\/product\/27323","targetHints":{"allow":["GET"]}}],"collection":[{"href":"https:\/\/levelfixinstruments.com\/fr\/wp-json\/wp\/v2\/product"}],"about":[{"href":"https:\/\/levelfixinstruments.com\/fr\/wp-json\/wp\/v2\/types\/product"}],"wp:featuredmedia":[{"embeddable":true,"href":"https:\/\/levelfixinstruments.com\/fr\/wp-json\/wp\/v2\/media\/36419"}],"wp:attachment":[{"href":"https:\/\/levelfixinstruments.com\/fr\/wp-json\/wp\/v2\/media?parent=27323"}],"wp:term":[{"taxonomy":"product_brand","embeddable":true,"href":"https:\/\/levelfixinstruments.com\/fr\/wp-json\/wp\/v2\/product_brand?post=27323"},{"taxonomy":"product_cat","embeddable":true,"href":"https:\/\/levelfixinstruments.com\/fr\/wp-json\/wp\/v2\/product_cat?post=27323"},{"taxonomy":"product_tag","embeddable":true,"href":"https:\/\/levelfixinstruments.com\/fr\/wp-json\/wp\/v2\/product_tag?post=27323"}],"curies":[{"name":"wp","href":"https:\/\/api.w.org\/{rel}","templated":true}]}}