{"id":27367,"date":"2025-09-30T01:10:53","date_gmt":"2025-09-30T01:10:53","guid":{"rendered":"https:\/\/levelfixinstruments.com\/product\/levelfix-ccl284g-laser-multiligne-4d-vert-4x-360\/"},"modified":"2026-03-09T08:41:53","modified_gmt":"2026-03-09T08:41:53","slug":"levelfix-ccl284g-laser-multiligne-4d-vert-4x-360","status":"publish","type":"product","link":"https:\/\/levelfixinstruments.com\/fr\/produit\/lasers-fr\/lasers-a-lignes-croix-fr\/levelfix-ccl284g-laser-multiligne-4d-vert-4x-360\/","title":{"rendered":"LEVELFIX CCL284G LASER MULTILIGNE 4D VERT 4X 360\u00b0"},"content":{"rendered":"<p>Vous souhaitez pouvoir r\u00e9aliser tous les travaux d&rsquo;int\u00e9rieur et de finition avec votre laser \u00e0 lignes ? Avec le LEVELFIX CCL284G, les possibilit\u00e9s sont infinies gr\u00e2ce aux 4 lentilles coniques. Ce laser 4D est le laser d&rsquo;int\u00e9rieur ultime pour vous en tant que professionnel.  <\/p>\n<p><strong>4x 360\u00b0 vert<\/strong><br \/>\nAvec 4 lignes de 360\u00b0, le CCL284G est le laser \u00e0 lignes le plus polyvalent de notre gamme de produits. Ce laser dispose de 2 lignes horizontales et 2 lignes verticales tout autour (360\u00b0), ce qui \u00e9quivaut \u00e0 16 lignes individuelles. La ligne suppl\u00e9mentaire se trouve au bas du laser, vous donnant une ligne juste au-dessus du sol. Id\u00e9al pour l&rsquo;alignement et le contr\u00f4le des sols.   <\/p>\n<p><strong>Flexible et polyvalent<\/strong><br \/>\nLe CCL284G peut \u00eatre utilis\u00e9 avec un tr\u00e9pied, un support mural ou un \u00e9l\u00e9vateur. Cela vous offre une infinit\u00e9 de possibilit\u00e9s pour positionner votre laser. Le support mural dispose d&rsquo;aimants renforc\u00e9s et peut \u00eatre ajust\u00e9 tr\u00e8s pr\u00e9cis\u00e9ment en hauteur \u00e0 l&rsquo;aide d&rsquo;un bouton rotatif.  <\/p>\n<p>Vous installez un plafond et pr\u00e9f\u00e9rez visser le support mural hors de vue ? Pas de probl\u00e8me avec la combinaison de ce laser polyvalent et du support mural. La plateforme du support mural est rotative, vous permettant de fixer le laser en haut ou en bas du support.<x id=\"gid_0\"><\/x>De plus, il est livr\u00e9 avec un adaptateur sp\u00e9cial que vous fixez au c\u00f4ne sup\u00e9rieur du laser. Les possibilit\u00e9s avec le CCL284G et le pratique support mural et plafond WB40 sont infinies.   <\/p>\n<p>S<strong>ols lisses comme un miroir<\/strong> La ligne suppl\u00e9mentaire au bas du laser donne une ligne juste au-dessus du sol. Il est id\u00e9al pour aligner, mesurer et contr\u00f4ler les sols. Il est ainsi facile de d\u00e9terminer la premi\u00e8re rang\u00e9e de carreaux ou la plan\u00e9it\u00e9 du sol. En utilisant des piquets de niveau, par exemple, vous mesurez en diff\u00e9rents points et vous voyez rapidement si le sol est de niveau partout ou si vous devez ajouter du b\u00e9ton. La ligne suppl\u00e9mentaire du CCL284G est une aubaine pour tout type de rev\u00eatement de sol. V\u00e9rifiez facilement et pr\u00e9cis\u00e9ment la plan\u00e9it\u00e9 de votre sol pour \u00e9viter les probl\u00e8mes d\u00e9sagr\u00e9ables caus\u00e9s par les irr\u00e9gularit\u00e9s. Cela vous \u00e9pargne beaucoup de tracas et de co\u00fbts.  <\/p>\n<p><strong>Contr\u00f4le avec votre smartphone<\/strong><br \/>\nCe qui rend ce laser unique, c&rsquo;est que vous pouvez le contr\u00f4ler \u00e0 distance via l&rsquo;application gratuite LEVELFIX Connect sur votre smartphone. Connectez-le via Bluetooth et activez ou d\u00e9sactivez les lignes sur votre t\u00e9l\u00e9phone. Non seulement cela vous \u00e9vite d&rsquo;aller et venir, mais cela r\u00e9duit \u00e9galement le risque de d\u00e9placement du laser par contact. De plus, vous avez toujours le manuel \u00e0 port\u00e9e de main dans l&rsquo;application, au cas o\u00f9 vous voudriez le consulter.   <\/p>\n<p><strong><\/strong>B<wpml_linebreak>atterie Li-ion amov<\/wpml_linebreak>ible Le CCL284G est \u00e9quip\u00e9 d&rsquo;une batterie Li-ion<g id=\"gid_2\">amovible<\/g>. Vous avez la possibilit\u00e9 d&rsquo;acheter une batterie de rechange, afin que votre travail ne soit jamais interrompu par une batterie d\u00e9charg\u00e9e.  Vous avez oubli\u00e9 de charger votre batterie de secours ? M\u00eame dans ce cas, il n&rsquo;y a pas de probl\u00e8me. En effet, gr\u00e2ce \u00e0 la fonction Work&#038;Charge, il vous suffit de recharger la batterie tout en utilisant le laser. Le CCL284G vous permet donc de travailler \u00e0 l&rsquo;infini.<\/p>\n<p>Le CCL284G peut d\u00e9sormais \u00eatre utilis\u00e9 avec les batteries 18V de DEWALT, Makita, Bosch et Milwaukee gr\u00e2ce \u00e0 l&rsquo;<em><strong>adaptateur de batterie intelligent LEVELFIX X18V<\/strong><\/em>. Ces adaptateurs sont vendus s\u00e9par\u00e9ment. (R\u00e9f. art. : DEWALT 554260, Makita 554261, Bosch 554262 et Milwaukee 554263)  <\/p>\n<p><strong>Avec ou sans r\u00e9cepteur<\/strong><br \/>\nLa visibilit\u00e9 des lignes laser d\u00e9pend de la distance et de la quantit\u00e9 de lumi\u00e8re. Pour \u00e9tendre les possibilit\u00e9s, le CCL284G dispose d&rsquo;une fonction r\u00e9cepteur. D&rsquo;une simple pression sur un bouton, vous captez la ligne avec un r\u00e9cepteur. Vous travaillez ainsi plus loin, plus vite et avec plus de pr\u00e9cision.   <\/p>\n<p><strong>LEVELFIX\u2122 Smart Precision Tools \u2013 Innovant, pr\u00e9cis, robuste et 4 ans de garantie<\/strong><br \/>\nLes lasers LEVELFIX sont produits avec le plus grand soin et la plus grande pr\u00e9cision. En appliquant plus de 25 ans d&rsquo;exp\u00e9rience et de connaissances dans nos produits, vous avez entre les mains une qualit\u00e9 absolue de premier ordre. Nous en sommes convaincus et osons donc vous offrir 4 ans de garantie* sans souci.  <\/p>\n<p>* Prolongez la garantie d&rsquo;usine standard de 1 an \u00e0 4 ans en enregistrant votre laser dans les 2 semaines suivant l&rsquo;achat via Internet.<\/p>\n","protected":false},"excerpt":{"rendered":"<p>Le CCL284G dispose de 4 lignes vertes \u00e0 360\u00b0, deux horizontales et deux verticales. La ligne suppl\u00e9mentaire se trouve juste au-dessus du sol, id\u00e9ale pour l&rsquo;alignement et le contr\u00f4le des sols. <\/p>\n","protected":false},"featured_media":36432,"template":"","meta":{"_acf_changed":false,"site-sidebar-layout":"default","site-content-layout":"","ast-site-content-layout":"default","site-content-style":"default","site-sidebar-style":"default","ast-global-header-display":"","ast-banner-title-visibility":"","ast-main-header-display":"","ast-hfb-above-header-display":"","ast-hfb-below-header-display":"","ast-hfb-mobile-header-display":"","site-post-title":"","ast-breadcrumbs-content":"","ast-featured-img":"","footer-sml-layout":"","ast-disable-related-posts":"","theme-transparent-header-meta":"","adv-header-id-meta":"","stick-header-meta":"","header-above-stick-meta":"","header-main-stick-meta":"","header-below-stick-meta":"","astra-migrate-meta-layouts":"default","ast-page-background-enabled":"default","ast-page-background-meta":{"desktop":{"background-color":"var(--ast-global-color-4)","background-image":"","background-repeat":"repeat","background-position":"center center","background-size":"auto","background-attachment":"scroll","background-type":"","background-media":"","overlay-type":"","overlay-color":"","overlay-opacity":"","overlay-gradient":""},"tablet":{"background-color":"","background-image":"","background-repeat":"repeat","background-position":"center center","background-size":"auto","background-attachment":"scroll","background-type":"","background-media":"","overlay-type":"","overlay-color":"","overlay-opacity":"","overlay-gradient":""},"mobile":{"background-color":"","background-image":"","background-repeat":"repeat","background-position":"center center","background-size":"auto","background-attachment":"scroll","background-type":"","background-media":"","overlay-type":"","overlay-color":"","overlay-opacity":"","overlay-gradient":""}},"ast-content-background-meta":{"desktop":{"background-color":"var(--ast-global-color-5)","background-image":"","background-repeat":"repeat","background-position":"center center","background-size":"auto","background-attachment":"scroll","background-type":"","background-media":"","overlay-type":"","overlay-color":"","overlay-opacity":"","overlay-gradient":""},"tablet":{"background-color":"var(--ast-global-color-5)","background-image":"","background-repeat":"repeat","background-position":"center center","background-size":"auto","background-attachment":"scroll","background-type":"","background-media":"","overlay-type":"","overlay-color":"","overlay-opacity":"","overlay-gradient":""},"mobile":{"background-color":"var(--ast-global-color-5)","background-image":"","background-repeat":"repeat","background-position":"center center","background-size":"auto","background-attachment":"scroll","background-type":"","background-media":"","overlay-type":"","overlay-color":"","overlay-opacity":"","overlay-gradient":""}}},"product_brand":[],"product_cat":[46609],"product_tag":[],"class_list":{"0":"post-27367","1":"product","2":"type-product","3":"status-publish","4":"has-post-thumbnail","6":"product_cat-lasers-a-lignes-croix-fr","7":"desktop-align-left","8":"tablet-align-left","9":"mobile-align-left","10":"ast-product-gallery-layout-horizontal-slider","11":"ast-product-tabs-layout-horizontal","13":"first","14":"instock","15":"shipping-taxable","16":"purchasable","17":"product-type-simple"},"acf":[],"_links":{"self":[{"href":"https:\/\/levelfixinstruments.com\/fr\/wp-json\/wp\/v2\/product\/27367","targetHints":{"allow":["GET"]}}],"collection":[{"href":"https:\/\/levelfixinstruments.com\/fr\/wp-json\/wp\/v2\/product"}],"about":[{"href":"https:\/\/levelfixinstruments.com\/fr\/wp-json\/wp\/v2\/types\/product"}],"wp:featuredmedia":[{"embeddable":true,"href":"https:\/\/levelfixinstruments.com\/fr\/wp-json\/wp\/v2\/media\/36432"}],"wp:attachment":[{"href":"https:\/\/levelfixinstruments.com\/fr\/wp-json\/wp\/v2\/media?parent=27367"}],"wp:term":[{"taxonomy":"product_brand","embeddable":true,"href":"https:\/\/levelfixinstruments.com\/fr\/wp-json\/wp\/v2\/product_brand?post=27367"},{"taxonomy":"product_cat","embeddable":true,"href":"https:\/\/levelfixinstruments.com\/fr\/wp-json\/wp\/v2\/product_cat?post=27367"},{"taxonomy":"product_tag","embeddable":true,"href":"https:\/\/levelfixinstruments.com\/fr\/wp-json\/wp\/v2\/product_tag?post=27367"}],"curies":[{"name":"wp","href":"https:\/\/api.w.org\/{rel}","templated":true}]}}