{"id":27407,"date":"2025-09-30T01:11:20","date_gmt":"2025-09-30T01:11:20","guid":{"rendered":"https:\/\/levelfixinstruments.com\/product\/levelfix-dt510l-elec-avec-laser-30x\/"},"modified":"2025-11-25T09:26:04","modified_gmt":"2025-11-25T09:26:04","slug":"levelfix-dt510l-elec-avec-laser-30x","status":"publish","type":"product","link":"https:\/\/levelfixinstruments.com\/fr\/produit\/instruments-optiques-fr\/levelfix-dt510l-elec-avec-laser-30x\/","title":{"rendered":"LEVELFIX DT510L THEODOLITE AVEC ZOOM 30X"},"content":{"rendered":"<h3>Th\u00e9odolite num\u00e9rique avec redresseur laser et plumet laser<\/h3>\n<p>Le DT510L est un th\u00e9odolite num\u00e9rique robuste con\u00e7u pour une utilisation quotidienne. Le point de vis\u00e9e laser est align\u00e9 avec pr\u00e9cision sur le centre du r\u00e9ticule et son utilisation est facultative, ce qui acc\u00e9l\u00e8re l&rsquo;alignement et rend le trac\u00e9 des points visuel.<br \/>\nDe plus, le DT510L dispose d&rsquo;un aplomb laser pour faciliter le positionnement sur les points de mesure.  <\/p>\n<h3>Pr\u00e9cis et \u00e9quip\u00e9 d&rsquo;un compensateur<\/h3>\n<p>Le DT510L a une pr\u00e9cision de 5\u2033, ce qui le rend extr\u00eamement pr\u00e9cis.<br \/>\nLe compensateur int\u00e9gr\u00e9, qui peut \u00eatre activ\u00e9 ou d\u00e9sactiv\u00e9 sur l&rsquo;axe vertical, garantit des lectures correctes sans qu&rsquo;il soit n\u00e9cessaire de v\u00e9rifier la fiole \u00e0 chaque fois. <\/p>\n<h3>Affichage \u00e9clair\u00e9 des deux c\u00f4t\u00e9s<\/h3>\n<p>Le DT510L dispose de 2 grands \u00e9crans lumineux et r\u00e9tro-\u00e9clair\u00e9s. L&rsquo;\u00e9cran est facile \u00e0 lire et les boutons permettent de s\u00e9lectionner rapidement les fonctions standard. Par exemple, il est facile de basculer rapidement entre les degr\u00e9s et les gon sur l&rsquo;axe horizontal, les degr\u00e9s ou les % sur l&rsquo;axe vertical, de r\u00e9gler la mesure de la rotation \u00e0 gauche ou \u00e0 droite, de r\u00e9gler le point 0 du cercle horizontal et d&rsquo;activer ou de d\u00e9sactiver le point de vis\u00e9e laser.  <\/p>\n<h3>Recommandation de tr\u00e9pied<\/h3>\n<p>Nous vous recommandons d&rsquo;utiliser le tr\u00e9pied en bois (556972) avec ce support, car il se dilatera moins en cas de grandes diff\u00e9rences de temp\u00e9rature.<\/p>\n","protected":false},"excerpt":{"rendered":"<p>Th\u00e9odolite num\u00e9rique avec point de vis\u00e9e laser focalisable, affichage recto-verso, grossissement 30x et pr\u00e9cision de 5&Prime;.<\/p>\n","protected":false},"featured_media":34225,"template":"","meta":{"_acf_changed":false,"site-sidebar-layout":"default","site-content-layout":"","ast-site-content-layout":"default","site-content-style":"default","site-sidebar-style":"default","ast-global-header-display":"","ast-banner-title-visibility":"","ast-main-header-display":"","ast-hfb-above-header-display":"","ast-hfb-below-header-display":"","ast-hfb-mobile-header-display":"","site-post-title":"","ast-breadcrumbs-content":"","ast-featured-img":"","footer-sml-layout":"","ast-disable-related-posts":"","theme-transparent-header-meta":"","adv-header-id-meta":"","stick-header-meta":"","header-above-stick-meta":"","header-main-stick-meta":"","header-below-stick-meta":"","astra-migrate-meta-layouts":"default","ast-page-background-enabled":"default","ast-page-background-meta":{"desktop":{"background-color":"var(--ast-global-color-4)","background-image":"","background-repeat":"repeat","background-position":"center center","background-size":"auto","background-attachment":"scroll","background-type":"","background-media":"","overlay-type":"","overlay-color":"","overlay-opacity":"","overlay-gradient":""},"tablet":{"background-color":"","background-image":"","background-repeat":"repeat","background-position":"center center","background-size":"auto","background-attachment":"scroll","background-type":"","background-media":"","overlay-type":"","overlay-color":"","overlay-opacity":"","overlay-gradient":""},"mobile":{"background-color":"","background-image":"","background-repeat":"repeat","background-position":"center center","background-size":"auto","background-attachment":"scroll","background-type":"","background-media":"","overlay-type":"","overlay-color":"","overlay-opacity":"","overlay-gradient":""}},"ast-content-background-meta":{"desktop":{"background-color":"var(--ast-global-color-5)","background-image":"","background-repeat":"repeat","background-position":"center center","background-size":"auto","background-attachment":"scroll","background-type":"","background-media":"","overlay-type":"","overlay-color":"","overlay-opacity":"","overlay-gradient":""},"tablet":{"background-color":"var(--ast-global-color-5)","background-image":"","background-repeat":"repeat","background-position":"center center","background-size":"auto","background-attachment":"scroll","background-type":"","background-media":"","overlay-type":"","overlay-color":"","overlay-opacity":"","overlay-gradient":""},"mobile":{"background-color":"var(--ast-global-color-5)","background-image":"","background-repeat":"repeat","background-position":"center center","background-size":"auto","background-attachment":"scroll","background-type":"","background-media":"","overlay-type":"","overlay-color":"","overlay-opacity":"","overlay-gradient":""}}},"product_brand":[],"product_cat":[46542],"product_tag":[],"class_list":{"0":"post-27407","1":"product","2":"type-product","3":"status-publish","4":"has-post-thumbnail","6":"product_cat-instruments-optiques-fr","7":"desktop-align-left","8":"tablet-align-left","9":"mobile-align-left","10":"ast-product-gallery-layout-horizontal-slider","11":"ast-product-gallery-with-no-image","12":"ast-product-tabs-layout-horizontal","14":"first","15":"instock","16":"shipping-taxable","17":"purchasable","18":"product-type-simple"},"acf":[],"_links":{"self":[{"href":"https:\/\/levelfixinstruments.com\/fr\/wp-json\/wp\/v2\/product\/27407","targetHints":{"allow":["GET"]}}],"collection":[{"href":"https:\/\/levelfixinstruments.com\/fr\/wp-json\/wp\/v2\/product"}],"about":[{"href":"https:\/\/levelfixinstruments.com\/fr\/wp-json\/wp\/v2\/types\/product"}],"wp:featuredmedia":[{"embeddable":true,"href":"https:\/\/levelfixinstruments.com\/fr\/wp-json\/wp\/v2\/media\/34225"}],"wp:attachment":[{"href":"https:\/\/levelfixinstruments.com\/fr\/wp-json\/wp\/v2\/media?parent=27407"}],"wp:term":[{"taxonomy":"product_brand","embeddable":true,"href":"https:\/\/levelfixinstruments.com\/fr\/wp-json\/wp\/v2\/product_brand?post=27407"},{"taxonomy":"product_cat","embeddable":true,"href":"https:\/\/levelfixinstruments.com\/fr\/wp-json\/wp\/v2\/product_cat?post=27407"},{"taxonomy":"product_tag","embeddable":true,"href":"https:\/\/levelfixinstruments.com\/fr\/wp-json\/wp\/v2\/product_tag?post=27407"}],"curies":[{"name":"wp","href":"https:\/\/api.w.org\/{rel}","templated":true}]}}