{"id":27467,"date":"2025-09-30T01:11:26","date_gmt":"2025-09-30T01:11:26","guid":{"rendered":"https:\/\/levelfixinstruments.com\/product\/levelfix-cpl206g-green-cross-dot-line-laser\/"},"modified":"2025-11-28T08:18:25","modified_gmt":"2025-11-28T08:18:25","slug":"levelfix-cpl206g-green-cross-dot-line-laser","status":"publish","type":"product","link":"https:\/\/levelfixinstruments.com\/fr\/produit\/lasers-fr\/lasers-a-lignes-croix-fr\/levelfix-cpl206g-green-cross-dot-line-laser\/","title":{"rendered":"LEVELFIX CPL206G LASER LIGNES\/CROIX et 5 POINTS"},"content":{"rendered":"<p><strong>Compact, de haute qualit\u00e9 et faisceau laser vert<\/strong><\/p>\n<p>Le CPL206G est un laser \u00e0 lignes croisx\/5 points professionnel unique avec un faisceau vert \u00bbHigh Power\u00ab et une haute pr\u00e9cision. Le laser est \u00e9quip\u00e9 de lignes tr\u00e8s \u00e9tendues (&gt;190\u00b0) et bien visibles. Les lignes et les points peuvent \u00eatre activ\u00e9s s\u00e9par\u00e9ment ou simultan\u00e9ment. L&rsquo;interrupteur de transport bloque le pendule et offre une protection suppl\u00e9mentaire pendant le transport.   <\/p>\n<p><strong>Auto-nivelant<\/strong><\/p>\n<p>Le syst\u00e8me de pendule permet \u00e0 l&rsquo;instrument de se mettre \u00e0 niveau proprement. Si l&rsquo;instrument n&rsquo;est pas r\u00e9gl\u00e9 correctement, les lignes clignotent.  Le syst\u00e8me auto-nivelant peut \u00e9galement \u00eatre d\u00e9sactiv\u00e9. Cela vous permet de projeter tous les angles souhait\u00e9s. <\/p>\n<p><strong>R\u00e9cepteur<\/strong><\/p>\n<p>Avec un r\u00e9cepteur, disponible en option, le CPL206G peut \u00e9galement \u00eatre utilis\u00e9 \u00e0 l&rsquo;ext\u00e9rieur et sur de longues distances (jusqu&rsquo;\u00e0 50 m).<\/p>\n","protected":false},"excerpt":{"rendered":"<p>Laser \u00e0 croix avec faisceau vert horizontal (190\u00ba) et vertical et 5 points.<\/p>\n","protected":false},"featured_media":35384,"template":"","meta":{"_acf_changed":false,"site-sidebar-layout":"default","site-content-layout":"","ast-site-content-layout":"default","site-content-style":"default","site-sidebar-style":"default","ast-global-header-display":"","ast-banner-title-visibility":"","ast-main-header-display":"","ast-hfb-above-header-display":"","ast-hfb-below-header-display":"","ast-hfb-mobile-header-display":"","site-post-title":"","ast-breadcrumbs-content":"","ast-featured-img":"","footer-sml-layout":"","ast-disable-related-posts":"","theme-transparent-header-meta":"","adv-header-id-meta":"","stick-header-meta":"","header-above-stick-meta":"","header-main-stick-meta":"","header-below-stick-meta":"","astra-migrate-meta-layouts":"default","ast-page-background-enabled":"default","ast-page-background-meta":{"desktop":{"background-color":"var(--ast-global-color-4)","background-image":"","background-repeat":"repeat","background-position":"center center","background-size":"auto","background-attachment":"scroll","background-type":"","background-media":"","overlay-type":"","overlay-color":"","overlay-opacity":"","overlay-gradient":""},"tablet":{"background-color":"","background-image":"","background-repeat":"repeat","background-position":"center center","background-size":"auto","background-attachment":"scroll","background-type":"","background-media":"","overlay-type":"","overlay-color":"","overlay-opacity":"","overlay-gradient":""},"mobile":{"background-color":"","background-image":"","background-repeat":"repeat","background-position":"center center","background-size":"auto","background-attachment":"scroll","background-type":"","background-media":"","overlay-type":"","overlay-color":"","overlay-opacity":"","overlay-gradient":""}},"ast-content-background-meta":{"desktop":{"background-color":"var(--ast-global-color-5)","background-image":"","background-repeat":"repeat","background-position":"center center","background-size":"auto","background-attachment":"scroll","background-type":"","background-media":"","overlay-type":"","overlay-color":"","overlay-opacity":"","overlay-gradient":""},"tablet":{"background-color":"var(--ast-global-color-5)","background-image":"","background-repeat":"repeat","background-position":"center center","background-size":"auto","background-attachment":"scroll","background-type":"","background-media":"","overlay-type":"","overlay-color":"","overlay-opacity":"","overlay-gradient":""},"mobile":{"background-color":"var(--ast-global-color-5)","background-image":"","background-repeat":"repeat","background-position":"center center","background-size":"auto","background-attachment":"scroll","background-type":"","background-media":"","overlay-type":"","overlay-color":"","overlay-opacity":"","overlay-gradient":""}}},"product_brand":[],"product_cat":[46609],"product_tag":[],"class_list":{"0":"post-27467","1":"product","2":"type-product","3":"status-publish","4":"has-post-thumbnail","6":"product_cat-lasers-a-lignes-croix-fr","7":"desktop-align-left","8":"tablet-align-left","9":"mobile-align-left","10":"ast-product-gallery-layout-horizontal-slider","11":"ast-product-tabs-layout-horizontal","13":"first","14":"instock","15":"shipping-taxable","16":"purchasable","17":"product-type-simple"},"acf":[],"_links":{"self":[{"href":"https:\/\/levelfixinstruments.com\/fr\/wp-json\/wp\/v2\/product\/27467","targetHints":{"allow":["GET"]}}],"collection":[{"href":"https:\/\/levelfixinstruments.com\/fr\/wp-json\/wp\/v2\/product"}],"about":[{"href":"https:\/\/levelfixinstruments.com\/fr\/wp-json\/wp\/v2\/types\/product"}],"wp:featuredmedia":[{"embeddable":true,"href":"https:\/\/levelfixinstruments.com\/fr\/wp-json\/wp\/v2\/media\/35384"}],"wp:attachment":[{"href":"https:\/\/levelfixinstruments.com\/fr\/wp-json\/wp\/v2\/media?parent=27467"}],"wp:term":[{"taxonomy":"product_brand","embeddable":true,"href":"https:\/\/levelfixinstruments.com\/fr\/wp-json\/wp\/v2\/product_brand?post=27467"},{"taxonomy":"product_cat","embeddable":true,"href":"https:\/\/levelfixinstruments.com\/fr\/wp-json\/wp\/v2\/product_cat?post=27467"},{"taxonomy":"product_tag","embeddable":true,"href":"https:\/\/levelfixinstruments.com\/fr\/wp-json\/wp\/v2\/product_tag?post=27467"}],"curies":[{"name":"wp","href":"https:\/\/api.w.org\/{rel}","templated":true}]}}